{"id":142542,"date":"2022-06-29T12:46:31","date_gmt":"2022-06-29T10:46:31","guid":{"rendered":"https:\/\/secureus.se\/ir-detektor-tak-ir261\/"},"modified":"2026-04-23T11:08:25","modified_gmt":"2026-04-23T09:08:25","slug":"ir-detektor-tak-ir261","status":"publish","type":"product","link":"https:\/\/secureus.se\/es\/ir-detektor-tak-ir261\/","title":{"rendered":"Detector IR de techo IR261 \u2013 360 grados 4,2 a 18,2 metros seg\u00fan la altura de instalaci\u00f3n"},"content":{"rendered":"<h1>Detector IR de techo IR261 \u2013 360 grados 4,2 a 18,2 metros seg\u00fan la altura de instalaci\u00f3n<\/h1>\n<p data-start=\"316\" data-end=\"1255\">El detector de techo IR261 es un detector confiable y f\u00e1cil de instalar con cobertura de 360 grados, dise\u00f1ado para brindar una detecci\u00f3n precisa en salas grandes, espacios de oficinas abiertos, espacios comerciales, intersecciones de pasillos y almacenes.<\/p>\n<p data-start=\"316\" data-end=\"1255\">Con un alcance de hasta 18,2 metros dependiendo de la altura de instalaci\u00f3n, el IR261 ofrece flexibilidad para satisfacer las necesidades de diferentes tipos de entornos.<br data-start=\"708\" data-end=\"711\" \/>Tiene cuatro niveles de ajuste de sensibilidad y un indicador LED de prueba de caminata, lo que facilita la personalizaci\u00f3n del detector seg\u00fan los requisitos de instalaci\u00f3n espec\u00edficos.<\/p>\n<p data-start=\"316\" data-end=\"1255\">El IR261 tiene un consumo de corriente de 25 mA (35 mA en alarma) y una tensi\u00f3n de alimentaci\u00f3n entre 10,5 y 18 V DC.<br data-start=\"976\" data-end=\"979\" \/>Para aumentar la seguridad, est\u00e1 equipado con una salida antisabotaje (NC \/ 30 V DC, 50 mA).<\/p>\n<p data-start=\"316\" data-end=\"1255\">Tambi\u00e9n est\u00e1 aprobado para su uso dentro de un rango de temperatura de -15 \u00b0C a +55 \u00b0C y tiene una clasificaci\u00f3n de carcasa IP41 seg\u00fan IEC529, lo que lo hace lo suficientemente robusto para su uso en muchos entornos diferentes.<\/p>\n<p data-start=\"1257\" data-end=\"1287\"><strong data-start=\"1257\" data-end=\"1285\">Caracter\u00edsticas y beneficios:<\/strong><\/p>\n<ul data-start=\"1288\" data-end=\"1728\">\n<li data-start=\"1288\" data-end=\"1336\">\n<p data-start=\"1290\" data-end=\"1336\">Vigilancia de 360 grados para una cobertura integral<\/p>\n<\/li>\n<li data-start=\"1337\" data-end=\"1399\">\n<p data-start=\"1339\" data-end=\"1399\">Alcance de hasta 18,2 metros dependiendo de la altura de instalaci\u00f3n.<\/p>\n<\/li>\n<li data-start=\"1400\" data-end=\"1465\">\n<p data-start=\"1402\" data-end=\"1465\">Adecuado para salas grandes, espacios de oficina abiertos y almacenes.<\/p>\n<\/li>\n<li data-start=\"1466\" data-end=\"1532\">\n<p data-start=\"1468\" data-end=\"1532\">Cuatro niveles de configuraci\u00f3n de sensibilidad para una detecci\u00f3n personalizada<\/p>\n<\/li>\n<li data-start=\"1533\" data-end=\"1587\">\n<p data-start=\"1535\" data-end=\"1587\">Indicaci\u00f3n LED para prueba de caminata e instalaci\u00f3n r\u00e1pida<\/p>\n<\/li>\n<li data-start=\"1588\" data-end=\"1647\">\n<p data-start=\"1590\" data-end=\"1647\">Salida antimanipulaci\u00f3n (NC\/30 V CC, 50 mA) para mayor seguridad<\/p>\n<\/li>\n<li data-start=\"1648\" data-end=\"1685\">\n<p data-start=\"1650\" data-end=\"1685\">Resistente a temperaturas: -15 \u00b0C a +55 \u00b0C<\/p>\n<\/li>\n<li data-start=\"1686\" data-end=\"1728\">\n<p data-start=\"1688\" data-end=\"1728\">Clase de protecci\u00f3n IP41 para un rendimiento robusto<\/p>\n<\/li>\n<\/ul>\n<p data-start=\"1730\" data-end=\"1761\"><strong data-start=\"1730\" data-end=\"1759\">Especificaciones t\u00e9cnicas:<\/strong><\/p>\n<ul data-start=\"1762\" data-end=\"2153\">\n<li data-start=\"1762\" data-end=\"1827\">\n<p data-start=\"1764\" data-end=\"1827\">Alcance: 18,2 metros de di\u00e1metro (dependiendo de la altura de instalaci\u00f3n)<\/p>\n<\/li>\n<li data-start=\"1828\" data-end=\"1864\">\n<p data-start=\"1830\" data-end=\"1864\">Alimentaci\u00f3n: 10,5 \u2013 18 V CC<\/p>\n<\/li>\n<li data-start=\"1865\" data-end=\"1909\">\n<p data-start=\"1867\" data-end=\"1909\">Consumo de corriente: 25 mA (35 mA en alarma)<\/p>\n<\/li>\n<li data-start=\"1910\" data-end=\"1962\">\n<p data-start=\"1912\" data-end=\"1962\">Salida de alarma: Salida de manipulaci\u00f3n (NC\/30 V CC, 50 mA)<\/p>\n<\/li>\n<li data-start=\"1963\" data-end=\"1990\">\n<p data-start=\"1965\" data-end=\"1990\">Indicaci\u00f3n de prueba de caminata: LED<\/p>\n<\/li>\n<li data-start=\"1991\" data-end=\"2027\">\n<p data-start=\"1993\" data-end=\"2027\">Ajuste de sensibilidad: 4 niveles<\/p>\n<\/li>\n<li data-start=\"2028\" data-end=\"2066\">\n<p data-start=\"2030\" data-end=\"2066\">Temperatura de trabajo: -15\u00b0C a +55\u00b0C<\/p>\n<\/li>\n<li data-start=\"2067\" data-end=\"2100\">\n<p data-start=\"2069\" data-end=\"2100\">Clase de protecci\u00f3n (IEC529): IP41<\/p>\n<\/li>\n<li data-start=\"2101\" data-end=\"2153\">\n<p data-start=\"2103\" data-end=\"2153\">Dimensiones: Dimensiones est\u00e1ndar para detectores PIR montados en el techo<\/p>\n<\/li>\n<\/ul>","protected":false},"excerpt":{"rendered":"<p>Detector de infrarrojos con cobertura de 360 grados y un alcance de hasta 18,2 metros.<\/p>\n<p>Instalaci\u00f3n flexible para grandes salas, espacios de oficinas y almacenes.<\/p>","protected":false},"featured_media":142541,"template":"","meta":{"_acf_changed":false},"product_brand":[],"product_cat":[1325],"product_tag":[2145],"class_list":{"0":"post-142542","1":"product","2":"type-product","3":"status-publish","4":"has-post-thumbnail","6":"product_cat-larmgivare-skalskydd","7":"product_tag-rorelsedetektor-ir-detektorer","8":"product_shipping_class-tunga-paket","9":"pa_brands-6vanderbilt","10":"tm-no-options","12":"first","13":"instock","14":"sale","15":"taxable","16":"shipping-taxable","17":"purchasable","18":"product-type-simple"},"acf":[],"_links":{"self":[{"href":"https:\/\/secureus.se\/es\/wp-json\/wp\/v2\/product\/142542","targetHints":{"allow":["GET"]}}],"collection":[{"href":"https:\/\/secureus.se\/es\/wp-json\/wp\/v2\/product"}],"about":[{"href":"https:\/\/secureus.se\/es\/wp-json\/wp\/v2\/types\/product"}],"wp:featuredmedia":[{"embeddable":true,"href":"https:\/\/secureus.se\/es\/wp-json\/wp\/v2\/media\/142541"}],"wp:attachment":[{"href":"https:\/\/secureus.se\/es\/wp-json\/wp\/v2\/media?parent=142542"}],"wp:term":[{"taxonomy":"product_brand","embeddable":true,"href":"https:\/\/secureus.se\/es\/wp-json\/wp\/v2\/product_brand?post=142542"},{"taxonomy":"product_cat","embeddable":true,"href":"https:\/\/secureus.se\/es\/wp-json\/wp\/v2\/product_cat?post=142542"},{"taxonomy":"product_tag","embeddable":true,"href":"https:\/\/secureus.se\/es\/wp-json\/wp\/v2\/product_tag?post=142542"}],"curies":[{"name":"wp","href":"https:\/\/api.w.org\/{rel}","templated":true}]}}