{"id":142723,"date":"2022-07-04T10:43:24","date_gmt":"2022-07-04T08:43:24","guid":{"rendered":"https:\/\/secureus.se\/monteringsstolpe-sa51v\/"},"modified":"2026-01-12T13:10:07","modified_gmt":"2026-01-12T12:10:07","slug":"monteringsstolpe-sa51v","status":"publish","type":"product","link":"https:\/\/secureus.se\/es\/monteringsstolpe-sa51v\/","title":{"rendered":"Poste de montaje Safetron SA51V"},"content":{"rendered":"<p>Poste de montaje en \u00e1ngulo de acero inoxidable para placas de cerradura el\u00e9ctricas SAFETRON de la serie est\u00e1ndar: ES17 \/ ES19. Adaptado para marcos de madera y metal, utilizado junto con cerraduras de doble o simple pestillo del tipo connect\/evolution o module. <\/p>\n<p>\u2022 Para puertas batientes a la izquierda<br \/>\n<br \/>\n\u2022 M\u00f3dulo de placa de impacto de seguridad correspondiente 1887-1<br \/>\n<br \/>\n\u2022 Equivalente a ST 4006H\/V<br \/>\n<br \/>\n\u2022 Tama\u00f1o de la lengua: 12 mm<br \/>\n<br \/>\n\u2022 Dimensiones: (alto x ancho) 200x40x15 mm<\/p>","protected":false},"excerpt":{"rendered":"<p>Poste de montaje en \u00e1ngulo de acero inoxidable para placas de cerradura el\u00e9ctricas SAFETRON de la serie est\u00e1ndar: ES17 \/ ES19. Adaptado para marcos de madera y metal, utilizado junto con cerraduras de doble o simple pestillo del tipo connect\/evolution o module. \u2022<\/p>","protected":false},"featured_media":142722,"template":"","meta":{"_acf_changed":false},"product_brand":[],"product_cat":[4735],"product_tag":[4440,4866],"class_list":{"0":"post-142723","1":"product","2":"type-product","3":"status-publish","4":"has-post-thumbnail","6":"product_cat-monteringsstolpe","7":"product_tag-safetron-montagestolpar-es17-es19-sa-modell","8":"product_tag-safetron-20","9":"product_shipping_class-tunga-paket","10":"pa_brands-7safetron","11":"tm-no-options","13":"first","14":"instock","15":"sale","16":"featured","17":"taxable","18":"shipping-taxable","19":"purchasable","20":"product-type-simple"},"acf":[],"_links":{"self":[{"href":"https:\/\/secureus.se\/es\/wp-json\/wp\/v2\/product\/142723","targetHints":{"allow":["GET"]}}],"collection":[{"href":"https:\/\/secureus.se\/es\/wp-json\/wp\/v2\/product"}],"about":[{"href":"https:\/\/secureus.se\/es\/wp-json\/wp\/v2\/types\/product"}],"wp:featuredmedia":[{"embeddable":true,"href":"https:\/\/secureus.se\/es\/wp-json\/wp\/v2\/media\/142722"}],"wp:attachment":[{"href":"https:\/\/secureus.se\/es\/wp-json\/wp\/v2\/media?parent=142723"}],"wp:term":[{"taxonomy":"product_brand","embeddable":true,"href":"https:\/\/secureus.se\/es\/wp-json\/wp\/v2\/product_brand?post=142723"},{"taxonomy":"product_cat","embeddable":true,"href":"https:\/\/secureus.se\/es\/wp-json\/wp\/v2\/product_cat?post=142723"},{"taxonomy":"product_tag","embeddable":true,"href":"https:\/\/secureus.se\/es\/wp-json\/wp\/v2\/product_tag?post=142723"}],"curies":[{"name":"wp","href":"https:\/\/api.w.org\/{rel}","templated":true}]}}