{"id":142775,"date":"2022-07-04T10:13:02","date_gmt":"2022-07-04T08:13:02","guid":{"rendered":"https:\/\/secureus.se\/slutbleck-107-7\/"},"modified":"2026-01-12T13:23:24","modified_gmt":"2026-01-12T12:23:24","slug":"slutbleck-107-7","status":"publish","type":"product","link":"https:\/\/secureus.se\/es\/slutbleck-107-7\/","title":{"rendered":"Placa final 107-7"},"content":{"rendered":"<h1>Placa final 107-7<\/h1>\n<p class=\"\" data-start=\"242\" data-end=\"719\">La placa de cierre 107-7 est\u00e1 dise\u00f1ada para su uso en marcos de madera, aluminio o acero y es la elecci\u00f3n perfecta cuando desea reemplazar placas de cierre el\u00e9ctricas con cerraduras el\u00e9ctricas de bot\u00f3n o cerraduras motorizadas.<\/p>\n<p class=\"\" data-start=\"242\" data-end=\"719\">Viene completo con un im\u00e1n ajustable y est\u00e1 hecho de acero inoxidable duradero para una mayor durabilidad. La placa de cierre es compatible con huecos para placas de cierre el\u00e9ctricas con poste de montaje SA31-15 \/ ST4001-15.<\/p>\n<p class=\"\" data-start=\"242\" data-end=\"719\">Perfecto para usar con los productos SAFETRON SL620, SL630, 6500 y 6600.<\/p>\n<p class=\"\" data-start=\"721\" data-end=\"738\"><strong data-start=\"721\" data-end=\"735\">Caracter\u00edsticas<\/strong>:<\/p>\n<ul data-start=\"739\" data-end=\"1076\">\n<li class=\"\" data-start=\"739\" data-end=\"785\">\n<p class=\"\" data-start=\"741\" data-end=\"785\">Adecuado para marcos de madera, aluminio o acero.<\/p>\n<\/li>\n<li class=\"\" data-start=\"786\" data-end=\"812\">\n<p class=\"\" data-start=\"788\" data-end=\"812\">Im\u00e1n ajustable incluido<\/p>\n<\/li>\n<li class=\"\" data-start=\"813\" data-end=\"864\">\n<p class=\"\" data-start=\"815\" data-end=\"864\">Fabricado en acero inoxidable para una larga durabilidad.<\/p>\n<\/li>\n<li class=\"\" data-start=\"865\" data-end=\"954\">\n<p class=\"\" data-start=\"867\" data-end=\"954\">Se puede utilizar en huecos preparados para placas de cierre el\u00e9ctricas con poste de montaje SA31-15 \/ ST4001-15<\/p>\n<\/li>\n<li class=\"\" data-start=\"955\" data-end=\"1076\">\n<p class=\"\" data-start=\"957\" data-end=\"994\">Compatible con los siguientes productos:<\/p>\n<ul data-start=\"997\" data-end=\"1076\">\n<li class=\"\" data-start=\"997\" data-end=\"1015\">\n<p class=\"\" data-start=\"999\" data-end=\"1015\">SAFETRON SL620<\/p>\n<\/li>\n<li class=\"\" data-start=\"1018\" data-end=\"1036\">\n<p class=\"\" data-start=\"1020\" data-end=\"1036\">SAFETRON SL630<\/p>\n<\/li>\n<li class=\"\" data-start=\"1039\" data-end=\"1056\">\n<p class=\"\" data-start=\"1041\" data-end=\"1056\">SAFETRON 6500<\/p>\n<\/li>\n<li class=\"\" data-start=\"1059\" data-end=\"1076\">\n<p class=\"\" data-start=\"1061\" data-end=\"1076\">SAFETRON 6600<\/p>\n<\/li>\n<\/ul>\n<\/li>\n<\/ul>\n<p class=\"\" data-start=\"1078\" data-end=\"1097\"><strong data-start=\"1078\" data-end=\"1094\">Datos t\u00e9cnicos<\/strong>:<\/p>\n<ul data-start=\"1098\" data-end=\"1273\">\n<li class=\"\" data-start=\"1098\" data-end=\"1130\">\n<p class=\"\" data-start=\"1100\" data-end=\"1130\"><strong data-start=\"1100\" data-end=\"1112\">Material<\/strong>:Acero inoxidable<\/p>\n<\/li>\n<li class=\"\" data-start=\"1131\" data-end=\"1156\">\n<p class=\"\" data-start=\"1133\" data-end=\"1156\"><strong data-start=\"1133\" data-end=\"1143\">Im\u00e1n<\/strong>:Ajustable<\/p>\n<\/li>\n<li class=\"\" data-start=\"1157\" data-end=\"1214\">\n<p class=\"\" data-start=\"1159\" data-end=\"1214\"><strong data-start=\"1159\" data-end=\"1177\">Compatible con<\/strong>: Poste de montaje SA31-15 \/ ST4001-15<\/p>\n<\/li>\n<li class=\"\" data-start=\"1215\" data-end=\"1273\">\n<p class=\"\" data-start=\"1217\" data-end=\"1273\"><strong data-start=\"1217\" data-end=\"1238\">\u00c1rea de aplicaci\u00f3n<\/strong>:Marcos de madera, aluminio o acero.<\/p>\n<\/li>\n<\/ul>","protected":false},"excerpt":{"rendered":"<p>Placa de cierre 107-7 para uso en marcos de madera, aluminio o acero. Viene con im\u00e1n ajustable, fabricado en acero inoxidable.<\/p>","protected":false},"featured_media":142774,"template":"","meta":{"_acf_changed":false},"product_brand":[],"product_cat":[3355],"product_tag":[4504,4866,4505,4452],"class_list":{"0":"post-142775","1":"product","2":"type-product","3":"status-publish","4":"has-post-thumbnail","6":"product_cat-elslutbleck","7":"product_tag-ellas-tillbehor-slutbleck","8":"product_tag-safetron-20","9":"product_tag-safetron-tillbehor-600-serien","10":"product_tag-safetron-tillbehor-motorlas-6000-serien","11":"product_shipping_class-tunga-paket","12":"pa_brands-7safetron","13":"tm-no-options","15":"first","16":"instock","17":"featured","18":"taxable","19":"shipping-taxable","20":"purchasable","21":"product-type-simple"},"acf":[],"_links":{"self":[{"href":"https:\/\/secureus.se\/es\/wp-json\/wp\/v2\/product\/142775","targetHints":{"allow":["GET"]}}],"collection":[{"href":"https:\/\/secureus.se\/es\/wp-json\/wp\/v2\/product"}],"about":[{"href":"https:\/\/secureus.se\/es\/wp-json\/wp\/v2\/types\/product"}],"wp:featuredmedia":[{"embeddable":true,"href":"https:\/\/secureus.se\/es\/wp-json\/wp\/v2\/media\/142774"}],"wp:attachment":[{"href":"https:\/\/secureus.se\/es\/wp-json\/wp\/v2\/media?parent=142775"}],"wp:term":[{"taxonomy":"product_brand","embeddable":true,"href":"https:\/\/secureus.se\/es\/wp-json\/wp\/v2\/product_brand?post=142775"},{"taxonomy":"product_cat","embeddable":true,"href":"https:\/\/secureus.se\/es\/wp-json\/wp\/v2\/product_cat?post=142775"},{"taxonomy":"product_tag","embeddable":true,"href":"https:\/\/secureus.se\/es\/wp-json\/wp\/v2\/product_tag?post=142775"}],"curies":[{"name":"wp","href":"https:\/\/api.w.org\/{rel}","templated":true}]}}