{"id":142982,"date":"2022-06-28T13:05:17","date_gmt":"2022-06-28T11:05:17","guid":{"rendered":"https:\/\/secureus.se\/seismisk-detektor-gm-730-2\/"},"modified":"2025-09-15T13:19:34","modified_gmt":"2025-09-15T11:19:34","slug":"seismisk-detektor-gm-730-2","status":"publish","type":"product","link":"https:\/\/secureus.se\/es\/seismisk-detektor-gm-730-2\/","title":{"rendered":"Detector s\u00edsmico Gm 730"},"content":{"rendered":"<p>Detector s\u00edsmico de dise\u00f1o de perfil bajo para uso en acero u hormig\u00f3n. Seguridad 24 horas de cajas fuertes, cajeros autom\u00e1ticos, cajas de servicio y m\u00e1quinas de billetes y tickets. Programaci\u00f3n individual con el software SensTool. Prueba f\u00e1cil de instalaci\u00f3n y funcionamiento con el transmisor de prueba GMXS1, (accesorio separado). Sensor Bimorph SENSTEC\u00ae y procesamiento de se\u00f1ales inteligente basado en microprocesador. Datos t\u00e9cnicos: \u00c1rea de cobertura: radio de 4 m \/ 50 m2. Tensi\u00f3n de alimentaci\u00f3n: 8 \u2013 16 VDC. Consumo de energ\u00eda: Reposo 3 mA \/ Alarma 5 mA. Salida de alarma: NC \/ 30 V DC \/ 100 mA \/ Ri.<\/p>","protected":false},"excerpt":{"rendered":"<p>Detector s\u00edsmico de dise\u00f1o de perfil bajo para uso en acero u hormig\u00f3n. Seguridad 24 horas de cajas fuertes, cajeros autom\u00e1ticos, cajas de servicio y m\u00e1quinas de billetes y tickets. Programaci\u00f3n individual con el software SensTool. F\u00e1cil instalaci\u00f3n y prueba<\/p>","protected":false},"featured_media":142981,"template":"","meta":{"_acf_changed":false},"product_brand":[],"product_cat":[3085],"product_tag":[4521],"class_list":{"0":"post-142982","1":"product","2":"type-product","3":"status-publish","4":"has-post-thumbnail","6":"product_cat-vibationsdetektorer-glaskrossdetektorer","7":"product_tag-sbsc-larmklass3_4","8":"product_shipping_class-tunga-paket","9":"pa_brands-6vanderbilt","10":"tm-no-options","12":"first","13":"instock","14":"featured","15":"taxable","16":"shipping-taxable","17":"purchasable","18":"product-type-simple"},"acf":[],"_links":{"self":[{"href":"https:\/\/secureus.se\/es\/wp-json\/wp\/v2\/product\/142982","targetHints":{"allow":["GET"]}}],"collection":[{"href":"https:\/\/secureus.se\/es\/wp-json\/wp\/v2\/product"}],"about":[{"href":"https:\/\/secureus.se\/es\/wp-json\/wp\/v2\/types\/product"}],"wp:featuredmedia":[{"embeddable":true,"href":"https:\/\/secureus.se\/es\/wp-json\/wp\/v2\/media\/142981"}],"wp:attachment":[{"href":"https:\/\/secureus.se\/es\/wp-json\/wp\/v2\/media?parent=142982"}],"wp:term":[{"taxonomy":"product_brand","embeddable":true,"href":"https:\/\/secureus.se\/es\/wp-json\/wp\/v2\/product_brand?post=142982"},{"taxonomy":"product_cat","embeddable":true,"href":"https:\/\/secureus.se\/es\/wp-json\/wp\/v2\/product_cat?post=142982"},{"taxonomy":"product_tag","embeddable":true,"href":"https:\/\/secureus.se\/es\/wp-json\/wp\/v2\/product_tag?post=142982"}],"curies":[{"name":"wp","href":"https:\/\/api.w.org\/{rel}","templated":true}]}}