{"id":143095,"date":"2022-06-28T12:49:01","date_gmt":"2022-06-28T10:49:01","guid":{"rendered":"https:\/\/secureus.se\/rostfri-slang-200cm-mc-t7\/"},"modified":"2026-04-23T11:34:18","modified_gmt":"2026-04-23T09:34:18","slug":"rostfri-slang-200cm-mc-t7","status":"publish","type":"product","link":"https:\/\/secureus.se\/es\/rostfri-slang-200cm-mc-t7\/","title":{"rendered":"Protecci\u00f3n de cable Alarmtech MC T 2m, acero inoxidable MC T7"},"content":{"rendered":"<p>Manguera flexible de acero inoxidable con protecci\u00f3n de cable en los extremos, de 200 cm de longitud y 8 mm de di\u00e1metro. Para la protecci\u00f3n del cable en ambientes expuestos. Se puede complementar con el soporte de pared DL H8, 6309088.<\/p>","protected":false},"excerpt":{"rendered":"<p>Manguera de acero inoxidable de 200 cm MCT7<\/p>","protected":false},"featured_media":143093,"template":"","meta":{"_acf_changed":false},"product_brand":[],"product_cat":[1546],"product_tag":[],"class_list":{"0":"post-143095","1":"product","2":"type-product","3":"status-publish","4":"has-post-thumbnail","6":"product_cat-kabeloverforing","7":"product_shipping_class-postnord-varubrev","8":"tm-no-options","10":"first","11":"instock","12":"sale","13":"taxable","14":"shipping-taxable","15":"purchasable","16":"product-type-simple"},"acf":[],"_links":{"self":[{"href":"https:\/\/secureus.se\/es\/wp-json\/wp\/v2\/product\/143095","targetHints":{"allow":["GET"]}}],"collection":[{"href":"https:\/\/secureus.se\/es\/wp-json\/wp\/v2\/product"}],"about":[{"href":"https:\/\/secureus.se\/es\/wp-json\/wp\/v2\/types\/product"}],"wp:featuredmedia":[{"embeddable":true,"href":"https:\/\/secureus.se\/es\/wp-json\/wp\/v2\/media\/143093"}],"wp:attachment":[{"href":"https:\/\/secureus.se\/es\/wp-json\/wp\/v2\/media?parent=143095"}],"wp:term":[{"taxonomy":"product_brand","embeddable":true,"href":"https:\/\/secureus.se\/es\/wp-json\/wp\/v2\/product_brand?post=143095"},{"taxonomy":"product_cat","embeddable":true,"href":"https:\/\/secureus.se\/es\/wp-json\/wp\/v2\/product_cat?post=143095"},{"taxonomy":"product_tag","embeddable":true,"href":"https:\/\/secureus.se\/es\/wp-json\/wp\/v2\/product_tag?post=143095"}],"curies":[{"name":"wp","href":"https:\/\/api.w.org\/{rel}","templated":true}]}}