{"id":143873,"date":"2022-06-28T12:49:24","date_gmt":"2022-06-28T10:49:24","guid":{"rendered":"https:\/\/secureus.se\/magnetkontakt-mc-340-s32-10\/"},"modified":"2026-04-23T11:34:05","modified_gmt":"2026-04-23T09:34:05","slug":"magnetkontakt-mc-340-s32-10","status":"publish","type":"product","link":"https:\/\/secureus.se\/es\/magnetkontakt-mc-340-s32-10\/","title":{"rendered":"Contacto magn\u00e9tico Mc 340-S32-10"},"content":{"rendered":"<p>Contacto magn\u00e9tico con funci\u00f3n NC como juego completo que incluye el adaptador de pl\u00e1stico MC 300-S32 con un im\u00e1n extra fuerte para el montaje en puertas y ventanas de material magn\u00e9tico o para una distancia de trabajo m\u00e1s larga en caso de montaje en un material no magn\u00e9tico. El adaptador tiene una funci\u00f3n de encaje a presi\u00f3n y est\u00e1 adaptado para dos espesores de material diferentes: 1 mm y 1,5 mm. Tanto la parte de contacto como la del im\u00e1n est\u00e1n dentro de una carcasa de pl\u00e1stico blanca resistente al agua (IP 67). Para un di\u00e1metro de broca de 19mm.<\/p>","protected":false},"excerpt":{"rendered":"<p>Contacto magn\u00e9tico MC340-S32-10<\/p>","protected":false},"featured_media":143871,"template":"","meta":{"_acf_changed":false},"product_brand":[],"product_cat":[3086],"product_tag":[2465],"class_list":{"0":"post-143873","1":"product","2":"type-product","3":"status-publish","4":"has-post-thumbnail","6":"product_cat-magnetkontakter","7":"product_tag-sbsc-larmklass2","8":"product_shipping_class-postnord-varubrev","9":"pa_brands-alarmtech","10":"pa_farg-vit","11":"tm-no-options","13":"first","14":"instock","15":"sale","16":"taxable","17":"shipping-taxable","18":"purchasable","19":"product-type-simple"},"acf":[],"_links":{"self":[{"href":"https:\/\/secureus.se\/es\/wp-json\/wp\/v2\/product\/143873","targetHints":{"allow":["GET"]}}],"collection":[{"href":"https:\/\/secureus.se\/es\/wp-json\/wp\/v2\/product"}],"about":[{"href":"https:\/\/secureus.se\/es\/wp-json\/wp\/v2\/types\/product"}],"wp:featuredmedia":[{"embeddable":true,"href":"https:\/\/secureus.se\/es\/wp-json\/wp\/v2\/media\/143871"}],"wp:attachment":[{"href":"https:\/\/secureus.se\/es\/wp-json\/wp\/v2\/media?parent=143873"}],"wp:term":[{"taxonomy":"product_brand","embeddable":true,"href":"https:\/\/secureus.se\/es\/wp-json\/wp\/v2\/product_brand?post=143873"},{"taxonomy":"product_cat","embeddable":true,"href":"https:\/\/secureus.se\/es\/wp-json\/wp\/v2\/product_cat?post=143873"},{"taxonomy":"product_tag","embeddable":true,"href":"https:\/\/secureus.se\/es\/wp-json\/wp\/v2\/product_tag?post=143873"}],"curies":[{"name":"wp","href":"https:\/\/api.w.org\/{rel}","templated":true}]}}