{"id":145856,"date":"2024-12-12T13:28:01","date_gmt":"2024-12-12T12:28:01","guid":{"rendered":"https:\/\/secureus.se\/?post_type=product&#038;p=145856"},"modified":"2026-04-13T16:06:24","modified_gmt":"2026-04-13T14:06:24","slug":"larmdekal-dubbelsidig-sjalvhaftande-overvakat-6pack","status":"publish","type":"product","link":"https:\/\/secureus.se\/es\/larmdekal-dubbelsidig-sjalvhaftande-overvakat-6pack\/","title":{"rendered":"Pegatinas de alarma autoadhesivas de doble cara con monitorizaci\u00f3n (paquete de 6)"},"content":{"rendered":"<p><em>Fortalezca su seguridad con nuestro pr\u00e1ctico paquete de 6 pegatinas de alarma autoadhesivas de doble cara. Este juego incluye 2 tama\u00f1os A6 y 4 tama\u00f1os A8, lo que le brinda una soluci\u00f3n vers\u00e1til para marcar sus puntos de entrada clave. Nuestras pegatinas de alarma est\u00e1n hechas de policarbonato de alta calidad con buena resistencia al desgaste y la capacidad de soportar cambios de temperatura. Con este kit podr\u00e1s asegurar que tus \u00e1reas est\u00e9n claramente marcadas y visibles tanto en interiores como en exteriores. Mejore su seguridad con este paquete de 6: una soluci\u00f3n simple, efectiva y confiable.<\/em><\/p>\n<p>Las pegatinas de alarma act\u00faan como un potente elemento disuasorio visual ante posibles robos.<\/p>\n<p><strong>Robusto y duradero<\/strong><br \/>\nFabricado en policarbonato de alta calidad. Nuestras pegatinas de alarma est\u00e1n dise\u00f1adas para soportar tanto el desgaste como la temperatura.<\/p>\n<p><strong>Dise\u00f1o de doble cara<\/strong><br \/>\nLa mejor caracter\u00edstica de estas pegatinas de alarma es que son de doble cara. Esto significa que el motivo es visible tanto en interiores como en exteriores, proporcionando mayor seguridad y visibilidad sin importar d\u00f3nde te encuentres.<\/p>\n<p>Esta pegatina de alarma es tan efectiva en interiores como en exteriores. Para aumentar a\u00fan m\u00e1s la durabilidad, se pueden colocar en interiores para mayor protecci\u00f3n. Esto le brinda la flexibilidad de personalizar su medida de seguridad seg\u00fan sus necesidades espec\u00edficas.<\/p>\n<h3>\u00c1reas de uso:<\/h3>\n<ul>\n<li><strong>Hogar:<\/strong> Proteja a su familia y su hogar aplicando estas pegatinas de alarma en todas las entradas importantes.<br \/>\n<strong>Compa\u00f1\u00eda:<\/strong> Mejore la seguridad en su lugar de trabajo haciendo que las \u00e1reas m\u00e1s cr\u00edticas sean visibles tanto para los empleados como para los visitantes.<br \/>\n<strong>Tiendas y Negocios:<\/strong> Cree un entorno m\u00e1s seguro para sus clientes y personal marcando las entradas y salidas m\u00e1s relevantes.<\/li>\n<\/ul>\n<h3>Especificaciones del producto:<\/h3>\n<ul>\n<li>Material: policarbonato<\/li>\n<li>Dimensiones: 2 piezas 105 x 148,5 mm<b>\u00a0 \u2013 <\/b>4 piezas 52 x 74 mm<\/li>\n<\/ul>\n<h3>El paquete incluye:<\/h3>\n<ul>\n<li>2 pegatinas de alarma adhesivas de doble cara de 105 x 148,5 mm<\/li>\n<li><b><\/b>4 pegatinas de alarma adhesivas de doble cara de 52 x 74 mm<\/li>\n<\/ul>\n<p>Aumente el nivel de seguridad con nuestras confiables pegatinas de alarma autoadhesivas de doble cara. \u00a1Cada pegatina es una inversi\u00f3n en tu seguridad!<\/p>","protected":false},"excerpt":{"rendered":"<p><em><strong><img decoding=\"async\" class=\"alignnone wp-image-145862 alignleft\" src=\"https:\/\/secureus.se\/wp-content\/uploads\/2024\/12\/6pack-300x125.png\" alt=\"\" width=\"151\" height=\"63\" srcset=\"https:\/\/secureus.se\/wp-content\/uploads\/2024\/12\/6pack-300x125.png 300w, https:\/\/secureus.se\/wp-content\/uploads\/2024\/12\/6pack-350x145.png 350w, https:\/\/secureus.se\/wp-content\/uploads\/2024\/12\/6pack-64x27.png 64w, https:\/\/secureus.se\/wp-content\/uploads\/2024\/12\/6pack-18x7.png 18w, https:\/\/secureus.se\/wp-content\/uploads\/2024\/12\/6pack.png 390w\" sizes=\"(max-width: 151px) 100vw, 151px\" \/><\/strong><\/em><\/p>\n<p style=\"text-align: left;\"><em>Marque sus puntos de entrada con nuestra pegatina de alarma autoadhesiva de doble cara. Hecho de policarbonato duradero. Con visibilidad tanto en interiores como en exteriores, esto es imprescindible para aumentar la seguridad. Incluye 2 tama\u00f1os A6 y 4 tama\u00f1os A8 para una ubicaci\u00f3n flexible. Ser visible y seguro.<\/em><\/p>","protected":false},"featured_media":145859,"template":"","meta":{"_acf_changed":false},"product_brand":[],"product_cat":[1323],"product_tag":[3053],"class_list":{"0":"post-145856","1":"product","2":"type-product","3":"status-publish","4":"has-post-thumbnail","6":"product_cat-larmdekaler","7":"product_tag-nyhet","8":"product_shipping_class-dekaler-skyltar","9":"tm-no-options","11":"first","12":"outofstock","13":"sale","14":"featured","15":"taxable","16":"shipping-taxable","17":"purchasable","18":"product-type-simple"},"acf":[],"_links":{"self":[{"href":"https:\/\/secureus.se\/es\/wp-json\/wp\/v2\/product\/145856","targetHints":{"allow":["GET"]}}],"collection":[{"href":"https:\/\/secureus.se\/es\/wp-json\/wp\/v2\/product"}],"about":[{"href":"https:\/\/secureus.se\/es\/wp-json\/wp\/v2\/types\/product"}],"wp:featuredmedia":[{"embeddable":true,"href":"https:\/\/secureus.se\/es\/wp-json\/wp\/v2\/media\/145859"}],"wp:attachment":[{"href":"https:\/\/secureus.se\/es\/wp-json\/wp\/v2\/media?parent=145856"}],"wp:term":[{"taxonomy":"product_brand","embeddable":true,"href":"https:\/\/secureus.se\/es\/wp-json\/wp\/v2\/product_brand?post=145856"},{"taxonomy":"product_cat","embeddable":true,"href":"https:\/\/secureus.se\/es\/wp-json\/wp\/v2\/product_cat?post=145856"},{"taxonomy":"product_tag","embeddable":true,"href":"https:\/\/secureus.se\/es\/wp-json\/wp\/v2\/product_tag?post=145856"}],"curies":[{"name":"wp","href":"https:\/\/api.w.org\/{rel}","templated":true}]}}