{"id":146151,"date":"2024-12-30T14:57:02","date_gmt":"2024-12-30T13:57:02","guid":{"rendered":"https:\/\/secureus.se\/?post_type=product&#038;p=146151"},"modified":"2026-04-23T13:30:30","modified_gmt":"2026-04-23T11:30:30","slug":"risco-lunar-dt-360-takmonterad-detektor-klass-3-rk150dtg3","status":"publish","type":"product","link":"https:\/\/secureus.se\/es\/risco-lunar-dt-360-takmonterad-detektor-klass-3-rk150dtg3\/","title":{"rendered":"Detector de techo RISCO LuNAR DT 360, clase 3, RK150DTG3"},"content":{"rendered":"<h1>Detector de techo RISCO LuNAR DT 360, clase 3, RK150DTG3<\/h1>\n<p data-start=\"457\" data-end=\"890\">El detector de techo RISCO LuNAR DT 360 (modelo RK150DTG3) est\u00e1 dise\u00f1ado para brindar alta seguridad con tecnolog\u00eda de detecci\u00f3n avanzada.<\/p>\n<p data-start=\"457\" data-end=\"890\">Este detector utiliza una combinaci\u00f3n de tecnolog\u00eda PIR (sensor infrarrojo pasivo) y MW (microondas) a 10,525 GHz, lo que lo hace extremadamente sensible y preciso para se\u00f1ales de movimiento y temperatura.<\/p>\n<p data-start=\"457\" data-end=\"890\">Con un campo de visi\u00f3n de 360\u00b0 y un alcance de hasta 12 metros, es perfecto para monitorear grandes \u00e1reas interiores.<\/p>\n<p data-start=\"892\" data-end=\"1225\">El detector est\u00e1 equipado con una exclusiva lente esf\u00e9rica de 110\u00b0, que proporciona una cobertura completa de 360\u00b0 sin \u00e1ngulos muertos.<\/p>\n<p data-start=\"892\" data-end=\"1225\">Tambi\u00e9n tiene una funci\u00f3n anti-enmascaramiento, que le permite identificar cualquier obst\u00e1culo que intente bloquear su campo de visi\u00f3n o enmascarar la detecci\u00f3n de movimiento.<\/p>\n<p data-start=\"892\" data-end=\"1225\">Esto lo hace especialmente \u00fatil para \u00e1reas donde la alta seguridad es un requisito.<\/p>\n<p data-start=\"1227\" data-end=\"1516\">Con una altura de montaje de entre 2,4 metros y 4 metros, este detector ofrece una instalaci\u00f3n flexible que se adapta a diferentes tipos de edificios y espacios.<\/p>\n<p data-start=\"1227\" data-end=\"1516\">Su perfil bajo y dise\u00f1o compacto hacen que sea f\u00e1cil de integrar en diversas instalaciones, manteniendo una apariencia discreta.<\/p>\n<p data-start=\"1518\" data-end=\"1843\">Para garantizar un rendimiento confiable en todos los entornos, el detector est\u00e1 equipado con compensaci\u00f3n de temperatura, lo que le permite funcionar de manera \u00f3ptima independientemente de los cambios de temperatura.<\/p>\n<p data-start=\"1518\" data-end=\"1843\">El detector tambi\u00e9n tiene resistencias integradas en la l\u00ednea verde para reducir la influencia de factores externos y garantizar un funcionamiento estable y a largo plazo.<\/p>\n<p data-start=\"1845\" data-end=\"2123\">Este detector es la soluci\u00f3n ideal para garantizar que su sistema de seguridad funcione de manera eficaz, sin provocar falsas alarmas.<\/p>\n<p data-start=\"1845\" data-end=\"2123\">El detector est\u00e1 certificado con clase de seguridad 3, lo que significa que cumple altos requisitos para su uso en \u00e1reas de seguridad cr\u00edtica.<\/p>\n<p data-start=\"2125\" data-end=\"2153\"><strong data-start=\"2125\" data-end=\"2153\">Caracter\u00edsticas principales:<\/strong><\/p>\n<ul data-start=\"2154\" data-end=\"2548\">\n<li data-start=\"2154\" data-end=\"2179\">\n<p data-start=\"2156\" data-end=\"2179\"><strong data-start=\"2156\" data-end=\"2170\">Tecnolog\u00eda:<\/strong> PIR + MW<\/p>\n<\/li>\n<li data-start=\"2180\" data-end=\"2218\">\n<p data-start=\"2182\" data-end=\"2218\"><strong data-start=\"2182\" data-end=\"2203\">Rango de detecci\u00f3n:<\/strong> 12 metros, 360\u00b0<\/p>\n<\/li>\n<li data-start=\"2219\" data-end=\"2260\">\n<p data-start=\"2221\" data-end=\"2260\"><strong data-start=\"2221\" data-end=\"2240\">Altura de montaje:<\/strong> 2,4 metros \u2013 4 metros<\/p>\n<\/li>\n<li data-start=\"2261\" data-end=\"2291\">\n<p data-start=\"2263\" data-end=\"2291\"><strong data-start=\"2263\" data-end=\"2279\">Dimensiones:<\/strong> 135 x 27 mil\u00edmetros<\/p>\n<\/li>\n<li data-start=\"2292\" data-end=\"2309\">\n<p data-start=\"2294\" data-end=\"2309\"><strong data-start=\"2294\" data-end=\"2303\">Peso:<\/strong> 200 gramos<\/p>\n<\/li>\n<li data-start=\"2310\" data-end=\"2343\">\n<p data-start=\"2312\" data-end=\"2343\"><strong data-start=\"2312\" data-end=\"2333\">Fuente de alimentaci\u00f3n:<\/strong> 9 \u2013 16 VCC<\/p>\n<\/li>\n<li data-start=\"2344\" data-end=\"2361\">\n<p data-start=\"2346\" data-end=\"2361\"><strong data-start=\"2346\" data-end=\"2356\">Actual:<\/strong> 16 mA<\/p>\n<\/li>\n<li data-start=\"2362\" data-end=\"2431\">\n<p data-start=\"2364\" data-end=\"2431\"><strong data-start=\"2364\" data-end=\"2379\">Caracter\u00edsticas:<\/strong> Funci\u00f3n de zoom, ACT, antienmascaramiento, sensibilidad ajustable<\/p>\n<\/li>\n<li data-start=\"2432\" data-end=\"2452\">\n<p data-start=\"2434\" data-end=\"2452\"><strong data-start=\"2434\" data-end=\"2445\">Bandera:<\/strong> Plata<\/p>\n<\/li>\n<li data-start=\"2453\" data-end=\"2483\">\n<p data-start=\"2455\" data-end=\"2483\"><strong data-start=\"2455\" data-end=\"2471\">Solicitud:<\/strong> Uso en interiores<\/p>\n<\/li>\n<li data-start=\"2484\" data-end=\"2511\">\n<p data-start=\"2486\" data-end=\"2511\"><strong data-start=\"2486\" data-end=\"2498\">Montaje:<\/strong> Montaje en el techo<\/p>\n<\/li>\n<li data-start=\"2512\" data-end=\"2548\">\n<p data-start=\"2514\" data-end=\"2548\"><strong data-start=\"2514\" data-end=\"2531\">Proceso de dar un t\u00edtulo:<\/strong> Clase de seguridad 3<\/p>\n<\/li>\n<\/ul>\n<p data-start=\"2550\" data-end=\"2800\">Este detector es una excelente opci\u00f3n para quienes buscan una soluci\u00f3n de alto rendimiento para la seguridad interior.<\/p>\n<p data-start=\"2550\" data-end=\"2800\">Con sus caracter\u00edsticas avanzadas y f\u00e1cil instalaci\u00f3n, el RISCO LuNAR DT 360 es un componente confiable y efectivo para un sistema de seguridad profesional.<\/p>","protected":false},"excerpt":{"rendered":"<p>El detector de techo RISCO LuNAR DT 360 es un detector de doble tecnolog\u00eda PIR + MW de alta seguridad con una cobertura de 360\u00b0 y un alcance de hasta 12 metros.<\/p>\n<p>Equipado con funci\u00f3n anti-enmascaramiento y sensibilidad ajustable, es ideal para su uso en instalaciones interiores de hasta 4 metros de altura.<\/p>","protected":false},"featured_media":146150,"template":"","meta":{"_acf_changed":false},"product_brand":[],"product_cat":[3188],"product_tag":[],"class_list":{"0":"post-146151","1":"product","2":"type-product","3":"status-publish","4":"has-post-thumbnail","6":"product_cat-larmenheter-risco-larm","7":"pa_brands-4risco","8":"pa_farg-silver","9":"tm-no-options","11":"first","12":"instock","13":"taxable","14":"shipping-taxable","15":"purchasable","16":"product-type-simple"},"acf":[],"_links":{"self":[{"href":"https:\/\/secureus.se\/es\/wp-json\/wp\/v2\/product\/146151","targetHints":{"allow":["GET"]}}],"collection":[{"href":"https:\/\/secureus.se\/es\/wp-json\/wp\/v2\/product"}],"about":[{"href":"https:\/\/secureus.se\/es\/wp-json\/wp\/v2\/types\/product"}],"wp:featuredmedia":[{"embeddable":true,"href":"https:\/\/secureus.se\/es\/wp-json\/wp\/v2\/media\/146150"}],"wp:attachment":[{"href":"https:\/\/secureus.se\/es\/wp-json\/wp\/v2\/media?parent=146151"}],"wp:term":[{"taxonomy":"product_brand","embeddable":true,"href":"https:\/\/secureus.se\/es\/wp-json\/wp\/v2\/product_brand?post=146151"},{"taxonomy":"product_cat","embeddable":true,"href":"https:\/\/secureus.se\/es\/wp-json\/wp\/v2\/product_cat?post=146151"},{"taxonomy":"product_tag","embeddable":true,"href":"https:\/\/secureus.se\/es\/wp-json\/wp\/v2\/product_tag?post=146151"}],"curies":[{"name":"wp","href":"https:\/\/api.w.org\/{rel}","templated":true}]}}