{"id":146340,"date":"2025-01-09T14:37:23","date_gmt":"2025-01-09T13:37:23","guid":{"rendered":"https:\/\/secureus.se\/risco-rvdba701000a-video-dorrklocka-kit-ip-wi-fi-radio-868mhz\/"},"modified":"2026-04-09T11:32:46","modified_gmt":"2026-04-09T09:32:46","slug":"risco-video-dorrklocka-kit-ip-wi-fi-radio-868mhz-rvdba701000a","status":"publish","type":"product","link":"https:\/\/secureus.se\/es\/risco-video-dorrklocka-kit-ip-wi-fi-radio-868mhz-rvdba701000a\/","title":{"rendered":"Kit de timbre con video RISCO con radio IP\/Wi-Fi de 868 MHz RVDBA701000A"},"content":{"rendered":"<h1>Kit de timbre con video RISCO con radio IP\/Wi-Fi de 868 MHz RVDBA701000A<\/h1>\n<p data-start=\"492\" data-end=\"957\">Dise\u00f1ado para brindar seguridad y comodidad a los usuarios, el kit de timbre con video RISCO RVDBA701000A es una soluci\u00f3n perfecta para vigilar lo que sucede en la puerta de entrada.<\/p>\n<p data-start=\"492\" data-end=\"957\">Est\u00e1 totalmente integrado con RISCO Cloud y act\u00faa como complemento del sistema de alarma de RISCO y la soluci\u00f3n de v\u00eddeo VUpoint.<\/p>\n<p data-start=\"492\" data-end=\"957\">Este timbre con v\u00eddeo avanzado permite a los usuarios interactuar con los visitantes en cualquier momento a trav\u00e9s de una aplicaci\u00f3n para tel\u00e9fonos inteligentes, incluso cuando no est\u00e1n en casa.<\/p>\n<p data-start=\"959\" data-end=\"1316\">Con una c\u00e1mara de alta definici\u00f3n que ofrece un \u00e1ngulo de visi\u00f3n de 140\u00b0, los usuarios pueden ver a sus visitantes claramente y comunicarse directamente a trav\u00e9s del micr\u00f3fono y el altavoz integrados.<\/p>\n<p data-start=\"959\" data-end=\"1316\">Esto permite una comunicaci\u00f3n bidireccional fluida en tiempo real.<\/p>\n<p data-start=\"959\" data-end=\"1316\">El timbre tambi\u00e9n est\u00e1 equipado con LED infrarrojos, lo que permite a los usuarios obtener im\u00e1genes claras incluso con poca luz.<\/p>\n<p data-start=\"1318\" data-end=\"1686\">El timbre con v\u00eddeo es f\u00e1cil de instalar y se puede configurar r\u00e1pidamente mediante la interfaz de administraci\u00f3n de RISCO Cloud Installer y HandyApp.<\/p>\n<p data-start=\"1318\" data-end=\"1686\">Los instaladores pueden utilizar el cableado del timbre existente para una instalaci\u00f3n sencilla y r\u00e1pida.<\/p>\n<p data-start=\"1318\" data-end=\"1686\">Los usuarios finales reciben notificaciones en tiempo real directamente en su aplicaci\u00f3n iRISCO, lo que significa que no se pierden nada importante cuando est\u00e1n fuera de casa.<\/p>\n<p data-start=\"1688\" data-end=\"1953\">Una caracter\u00edstica de seguridad adicional es la detecci\u00f3n de movimiento, que env\u00eda autom\u00e1ticamente notificaciones al dispositivo del usuario cuando se detecta movimiento cerca de la puerta principal.<\/p>\n<p data-start=\"1688\" data-end=\"1953\">Esto permite a los usuarios estar al tanto de todo movimiento en su puerta, incluso si nadie toca el timbre.<\/p>\n<p data-start=\"1955\" data-end=\"2228\">El kit de timbre con v\u00eddeo de RISCO ofrece una soluci\u00f3n completa de seguridad y comunicaci\u00f3n y es perfecto tanto para uso dom\u00e9stico como comercial.<\/p>\n<p data-start=\"1955\" data-end=\"2228\">Con su dise\u00f1o moderno y funciones f\u00e1ciles de usar, los usuarios obtienen una herramienta eficaz para monitorear e interactuar con los visitantes.<\/p>","protected":false},"excerpt":{"rendered":"<p>El kit de timbre con video RISCO RVDBA701000A es un dispositivo de alta tecnolog\u00eda que mejora la seguridad y la comodidad de los propietarios de hogares y negocios.<\/p>\n<p>Al utilizar RISCO Cloud y la aplicaci\u00f3n iRISCO, los usuarios pueden responder videollamadas y comunicarse con los visitantes desde cualquier lugar y en cualquier momento.<\/p>","protected":false},"featured_media":146339,"template":"","meta":{"_acf_changed":false},"product_brand":[],"product_cat":[3193,4608],"product_tag":[],"class_list":{"0":"post-146340","1":"product","2":"type-product","3":"status-publish","4":"has-post-thumbnail","6":"product_cat-smarta-hem-risco-larm","7":"product_cat-risco-smart-dorrklocka","8":"pa_brands-4risco","9":"tm-no-options","11":"first","12":"instock","13":"taxable","14":"shipping-taxable","15":"purchasable","16":"product-type-simple"},"acf":[],"_links":{"self":[{"href":"https:\/\/secureus.se\/es\/wp-json\/wp\/v2\/product\/146340","targetHints":{"allow":["GET"]}}],"collection":[{"href":"https:\/\/secureus.se\/es\/wp-json\/wp\/v2\/product"}],"about":[{"href":"https:\/\/secureus.se\/es\/wp-json\/wp\/v2\/types\/product"}],"wp:featuredmedia":[{"embeddable":true,"href":"https:\/\/secureus.se\/es\/wp-json\/wp\/v2\/media\/146339"}],"wp:attachment":[{"href":"https:\/\/secureus.se\/es\/wp-json\/wp\/v2\/media?parent=146340"}],"wp:term":[{"taxonomy":"product_brand","embeddable":true,"href":"https:\/\/secureus.se\/es\/wp-json\/wp\/v2\/product_brand?post=146340"},{"taxonomy":"product_cat","embeddable":true,"href":"https:\/\/secureus.se\/es\/wp-json\/wp\/v2\/product_cat?post=146340"},{"taxonomy":"product_tag","embeddable":true,"href":"https:\/\/secureus.se\/es\/wp-json\/wp\/v2\/product_tag?post=146340"}],"curies":[{"name":"wp","href":"https:\/\/api.w.org\/{rel}","templated":true}]}}