{"id":146350,"date":"2025-01-07T15:20:55","date_gmt":"2025-01-07T14:20:55","guid":{"rendered":"https:\/\/secureus.se\/plastkort-pvc-kombi-em4200mifare1k-med-magnet-hico\/"},"modified":"2025-12-31T21:39:49","modified_gmt":"2025-12-31T20:39:49","slug":"plastkort-pvc-kombi-em4200mifare1k-med-magnet-hico","status":"publish","type":"product","link":"https:\/\/secureus.se\/es\/plastkort-pvc-kombi-em4200mifare1k-med-magnet-hico\/","title":{"rendered":"Tarjeta de pl\u00e1stico PVC Combi EM4200+Mifare1k con im\u00e1n HiCo"},"content":{"rendered":"<p>Tarjeta de alt\u00edsima calidad fabricada en Suecia con un acabado brillante, perfecta si desea impresiones e im\u00e1genes de su empresa en la tarjeta.<\/p>\n<p>Tarjeta combinada RFID con chip EM4200 y Mifare1k \u2013 banda magn\u00e9tica HiCo.<\/p>\n<p>N\u00famero PMM + RCO para EM.<\/p>\n<p>La banda magn\u00e9tica est\u00e1 codificada con RCO, el mismo c\u00f3digo que en la tarjeta.<\/p>\n<p>Nueva versi\u00f3n con nuevo tema de tarjeta, tarjetas de presentaci\u00f3n de alta calidad.<\/p>","protected":false},"excerpt":{"rendered":"<p>La tarjeta tambi\u00e9n est\u00e1 destinada a aquellos que exigen un poco m\u00e1s de est\u00e9tica y calidad en comparaci\u00f3n con las tarjetas de pl\u00e1stico PVC est\u00e1ndar.<\/p>","protected":false},"featured_media":146349,"template":"","meta":{"_acf_changed":false},"product_brand":[],"product_cat":[1324,4224],"product_tag":[],"class_list":{"0":"post-146350","1":"product","2":"type-product","3":"status-publish","4":"has-post-thumbnail","6":"product_cat-outlet","7":"product_cat-rfid-kort-mifare1k-em4200-kombinerade","8":"pa_brands-stonehouse-security","9":"tm-has-options","11":"first","12":"instock","13":"sale","14":"taxable","15":"shipping-taxable","16":"purchasable","17":"product-type-simple"},"acf":[],"_links":{"self":[{"href":"https:\/\/secureus.se\/es\/wp-json\/wp\/v2\/product\/146350","targetHints":{"allow":["GET"]}}],"collection":[{"href":"https:\/\/secureus.se\/es\/wp-json\/wp\/v2\/product"}],"about":[{"href":"https:\/\/secureus.se\/es\/wp-json\/wp\/v2\/types\/product"}],"wp:featuredmedia":[{"embeddable":true,"href":"https:\/\/secureus.se\/es\/wp-json\/wp\/v2\/media\/146349"}],"wp:attachment":[{"href":"https:\/\/secureus.se\/es\/wp-json\/wp\/v2\/media?parent=146350"}],"wp:term":[{"taxonomy":"product_brand","embeddable":true,"href":"https:\/\/secureus.se\/es\/wp-json\/wp\/v2\/product_brand?post=146350"},{"taxonomy":"product_cat","embeddable":true,"href":"https:\/\/secureus.se\/es\/wp-json\/wp\/v2\/product_cat?post=146350"},{"taxonomy":"product_tag","embeddable":true,"href":"https:\/\/secureus.se\/es\/wp-json\/wp\/v2\/product_tag?post=146350"}],"curies":[{"name":"wp","href":"https:\/\/api.w.org\/{rel}","templated":true}]}}