{"id":146361,"date":"2025-01-09T18:51:03","date_gmt":"2025-01-09T17:51:03","guid":{"rendered":"https:\/\/secureus.se\/aptus-passerkort-mifare1k-classic-aptus-nummer\/"},"modified":"2025-12-31T21:46:03","modified_gmt":"2025-12-31T20:46:03","slug":"aptus-passerkort-mifare1k-classic-aptus-nummer","status":"publish","type":"product","link":"https:\/\/secureus.se\/es\/aptus-passerkort-mifare1k-classic-aptus-nummer\/","title":{"rendered":"Tarjeta Aptus Pass MIFARE1k Classic\u00ae \u2013 N\u00famero Aptus"},"content":{"rendered":"<p>La tarjeta tiene grabado el n\u00famero Mifare de Aptus. No es necesario utilizar los n\u00fameros.<\/p>\n<p><span data-teams=\"true\">Este producto tiene chips certificados de NXP\u00ae, una empresa de tecnolog\u00eda global con sede en los Pa\u00edses Bajos. NXP\u00ae se especializa en RFID y NFC y ofrece una gama de productos en seguridad, conectividad y soluciones integradas.<\/span><\/p>","protected":false},"excerpt":{"rendered":"<p><span data-teams=\"true\">Este producto tiene chip certificado de NXP\u00ae. <\/span>La tarjeta tiene grabado el n\u00famero Mifare de Aptus. No es necesario utilizar los n\u00fameros.<\/p>","protected":false},"featured_media":146358,"template":"","meta":{"_acf_changed":false},"product_brand":[],"product_cat":[3841,4225,1324,4823],"product_tag":[],"class_list":{"0":"post-146361","1":"product","2":"type-product","3":"status-publish","4":"has-post-thumbnail","6":"product_cat-aptus-taggar","7":"product_cat-rfid-kort-mifare-classic-1k","8":"product_cat-outlet","9":"product_cat-varumarkes-specifika-kort","10":"pa_brands-stonehouse-security","11":"tm-has-options","13":"first","14":"instock","15":"sale","16":"taxable","17":"shipping-taxable","18":"purchasable","19":"product-type-simple"},"acf":[],"_links":{"self":[{"href":"https:\/\/secureus.se\/es\/wp-json\/wp\/v2\/product\/146361","targetHints":{"allow":["GET"]}}],"collection":[{"href":"https:\/\/secureus.se\/es\/wp-json\/wp\/v2\/product"}],"about":[{"href":"https:\/\/secureus.se\/es\/wp-json\/wp\/v2\/types\/product"}],"wp:featuredmedia":[{"embeddable":true,"href":"https:\/\/secureus.se\/es\/wp-json\/wp\/v2\/media\/146358"}],"wp:attachment":[{"href":"https:\/\/secureus.se\/es\/wp-json\/wp\/v2\/media?parent=146361"}],"wp:term":[{"taxonomy":"product_brand","embeddable":true,"href":"https:\/\/secureus.se\/es\/wp-json\/wp\/v2\/product_brand?post=146361"},{"taxonomy":"product_cat","embeddable":true,"href":"https:\/\/secureus.se\/es\/wp-json\/wp\/v2\/product_cat?post=146361"},{"taxonomy":"product_tag","embeddable":true,"href":"https:\/\/secureus.se\/es\/wp-json\/wp\/v2\/product_tag?post=146361"}],"curies":[{"name":"wp","href":"https:\/\/api.w.org\/{rel}","templated":true}]}}