{"id":146559,"date":"2025-01-22T17:22:41","date_gmt":"2025-01-22T16:22:41","guid":{"rendered":"https:\/\/secureus.se\/cranford-controls-510-058-vtg-12v-32t-grund-bas-rod\/"},"modified":"2026-04-23T13:29:13","modified_gmt":"2026-04-23T11:29:13","slug":"cranford-controls-510-058-vtg-12v-32t","status":"publish","type":"product","link":"https:\/\/secureus.se\/es\/cranford-controls-510-058-vtg-12v-32t\/","title":{"rendered":"Cranford Controls 510-058 VTG 12V 32T base poco profunda, rojo"},"content":{"rendered":"<h1>Controles Cranford 510-058 VTG 12V 32T<\/h1>\n<p>Cranford Controls 510-058 VTG es una sirena confiable y flexible dise\u00f1ada para sistemas de seguridad.<\/p>\n<p>Con 32 tonos y un tono saturado seleccionable, este zumbador le brinda al usuario la posibilidad de personalizarlo seg\u00fan sea necesario.<\/p>\n<p>Est\u00e1 disponible en dos versiones diferentes para adaptarse a diferentes entornos: una con base poco profunda (IP43) y otra con base profunda (IP65), que proporciona una gama vers\u00e1til de usos tanto en interiores como en exteriores.<\/p>\n<p>La funci\u00f3n conmutable permite utilizarlo \u00fanicamente como baliza, lo que hace que este producto sea extremadamente flexible.<\/p>\n<p>Para garantizar una f\u00e1cil instalaci\u00f3n, el exclusivo sistema de montaje de bayoneta es eficiente y r\u00e1pido, y la cubierta removible en la base profunda admite cableado montado en superficie.<\/p>\n<p>Tambi\u00e9n est\u00e1 disponible una versi\u00f3n con funci\u00f3n de manipulaci\u00f3n incorporada, lo que significa que la extracci\u00f3n no autorizada se informa autom\u00e1ticamente al panel de control, lo que proporciona mayor seguridad.<\/p>","protected":false},"excerpt":{"rendered":"<p>El 510-058 VTG de Cranford Controls es un zumbador de pared de 12 V que ofrece 32 tonos m\u00e1s un tono saturado seleccionable.<\/p>\n<p>Es especialmente adecuado para su uso en sistemas de seguridad y est\u00e1 disponible tanto en versiones de base poco profunda (IP43) como de base profunda (IP65).<\/p>\n<p>El producto tiene un sistema \u00fanico de montaje de bayoneta que facilita la instalaci\u00f3n y una cubierta removible en la base profunda para cableado montado en superficie.<\/p>\n<p>Tambi\u00e9n est\u00e1 disponible una versi\u00f3n a prueba de manipulaciones para mayor seguridad.<\/p>","protected":false},"featured_media":146558,"template":"","meta":{"_acf_changed":false},"product_brand":[],"product_cat":[1825,1562,5098],"product_tag":[],"class_list":{"0":"post-146559","1":"product","2":"type-product","3":"status-publish","4":"has-post-thumbnail","6":"product_cat-sirener-brand","7":"product_cat-larmdon-blixtljus","8":"product_cat-siren-brand","9":"product_shipping_class-tunga-paket","10":"tm-no-options","12":"first","13":"instock","14":"taxable","15":"shipping-taxable","16":"purchasable","17":"product-type-simple"},"acf":[],"_links":{"self":[{"href":"https:\/\/secureus.se\/es\/wp-json\/wp\/v2\/product\/146559","targetHints":{"allow":["GET"]}}],"collection":[{"href":"https:\/\/secureus.se\/es\/wp-json\/wp\/v2\/product"}],"about":[{"href":"https:\/\/secureus.se\/es\/wp-json\/wp\/v2\/types\/product"}],"wp:featuredmedia":[{"embeddable":true,"href":"https:\/\/secureus.se\/es\/wp-json\/wp\/v2\/media\/146558"}],"wp:attachment":[{"href":"https:\/\/secureus.se\/es\/wp-json\/wp\/v2\/media?parent=146559"}],"wp:term":[{"taxonomy":"product_brand","embeddable":true,"href":"https:\/\/secureus.se\/es\/wp-json\/wp\/v2\/product_brand?post=146559"},{"taxonomy":"product_cat","embeddable":true,"href":"https:\/\/secureus.se\/es\/wp-json\/wp\/v2\/product_cat?post=146559"},{"taxonomy":"product_tag","embeddable":true,"href":"https:\/\/secureus.se\/es\/wp-json\/wp\/v2\/product_tag?post=146559"}],"curies":[{"name":"wp","href":"https:\/\/api.w.org\/{rel}","templated":true}]}}