{"id":147100,"date":"2025-01-29T09:09:26","date_gmt":"2025-01-29T08:09:26","guid":{"rendered":"https:\/\/secureus.se\/plastkort-076mm-cr80-blanka-100-pack\/"},"modified":"2026-05-05T13:29:41","modified_gmt":"2026-05-05T11:29:41","slug":"plastkort-076mm-cr80-blanka-100-pack","status":"publish","type":"product","link":"https:\/\/secureus.se\/es\/plastkort-076mm-cr80-blanka-100-pack\/","title":{"rendered":"Tarjetas de pl\u00e1stico CR80 de 0,76 mm en blanco (paquete de 100)"},"content":{"rendered":"<p>Tarjetas de pl\u00e1stico blancas de primera calidad, el medio perfecto para una excelente impresi\u00f3n de tarjetas de identificaci\u00f3n personalizadas. El material de PVC de alta calidad garantiza que sus clientes o empleados reciban impresiones vibrantes y elegantes. Tienen el mismo tama\u00f1o que las tarjetas de cr\u00e9dito normales y 760 micrones de grosor.<\/p>\n<ul>\n<li>Se vende en paquetes de 100.<\/li>\n<li>Tama\u00f1o de tarjeta CR80 est\u00e1ndar (85,60 x 53,98 mm)<\/li>\n<li>760 micrones\/30 mil\u00e9simas de pulgada<\/li>\n<li>Adecuado para usar con todas las impresoras de tarjetas de pl\u00e1stico.<\/li>\n<li>Envuelto en pl\u00e1stico y sin polvo.<\/li>\n<\/ul>\n<p>Peso del producto:<br \/>\n0,50 kilogramos<\/p>","protected":false},"excerpt":{"rendered":"<p>Tarjetas de pl\u00e1stico blancas de primera calidad, el medio perfecto para una excelente impresi\u00f3n de tarjetas de identificaci\u00f3n personalizadas. El material de PVC de alta calidad garantiza que sus clientes o empleados reciban impresiones vibrantes y elegantes. Son del mismo tama\u00f1o que<\/p>","protected":false},"featured_media":147099,"template":"","meta":{"_acf_changed":false},"product_brand":[],"product_cat":[1653,4235],"product_tag":[],"class_list":{"0":"post-147100","1":"product","2":"type-product","3":"status-publish","4":"has-post-thumbnail","6":"product_cat-gor-dina-egna-foretagskort","7":"product_cat-plastkort-utan-chip","8":"tm-no-options","10":"first","11":"instock","12":"taxable","13":"shipping-taxable","14":"purchasable","15":"product-type-simple"},"acf":[],"_links":{"self":[{"href":"https:\/\/secureus.se\/es\/wp-json\/wp\/v2\/product\/147100","targetHints":{"allow":["GET"]}}],"collection":[{"href":"https:\/\/secureus.se\/es\/wp-json\/wp\/v2\/product"}],"about":[{"href":"https:\/\/secureus.se\/es\/wp-json\/wp\/v2\/types\/product"}],"wp:featuredmedia":[{"embeddable":true,"href":"https:\/\/secureus.se\/es\/wp-json\/wp\/v2\/media\/147099"}],"wp:attachment":[{"href":"https:\/\/secureus.se\/es\/wp-json\/wp\/v2\/media?parent=147100"}],"wp:term":[{"taxonomy":"product_brand","embeddable":true,"href":"https:\/\/secureus.se\/es\/wp-json\/wp\/v2\/product_brand?post=147100"},{"taxonomy":"product_cat","embeddable":true,"href":"https:\/\/secureus.se\/es\/wp-json\/wp\/v2\/product_cat?post=147100"},{"taxonomy":"product_tag","embeddable":true,"href":"https:\/\/secureus.se\/es\/wp-json\/wp\/v2\/product_tag?post=147100"}],"curies":[{"name":"wp","href":"https:\/\/api.w.org\/{rel}","templated":true}]}}