{"id":147197,"date":"2025-01-29T17:03:53","date_gmt":"2025-01-29T16:03:53","guid":{"rendered":"https:\/\/secureus.se\/?post_type=product&#038;p=147197"},"modified":"2026-04-07T16:13:38","modified_gmt":"2026-04-07T14:13:38","slug":"vanderbilt-entro-tagg-mifare1k-orange-anpassad-for-vanderbilt-entro-passersystem","status":"publish","type":"product","link":"https:\/\/secureus.se\/es\/vanderbilt-entro-tagg-mifare1k-orange-anpassad-for-vanderbilt-entro-passersystem\/","title":{"rendered":"Etiqueta Vanderbilt Entro Mifare1k naranja personalizada para el sistema de acceso Vanderbilt Entro"},"content":{"rendered":"<h1><strong>Tarjeta de acceso Vanderbilt Entro Tag Mifare1k\u00a0<\/strong><\/h1>\n<p><strong>Nuestra tarjeta de acceso Mifare1k \u201cABS Plus\u201d est\u00e1 dise\u00f1ada para satisfacer las necesidades m\u00e1s exigentes en seguridad e identificaci\u00f3n.<\/strong><\/p>\n<ul>\n<li>Esta etiqueta de acceso Mifare1k est\u00e1 disponible en 6 colores como est\u00e1ndar y siempre en nuestro stock con entrega inmediata.<\/li>\n<li>Construcci\u00f3n robusta en material ABS con un perfil delgado de solo 2,9 mm<\/li>\n<li>Las etiquetas Mifare1k est\u00e1n personalizadas con n\u00fameros para Vanderbilt Entro, que es uno de los mayores proveedores de sistemas de seguridad de Suecia.<\/li>\n<\/ul>\n<p>Los llaveros\/etiquetas RFID \u201cABS Plus\u201d est\u00e1n disponibles en stock en m\u00e1s de 100.000 copias y en 6 colores (rojo, azul, blanco, negro, verde, amarillo, naranja) y con diferentes chips.<\/p>\n<p>Ya sea que necesite un producto confiable para control de acceso, gesti\u00f3n de visitantes, reservas, alarmas, cargadores de autom\u00f3viles, gesti\u00f3n de almacenes u otras aplicaciones, nuestro \u201cABS Plus\u201d es la elecci\u00f3n perfecta.<\/p>\n<p>Si desea su propio n\u00famero o apariencia en su etiqueta Vanderbilt Entro, cont\u00e1ctenos para obtener un dise\u00f1o gratuito.<b>\u00a0<\/b><\/p>","protected":false},"excerpt":{"rendered":"<p>Nuestra etiqueta de acceso RFID m\u00e1s popular, \u201cABS Plus\u201d, la soluci\u00f3n perfecta para su sistema de control de acceso \u2013 Vanderbilt Entro<\/p>","protected":false},"featured_media":147126,"template":"","meta":{"_acf_changed":false},"product_brand":[],"product_cat":[3844],"product_tag":[5128],"class_list":{"0":"post-147197","1":"product","2":"type-product","3":"status-publish","4":"has-post-thumbnail","6":"product_cat-vanderbilt-entro-taggar","7":"product_tag-varumarkesspecifik-tagg","8":"product_shipping_class-postnord-varubrev","9":"pa_brands-secureus","10":"pa_chip-teknik-mifare1k-2","11":"pa_farg-orange","12":"pa_pro-larmsystem-vanderbilt-bewator-entro-8-siffror-2","13":"tm-has-options","15":"first","16":"instock","17":"featured","18":"taxable","19":"shipping-taxable","20":"purchasable","21":"product-type-simple"},"acf":[],"_links":{"self":[{"href":"https:\/\/secureus.se\/es\/wp-json\/wp\/v2\/product\/147197","targetHints":{"allow":["GET"]}}],"collection":[{"href":"https:\/\/secureus.se\/es\/wp-json\/wp\/v2\/product"}],"about":[{"href":"https:\/\/secureus.se\/es\/wp-json\/wp\/v2\/types\/product"}],"wp:featuredmedia":[{"embeddable":true,"href":"https:\/\/secureus.se\/es\/wp-json\/wp\/v2\/media\/147126"}],"wp:attachment":[{"href":"https:\/\/secureus.se\/es\/wp-json\/wp\/v2\/media?parent=147197"}],"wp:term":[{"taxonomy":"product_brand","embeddable":true,"href":"https:\/\/secureus.se\/es\/wp-json\/wp\/v2\/product_brand?post=147197"},{"taxonomy":"product_cat","embeddable":true,"href":"https:\/\/secureus.se\/es\/wp-json\/wp\/v2\/product_cat?post=147197"},{"taxonomy":"product_tag","embeddable":true,"href":"https:\/\/secureus.se\/es\/wp-json\/wp\/v2\/product_tag?post=147197"}],"curies":[{"name":"wp","href":"https:\/\/api.w.org\/{rel}","templated":true}]}}