{"id":147336,"date":"2023-09-26T13:10:32","date_gmt":"2023-09-26T11:10:32","guid":{"rendered":"https:\/\/secureus.se\/elslutbleck-step-40-rattvand-24v-kolvkontakt\/"},"modified":"2026-04-23T12:28:52","modified_gmt":"2026-04-23T10:28:52","slug":"elslutbleck-step-40-rattvand-24v-kolvkontakt","status":"publish","type":"product","link":"https:\/\/secureus.se\/es\/elslutbleck-step-40-rattvand-24v-kolvkontakt\/","title":{"rendered":"Cerradero el\u00e9ctrico PASO 40 Contacto de pist\u00f3n 24 V orientado a la derecha"},"content":{"rendered":"<h1>Cerradero el\u00e9ctrico PASO 40 Contacto de pist\u00f3n 24 V orientado a la derecha<\/h1>\n<p>STEP 40 es una cerradura el\u00e9ctrica de alta calidad con tecnolog\u00eda HPR\u00ae y contacto de pist\u00f3n, perfecta para un cierre diurno seguro. Es compacto, confiable y puede soportar una presi\u00f3n de banda de hasta 250 kg.<\/p>\n<p class=\"\" data-start=\"339\" data-end=\"704\">Cerradero el\u00e9ctrico STEP 40 Preload HPR es un cerradero el\u00e9ctrico que establece un alto est\u00e1ndar de seguridad y confiabilidad. Est\u00e1 dise\u00f1ado para su uso como cerradura de d\u00eda y combina dimensiones m\u00ednimas con tecnolog\u00eda de alta calidad. STEP 40 es parte de la serie Preload de STEP y est\u00e1 probado para soportar altas frecuencias de apertura, lo que lo convierte en una soluci\u00f3n sostenible y a largo plazo.<\/p>\n<p class=\"\" data-start=\"706\" data-end=\"1100\">Gracias a su tecnolog\u00eda patentada HPR\u00ae, la puerta puede desbloquearse incluso cuando se somete a una presi\u00f3n de hasta 250 kg, lo que garantiza su funcionalidad en condiciones dif\u00edciles. El interruptor de pist\u00f3n permite indicar si la puerta est\u00e1 cerrada o abierta. La placa de cierre el\u00e9ctrica tiene una resistencia a la rotura de 1.200 kg (aprox. 12 kN) y est\u00e1 probada en f\u00e1brica para soportar hasta 1.500.000 ciclos, lo que garantiza una durabilidad a largo plazo.<\/p>\n<p class=\"\" data-start=\"1102\" data-end=\"1241\">STEP 40 tambi\u00e9n es a prueba de manipulaciones y reversible tanto para puertas de apertura derecha como izquierda, lo que facilita su instalaci\u00f3n en diferentes sistemas de puertas.<\/p>\n<p class=\"\" data-start=\"1243\" data-end=\"1258\"><strong data-start=\"1243\" data-end=\"1258\">Caracter\u00edsticas:<\/strong><\/p>\n<ul data-start=\"1259\" data-end=\"1692\">\n<li class=\"\" data-start=\"1259\" data-end=\"1302\">\n<p class=\"\" data-start=\"1261\" data-end=\"1302\">Funci\u00f3n correcta (bloqueado en posici\u00f3n desenergizada)<\/p>\n<\/li>\n<li class=\"\" data-start=\"1303\" data-end=\"1361\">\n<p class=\"\" data-start=\"1305\" data-end=\"1361\">Contacto de pist\u00f3n con indicaci\u00f3n del estado de la puerta (cerrada\/abierta)<\/p>\n<\/li>\n<li class=\"\" data-start=\"1362\" data-end=\"1405\">\n<p class=\"\" data-start=\"1364\" data-end=\"1405\">Diodo de protecci\u00f3n incorporado para seguridad el\u00e9ctrica.<\/p>\n<\/li>\n<li class=\"\" data-start=\"1406\" data-end=\"1471\">\n<p class=\"\" data-start=\"1408\" data-end=\"1471\">Tecnolog\u00eda HPR\u00ae que garantiza la apertura incluso con una presi\u00f3n de fleje de 250 kg<\/p>\n<\/li>\n<li class=\"\" data-start=\"1472\" data-end=\"1512\">\n<p class=\"\" data-start=\"1474\" data-end=\"1512\">Resistencia a la rotura de 1.200 kg (aprox. 12 kN)<\/p>\n<\/li>\n<li class=\"\" data-start=\"1513\" data-end=\"1550\">\n<p class=\"\" data-start=\"1515\" data-end=\"1550\">Probado en f\u00e1brica a 1.500.000 ciclos.<\/p>\n<\/li>\n<li class=\"\" data-start=\"1551\" data-end=\"1610\">\n<p class=\"\" data-start=\"1553\" data-end=\"1610\">A prueba de golpes y reversible para puertas de apertura derecha e izquierda.<\/p>\n<\/li>\n<li class=\"\" data-start=\"1611\" data-end=\"1655\">\n<p class=\"\" data-start=\"1613\" data-end=\"1655\">Orificios para tornillos en \u00e1ngulo en el borde trasero<\/p>\n<\/li>\n<li class=\"\" data-start=\"1656\" data-end=\"1692\">\n<p class=\"\" data-start=\"1658\" data-end=\"1692\">Adecuado para cerraduras de una y dos hojas.<\/p>\n<\/li>\n<\/ul>\n<p class=\"\" data-start=\"1694\" data-end=\"1723\"><strong data-start=\"1694\" data-end=\"1723\">Especificaciones t\u00e9cnicas:<\/strong><\/p>\n<ul data-start=\"1724\" data-end=\"2303\">\n<li class=\"\" data-start=\"1724\" data-end=\"1831\">\n<p class=\"\" data-start=\"1726\" data-end=\"1831\">Alimentaci\u00f3n: 12 V CC (+15% -10%) 220 mAh \/ m\u00e1x. 600 mA o 24 V CC (+15% -10%) 110 mAh \/ m\u00e1x. 300 mA<\/p>\n<\/li>\n<li class=\"\" data-start=\"1832\" data-end=\"1895\">\n<p class=\"\" data-start=\"1834\" data-end=\"1895\">Contacto de pist\u00f3n: Microinterruptor unipolar conmutador, m\u00e1x. 30 V CC, 1 A<\/p>\n<\/li>\n<li class=\"\" data-start=\"1896\" data-end=\"1936\">\n<p class=\"\" data-start=\"1898\" data-end=\"1936\">Durabilidad: Grado X seg\u00fan SS-EN 14846<\/p>\n<\/li>\n<li class=\"\" data-start=\"1937\" data-end=\"1976\">\n<p class=\"\" data-start=\"1939\" data-end=\"1976\">Corrosi\u00f3n: Grado M seg\u00fan SS-EN 14846<\/p>\n<\/li>\n<li class=\"\" data-start=\"1977\" data-end=\"2015\">\n<p class=\"\" data-start=\"1979\" data-end=\"2015\">Seguridad: Grado 3 seg\u00fan SS-EN 14846<\/p>\n<\/li>\n<li class=\"\" data-start=\"2016\" data-end=\"2078\">\n<p class=\"\" data-start=\"2018\" data-end=\"2078\">Manipulaci\u00f3n el\u00e9ctrica de seguridad: Grado 1 seg\u00fan SS-EN 14846<\/p>\n<\/li>\n<li class=\"\" data-start=\"2079\" data-end=\"2105\">\n<p class=\"\" data-start=\"2081\" data-end=\"2105\">Resistencia a la rotura: 1200 kg<\/p>\n<\/li>\n<li class=\"\" data-start=\"2106\" data-end=\"2136\">\n<p class=\"\" data-start=\"2108\" data-end=\"2136\">Bisagra de la puerta: derecha, izquierda<\/p>\n<\/li>\n<li class=\"\" data-start=\"2137\" data-end=\"2155\">\n<p class=\"\" data-start=\"2139\" data-end=\"2155\">Cable incluido: No<\/p>\n<\/li>\n<li class=\"\" data-start=\"2156\" data-end=\"2174\">\n<p class=\"\" data-start=\"2158\" data-end=\"2174\">Presi\u00f3n de la tira: 40 kg<\/p>\n<\/li>\n<li class=\"\" data-start=\"2175\" data-end=\"2210\">\n<p class=\"\" data-start=\"2177\" data-end=\"2210\">Tipo de cerradura: Cerradura de pestillo simple, Cerradura de pestillo doble<\/p>\n<\/li>\n<li class=\"\" data-start=\"2211\" data-end=\"2264\">\n<p class=\"\" data-start=\"2213\" data-end=\"2264\">Dimensiones del producto: Ancho: 25 mm, Profundidad: 28 mm, Altura: 90 mm<\/p>\n<\/li>\n<li class=\"\" data-start=\"2265\" data-end=\"2282\">\n<p class=\"\" data-start=\"2267\" data-end=\"2282\">Contacto del pist\u00f3n: S\u00ed<\/p>\n<\/li>\n<li class=\"\" data-start=\"2283\" data-end=\"2303\">\n<p class=\"\" data-start=\"2285\" data-end=\"2303\">Voltaje CA\/CC: CC<\/p>\n<\/li>\n<\/ul>","protected":false},"excerpt":{"rendered":"<p>Aqu\u00ed podr\u00e1s ver qu\u00e9 postes y modelos encajan entre s\u00ed de la gama de placas de cierre el\u00e9ctricas STEP.<\/p>\n<h5><strong><a href=\"https:\/\/steplock.com\/sv\/stolpguide\/#!?lang=sv&amp;blog_id=1&amp;paged=1&amp;number=50\" target=\"_blank\" rel=\"noopener\">Gu\u00eda de publicaciones STEP\u00a0<\/a><\/strong><\/h5>\n<h5><strong><a href=\"https:\/\/steplock.com\/sv\/projekteringsguide\/#!?lang=sv&amp;blog_id=1&amp;paged=1&amp;number=999\" target=\"_blank\" rel=\"noopener\">Gu\u00eda de dise\u00f1o STEP<\/a><\/strong><\/h5>","protected":false},"featured_media":147333,"template":"","meta":{"_acf_changed":false},"product_brand":[],"product_cat":[3355],"product_tag":[4197,4200],"class_list":{"0":"post-147336","1":"product","2":"type-product","3":"status-publish","4":"has-post-thumbnail","6":"product_cat-elslutbleck","7":"product_tag-24v","8":"product_tag-rattvand","9":"product_shipping_class-tunga-paket","10":"pa_brands-step","11":"tm-no-options","13":"first","14":"instock","15":"sale","16":"taxable","17":"shipping-taxable","18":"purchasable","19":"product-type-simple"},"acf":[],"_links":{"self":[{"href":"https:\/\/secureus.se\/es\/wp-json\/wp\/v2\/product\/147336","targetHints":{"allow":["GET"]}}],"collection":[{"href":"https:\/\/secureus.se\/es\/wp-json\/wp\/v2\/product"}],"about":[{"href":"https:\/\/secureus.se\/es\/wp-json\/wp\/v2\/types\/product"}],"wp:featuredmedia":[{"embeddable":true,"href":"https:\/\/secureus.se\/es\/wp-json\/wp\/v2\/media\/147333"}],"wp:attachment":[{"href":"https:\/\/secureus.se\/es\/wp-json\/wp\/v2\/media?parent=147336"}],"wp:term":[{"taxonomy":"product_brand","embeddable":true,"href":"https:\/\/secureus.se\/es\/wp-json\/wp\/v2\/product_brand?post=147336"},{"taxonomy":"product_cat","embeddable":true,"href":"https:\/\/secureus.se\/es\/wp-json\/wp\/v2\/product_cat?post=147336"},{"taxonomy":"product_tag","embeddable":true,"href":"https:\/\/secureus.se\/es\/wp-json\/wp\/v2\/product_tag?post=147336"}],"curies":[{"name":"wp","href":"https:\/\/api.w.org\/{rel}","templated":true}]}}