{"id":147341,"date":"2023-09-26T13:10:31","date_gmt":"2023-09-26T11:10:31","guid":{"rendered":"https:\/\/secureus.se\/elslutbleck-step-90-rattvand-24v-kolvkontakt\/"},"modified":"2026-04-23T12:30:40","modified_gmt":"2026-04-23T10:30:40","slug":"elslutbleck-step-90-rattvand-24v-kolvkontakt","status":"publish","type":"product","link":"https:\/\/secureus.se\/es\/elslutbleck-step-90-rattvand-24v-kolvkontakt\/","title":{"rendered":"Cerradero el\u00e9ctrico STEP 90 Contacto de pist\u00f3n 24 V orientado a la derecha"},"content":{"rendered":"<h1>Cerradero el\u00e9ctrico STEP 90 Contacto de pist\u00f3n 24 V orientado a la derecha<\/h1>\n<p>STEP 90 es un cerradero el\u00e9ctrico homologado contra incendios, de dimensiones m\u00ednimas y tecnolog\u00eda HPR\u00ae, ideal para delimitaciones de celdas contra incendios. Equipado con un contacto de pist\u00f3n y una resistencia a la rotura de 1.200 kg, garantiza un funcionamiento fiable incluso con alta presi\u00f3n de fleje.<\/p>\n<p>Cerradero el\u00e9ctrico STEP 90<\/p>\n<p class=\"\" data-start=\"381\" data-end=\"831\">Preload HPR es una cerradura el\u00e9ctrica de alta calidad que ofrece seguridad y confiabilidad.<\/p>\n<p class=\"\" data-start=\"381\" data-end=\"831\">Con sus dimensiones m\u00ednimas y su avanzada tecnolog\u00eda de impresi\u00f3n de tiras, est\u00e1 dise\u00f1ado para proporcionar una alta confiabilidad operativa y una larga vida \u00fatil, lo que lo hace perfecto para aplicaciones donde el espacio y la durabilidad son importantes.<\/p>\n<p class=\"\" data-start=\"381\" data-end=\"831\">STEP 90 est\u00e1 aprobado para fuego hasta E\/EI120 seg\u00fan SS-EN 14846:2008, lo que lo convierte en una soluci\u00f3n ideal para los l\u00edmites de celdas de fuego.<\/p>\n<p class=\"\" data-start=\"833\" data-end=\"1185\">La tecnolog\u00eda patentada HPR\u00ae garantiza que la puerta se pueda abrir incluso cuando se somete a una presi\u00f3n de hasta 250 kg.<\/p>\n<p class=\"\" data-start=\"833\" data-end=\"1185\">STEP 90 tambi\u00e9n est\u00e1 equipado con un interruptor de pist\u00f3n para indicar si la puerta est\u00e1 cerrada o abierta.<\/p>\n<p class=\"\" data-start=\"833\" data-end=\"1185\">Est\u00e1 probado y certificado en resistencia al fuego y tiene una resistencia a la rotura de 1.200 kg (aprox. 12 kN), lo que lo hace robusto y duradero.<\/p>\n<p class=\"\" data-start=\"1187\" data-end=\"1202\"><strong data-start=\"1187\" data-end=\"1202\">Caracter\u00edsticas:<\/strong><\/p>\n<ul data-start=\"1203\" data-end=\"1718\">\n<li class=\"\" data-start=\"1203\" data-end=\"1246\">\n<p class=\"\" data-start=\"1205\" data-end=\"1246\">Funci\u00f3n correcta (bloqueado en posici\u00f3n desenergizada)<\/p>\n<\/li>\n<li class=\"\" data-start=\"1247\" data-end=\"1305\">\n<p class=\"\" data-start=\"1249\" data-end=\"1305\">Contacto de pist\u00f3n con indicaci\u00f3n del estado de la puerta (cerrada\/abierta)<\/p>\n<\/li>\n<li class=\"\" data-start=\"1306\" data-end=\"1371\">\n<p class=\"\" data-start=\"1308\" data-end=\"1371\">Probado contra incendios hasta la clase E\/EI 120 seg\u00fan SS-EN 14846:2008<\/p>\n<\/li>\n<li class=\"\" data-start=\"1372\" data-end=\"1420\">\n<p class=\"\" data-start=\"1374\" data-end=\"1420\">Diodo de protecci\u00f3n incorporado para mayor seguridad el\u00e9ctrica.<\/p>\n<\/li>\n<li class=\"\" data-start=\"1421\" data-end=\"1491\">\n<p class=\"\" data-start=\"1423\" data-end=\"1491\">La tecnolog\u00eda HPR\u00ae garantiza la apertura a pesar de una presi\u00f3n de banda de 250 kg (aprox. 2,5 kN)<\/p>\n<\/li>\n<li class=\"\" data-start=\"1492\" data-end=\"1532\">\n<p class=\"\" data-start=\"1494\" data-end=\"1532\">Resistencia a la rotura de 1.200 kg (aprox. 12 kN)<\/p>\n<\/li>\n<li class=\"\" data-start=\"1533\" data-end=\"1592\">\n<p class=\"\" data-start=\"1535\" data-end=\"1592\">A prueba de golpes y reversible para puertas de apertura derecha e izquierda.<\/p>\n<\/li>\n<li class=\"\" data-start=\"1593\" data-end=\"1637\">\n<p class=\"\" data-start=\"1595\" data-end=\"1637\">Orificios para tornillos en \u00e1ngulo en el borde trasero<\/p>\n<\/li>\n<li class=\"\" data-start=\"1638\" data-end=\"1718\">\n<p class=\"\" data-start=\"1640\" data-end=\"1718\">Adecuado para cerraduras de uno o dos pestillos de las series Connect, Modul y Narrow Profile.<\/p>\n<\/li>\n<\/ul>\n<p class=\"\" data-start=\"1720\" data-end=\"1749\"><strong data-start=\"1720\" data-end=\"1749\">Especificaciones t\u00e9cnicas:<\/strong><\/p>\n<ul data-start=\"1750\" data-end=\"2353\">\n<li class=\"\" data-start=\"1750\" data-end=\"1857\">\n<p class=\"\" data-start=\"1752\" data-end=\"1857\">Alimentaci\u00f3n: 12 V CC (+15% -10%) 220 mAh \/ m\u00e1x. 600 mA o 24 V CC (+15% -10%) 110 mAh \/ m\u00e1x. 300 mA<\/p>\n<\/li>\n<li class=\"\" data-start=\"1858\" data-end=\"1921\">\n<p class=\"\" data-start=\"1860\" data-end=\"1921\">Contacto de pist\u00f3n: Microinterruptor unipolar conmutador, m\u00e1x. 30 V CC, 1 A<\/p>\n<\/li>\n<li class=\"\" data-start=\"1922\" data-end=\"1962\">\n<p class=\"\" data-start=\"1924\" data-end=\"1962\">Durabilidad: Grado X seg\u00fan SS-EN 14846<\/p>\n<\/li>\n<li class=\"\" data-start=\"1963\" data-end=\"2002\">\n<p class=\"\" data-start=\"1965\" data-end=\"2002\">Corrosi\u00f3n: Grado M seg\u00fan SS-EN 14846<\/p>\n<\/li>\n<li class=\"\" data-start=\"2003\" data-end=\"2041\">\n<p class=\"\" data-start=\"2005\" data-end=\"2041\">Seguridad: Grado 3 seg\u00fan SS-EN 14846<\/p>\n<\/li>\n<li class=\"\" data-start=\"2042\" data-end=\"2104\">\n<p class=\"\" data-start=\"2044\" data-end=\"2104\">Manipulaci\u00f3n el\u00e9ctrica de seguridad: Grado 1 seg\u00fan SS-EN 14846<\/p>\n<\/li>\n<li class=\"\" data-start=\"2105\" data-end=\"2127\">\n<p class=\"\" data-start=\"2107\" data-end=\"2127\">Prueba de fuego: 120 min<\/p>\n<\/li>\n<li class=\"\" data-start=\"2128\" data-end=\"2154\">\n<p class=\"\" data-start=\"2130\" data-end=\"2154\">Resistencia a la rotura: 1200 kg<\/p>\n<\/li>\n<li class=\"\" data-start=\"2155\" data-end=\"2185\">\n<p class=\"\" data-start=\"2157\" data-end=\"2185\">Bisagra de la puerta: derecha, izquierda<\/p>\n<\/li>\n<li class=\"\" data-start=\"2186\" data-end=\"2204\">\n<p class=\"\" data-start=\"2188\" data-end=\"2204\">Cable incluido: No<\/p>\n<\/li>\n<li class=\"\" data-start=\"2205\" data-end=\"2224\">\n<p class=\"\" data-start=\"2207\" data-end=\"2224\">Presi\u00f3n de la tira: 250 kg<\/p>\n<\/li>\n<li class=\"\" data-start=\"2225\" data-end=\"2260\">\n<p class=\"\" data-start=\"2227\" data-end=\"2260\">Tipo de cerradura: Cerradura de pestillo simple, Cerradura de pestillo doble<\/p>\n<\/li>\n<li class=\"\" data-start=\"2261\" data-end=\"2314\">\n<p class=\"\" data-start=\"2263\" data-end=\"2314\">Dimensiones del producto: Ancho: 25 mm, Profundidad: 28 mm, Altura: 90 mm<\/p>\n<\/li>\n<li class=\"\" data-start=\"2315\" data-end=\"2332\">\n<p class=\"\" data-start=\"2317\" data-end=\"2332\">Contacto del pist\u00f3n: S\u00ed<\/p>\n<\/li>\n<li class=\"\" data-start=\"2333\" data-end=\"2353\">\n<p class=\"\" data-start=\"2335\" data-end=\"2353\">Voltaje CA\/CC: CC<\/p>\n<\/li>\n<\/ul>\n<p>&nbsp;<\/p>","protected":false},"excerpt":{"rendered":"<p>Aqu\u00ed podr\u00e1s ver qu\u00e9 postes y modelos encajan entre s\u00ed de la gama de placas de cierre el\u00e9ctricas STEP.<\/p>\n<h5><strong><a href=\"https:\/\/steplock.com\/sv\/stolpguide\/#!?lang=sv&amp;blog_id=1&amp;paged=1&amp;number=50\" target=\"_blank\" rel=\"noopener\">Gu\u00eda de publicaciones STEP\u00a0<\/a><\/strong><\/h5>\n<h5><strong><a href=\"https:\/\/steplock.com\/sv\/projekteringsguide\/#!?lang=sv&amp;blog_id=1&amp;paged=1&amp;number=999\" target=\"_blank\" rel=\"noopener\">Gu\u00eda de dise\u00f1o STEP<\/a><\/strong><\/h5>","protected":false},"featured_media":147337,"template":"","meta":{"_acf_changed":false},"product_brand":[],"product_cat":[3355],"product_tag":[4197,4200],"class_list":{"0":"post-147341","1":"product","2":"type-product","3":"status-publish","4":"has-post-thumbnail","6":"product_cat-elslutbleck","7":"product_tag-24v","8":"product_tag-rattvand","9":"product_shipping_class-tunga-paket","10":"pa_brands-step","11":"tm-no-options","13":"first","14":"onbackorder","15":"sale","16":"taxable","17":"shipping-taxable","18":"purchasable","19":"product-type-simple"},"acf":[],"_links":{"self":[{"href":"https:\/\/secureus.se\/es\/wp-json\/wp\/v2\/product\/147341","targetHints":{"allow":["GET"]}}],"collection":[{"href":"https:\/\/secureus.se\/es\/wp-json\/wp\/v2\/product"}],"about":[{"href":"https:\/\/secureus.se\/es\/wp-json\/wp\/v2\/types\/product"}],"wp:featuredmedia":[{"embeddable":true,"href":"https:\/\/secureus.se\/es\/wp-json\/wp\/v2\/media\/147337"}],"wp:attachment":[{"href":"https:\/\/secureus.se\/es\/wp-json\/wp\/v2\/media?parent=147341"}],"wp:term":[{"taxonomy":"product_brand","embeddable":true,"href":"https:\/\/secureus.se\/es\/wp-json\/wp\/v2\/product_brand?post=147341"},{"taxonomy":"product_cat","embeddable":true,"href":"https:\/\/secureus.se\/es\/wp-json\/wp\/v2\/product_cat?post=147341"},{"taxonomy":"product_tag","embeddable":true,"href":"https:\/\/secureus.se\/es\/wp-json\/wp\/v2\/product_tag?post=147341"}],"curies":[{"name":"wp","href":"https:\/\/api.w.org\/{rel}","templated":true}]}}