{"id":147353,"date":"2023-09-26T13:10:26","date_gmt":"2023-09-26T11:10:26","guid":{"rendered":"https:\/\/secureus.se\/elslutbleck-step-40-omstallbar-24v-kolvkontakt\/"},"modified":"2026-04-23T12:35:40","modified_gmt":"2026-04-23T10:35:40","slug":"elslutbleck-step-40-omstallbar-24v-kolvkontakt","status":"publish","type":"product","link":"https:\/\/secureus.se\/es\/elslutbleck-step-40-omstallbar-24v-kolvkontakt\/","title":{"rendered":"Cerradero el\u00e9ctrico STEP 40 Contacto de pist\u00f3n ajustable 24V"},"content":{"rendered":"<h1>Cerradero el\u00e9ctrico STEP 40 Contacto de pist\u00f3n ajustable 24V<\/h1>\n<p>STEP 40 es una cerradura el\u00e9ctrica con funci\u00f3n regulable y contacto de pist\u00f3n, dise\u00f1ada para un cierre diurno seguro y fiable. Equipado con tecnolog\u00eda HPR\u00ae, puede soportar alta presi\u00f3n de moldeo y est\u00e1 probado en f\u00e1brica para una larga durabilidad.<\/p>\n<p>La cerradura el\u00e9ctrica STEP 40 Preload HPR es una cerradura el\u00e9ctrica de alta calidad con funci\u00f3n ajustable y contacto de pist\u00f3n, ideal para el bloqueo diurno en entornos de seguridad.<\/p>\n<p>Est\u00e1 dise\u00f1ado para proporcionar alta confiabilidad operativa y larga vida \u00fatil, y es parte de la serie Preload de STEP que combina dimensiones m\u00ednimas con alta calidad y flexibilidad.<\/p>\n<p class=\"\" data-start=\"719\" data-end=\"1175\">La funci\u00f3n conmutable permite que STEP 40 est\u00e9 orientado hacia adelante o hacia atr\u00e1s (bloqueado o desbloqueado en posici\u00f3n desenergizada), lo que proporciona una soluci\u00f3n flexible para diferentes necesidades de instalaci\u00f3n.<\/p>\n<p class=\"\" data-start=\"719\" data-end=\"1175\">Con la tecnolog\u00eda patentada HPR\u00ae, la puerta se puede abrir incluso cuando est\u00e1 sometida a una presi\u00f3n de hasta 250 kg, lo que garantiza un funcionamiento confiable incluso en condiciones dif\u00edciles.<\/p>\n<p class=\"\" data-start=\"719\" data-end=\"1175\">El interruptor del \u00e9mbolo tambi\u00e9n proporciona una indicaci\u00f3n del estado cerrado\/abierto de la puerta, lo que aumenta la funcionalidad.<\/p>\n<p class=\"\" data-start=\"1177\" data-end=\"1419\">Probado en f\u00e1brica durante hasta 1.500.000 ciclos, STEP 40 es una soluci\u00f3n duradera tanto para cerraduras de pestillo simple como de pestillo doble. Tambi\u00e9n es a prueba de manipulaciones y reversible para puertas de mano derecha e izquierda, lo que facilita su instalaci\u00f3n en diferentes sistemas de puertas.<\/p>\n<p class=\"\" data-start=\"1421\" data-end=\"1436\"><strong data-start=\"1421\" data-end=\"1436\">Caracter\u00edsticas:<\/strong><\/p>\n<ul data-start=\"1437\" data-end=\"1890\">\n<li class=\"\" data-start=\"1437\" data-end=\"1494\">\n<p class=\"\" data-start=\"1439\" data-end=\"1494\">Funci\u00f3n conmutable (bloqueada o desbloqueada en modo desenergizado)<\/p>\n<\/li>\n<li class=\"\" data-start=\"1495\" data-end=\"1553\">\n<p class=\"\" data-start=\"1497\" data-end=\"1553\">Contacto de pist\u00f3n con indicaci\u00f3n del estado de la puerta (cerrada\/abierta)<\/p>\n<\/li>\n<li class=\"\" data-start=\"1554\" data-end=\"1593\">\n<p class=\"\" data-start=\"1556\" data-end=\"1593\">Diodo de protecci\u00f3n incorporado para mayor seguridad.<\/p>\n<\/li>\n<li class=\"\" data-start=\"1594\" data-end=\"1664\">\n<p class=\"\" data-start=\"1596\" data-end=\"1664\">La tecnolog\u00eda HPR\u00ae garantiza la apertura a pesar de una presi\u00f3n de banda de 250 kg (aprox. 2,5 kN)<\/p>\n<\/li>\n<li class=\"\" data-start=\"1665\" data-end=\"1705\">\n<p class=\"\" data-start=\"1667\" data-end=\"1705\">Resistencia a la rotura de 1.200 kg (aprox. 12 kN)<\/p>\n<\/li>\n<li class=\"\" data-start=\"1706\" data-end=\"1743\">\n<p class=\"\" data-start=\"1708\" data-end=\"1743\">Probado en f\u00e1brica a 1.500.000 ciclos.<\/p>\n<\/li>\n<li class=\"\" data-start=\"1744\" data-end=\"1803\">\n<p class=\"\" data-start=\"1746\" data-end=\"1803\">A prueba de golpes y reversible para puertas de apertura derecha e izquierda.<\/p>\n<\/li>\n<li class=\"\" data-start=\"1804\" data-end=\"1848\">\n<p class=\"\" data-start=\"1806\" data-end=\"1848\">Orificios para tornillos en \u00e1ngulo en el borde trasero<\/p>\n<\/li>\n<li class=\"\" data-start=\"1849\" data-end=\"1890\">\n<p class=\"\" data-start=\"1851\" data-end=\"1890\">Adecuado para cerraduras de una y dos hojas.<\/p>\n<\/li>\n<\/ul>\n<p class=\"\" data-start=\"1892\" data-end=\"1921\"><strong data-start=\"1892\" data-end=\"1921\">Especificaciones t\u00e9cnicas:<\/strong><\/p>\n<ul data-start=\"1922\" data-end=\"2502\">\n<li class=\"\" data-start=\"1922\" data-end=\"2029\">\n<p class=\"\" data-start=\"1924\" data-end=\"2029\">Alimentaci\u00f3n: 12 V CC (+15% -10%) 220 mAh \/ m\u00e1x. 600 mA o 24 V CC (+15% -10%) 110 mAh \/ m\u00e1x. 300 mA<\/p>\n<\/li>\n<li class=\"\" data-start=\"2030\" data-end=\"2093\">\n<p class=\"\" data-start=\"2032\" data-end=\"2093\">Contacto de pist\u00f3n: Microinterruptor unipolar conmutador, m\u00e1x. 30 V CC, 1 A<\/p>\n<\/li>\n<li class=\"\" data-start=\"2094\" data-end=\"2134\">\n<p class=\"\" data-start=\"2096\" data-end=\"2134\">Durabilidad: Grado X seg\u00fan SS-EN 14846<\/p>\n<\/li>\n<li class=\"\" data-start=\"2135\" data-end=\"2174\">\n<p class=\"\" data-start=\"2137\" data-end=\"2174\">Corrosi\u00f3n: Grado M seg\u00fan SS-EN 14846<\/p>\n<\/li>\n<li class=\"\" data-start=\"2175\" data-end=\"2213\">\n<p class=\"\" data-start=\"2177\" data-end=\"2213\">Seguridad: Grado 3 seg\u00fan SS-EN 14846<\/p>\n<\/li>\n<li class=\"\" data-start=\"2214\" data-end=\"2276\">\n<p class=\"\" data-start=\"2216\" data-end=\"2276\">Manipulaci\u00f3n el\u00e9ctrica de seguridad: Grado 1 seg\u00fan SS-EN 14846<\/p>\n<\/li>\n<li class=\"\" data-start=\"2277\" data-end=\"2303\">\n<p class=\"\" data-start=\"2279\" data-end=\"2303\">Resistencia a la rotura: 1200 kg<\/p>\n<\/li>\n<li class=\"\" data-start=\"2304\" data-end=\"2334\">\n<p class=\"\" data-start=\"2306\" data-end=\"2334\">Bisagra de la puerta: derecha, izquierda<\/p>\n<\/li>\n<li class=\"\" data-start=\"2335\" data-end=\"2353\">\n<p class=\"\" data-start=\"2337\" data-end=\"2353\">Cable incluido: No<\/p>\n<\/li>\n<li class=\"\" data-start=\"2354\" data-end=\"2373\">\n<p class=\"\" data-start=\"2356\" data-end=\"2373\">Presi\u00f3n de la tira: 250 kg<\/p>\n<\/li>\n<li class=\"\" data-start=\"2374\" data-end=\"2409\">\n<p class=\"\" data-start=\"2376\" data-end=\"2409\">Tipo de cerradura: Cerradura de pestillo simple, Cerradura de pestillo doble<\/p>\n<\/li>\n<li class=\"\" data-start=\"2410\" data-end=\"2463\">\n<p class=\"\" data-start=\"2412\" data-end=\"2463\">Dimensiones del producto: Ancho: 25 mm, Profundidad: 28 mm, Altura: 90 mm<\/p>\n<\/li>\n<li class=\"\" data-start=\"2464\" data-end=\"2481\">\n<p class=\"\" data-start=\"2466\" data-end=\"2481\">Contacto del pist\u00f3n: S\u00ed<\/p>\n<\/li>\n<li class=\"\" data-start=\"2482\" data-end=\"2502\">\n<p class=\"\" data-start=\"2484\" data-end=\"2502\">Voltaje CA\/CC: CC<\/p>\n<\/li>\n<\/ul>","protected":false},"excerpt":{"rendered":"<p>Aqu\u00ed podr\u00e1s ver qu\u00e9 postes y modelos encajan entre s\u00ed de la gama de placas de cierre el\u00e9ctricas STEP.<\/p>\n<h5><strong><a href=\"https:\/\/steplock.com\/sv\/stolpguide\/#!?lang=sv&amp;blog_id=1&amp;paged=1&amp;number=50\" target=\"_blank\" rel=\"noopener\">Gu\u00eda de publicaciones STEP\u00a0<\/a><\/strong><\/h5>\n<h5><strong><a href=\"https:\/\/steplock.com\/sv\/projekteringsguide\/#!?lang=sv&amp;blog_id=1&amp;paged=1&amp;number=999\" target=\"_blank\" rel=\"noopener\">Gu\u00eda de dise\u00f1o STEP<\/a><\/strong><\/h5>","protected":false},"featured_media":147350,"template":"","meta":{"_acf_changed":false},"product_brand":[],"product_cat":[3355],"product_tag":[4197,4202],"class_list":{"0":"post-147353","1":"product","2":"type-product","3":"status-publish","4":"has-post-thumbnail","6":"product_cat-elslutbleck","7":"product_tag-24v","8":"product_tag-omstallbar-rattvand-omvand","9":"product_shipping_class-tunga-paket","10":"pa_brands-step","11":"tm-no-options","13":"first","14":"instock","15":"sale","16":"taxable","17":"shipping-taxable","18":"purchasable","19":"product-type-simple"},"acf":[],"_links":{"self":[{"href":"https:\/\/secureus.se\/es\/wp-json\/wp\/v2\/product\/147353","targetHints":{"allow":["GET"]}}],"collection":[{"href":"https:\/\/secureus.se\/es\/wp-json\/wp\/v2\/product"}],"about":[{"href":"https:\/\/secureus.se\/es\/wp-json\/wp\/v2\/types\/product"}],"wp:featuredmedia":[{"embeddable":true,"href":"https:\/\/secureus.se\/es\/wp-json\/wp\/v2\/media\/147350"}],"wp:attachment":[{"href":"https:\/\/secureus.se\/es\/wp-json\/wp\/v2\/media?parent=147353"}],"wp:term":[{"taxonomy":"product_brand","embeddable":true,"href":"https:\/\/secureus.se\/es\/wp-json\/wp\/v2\/product_brand?post=147353"},{"taxonomy":"product_cat","embeddable":true,"href":"https:\/\/secureus.se\/es\/wp-json\/wp\/v2\/product_cat?post=147353"},{"taxonomy":"product_tag","embeddable":true,"href":"https:\/\/secureus.se\/es\/wp-json\/wp\/v2\/product_tag?post=147353"}],"curies":[{"name":"wp","href":"https:\/\/api.w.org\/{rel}","templated":true}]}}