{"id":147357,"date":"2023-09-26T13:10:25","date_gmt":"2023-09-26T11:10:25","guid":{"rendered":"https:\/\/secureus.se\/elslutbleck-step-90-omstallbar-24v-kolvkontakt\/"},"modified":"2026-04-08T16:03:21","modified_gmt":"2026-04-08T14:03:21","slug":"elslutbleck-step-90-omstallbar-24v-kolvkontakt","status":"publish","type":"product","link":"https:\/\/secureus.se\/es\/elslutbleck-step-90-omstallbar-24v-kolvkontakt\/","title":{"rendered":"Cerradero el\u00e9ctrico STEP 90 Contacto de pist\u00f3n regulable 24V"},"content":{"rendered":"<h1>Cerradero el\u00e9ctrico STEP 90 Contacto de pist\u00f3n regulable 24V<\/h1>\n<p>STEP 90 es un cerradero el\u00e9ctrico homologado contra incendios con funci\u00f3n regulable, tecnolog\u00eda HPR\u00ae y contacto de pist\u00f3n. Dise\u00f1ado para un bloqueo diurno seguro con alta confiabilidad operativa y larga vida \u00fatil, probado contra incendios hasta E\/EI120.<\/p>\n<p class=\"\" data-start=\"361\" data-end=\"741\">Cerradero el\u00e9ctrico STEP 90 Preload HPR es un cerradero el\u00e9ctrico homologado para incendios que combina reducidas dimensiones con una alta seguridad y fiabilidad.<\/p>\n<p class=\"\" data-start=\"361\" data-end=\"741\">Equipado con la tecnolog\u00eda patentada HPR\u00ae de STEP, el STEP 90 garantiza que la puerta se abra incluso con una presi\u00f3n de banda de hasta 250 kg.<\/p>\n<p class=\"\" data-start=\"361\" data-end=\"741\">Tambi\u00e9n est\u00e1 certificado para resistencia al fuego hasta E\/EI120, lo que lo convierte en una soluci\u00f3n confiable para los l\u00edmites de celdas de fuego.<\/p>\n<p class=\"\" data-start=\"743\" data-end=\"1133\">Gracias a su funci\u00f3n reversible, STEP 90 puede orientarse tanto hacia adelante como hacia atr\u00e1s (bloqueado o desbloqueado en posici\u00f3n desenergizada), lo que proporciona flexibilidad para la instalaci\u00f3n.<\/p>\n<p class=\"\" data-start=\"743\" data-end=\"1133\">El interruptor del \u00e9mbolo indica si la puerta est\u00e1 cerrada o abierta, lo que mejora la funcionalidad.<\/p>\n<p class=\"\" data-start=\"743\" data-end=\"1133\">Tiene una resistencia a la rotura de 1.200 kg (aprox. 12 kN) y est\u00e1 probado en f\u00e1brica durante 1.500.000 ciclos, lo que garantiza una larga durabilidad y fiabilidad operativa.<\/p>\n<p class=\"\" data-start=\"1135\" data-end=\"1150\"><strong data-start=\"1135\" data-end=\"1150\">Caracter\u00edsticas:<\/strong><\/p>\n<ul data-start=\"1151\" data-end=\"1684\">\n<li class=\"\" data-start=\"1151\" data-end=\"1208\">\n<p class=\"\" data-start=\"1153\" data-end=\"1208\">Funci\u00f3n conmutable (bloqueada o desbloqueada en modo desenergizado)<\/p>\n<\/li>\n<li class=\"\" data-start=\"1209\" data-end=\"1267\">\n<p class=\"\" data-start=\"1211\" data-end=\"1267\">Contacto de pist\u00f3n con indicaci\u00f3n del estado de la puerta (cerrada\/abierta)<\/p>\n<\/li>\n<li class=\"\" data-start=\"1268\" data-end=\"1333\">\n<p class=\"\" data-start=\"1270\" data-end=\"1333\">Probado contra incendios hasta la clase E\/EI 120 seg\u00fan SS-EN 14846:2008<\/p>\n<\/li>\n<li class=\"\" data-start=\"1334\" data-end=\"1382\">\n<p class=\"\" data-start=\"1336\" data-end=\"1382\">Diodo de protecci\u00f3n incorporado para mayor seguridad el\u00e9ctrica.<\/p>\n<\/li>\n<li class=\"\" data-start=\"1383\" data-end=\"1457\">\n<p class=\"\" data-start=\"1385\" data-end=\"1457\">Tecnolog\u00eda HPR\u00ae que garantiza la apertura a pesar de una presi\u00f3n de fleje de 250 kg (aprox. 2,5 kN)<\/p>\n<\/li>\n<li class=\"\" data-start=\"1458\" data-end=\"1498\">\n<p class=\"\" data-start=\"1460\" data-end=\"1498\">Resistencia a la rotura de 1.200 kg (aprox. 12 kN)<\/p>\n<\/li>\n<li class=\"\" data-start=\"1499\" data-end=\"1558\">\n<p class=\"\" data-start=\"1501\" data-end=\"1558\">A prueba de golpes y reversible para puertas de apertura derecha e izquierda.<\/p>\n<\/li>\n<li class=\"\" data-start=\"1559\" data-end=\"1603\">\n<p class=\"\" data-start=\"1561\" data-end=\"1603\">Orificios para tornillos en \u00e1ngulo en el borde trasero<\/p>\n<\/li>\n<li class=\"\" data-start=\"1604\" data-end=\"1684\">\n<p class=\"\" data-start=\"1606\" data-end=\"1684\">Adecuado para cerraduras de uno o dos pestillos de las series Connect, Modul y Narrow Profile.<\/p>\n<\/li>\n<\/ul>\n<p class=\"\" data-start=\"1686\" data-end=\"1715\"><strong data-start=\"1686\" data-end=\"1715\">Especificaciones t\u00e9cnicas:<\/strong><\/p>\n<ul data-start=\"1716\" data-end=\"2319\">\n<li class=\"\" data-start=\"1716\" data-end=\"1823\">\n<p class=\"\" data-start=\"1718\" data-end=\"1823\">Alimentaci\u00f3n: 12 V CC (+15% -10%) 220 mAh \/ m\u00e1x. 600 mA o 24 V CC (+15% -10%) 110 mAh \/ m\u00e1x. 300 mA<\/p>\n<\/li>\n<li class=\"\" data-start=\"1824\" data-end=\"1887\">\n<p class=\"\" data-start=\"1826\" data-end=\"1887\">Contacto de pist\u00f3n: Microinterruptor unipolar conmutador, m\u00e1x. 30 V CC, 1 A<\/p>\n<\/li>\n<li class=\"\" data-start=\"1888\" data-end=\"1928\">\n<p class=\"\" data-start=\"1890\" data-end=\"1928\">Durabilidad: Grado X seg\u00fan SS-EN 14846<\/p>\n<\/li>\n<li class=\"\" data-start=\"1929\" data-end=\"1968\">\n<p class=\"\" data-start=\"1931\" data-end=\"1968\">Corrosi\u00f3n: Grado M seg\u00fan SS-EN 14846<\/p>\n<\/li>\n<li class=\"\" data-start=\"1969\" data-end=\"2007\">\n<p class=\"\" data-start=\"1971\" data-end=\"2007\">Seguridad: Grado 3 seg\u00fan SS-EN 14846<\/p>\n<\/li>\n<li class=\"\" data-start=\"2008\" data-end=\"2070\">\n<p class=\"\" data-start=\"2010\" data-end=\"2070\">Manipulaci\u00f3n el\u00e9ctrica de seguridad: Grado 1 seg\u00fan SS-EN 14846<\/p>\n<\/li>\n<li class=\"\" data-start=\"2071\" data-end=\"2093\">\n<p class=\"\" data-start=\"2073\" data-end=\"2093\">Prueba de fuego: 120 min<\/p>\n<\/li>\n<li class=\"\" data-start=\"2094\" data-end=\"2120\">\n<p class=\"\" data-start=\"2096\" data-end=\"2120\">Resistencia a la rotura: 1200 kg<\/p>\n<\/li>\n<li class=\"\" data-start=\"2121\" data-end=\"2151\">\n<p class=\"\" data-start=\"2123\" data-end=\"2151\">Bisagra de la puerta: derecha, izquierda<\/p>\n<\/li>\n<li class=\"\" data-start=\"2152\" data-end=\"2170\">\n<p class=\"\" data-start=\"2154\" data-end=\"2170\">Cable incluido: No<\/p>\n<\/li>\n<li class=\"\" data-start=\"2171\" data-end=\"2190\">\n<p class=\"\" data-start=\"2173\" data-end=\"2190\">Presi\u00f3n de la tira: 250 kg<\/p>\n<\/li>\n<li class=\"\" data-start=\"2191\" data-end=\"2226\">\n<p class=\"\" data-start=\"2193\" data-end=\"2226\">Tipo de cerradura: Cerradura de pestillo simple, Cerradura de pestillo doble<\/p>\n<\/li>\n<li class=\"\" data-start=\"2227\" data-end=\"2280\">\n<p class=\"\" data-start=\"2229\" data-end=\"2280\">Dimensiones del producto: Ancho: 25 mm, Profundidad: 28 mm, Altura: 90 mm<\/p>\n<\/li>\n<li class=\"\" data-start=\"2281\" data-end=\"2298\">\n<p class=\"\" data-start=\"2283\" data-end=\"2298\">Contacto del pist\u00f3n: S\u00ed<\/p>\n<\/li>\n<li class=\"\" data-start=\"2299\" data-end=\"2319\">\n<p class=\"\" data-start=\"2301\" data-end=\"2319\">Voltaje CA\/CC: CC<\/p>\n<\/li>\n<\/ul>","protected":false},"excerpt":{"rendered":"<p>Aqu\u00ed podr\u00e1s ver qu\u00e9 postes y modelos encajan entre s\u00ed de la gama de placas de cierre el\u00e9ctricas STEP.<\/p>\n<h5><strong><a href=\"https:\/\/steplock.com\/sv\/stolpguide\/#!?lang=sv&amp;blog_id=1&amp;paged=1&amp;number=50\" target=\"_blank\" rel=\"noopener\">Gu\u00eda de publicaciones STEP\u00a0<\/a><\/strong><\/h5>\n<h5><strong><a href=\"https:\/\/steplock.com\/sv\/projekteringsguide\/#!?lang=sv&amp;blog_id=1&amp;paged=1&amp;number=999\" target=\"_blank\" rel=\"noopener\">Gu\u00eda de dise\u00f1o STEP<\/a><\/strong><\/h5>","protected":false},"featured_media":147354,"template":"","meta":{"_acf_changed":false},"product_brand":[],"product_cat":[3355],"product_tag":[4197,4202],"class_list":{"0":"post-147357","1":"product","2":"type-product","3":"status-publish","4":"has-post-thumbnail","6":"product_cat-elslutbleck","7":"product_tag-24v","8":"product_tag-omstallbar-rattvand-omvand","9":"product_shipping_class-tunga-paket","10":"pa_brands-step","11":"tm-no-options","13":"first","14":"instock","15":"sale","16":"taxable","17":"shipping-taxable","18":"purchasable","19":"product-type-simple"},"acf":[],"_links":{"self":[{"href":"https:\/\/secureus.se\/es\/wp-json\/wp\/v2\/product\/147357","targetHints":{"allow":["GET"]}}],"collection":[{"href":"https:\/\/secureus.se\/es\/wp-json\/wp\/v2\/product"}],"about":[{"href":"https:\/\/secureus.se\/es\/wp-json\/wp\/v2\/types\/product"}],"wp:featuredmedia":[{"embeddable":true,"href":"https:\/\/secureus.se\/es\/wp-json\/wp\/v2\/media\/147354"}],"wp:attachment":[{"href":"https:\/\/secureus.se\/es\/wp-json\/wp\/v2\/media?parent=147357"}],"wp:term":[{"taxonomy":"product_brand","embeddable":true,"href":"https:\/\/secureus.se\/es\/wp-json\/wp\/v2\/product_brand?post=147357"},{"taxonomy":"product_cat","embeddable":true,"href":"https:\/\/secureus.se\/es\/wp-json\/wp\/v2\/product_cat?post=147357"},{"taxonomy":"product_tag","embeddable":true,"href":"https:\/\/secureus.se\/es\/wp-json\/wp\/v2\/product_tag?post=147357"}],"curies":[{"name":"wp","href":"https:\/\/api.w.org\/{rel}","templated":true}]}}