{"id":147364,"date":"2023-09-26T13:10:22","date_gmt":"2023-09-26T11:10:22","guid":{"rendered":"https:\/\/secureus.se\/elslutbleck-step-18-vanster-rattvand-24v-for-assa-511\/"},"modified":"2026-04-08T16:07:34","modified_gmt":"2026-04-08T14:07:34","slug":"elslutbleck-step-18-vanster-rattvand-24v-for-assa-511","status":"publish","type":"product","link":"https:\/\/secureus.se\/es\/elslutbleck-step-18-vanster-rattvand-24v-for-assa-511\/","title":{"rendered":"Cerradero el\u00e9ctrico PASO 18 Izquierda Derecha 24V para Assa 511"},"content":{"rendered":"<h1>Cerradero el\u00e9ctrico PASO 18 Izquierda Derecha 24V para Assa 511<\/h1>\n<p>STEP 18 Secure es una cerradura el\u00e9ctrica de alta seguridad para cerraduras de gancho Assa 511, dise\u00f1ada para puertas con apertura a la izquierda. Con clasificaci\u00f3n de resistencia al fuego hasta E\/EI 60 y una resistencia a la rotura de 1500 kg, perfecto para entornos de alta seguridad.<\/p>\n<p>Placa de cierre el\u00e9ctrica<\/p>\n<p class=\"\" data-start=\"380\" data-end=\"770\">STEP 18 Secure es una cerradura el\u00e9ctrica de alta calidad que ofrece la m\u00e1xima seguridad para puertas con alto tr\u00e1fico de entrada y salida.<\/p>\n<p class=\"\" data-start=\"380\" data-end=\"770\">Est\u00e1 especialmente dise\u00f1ado para la cerradura de gancho Assa 511 con \u00e9mbolo de 10 mm y es adecuado para puertas batientes a la izquierda.<\/p>\n<p class=\"\" data-start=\"380\" data-end=\"770\">Con un bloqueo y desbloqueo duradero y r\u00e1pido, es ideal para puertas de seguridad que est\u00e1n sometidas a frecuentes aperturas y cierres.<\/p>\n<p class=\"\" data-start=\"772\" data-end=\"1171\">STEP 18 Secure est\u00e1 aprobado para la clase de seguridad RC4 y tiene clasificaci\u00f3n de resistencia al fuego hasta E\/EI 60, lo que lo convierte en una soluci\u00f3n confiable para puertas de seguridad en entornos con altas exigencias, como prisiones, bancos y otras instalaciones de seguridad.<\/p>\n<p class=\"\" data-start=\"772\" data-end=\"1171\">El interruptor de pist\u00f3n incorporado proporciona indicaci\u00f3n del estado de la puerta (cerrada\/abierta) y del estado de la cerradura (bloqueada\/desbloqueada), lo que facilita la integraci\u00f3n con sistemas de control de acceso y sistemas de alarma.<\/p>\n<p class=\"\" data-start=\"1173\" data-end=\"1457\">Con una resistencia a la rotura de 15 kN (aprox. 1500 kg) y la capacidad de abrirse a pesar de una presi\u00f3n de fleje de 5 kN (aprox. 500 kg) tanto en funcionamiento hacia adelante como hacia atr\u00e1s, STEP 18 Secure ofrece una seguridad y una fiabilidad excepcionales.<\/p>\n<p class=\"\" data-start=\"1173\" data-end=\"1457\">Tambi\u00e9n se incluye un cable de conexi\u00f3n libre de hal\u00f3genos de 5 metros para una f\u00e1cil instalaci\u00f3n.<\/p>\n<p class=\"\" data-start=\"1459\" data-end=\"1474\"><strong data-start=\"1459\" data-end=\"1474\">Caracter\u00edsticas:<\/strong><\/p>\n<ul data-start=\"1475\" data-end=\"1947\">\n<li class=\"\" data-start=\"1475\" data-end=\"1516\">\n<p class=\"\" data-start=\"1477\" data-end=\"1516\">Para cerradura de gancho Assa 511 con pist\u00f3n de 10 mm<\/p>\n<\/li>\n<li class=\"\" data-start=\"1517\" data-end=\"1560\">\n<p class=\"\" data-start=\"1519\" data-end=\"1560\">Funci\u00f3n correcta (bloqueado en posici\u00f3n desenergizada)<\/p>\n<\/li>\n<li class=\"\" data-start=\"1561\" data-end=\"1587\">\n<p class=\"\" data-start=\"1563\" data-end=\"1587\">Para puertas de hoja izquierda<\/p>\n<\/li>\n<li class=\"\" data-start=\"1588\" data-end=\"1619\">\n<p class=\"\" data-start=\"1590\" data-end=\"1619\">Aprobado para fuego hasta E\/EI 60<\/p>\n<\/li>\n<li class=\"\" data-start=\"1620\" data-end=\"1722\">\n<p class=\"\" data-start=\"1622\" data-end=\"1722\">Indicaci\u00f3n del estado de la puerta (cerrada\/abierta) y del estado de la cerradura (bloqueada\/desbloqueada) mediante contacto de pist\u00f3n y contacto de pestillo<\/p>\n<\/li>\n<li class=\"\" data-start=\"1723\" data-end=\"1761\">\n<p class=\"\" data-start=\"1725\" data-end=\"1761\">Diodo de protecci\u00f3n incorporado para mayor seguridad.<\/p>\n<\/li>\n<li class=\"\" data-start=\"1762\" data-end=\"1801\">\n<p class=\"\" data-start=\"1764\" data-end=\"1801\">Resistencia a la rotura de 15 kN (aprox. 1500 kg)<\/p>\n<\/li>\n<li class=\"\" data-start=\"1802\" data-end=\"1882\">\n<p class=\"\" data-start=\"1804\" data-end=\"1882\">Se abre a pesar de una presi\u00f3n de banda de 5 kN (aprox. 500 kg) tanto en funci\u00f3n de avance como de retroceso.<\/p>\n<\/li>\n<li class=\"\" data-start=\"1883\" data-end=\"1947\">\n<p class=\"\" data-start=\"1885\" data-end=\"1947\">A prueba de golpes e incluye 5 metros de cable de conexi\u00f3n libre de hal\u00f3genos.<\/p>\n<\/li>\n<\/ul>\n<p class=\"\" data-start=\"1949\" data-end=\"1978\"><strong data-start=\"1949\" data-end=\"1978\">Especificaciones t\u00e9cnicas:<\/strong><\/p>\n<ul data-start=\"1979\" data-end=\"2619\">\n<li class=\"\" data-start=\"1979\" data-end=\"2070\">\n<p class=\"\" data-start=\"1981\" data-end=\"2070\">Alimentaci\u00f3n: 12 V CC (+15% -10%) 639 mA desbloqueado o 24 V CC (+15% -10%) 313 mA desbloqueado<\/p>\n<\/li>\n<li class=\"\" data-start=\"2071\" data-end=\"2134\">\n<p class=\"\" data-start=\"2073\" data-end=\"2134\">Contacto de pist\u00f3n: Microinterruptor unipolar conmutador, m\u00e1x. 30 V CC, 1 A<\/p>\n<\/li>\n<li class=\"\" data-start=\"2135\" data-end=\"2175\">\n<p class=\"\" data-start=\"2137\" data-end=\"2175\">Durabilidad: Grado Y seg\u00fan SS-EN 14846<\/p>\n<\/li>\n<li class=\"\" data-start=\"2176\" data-end=\"2215\">\n<p class=\"\" data-start=\"2178\" data-end=\"2215\">Corrosi\u00f3n: Grado M seg\u00fan SS-EN 14846<\/p>\n<\/li>\n<li class=\"\" data-start=\"2216\" data-end=\"2254\">\n<p class=\"\" data-start=\"2218\" data-end=\"2254\">Seguridad: Grado 7 seg\u00fan SS-EN 14846<\/p>\n<\/li>\n<li class=\"\" data-start=\"2255\" data-end=\"2345\">\n<p class=\"\" data-start=\"2257\" data-end=\"2345\">Manipulaci\u00f3n el\u00e9ctrica de seguridad: Grado 3 (orientado hacia adelante) Grado 1 (orientado hacia atr\u00e1s) seg\u00fan SS-EN 14846<\/p>\n<\/li>\n<li class=\"\" data-start=\"2346\" data-end=\"2367\">\n<p class=\"\" data-start=\"2348\" data-end=\"2367\">Prueba de fuego: 60 min<\/p>\n<\/li>\n<li class=\"\" data-start=\"2368\" data-end=\"2394\">\n<p class=\"\" data-start=\"2370\" data-end=\"2394\">Resistencia a la rotura: 1500 kg<\/p>\n<\/li>\n<li class=\"\" data-start=\"2395\" data-end=\"2418\">\n<p class=\"\" data-start=\"2397\" data-end=\"2418\">Bisagra de la puerta: izquierda<\/p>\n<\/li>\n<li class=\"\" data-start=\"2419\" data-end=\"2473\">\n<p class=\"\" data-start=\"2421\" data-end=\"2473\">Cable incluido: S\u00ed, cable de conexi\u00f3n libre de hal\u00f3genos de 5 metros<\/p>\n<\/li>\n<li class=\"\" data-start=\"2474\" data-end=\"2493\">\n<p class=\"\" data-start=\"2476\" data-end=\"2493\">Presi\u00f3n de lista: 500 kg<\/p>\n<\/li>\n<li class=\"\" data-start=\"2494\" data-end=\"2525\">\n<p class=\"\" data-start=\"2496\" data-end=\"2525\">Tipo de cerradura: Cerradura de gancho, Cerradura con pestillo<\/p>\n<\/li>\n<li class=\"\" data-start=\"2526\" data-end=\"2580\">\n<p class=\"\" data-start=\"2528\" data-end=\"2580\">Dimensiones del producto: Ancho: 35 mm, Profundidad: 40 mm, Altura: 230 mm<\/p>\n<\/li>\n<li class=\"\" data-start=\"2581\" data-end=\"2598\">\n<p class=\"\" data-start=\"2583\" data-end=\"2598\">Contacto del pist\u00f3n: S\u00ed<\/p>\n<\/li>\n<li class=\"\" data-start=\"2599\" data-end=\"2619\">\n<p class=\"\" data-start=\"2601\" data-end=\"2619\">Voltaje CA\/CC: CC<\/p>\n<\/li>\n<\/ul>","protected":false},"excerpt":{"rendered":"<p>Aqu\u00ed podr\u00e1s ver qu\u00e9 postes y modelos encajan entre s\u00ed de la gama de placas de cierre el\u00e9ctricas STEP.<\/p>\n<h5><strong><a href=\"https:\/\/steplock.com\/sv\/stolpguide\/#!?lang=sv&amp;blog_id=1&amp;paged=1&amp;number=50\" target=\"_blank\" rel=\"noopener\">Gu\u00eda de publicaciones STEP\u00a0<\/a><\/strong><\/h5>\n<h5><strong><a href=\"https:\/\/steplock.com\/sv\/projekteringsguide\/#!?lang=sv&amp;blog_id=1&amp;paged=1&amp;number=999\" target=\"_blank\" rel=\"noopener\">Gu\u00eda de dise\u00f1o STEP<\/a><\/strong><\/h5>","protected":false},"featured_media":147362,"template":"","meta":{"_acf_changed":false},"product_brand":[],"product_cat":[3355],"product_tag":[4197,4200],"class_list":{"0":"post-147364","1":"product","2":"type-product","3":"status-publish","4":"has-post-thumbnail","6":"product_cat-elslutbleck","7":"product_tag-24v","8":"product_tag-rattvand","9":"product_shipping_class-tunga-paket","10":"pa_brands-step","11":"tm-no-options","13":"first","14":"instock","15":"sale","16":"taxable","17":"shipping-taxable","18":"purchasable","19":"product-type-simple"},"acf":[],"_links":{"self":[{"href":"https:\/\/secureus.se\/es\/wp-json\/wp\/v2\/product\/147364","targetHints":{"allow":["GET"]}}],"collection":[{"href":"https:\/\/secureus.se\/es\/wp-json\/wp\/v2\/product"}],"about":[{"href":"https:\/\/secureus.se\/es\/wp-json\/wp\/v2\/types\/product"}],"wp:featuredmedia":[{"embeddable":true,"href":"https:\/\/secureus.se\/es\/wp-json\/wp\/v2\/media\/147362"}],"wp:attachment":[{"href":"https:\/\/secureus.se\/es\/wp-json\/wp\/v2\/media?parent=147364"}],"wp:term":[{"taxonomy":"product_brand","embeddable":true,"href":"https:\/\/secureus.se\/es\/wp-json\/wp\/v2\/product_brand?post=147364"},{"taxonomy":"product_cat","embeddable":true,"href":"https:\/\/secureus.se\/es\/wp-json\/wp\/v2\/product_cat?post=147364"},{"taxonomy":"product_tag","embeddable":true,"href":"https:\/\/secureus.se\/es\/wp-json\/wp\/v2\/product_tag?post=147364"}],"curies":[{"name":"wp","href":"https:\/\/api.w.org\/{rel}","templated":true}]}}