{"id":147367,"date":"2023-09-26T13:10:21","date_gmt":"2023-09-26T11:10:21","guid":{"rendered":"https:\/\/secureus.se\/elslutbleck-step-60-rattvand-24v-kolvkontakt-10m-kabel\/"},"modified":"2026-03-26T09:43:33","modified_gmt":"2026-03-26T08:43:33","slug":"elslutbleck-step-60-rattvand-24v-kolvkontakt-10m-kabel","status":"publish","type":"product","link":"https:\/\/secureus.se\/es\/elslutbleck-step-60-rattvand-24v-kolvkontakt-10m-kabel\/","title":{"rendered":"Cerradero el\u00e9ctrico STEP 60 Contacto de pist\u00f3n 24 V orientado a la derecha Cable de 10 m"},"content":{"rendered":"<h1>Cerradero el\u00e9ctrico STEP 60 Contacto de pist\u00f3n 24 V orientado a la derecha Cable de 10 m<\/h1>\n<p>STEP 60 Silent es una cerradura el\u00e9ctrica de alto rendimiento con un funcionamiento sencillo, un funcionamiento silencioso y una alta seguridad. Equipado con contacto de pist\u00f3n y cable libre de hal\u00f3genos de 10 m, con clasificaci\u00f3n de resistencia al fuego E\/EI120 e ideal para puertas de uso frecuente.<\/p>\n<div>\n<div>La cerradura el\u00e9ctrica silenciosa STEP 60 ofrece una seguridad superior y un funcionamiento silencioso, lo que la hace ideal para entornos donde la reducci\u00f3n de ruido y la confiabilidad operativa son importantes.<\/div>\n<div>Con una construcci\u00f3n robusta y la tecnolog\u00eda silenciosa patentada de STEP, es especialmente adecuado para puertas de uso frecuente, como en escuelas, oficinas o edificios de apartamentos.<\/div>\n<div>\n<p class=\"\" data-start=\"815\" data-end=\"1201\">Esta placa de cerradura el\u00e9ctrica est\u00e1 homologada para fuego hasta E\/EI120 seg\u00fan SS-EN 14846:2008 y tiene una impresionante resistencia a la rotura de 16 kN (aprox. 1600 kg).<\/p>\n<p class=\"\" data-start=\"815\" data-end=\"1201\">Est\u00e1 orientada hacia la derecha, es decir, bloqueada en la posici\u00f3n desenergizada, y equipada con un interruptor de pist\u00f3n incorporado que permite indicar el estado de la puerta (abierta\/cerrada, bloqueada\/desbloqueada).<\/p>\n<p class=\"\" data-start=\"815\" data-end=\"1201\">El cable libre de hal\u00f3genos de 10 metros incluido facilita la instalaci\u00f3n incluso en distancias m\u00e1s largas.<\/p>\n<p class=\"\" data-start=\"1203\" data-end=\"1432\">STEP 60 es a prueba de manipulaciones, tiene un diodo de protecci\u00f3n incorporado y contacto de bloqueo para la integraci\u00f3n con sistemas de control de acceso y sistemas de alarma.<\/p>\n<p class=\"\" data-start=\"1203\" data-end=\"1432\">A pesar de una presi\u00f3n de banda de hasta 100 kg, la apertura est\u00e1 garantizada, lo que la hace muy confiable incluso en entornos exigentes.<\/p>\n<p class=\"\" data-start=\"1434\" data-end=\"1460\"><strong data-start=\"1434\" data-end=\"1460\">Caracter\u00edsticas y beneficios:<\/strong><\/p>\n<ul data-start=\"1461\" data-end=\"1698\">\n<li class=\"\" data-start=\"1461\" data-end=\"1498\">\n<p class=\"\" data-start=\"1463\" data-end=\"1498\">Funci\u00f3n correcta (bloqueado sin energ\u00eda)<\/p>\n<\/li>\n<li class=\"\" data-start=\"1499\" data-end=\"1541\">\n<p class=\"\" data-start=\"1501\" data-end=\"1541\">Contacto de pist\u00f3n y contacto de pestillo integrados<\/p>\n<\/li>\n<li class=\"\" data-start=\"1542\" data-end=\"1565\">\n<p class=\"\" data-start=\"1544\" data-end=\"1565\">Resistencia a la rotura 16 kN<\/p>\n<\/li>\n<li class=\"\" data-start=\"1566\" data-end=\"1600\">\n<p class=\"\" data-start=\"1568\" data-end=\"1600\">Funcionamiento silencioso con tecnolog\u00eda STEP Silent<\/p>\n<\/li>\n<li class=\"\" data-start=\"1601\" data-end=\"1634\">\n<p class=\"\" data-start=\"1603\" data-end=\"1634\">Cable libre de hal\u00f3genos de 10 m incluido<\/p>\n<\/li>\n<li class=\"\" data-start=\"1635\" data-end=\"1657\">\n<p class=\"\" data-start=\"1637\" data-end=\"1657\">Clasificaci\u00f3n de resistencia al fuego E\/EI120<\/p>\n<\/li>\n<li class=\"\" data-start=\"1658\" data-end=\"1698\">\n<p class=\"\" data-start=\"1660\" data-end=\"1698\">A prueba de golpes y con diodo de protecci\u00f3n incorporado.<\/p>\n<\/li>\n<\/ul>\n<p class=\"\" data-start=\"1700\" data-end=\"1856\"><strong data-start=\"1700\" data-end=\"1723\">\u00c1reas de uso:<\/strong><br data-start=\"1723\" data-end=\"1726\" \/>Adecuado para entornos p\u00fablicos, escuelas, centros de salud, oficinas y edificios de apartamentos donde se desea tanto la seguridad como el funcionamiento silencioso.<\/p>\n<p class=\"\" data-start=\"1858\" data-end=\"1887\"><strong data-start=\"1858\" data-end=\"1887\">Especificaciones t\u00e9cnicas:<\/strong><\/p>\n<ul data-start=\"1888\" data-end=\"2198\">\n<li class=\"\" data-start=\"1888\" data-end=\"1926\">\n<p class=\"\" data-start=\"1890\" data-end=\"1926\">Tensi\u00f3n de funcionamiento: 24 V CC (21,6-27,6 V)<\/p>\n<\/li>\n<li class=\"\" data-start=\"1927\" data-end=\"1960\">\n<p class=\"\" data-start=\"1929\" data-end=\"1960\">Corriente m\u00e1xima: 250 mA, 121 mA desbloqueado<\/p>\n<\/li>\n<li class=\"\" data-start=\"1961\" data-end=\"1987\">\n<p class=\"\" data-start=\"1963\" data-end=\"1987\">Resistencia a la rotura: 1600 kg<\/p>\n<\/li>\n<li class=\"\" data-start=\"1988\" data-end=\"2017\">\n<p class=\"\" data-start=\"1990\" data-end=\"2017\">Bisagra de la puerta: Derecha\/Izquierda<\/p>\n<\/li>\n<li class=\"\" data-start=\"2018\" data-end=\"2040\">\n<p class=\"\" data-start=\"2020\" data-end=\"2040\">Longitud del cable: 10 metros<\/p>\n<\/li>\n<li class=\"\" data-start=\"2041\" data-end=\"2060\">\n<p class=\"\" data-start=\"2043\" data-end=\"2060\">Presi\u00f3n de la tira: 100 kg<\/p>\n<\/li>\n<li class=\"\" data-start=\"2061\" data-end=\"2095\">\n<p class=\"\" data-start=\"2063\" data-end=\"2095\">Dimensiones (An. x Pr. x Al.): 28 x 34 x 149,5 mm<\/p>\n<\/li>\n<li class=\"\" data-start=\"2096\" data-end=\"2124\">\n<p class=\"\" data-start=\"2098\" data-end=\"2124\">Color\/Acabado: Acero inoxidable<\/p>\n<\/li>\n<li class=\"\" data-start=\"2125\" data-end=\"2158\">\n<p class=\"\" data-start=\"2127\" data-end=\"2158\">Tipo de cerradura: Cerradura de uno o dos cerrojos<\/p>\n<\/li>\n<li class=\"\" data-start=\"2159\" data-end=\"2198\">\n<p class=\"\" data-start=\"2161\" data-end=\"2198\">Evaluaciones: SundaHus, Evaluaci\u00f3n de materiales de construcci\u00f3n<\/p>\n<\/li>\n<\/ul>\n<\/div>\n<\/div>","protected":false},"excerpt":{"rendered":"<p>Aqu\u00ed podr\u00e1s ver qu\u00e9 postes y modelos encajan entre s\u00ed de la gama de placas de cierre el\u00e9ctricas STEP.<\/p>\n<h5><strong><a href=\"https:\/\/steplock.com\/sv\/stolpguide\/#!?lang=sv&amp;blog_id=1&amp;paged=1&amp;number=50\" target=\"_blank\" rel=\"noopener\">Gu\u00eda de publicaciones STEP\u00a0<\/a><\/strong><\/h5>\n<h5><strong><a href=\"https:\/\/steplock.com\/sv\/projekteringsguide\/#!?lang=sv&amp;blog_id=1&amp;paged=1&amp;number=999\" target=\"_blank\" rel=\"noopener\">Gu\u00eda de dise\u00f1o STEP<\/a><\/strong><\/h5>","protected":false},"featured_media":147365,"template":"","meta":{"_acf_changed":false},"product_brand":[],"product_cat":[3355],"product_tag":[4197,4200],"class_list":{"0":"post-147367","1":"product","2":"type-product","3":"status-publish","4":"has-post-thumbnail","6":"product_cat-elslutbleck","7":"product_tag-24v","8":"product_tag-rattvand","9":"product_shipping_class-tunga-paket","10":"pa_brands-step","11":"tm-no-options","13":"first","14":"instock","15":"sale","16":"taxable","17":"shipping-taxable","18":"purchasable","19":"product-type-simple"},"acf":[],"_links":{"self":[{"href":"https:\/\/secureus.se\/es\/wp-json\/wp\/v2\/product\/147367","targetHints":{"allow":["GET"]}}],"collection":[{"href":"https:\/\/secureus.se\/es\/wp-json\/wp\/v2\/product"}],"about":[{"href":"https:\/\/secureus.se\/es\/wp-json\/wp\/v2\/types\/product"}],"wp:featuredmedia":[{"embeddable":true,"href":"https:\/\/secureus.se\/es\/wp-json\/wp\/v2\/media\/147365"}],"wp:attachment":[{"href":"https:\/\/secureus.se\/es\/wp-json\/wp\/v2\/media?parent=147367"}],"wp:term":[{"taxonomy":"product_brand","embeddable":true,"href":"https:\/\/secureus.se\/es\/wp-json\/wp\/v2\/product_brand?post=147367"},{"taxonomy":"product_cat","embeddable":true,"href":"https:\/\/secureus.se\/es\/wp-json\/wp\/v2\/product_cat?post=147367"},{"taxonomy":"product_tag","embeddable":true,"href":"https:\/\/secureus.se\/es\/wp-json\/wp\/v2\/product_tag?post=147367"}],"curies":[{"name":"wp","href":"https:\/\/api.w.org\/{rel}","templated":true}]}}