{"id":147375,"date":"2023-09-26T13:10:14","date_gmt":"2023-09-26T11:10:14","guid":{"rendered":"https:\/\/secureus.se\/elslutbleck-step-60-omvand-24v-kolvkontakt-5m-kabel\/"},"modified":"2026-04-08T16:02:32","modified_gmt":"2026-04-08T14:02:32","slug":"elslutbleck-step-60-omvand-24v-kolvkontakt-5m-kabel","status":"publish","type":"product","link":"https:\/\/secureus.se\/es\/elslutbleck-step-60-omvand-24v-kolvkontakt-5m-kabel\/","title":{"rendered":"Cerradero el\u00e9ctrico STEP 60 Inverso 24V Contacto de pist\u00f3n Cable 5m"},"content":{"rendered":"<h1>Cerradero el\u00e9ctrico STEP 60 Inverso 24V Contacto de pist\u00f3n Cable 5m<\/h1>\n<p>STEP 60 Silent con funci\u00f3n inversa proporciona un funcionamiento silencioso y confiable para puertas de alta frecuencia. Con conector de pist\u00f3n, cable de 5 m y clase de fuego E\/EI120, es ideal para entornos donde el nivel de ruido y la seguridad son cruciales.<\/p>\n<p>La cerradura el\u00e9ctrica STEP 60 Silent es una cerradura el\u00e9ctrica premium de la serie Silent de STEP, desarrollada para puertas con altas exigencias de seguridad y aislamiento ac\u00fastico.<\/p>\n<p>Este modelo tiene una funci\u00f3n inversa, lo que significa que la puerta se desbloquea en una posici\u00f3n desenergizada, una caracter\u00edstica importante en entornos con requisitos de evacuaci\u00f3n segura.<\/p>\n<p class=\"\" data-start=\"852\" data-end=\"1197\">Gracias a la tecnolog\u00eda patentada Silent, el STEP 60 ofrece un funcionamiento pr\u00e1cticamente silencioso, lo que lo hace especialmente adecuado para entornos p\u00fablicos, oficinas, escuelas u hospitales donde es necesario mantener el nivel de ruido bajo.<\/p>\n<p class=\"\" data-start=\"852\" data-end=\"1197\">Su robusta construcci\u00f3n proporciona una resistencia a la rotura de 16 kN (aprox. 1600 kg) y asegura la apertura incluso con una presi\u00f3n de tira de hasta 100 kg.<\/p>\n<p class=\"\" data-start=\"1199\" data-end=\"1536\">El paquete de microinterruptores integrado con contacto de pist\u00f3n y contacto de enclavamiento permite una indicaci\u00f3n clara del estado de la puerta y facilita la integraci\u00f3n en sistemas de control de acceso y sistemas de alarma.<\/p>\n<p class=\"\" data-start=\"1199\" data-end=\"1536\">El producto tambi\u00e9n tiene clasificaci\u00f3n de resistencia al fuego E\/EI120, es a prueba de manipulaciones y est\u00e1 equipado con un diodo de protecci\u00f3n incorporado. Viene completo con 5 metros de cable libre de hal\u00f3genos.<\/p>\n<p class=\"\" data-start=\"1538\" data-end=\"1564\">Caracter\u00edsticas y beneficios:<\/p>\n<ul data-start=\"1565\" data-end=\"1845\">\n<li class=\"\" data-start=\"1565\" data-end=\"1601\">\n<p class=\"\" data-start=\"1567\" data-end=\"1601\">Funci\u00f3n inversa (desbloqueada sin energ\u00eda)<\/p>\n<\/li>\n<li class=\"\" data-start=\"1602\" data-end=\"1649\">\n<p class=\"\" data-start=\"1604\" data-end=\"1649\">Tecnolog\u00eda Silent patentada: funcionamiento silencioso y suave<\/p>\n<\/li>\n<li class=\"\" data-start=\"1650\" data-end=\"1672\">\n<p class=\"\" data-start=\"1652\" data-end=\"1672\">Clasificaci\u00f3n de resistencia al fuego E\/EI120<\/p>\n<\/li>\n<li class=\"\" data-start=\"1673\" data-end=\"1719\">\n<p class=\"\" data-start=\"1675\" data-end=\"1719\">Contacto de pist\u00f3n y pestillo para monitorizaci\u00f3n del estado<\/p>\n<\/li>\n<li class=\"\" data-start=\"1720\" data-end=\"1743\">\n<p class=\"\" data-start=\"1722\" data-end=\"1743\">Resistencia a la rotura 16 kN<\/p>\n<\/li>\n<li class=\"\" data-start=\"1744\" data-end=\"1769\">\n<p class=\"\" data-start=\"1746\" data-end=\"1769\">Soporta 100 kg de presi\u00f3n de tira.<\/p>\n<\/li>\n<li class=\"\" data-start=\"1770\" data-end=\"1804\">\n<p class=\"\" data-start=\"1772\" data-end=\"1804\">Diodo antidetonante y de protecci\u00f3n incluido<\/p>\n<\/li>\n<li class=\"\" data-start=\"1805\" data-end=\"1845\">\n<p class=\"\" data-start=\"1807\" data-end=\"1845\">Se suministra con cable libre de hal\u00f3genos de 5 metros.<\/p>\n<\/li>\n<\/ul>\n<p class=\"\" data-start=\"1847\" data-end=\"2006\">\u00c1reas de uso:<br data-start=\"1870\" data-end=\"1873\" \/>Ideal para puertas de uso de alta frecuencia en escuelas, oficinas, centros de salud y entornos p\u00fablicos donde los niveles de ruido y la seguridad son factores importantes.<\/p>\n<p class=\"\" data-start=\"2008\" data-end=\"2037\">Especificaciones t\u00e9cnicas:<\/p>\n<ul data-start=\"2038\" data-end=\"2401\">\n<li class=\"\" data-start=\"2038\" data-end=\"2076\">\n<p class=\"\" data-start=\"2040\" data-end=\"2076\">Tensi\u00f3n de funcionamiento: 24 V CC (21,6-27,6 V)<\/p>\n<\/li>\n<li class=\"\" data-start=\"2077\" data-end=\"2121\">\n<p class=\"\" data-start=\"2079\" data-end=\"2121\">Consumo de corriente: 121 mA desbloqueado, m\u00e1ximo 250 mA<\/p>\n<\/li>\n<li class=\"\" data-start=\"2122\" data-end=\"2151\">\n<p class=\"\" data-start=\"2124\" data-end=\"2151\">Bisagra de la puerta: Derecha\/Izquierda<\/p>\n<\/li>\n<li class=\"\" data-start=\"2152\" data-end=\"2173\">\n<p class=\"\" data-start=\"2154\" data-end=\"2173\">Longitud del cable: 5 metros<\/p>\n<\/li>\n<li class=\"\" data-start=\"2174\" data-end=\"2193\">\n<p class=\"\" data-start=\"2176\" data-end=\"2193\">Presi\u00f3n de la tira: 100 kg<\/p>\n<\/li>\n<li class=\"\" data-start=\"2194\" data-end=\"2220\">\n<p class=\"\" data-start=\"2196\" data-end=\"2220\">Resistencia a la rotura: 1600 kg<\/p>\n<\/li>\n<li class=\"\" data-start=\"2221\" data-end=\"2255\">\n<p class=\"\" data-start=\"2223\" data-end=\"2255\">Dimensiones (An. x Pr. x Al.): 28 x 34 x 149,5 mm<\/p>\n<\/li>\n<li class=\"\" data-start=\"2256\" data-end=\"2289\">\n<p class=\"\" data-start=\"2258\" data-end=\"2289\">Tipo de cerradura: Cerradura de uno o dos cerrojos<\/p>\n<\/li>\n<li class=\"\" data-start=\"2290\" data-end=\"2332\">\n<p class=\"\" data-start=\"2292\" data-end=\"2332\">Contacto del pist\u00f3n: Microinterruptor, 30 V CC \/ 1 A<\/p>\n<\/li>\n<li class=\"\" data-start=\"2333\" data-end=\"2361\">\n<p class=\"\" data-start=\"2335\" data-end=\"2361\">Color\/Acabado: Acero inoxidable<\/p>\n<\/li>\n<li class=\"\" data-start=\"2362\" data-end=\"2401\">\n<p class=\"\" data-start=\"2364\" data-end=\"2401\">Evaluaciones: SundaHus, Evaluaci\u00f3n de materiales de construcci\u00f3n<\/p>\n<\/li>\n<\/ul>","protected":false},"excerpt":{"rendered":"<p>Aqu\u00ed podr\u00e1s ver qu\u00e9 postes y modelos encajan entre s\u00ed de la gama de placas de cierre el\u00e9ctricas STEP.<\/p>\n<h5><strong><a href=\"https:\/\/steplock.com\/sv\/stolpguide\/#!?lang=sv&amp;blog_id=1&amp;paged=1&amp;number=50\" target=\"_blank\" rel=\"noopener\">Gu\u00eda de publicaciones STEP\u00a0<\/a><\/strong><\/h5>\n<h5><strong><a href=\"https:\/\/steplock.com\/sv\/projekteringsguide\/#!?lang=sv&amp;blog_id=1&amp;paged=1&amp;number=999\" target=\"_blank\" rel=\"noopener\">Gu\u00eda de dise\u00f1o STEP<\/a><\/strong><\/h5>","protected":false},"featured_media":147372,"template":"","meta":{"_acf_changed":false},"product_brand":[],"product_cat":[3355],"product_tag":[4197,4201],"class_list":{"0":"post-147375","1":"product","2":"type-product","3":"status-publish","4":"has-post-thumbnail","6":"product_cat-elslutbleck","7":"product_tag-24v","8":"product_tag-omvand","9":"product_shipping_class-tunga-paket","10":"pa_brands-step","11":"tm-no-options","13":"first","14":"instock","15":"sale","16":"taxable","17":"shipping-taxable","18":"purchasable","19":"product-type-simple"},"acf":[],"_links":{"self":[{"href":"https:\/\/secureus.se\/es\/wp-json\/wp\/v2\/product\/147375","targetHints":{"allow":["GET"]}}],"collection":[{"href":"https:\/\/secureus.se\/es\/wp-json\/wp\/v2\/product"}],"about":[{"href":"https:\/\/secureus.se\/es\/wp-json\/wp\/v2\/types\/product"}],"wp:featuredmedia":[{"embeddable":true,"href":"https:\/\/secureus.se\/es\/wp-json\/wp\/v2\/media\/147372"}],"wp:attachment":[{"href":"https:\/\/secureus.se\/es\/wp-json\/wp\/v2\/media?parent=147375"}],"wp:term":[{"taxonomy":"product_brand","embeddable":true,"href":"https:\/\/secureus.se\/es\/wp-json\/wp\/v2\/product_brand?post=147375"},{"taxonomy":"product_cat","embeddable":true,"href":"https:\/\/secureus.se\/es\/wp-json\/wp\/v2\/product_cat?post=147375"},{"taxonomy":"product_tag","embeddable":true,"href":"https:\/\/secureus.se\/es\/wp-json\/wp\/v2\/product_tag?post=147375"}],"curies":[{"name":"wp","href":"https:\/\/api.w.org\/{rel}","templated":true}]}}