{"id":147378,"date":"2023-09-26T13:10:20","date_gmt":"2023-09-26T11:10:20","guid":{"rendered":"https:\/\/secureus.se\/elslutbleck-step-18-vanster-rattvand-24v-9mm-regel-connect\/"},"modified":"2026-04-08T16:02:13","modified_gmt":"2026-04-08T14:02:13","slug":"elslutbleck-step-18-vanster-rattvand-24v-9mm-regel-connect","status":"publish","type":"product","link":"https:\/\/secureus.se\/es\/elslutbleck-step-18-vanster-rattvand-24v-9mm-regel-connect\/","title":{"rendered":"Cerradura el\u00e9ctrica PASO 18 Izquierda Derecha 24 V Regla de 9 mm Conectar"},"content":{"rendered":"<h1>Cerradura el\u00e9ctrica PASO 18 Izquierda Derecha 24 V Regla de 9 mm Conectar<\/h1>\n<p>STEP 18 Secure es una cerradura el\u00e9ctrica de alta seguridad con funci\u00f3n de apertura a la derecha para puertas con apertura a la izquierda. Con bloqueo r\u00e1pido, funci\u00f3n de cerrojo de 9 mm y cable de 5 m, es adecuado para entornos de puertas con altas exigencias como puertas de seguridad y rutas de escape.<\/p>\n<p>La cerradura el\u00e9ctrica STEP 18 Secure es una cerradura el\u00e9ctrica de alta seguridad dise\u00f1ada para entornos con exigencias extremas tanto en protecci\u00f3n contra intrusiones como en fiabilidad operativa.<\/p>\n<p>Est\u00e1 optimizado para cerraduras de pestillo con pistones de 9 mm de la serie Connect y tiene funci\u00f3n inversa, es decir, bloqueado en posici\u00f3n desenergizada, lo que proporciona mayor seguridad.<\/p>\n<p class=\"\" data-start=\"861\" data-end=\"1122\">Con una resistencia a la rotura de 15 kN (aprox. 1500 kg), STEP 18 Secure est\u00e1 aprobado para puertas de seguridad hasta RC4 y con clasificaci\u00f3n de resistencia al fuego E\/EI60.<\/p>\n<p class=\"\" data-start=\"861\" data-end=\"1122\">La construcci\u00f3n resistente es lo suficientemente duradera para puertas con uso frecuente, como en bancos, prisiones y otros entornos de alto riesgo.<\/p>\n<p class=\"\" data-start=\"1124\" data-end=\"1431\">Los contactos de \u00e9mbolo y pestillo integrados del producto permiten la indicaci\u00f3n del estado (bloqueado\/desbloqueado, abierto\/cerrado) para la conexi\u00f3n a sistemas de control de acceso y alarmas.<\/p>\n<p class=\"\" data-start=\"1124\" data-end=\"1431\">A pesar de una presi\u00f3n de hasta 500 kg, la apertura funciona perfectamente. El producto tambi\u00e9n es a prueba de manipulaciones, est\u00e1 equipado con un diodo de protecci\u00f3n y viene con un cable libre de hal\u00f3genos de 5 metros.<\/p>\n<p class=\"\" data-start=\"1433\" data-end=\"1459\"><strong data-start=\"1433\" data-end=\"1459\">Caracter\u00edsticas y beneficios:<\/strong><\/p>\n<ul data-start=\"1460\" data-end=\"1727\">\n<li class=\"\" data-start=\"1460\" data-end=\"1497\">\n<p class=\"\" data-start=\"1462\" data-end=\"1497\">Funci\u00f3n correcta (bloqueado sin energ\u00eda)<\/p>\n<\/li>\n<li class=\"\" data-start=\"1498\" data-end=\"1527\">\n<p class=\"\" data-start=\"1500\" data-end=\"1527\">Se adapta a puertas izquierdas<\/p>\n<\/li>\n<li class=\"\" data-start=\"1528\" data-end=\"1567\">\n<p class=\"\" data-start=\"1530\" data-end=\"1567\">Funci\u00f3n de regla de 9 mm para la serie Connect<\/p>\n<\/li>\n<li class=\"\" data-start=\"1568\" data-end=\"1613\">\n<p class=\"\" data-start=\"1570\" data-end=\"1613\">Contacto de pist\u00f3n y pestillo para indicaci\u00f3n de estado<\/p>\n<\/li>\n<li class=\"\" data-start=\"1614\" data-end=\"1637\">\n<p class=\"\" data-start=\"1616\" data-end=\"1637\">Resistencia a la rotura 15 kN<\/p>\n<\/li>\n<li class=\"\" data-start=\"1638\" data-end=\"1659\">\n<p class=\"\" data-start=\"1640\" data-end=\"1659\">Clasificaci\u00f3n de resistencia al fuego E\/EI60<\/p>\n<\/li>\n<li class=\"\" data-start=\"1660\" data-end=\"1689\">\n<p class=\"\" data-start=\"1662\" data-end=\"1689\">Diodo de protecci\u00f3n y protector contra sobretensiones<\/p>\n<\/li>\n<li class=\"\" data-start=\"1690\" data-end=\"1727\">\n<p class=\"\" data-start=\"1692\" data-end=\"1727\">Cable de conexi\u00f3n libre de hal\u00f3genos de 5 metros<\/p>\n<\/li>\n<\/ul>\n<p class=\"\" data-start=\"1729\" data-end=\"1907\"><strong data-start=\"1729\" data-end=\"1752\">\u00c1reas de uso:<\/strong><br data-start=\"1752\" data-end=\"1755\" \/>Perfecto para entornos de alta seguridad como prisiones, bancos, edificios gubernamentales y otros espacios con altas exigencias de seguridad y control de acceso confiable.<\/p>\n<p class=\"\" data-start=\"1909\" data-end=\"1938\"><strong data-start=\"1909\" data-end=\"1938\">Especificaciones t\u00e9cnicas:<\/strong><\/p>\n<ul data-start=\"1939\" data-end=\"2234\">\n<li class=\"\" data-start=\"1939\" data-end=\"1977\">\n<p class=\"\" data-start=\"1941\" data-end=\"1977\">Tensi\u00f3n de funcionamiento: 24 V CC (21,6-27,6 V)<\/p>\n<\/li>\n<li class=\"\" data-start=\"1978\" data-end=\"2010\">\n<p class=\"\" data-start=\"1980\" data-end=\"2010\">Consumo de energ\u00eda: 313 mA desbloqueado<\/p>\n<\/li>\n<li class=\"\" data-start=\"2011\" data-end=\"2034\">\n<p class=\"\" data-start=\"2013\" data-end=\"2034\">Bisagra de la puerta: izquierda<\/p>\n<\/li>\n<li class=\"\" data-start=\"2035\" data-end=\"2056\">\n<p class=\"\" data-start=\"2037\" data-end=\"2056\">Longitud del cable: 5 metros<\/p>\n<\/li>\n<li class=\"\" data-start=\"2057\" data-end=\"2083\">\n<p class=\"\" data-start=\"2059\" data-end=\"2083\">Resistencia a la rotura: 1500 kg<\/p>\n<\/li>\n<li class=\"\" data-start=\"2084\" data-end=\"2103\">\n<p class=\"\" data-start=\"2086\" data-end=\"2103\">Presi\u00f3n de lista: 500 kg<\/p>\n<\/li>\n<li class=\"\" data-start=\"2104\" data-end=\"2136\">\n<p class=\"\" data-start=\"2106\" data-end=\"2136\">Dimensiones (An. x Pr. x Al.): 35 x 40 x 230 mm<\/p>\n<\/li>\n<li class=\"\" data-start=\"2137\" data-end=\"2165\">\n<p class=\"\" data-start=\"2139\" data-end=\"2165\">Color\/Acabado: Acero inoxidable<\/p>\n<\/li>\n<li class=\"\" data-start=\"2166\" data-end=\"2194\">\n<p class=\"\" data-start=\"2168\" data-end=\"2194\">Tipo de cerradura: Pestillo de gancho, cerradura de perno<\/p>\n<\/li>\n<li class=\"\" data-start=\"2195\" data-end=\"2234\">\n<p class=\"\" data-start=\"2197\" data-end=\"2234\">Evaluaciones: SundaHus, Evaluaci\u00f3n de materiales de construcci\u00f3n<\/p>\n<\/li>\n<\/ul>","protected":false},"excerpt":{"rendered":"<p>Aqu\u00ed podr\u00e1s ver qu\u00e9 postes y modelos encajan entre s\u00ed de la gama de placas de cierre el\u00e9ctricas STEP.<\/p>\n<h5><strong><a href=\"https:\/\/steplock.com\/sv\/stolpguide\/#!?lang=sv&amp;blog_id=1&amp;paged=1&amp;number=50\" target=\"_blank\" rel=\"noopener\">Gu\u00eda de publicaciones STEP\u00a0<\/a><\/strong><\/h5>\n<h5><strong><a href=\"https:\/\/steplock.com\/sv\/projekteringsguide\/#!?lang=sv&amp;blog_id=1&amp;paged=1&amp;number=999\" target=\"_blank\" rel=\"noopener\">Gu\u00eda de dise\u00f1o STEP<\/a><\/strong><\/h5>","protected":false},"featured_media":147371,"template":"","meta":{"_acf_changed":false},"product_brand":[],"product_cat":[3355],"product_tag":[4197,4200],"class_list":{"0":"post-147378","1":"product","2":"type-product","3":"status-publish","4":"has-post-thumbnail","6":"product_cat-elslutbleck","7":"product_tag-24v","8":"product_tag-rattvand","9":"product_shipping_class-tunga-paket","10":"pa_brands-step","11":"tm-no-options","13":"first","14":"instock","15":"sale","16":"taxable","17":"shipping-taxable","18":"purchasable","19":"product-type-simple"},"acf":[],"_links":{"self":[{"href":"https:\/\/secureus.se\/es\/wp-json\/wp\/v2\/product\/147378","targetHints":{"allow":["GET"]}}],"collection":[{"href":"https:\/\/secureus.se\/es\/wp-json\/wp\/v2\/product"}],"about":[{"href":"https:\/\/secureus.se\/es\/wp-json\/wp\/v2\/types\/product"}],"wp:featuredmedia":[{"embeddable":true,"href":"https:\/\/secureus.se\/es\/wp-json\/wp\/v2\/media\/147371"}],"wp:attachment":[{"href":"https:\/\/secureus.se\/es\/wp-json\/wp\/v2\/media?parent=147378"}],"wp:term":[{"taxonomy":"product_brand","embeddable":true,"href":"https:\/\/secureus.se\/es\/wp-json\/wp\/v2\/product_brand?post=147378"},{"taxonomy":"product_cat","embeddable":true,"href":"https:\/\/secureus.se\/es\/wp-json\/wp\/v2\/product_cat?post=147378"},{"taxonomy":"product_tag","embeddable":true,"href":"https:\/\/secureus.se\/es\/wp-json\/wp\/v2\/product_tag?post=147378"}],"curies":[{"name":"wp","href":"https:\/\/api.w.org\/{rel}","templated":true}]}}