{"id":147383,"date":"2023-09-26T13:10:11","date_gmt":"2023-09-26T11:10:11","guid":{"rendered":"https:\/\/secureus.se\/elslutbleck-step-18-hoger-rattvand-24v-9mm-regel-connect\/"},"modified":"2026-03-26T09:45:22","modified_gmt":"2026-03-26T08:45:22","slug":"elslutbleck-step-18-hoger-rattvand-24v-9mm-regel-connect","status":"publish","type":"product","link":"https:\/\/secureus.se\/es\/elslutbleck-step-18-hoger-rattvand-24v-9mm-regel-connect\/","title":{"rendered":"Placa de cierre el\u00e9ctrica PASO 18 Derecha Recta 24V Regla de 9 mm Conectar"},"content":{"rendered":"<h1>Placa de cierre el\u00e9ctrica PASO 18 Derecha Recta 24V Regla de 9 mm Conectar<\/h1>\n<p>STEP 18 Secure es una potente cerradura el\u00e9ctrica con funci\u00f3n de apertura a la derecha para puertas con apertura a la derecha. Adaptado para cerraduras de perno de 9 mm de la serie Connect. Resistente al fuego, alta resistencia a la rotura y cable de 5 m incluido.<\/p>\n<p>La cerradura el\u00e9ctrica STEP 18 Secure es una soluci\u00f3n fiable y robusta para entornos de puertas con altos requisitos de seguridad.<\/p>\n<p>Este modelo est\u00e1 dise\u00f1ado espec\u00edficamente para cerraduras de pestillo con pist\u00f3n de 9 mm de la serie Connect y est\u00e1 adaptado para puertas batientes a la derecha.<\/p>\n<p>Con la funci\u00f3n orientada hacia la derecha, se bloquea en la posici\u00f3n desenergizada, lo que proporciona mayor seguridad en caso de un corte de energ\u00eda.<\/p>\n<p class=\"\" data-start=\"836\" data-end=\"1110\">Forma parte de la serie Secure de STEP y es especialmente adecuado para su instalaci\u00f3n en, por ejemplo, puertas de seguridad, prisiones, bancos u otros entornos donde se requiere tanto una alta frecuencia de aperturas como protecci\u00f3n contra intrusiones.<\/p>\n<p class=\"\" data-start=\"836\" data-end=\"1110\">La placa de cierre el\u00e9ctrica est\u00e1 homologada para la clase de fuego E\/EI60 y hasta el nivel de protecci\u00f3n RC4.<\/p>\n<p class=\"\" data-start=\"1112\" data-end=\"1451\">Con una resistencia a la rotura de nada menos que 15 kN (aprox. 1500 kg) y la capacidad de abrirse a pesar de una presi\u00f3n de fleje de 5 kN (aprox. 500 kg), STEP 18 es a la vez fuerte y fiable.<\/p>\n<p class=\"\" data-start=\"1112\" data-end=\"1451\">Los contactos de \u00e9mbolo y pestillo incorporados permiten la integraci\u00f3n con sistemas de control de acceso y alarmas, proporcionando un control total sobre el estado de la puerta. Diodo de protecci\u00f3n, fusible antidetonante y cable libre de hal\u00f3genos de 5 metros incluido.<\/p>\n<p class=\"\" data-start=\"1453\" data-end=\"1479\"><strong data-start=\"1453\" data-end=\"1479\">Caracter\u00edsticas y beneficios:<\/strong><\/p>\n<ul data-start=\"1480\" data-end=\"1809\">\n<li class=\"\" data-start=\"1480\" data-end=\"1532\">\n<p class=\"\" data-start=\"1482\" data-end=\"1532\">Adaptado para cerraduras de pestillo (pist\u00f3n de 9 mm) de la serie Connect<\/p>\n<\/li>\n<li class=\"\" data-start=\"1533\" data-end=\"1570\">\n<p class=\"\" data-start=\"1535\" data-end=\"1570\">Funci\u00f3n correcta (bloqueado sin energ\u00eda)<\/p>\n<\/li>\n<li class=\"\" data-start=\"1571\" data-end=\"1595\">\n<p class=\"\" data-start=\"1573\" data-end=\"1595\">Para puertas batientes a la derecha<\/p>\n<\/li>\n<li class=\"\" data-start=\"1596\" data-end=\"1641\">\n<p class=\"\" data-start=\"1598\" data-end=\"1641\">Contacto de pist\u00f3n y contacto de enclavamiento para indicaci\u00f3n<\/p>\n<\/li>\n<li class=\"\" data-start=\"1642\" data-end=\"1665\">\n<p class=\"\" data-start=\"1644\" data-end=\"1665\">Resistencia a la rotura 15 kN<\/p>\n<\/li>\n<li class=\"\" data-start=\"1666\" data-end=\"1700\">\n<p class=\"\" data-start=\"1668\" data-end=\"1700\">Soporta presi\u00f3n de moldeo de hasta 500 kg.<\/p>\n<\/li>\n<li class=\"\" data-start=\"1701\" data-end=\"1739\">\n<p class=\"\" data-start=\"1703\" data-end=\"1739\">Clasificaci\u00f3n de resistencia al fuego E\/EI60, aprobado para RC4<\/p>\n<\/li>\n<li class=\"\" data-start=\"1740\" data-end=\"1768\">\n<p class=\"\" data-start=\"1742\" data-end=\"1768\">Diodo de protecci\u00f3n y a prueba de golpes.<\/p>\n<\/li>\n<li class=\"\" data-start=\"1769\" data-end=\"1809\">\n<p class=\"\" data-start=\"1771\" data-end=\"1809\">Se suministra con cable libre de hal\u00f3genos de 5 metros.<\/p>\n<\/li>\n<\/ul>\n<p class=\"\" data-start=\"1811\" data-end=\"1972\"><strong data-start=\"1811\" data-end=\"1834\">\u00c1reas de uso:<\/strong><br data-start=\"1834\" data-end=\"1837\" \/>Adecuado para puertas de seguridad en prisiones, bancos, agencias gubernamentales y otros entornos de puertas con altas demandas de paso frecuente y m\u00e1xima seguridad.<\/p>\n<p class=\"\" data-start=\"1974\" data-end=\"2003\"><strong data-start=\"1974\" data-end=\"2003\">Especificaciones t\u00e9cnicas:<\/strong><\/p>\n<ul data-start=\"2004\" data-end=\"2345\">\n<li class=\"\" data-start=\"2004\" data-end=\"2042\">\n<p class=\"\" data-start=\"2006\" data-end=\"2042\">Tensi\u00f3n de funcionamiento: 24 V CC (21,6-27,6 V)<\/p>\n<\/li>\n<li class=\"\" data-start=\"2043\" data-end=\"2075\">\n<p class=\"\" data-start=\"2045\" data-end=\"2075\">Consumo de energ\u00eda: 313 mA desbloqueado<\/p>\n<\/li>\n<li class=\"\" data-start=\"2076\" data-end=\"2097\">\n<p class=\"\" data-start=\"2078\" data-end=\"2097\">Bisagra de la puerta: Derecha<\/p>\n<\/li>\n<li class=\"\" data-start=\"2098\" data-end=\"2119\">\n<p class=\"\" data-start=\"2100\" data-end=\"2119\">Longitud del cable: 5 metros<\/p>\n<\/li>\n<li class=\"\" data-start=\"2120\" data-end=\"2139\">\n<p class=\"\" data-start=\"2122\" data-end=\"2139\">Presi\u00f3n de lista: 500 kg<\/p>\n<\/li>\n<li class=\"\" data-start=\"2140\" data-end=\"2166\">\n<p class=\"\" data-start=\"2142\" data-end=\"2166\">Resistencia a la rotura: 1500 kg<\/p>\n<\/li>\n<li class=\"\" data-start=\"2167\" data-end=\"2199\">\n<p class=\"\" data-start=\"2169\" data-end=\"2199\">Dimensiones (An. x Pr. x Al.): 35 x 40 x 230 mm<\/p>\n<\/li>\n<li class=\"\" data-start=\"2200\" data-end=\"2228\">\n<p class=\"\" data-start=\"2202\" data-end=\"2228\">Tipo de cerradura: Pestillo de gancho, cerradura de perno<\/p>\n<\/li>\n<li class=\"\" data-start=\"2229\" data-end=\"2276\">\n<p class=\"\" data-start=\"2231\" data-end=\"2276\">Contacto del pist\u00f3n: Microinterruptor, m\u00e1x. 30 V CC \/ 1 A<\/p>\n<\/li>\n<li class=\"\" data-start=\"2277\" data-end=\"2305\">\n<p class=\"\" data-start=\"2279\" data-end=\"2305\">Color\/Acabado: Acero inoxidable<\/p>\n<\/li>\n<li class=\"\" data-start=\"2306\" data-end=\"2345\">\n<p class=\"\" data-start=\"2308\" data-end=\"2345\">Evaluaciones: SundaHus, Evaluaci\u00f3n de materiales de construcci\u00f3n<\/p>\n<\/li>\n<\/ul>","protected":false},"excerpt":{"rendered":"<p>Aqu\u00ed podr\u00e1s ver qu\u00e9 postes y modelos encajan entre s\u00ed de la gama de placas de cierre el\u00e9ctricas STEP.<\/p>\n<h5><strong><a href=\"https:\/\/steplock.com\/sv\/stolpguide\/#!?lang=sv&amp;blog_id=1&amp;paged=1&amp;number=50\" target=\"_blank\" rel=\"noopener\">Gu\u00eda de publicaciones STEP\u00a0<\/a><\/strong><\/h5>\n<h5><strong><a href=\"https:\/\/steplock.com\/sv\/projekteringsguide\/#!?lang=sv&amp;blog_id=1&amp;paged=1&amp;number=999\" target=\"_blank\" rel=\"noopener\">Gu\u00eda de dise\u00f1o STEP<\/a><\/strong><\/h5>","protected":false},"featured_media":147379,"template":"","meta":{"_acf_changed":false},"product_brand":[],"product_cat":[3355],"product_tag":[4197,4200],"class_list":{"0":"post-147383","1":"product","2":"type-product","3":"status-publish","4":"has-post-thumbnail","6":"product_cat-elslutbleck","7":"product_tag-24v","8":"product_tag-rattvand","9":"product_shipping_class-tunga-paket","10":"pa_brands-step","11":"tm-no-options","13":"first","14":"instock","15":"sale","16":"taxable","17":"shipping-taxable","18":"purchasable","19":"product-type-simple"},"acf":[],"_links":{"self":[{"href":"https:\/\/secureus.se\/es\/wp-json\/wp\/v2\/product\/147383","targetHints":{"allow":["GET"]}}],"collection":[{"href":"https:\/\/secureus.se\/es\/wp-json\/wp\/v2\/product"}],"about":[{"href":"https:\/\/secureus.se\/es\/wp-json\/wp\/v2\/types\/product"}],"wp:featuredmedia":[{"embeddable":true,"href":"https:\/\/secureus.se\/es\/wp-json\/wp\/v2\/media\/147379"}],"wp:attachment":[{"href":"https:\/\/secureus.se\/es\/wp-json\/wp\/v2\/media?parent=147383"}],"wp:term":[{"taxonomy":"product_brand","embeddable":true,"href":"https:\/\/secureus.se\/es\/wp-json\/wp\/v2\/product_brand?post=147383"},{"taxonomy":"product_cat","embeddable":true,"href":"https:\/\/secureus.se\/es\/wp-json\/wp\/v2\/product_cat?post=147383"},{"taxonomy":"product_tag","embeddable":true,"href":"https:\/\/secureus.se\/es\/wp-json\/wp\/v2\/product_tag?post=147383"}],"curies":[{"name":"wp","href":"https:\/\/api.w.org\/{rel}","templated":true}]}}