{"id":147400,"date":"2023-09-26T13:10:12","date_gmt":"2023-09-26T11:10:12","guid":{"rendered":"https:\/\/secureus.se\/elslutbleck-step-48-rattvand-24v\/"},"modified":"2026-04-23T12:32:51","modified_gmt":"2026-04-23T10:32:51","slug":"elslutbleck-step-48-rattvand-24v","status":"publish","type":"product","link":"https:\/\/secureus.se\/es\/elslutbleck-step-48-rattvand-24v\/","title":{"rendered":"Cerradero el\u00e9ctrico PASO 48 Orientado a la derecha 24V"},"content":{"rendered":"<h1>Cerradero el\u00e9ctrico PASO 48 Orientado a la derecha 24V<\/h1>\n<p>STEP 48 Preload es una cerradura el\u00e9ctrica compacta y segura con funci\u00f3n para diestros y tecnolog\u00eda de presi\u00f3n de tira de STEP. Puede soportar una presi\u00f3n de moldeo de hasta 40 kg y es reversible para puertas derecha\/izquierda.<\/p>\n<p>La cerradura el\u00e9ctrica de precarga STEP 48 es una cerradura el\u00e9ctrica suave y confiable con funci\u00f3n orientada hacia adelante, dise\u00f1ada para entornos en los que la puerta se debe cerrar con llave o perilla.<\/p>\n<p>Es parte de la serie Preload de STEP y ofrece un dise\u00f1o compacto combinado con tecnolog\u00eda avanzada para garantizar un funcionamiento confiable, incluso cuando se presiona contra la puerta.<\/p>\n<p class=\"\" data-start=\"812\" data-end=\"1088\">Gracias a la tecnolog\u00eda de presi\u00f3n de tira patentada de STEP, la puerta se puede desbloquear incluso si est\u00e1 expuesta a una presi\u00f3n de tira de hasta 40 kg.<\/p>\n<p class=\"\" data-start=\"812\" data-end=\"1088\">Esto hace que el producto sea especialmente adecuado en espacios que requieren una apertura suave incluso bajo carga, como en oficinas, edificios de apartamentos o entornos p\u00fablicos.<\/p>\n<p class=\"\" data-start=\"1090\" data-end=\"1454\">La cerradura el\u00e9ctrica es reversible tanto para puertas batientes derechas como izquierdas, es a prueba de manipulaciones y est\u00e1 equipada con un diodo de protecci\u00f3n incorporado.<\/p>\n<p class=\"\" data-start=\"1090\" data-end=\"1454\">Tiene una resistencia a la rotura de 9 kN (aprox. 900 kg) y se puede utilizar tanto con cerraduras de pestillo simple como de pestillo doble.<\/p>\n<p class=\"\" data-start=\"1090\" data-end=\"1454\">Tambi\u00e9n es posible complementarlo con un indicador de bloqueo (ST4880) que bloquea el sistema de acceso cuando se produce el bloqueo mec\u00e1nico, para mayor seguridad.<\/p>\n<p class=\"\" data-start=\"1456\" data-end=\"1482\"><strong data-start=\"1456\" data-end=\"1482\">Caracter\u00edsticas y beneficios:<\/strong><\/p>\n<ul data-start=\"1483\" data-end=\"1754\">\n<li class=\"\" data-start=\"1483\" data-end=\"1520\">\n<p class=\"\" data-start=\"1485\" data-end=\"1520\">Funci\u00f3n correcta (bloqueado sin energ\u00eda)<\/p>\n<\/li>\n<li class=\"\" data-start=\"1521\" data-end=\"1560\">\n<p class=\"\" data-start=\"1523\" data-end=\"1560\">Compatible con barras de gancho y rectas.<\/p>\n<\/li>\n<li class=\"\" data-start=\"1561\" data-end=\"1592\">\n<p class=\"\" data-start=\"1563\" data-end=\"1592\">Resistencia a la rotura 9 kN (900 kg)<\/p>\n<\/li>\n<li class=\"\" data-start=\"1593\" data-end=\"1626\">\n<p class=\"\" data-start=\"1595\" data-end=\"1626\">Soporta una presi\u00f3n de hasta 40 kg.<\/p>\n<\/li>\n<li class=\"\" data-start=\"1627\" data-end=\"1675\">\n<p class=\"\" data-start=\"1629\" data-end=\"1675\">Reversible: se adapta tanto a puertas derechas como izquierdas.<\/p>\n<\/li>\n<li class=\"\" data-start=\"1676\" data-end=\"1708\">\n<p class=\"\" data-start=\"1678\" data-end=\"1708\">A prueba de golpes y con diodo de protecci\u00f3n.<\/p>\n<\/li>\n<li class=\"\" data-start=\"1709\" data-end=\"1754\">\n<p class=\"\" data-start=\"1711\" data-end=\"1754\">Se puede complementar con la indicaci\u00f3n de regla ST4880<\/p>\n<\/li>\n<\/ul>\n<p class=\"\" data-start=\"1756\" data-end=\"1910\"><strong data-start=\"1756\" data-end=\"1779\">\u00c1reas de uso:<\/strong><br data-start=\"1779\" data-end=\"1782\" \/>Adecuado para edificios de apartamentos, oficinas, puertas de paso y otros entornos interiores donde se requiere una soluci\u00f3n segura, flexible y compacta.<\/p>\n<p class=\"\" data-start=\"1912\" data-end=\"1941\"><strong data-start=\"1912\" data-end=\"1941\">Especificaciones t\u00e9cnicas:<\/strong><\/p>\n<ul data-start=\"1942\" data-end=\"2284\">\n<li class=\"\" data-start=\"1942\" data-end=\"1980\">\n<p class=\"\" data-start=\"1944\" data-end=\"1980\">Tensi\u00f3n de funcionamiento: 24 V CC (21,6-27,6 V)<\/p>\n<\/li>\n<li class=\"\" data-start=\"1981\" data-end=\"2027\">\n<p class=\"\" data-start=\"1983\" data-end=\"2027\">Consumo de corriente: 110 mA (desbloqueado), m\u00e1x. 300 mA<\/p>\n<\/li>\n<li class=\"\" data-start=\"2028\" data-end=\"2067\">\n<p class=\"\" data-start=\"2030\" data-end=\"2067\">Bisagra de la puerta: Derecha\/Izquierda (reversible)<\/p>\n<\/li>\n<li class=\"\" data-start=\"2068\" data-end=\"2099\">\n<p class=\"\" data-start=\"2070\" data-end=\"2099\">Dimensiones (An. x Pr. x Al.): 25 x 35 x 90 mm<\/p>\n<\/li>\n<li class=\"\" data-start=\"2100\" data-end=\"2125\">\n<p class=\"\" data-start=\"2102\" data-end=\"2125\">Resistencia a la rotura: 900 kg<\/p>\n<\/li>\n<li class=\"\" data-start=\"2126\" data-end=\"2144\">\n<p class=\"\" data-start=\"2128\" data-end=\"2144\">Presi\u00f3n de la tira: 40 kg<\/p>\n<\/li>\n<li class=\"\" data-start=\"2145\" data-end=\"2178\">\n<p class=\"\" data-start=\"2147\" data-end=\"2178\">Tipo de cerradura: Cerradura de uno o dos cerrojos<\/p>\n<\/li>\n<li class=\"\" data-start=\"2179\" data-end=\"2197\">\n<p class=\"\" data-start=\"2181\" data-end=\"2197\">Contacto del pist\u00f3n: No<\/p>\n<\/li>\n<li class=\"\" data-start=\"2198\" data-end=\"2226\">\n<p class=\"\" data-start=\"2200\" data-end=\"2226\">Color\/Acabado: Acero inoxidable<\/p>\n<\/li>\n<li class=\"\" data-start=\"2227\" data-end=\"2244\">\n<p class=\"\" data-start=\"2229\" data-end=\"2244\">Cable: No incluido<\/p>\n<\/li>\n<li class=\"\" data-start=\"2245\" data-end=\"2284\">\n<p class=\"\" data-start=\"2247\" data-end=\"2284\">Evaluaciones: SundaHus, Evaluaci\u00f3n de materiales de construcci\u00f3n<\/p>\n<\/li>\n<\/ul>","protected":false},"excerpt":{"rendered":"<p>Aqu\u00ed podr\u00e1s ver qu\u00e9 postes y modelos encajan entre s\u00ed de la gama de placas de cierre el\u00e9ctricas STEP.<\/p>\n<h5><strong><a href=\"https:\/\/steplock.com\/sv\/stolpguide\/#!?lang=sv&amp;blog_id=1&amp;paged=1&amp;number=50\" target=\"_blank\" rel=\"noopener\">Gu\u00eda de publicaciones STEP\u00a0<\/a><\/strong><\/h5>\n<h5><strong><a href=\"https:\/\/steplock.com\/sv\/projekteringsguide\/#!?lang=sv&amp;blog_id=1&amp;paged=1&amp;number=999\" target=\"_blank\" rel=\"noopener\">Gu\u00eda de dise\u00f1o STEP<\/a><\/strong><\/h5>","protected":false},"featured_media":147398,"template":"","meta":{"_acf_changed":false},"product_brand":[],"product_cat":[3355],"product_tag":[4197,4200],"class_list":{"0":"post-147400","1":"product","2":"type-product","3":"status-publish","4":"has-post-thumbnail","6":"product_cat-elslutbleck","7":"product_tag-24v","8":"product_tag-rattvand","9":"product_shipping_class-tunga-paket","10":"pa_brands-step","11":"tm-no-options","13":"first","14":"instock","15":"sale","16":"taxable","17":"shipping-taxable","18":"purchasable","19":"product-type-simple"},"acf":[],"_links":{"self":[{"href":"https:\/\/secureus.se\/es\/wp-json\/wp\/v2\/product\/147400","targetHints":{"allow":["GET"]}}],"collection":[{"href":"https:\/\/secureus.se\/es\/wp-json\/wp\/v2\/product"}],"about":[{"href":"https:\/\/secureus.se\/es\/wp-json\/wp\/v2\/types\/product"}],"wp:featuredmedia":[{"embeddable":true,"href":"https:\/\/secureus.se\/es\/wp-json\/wp\/v2\/media\/147398"}],"wp:attachment":[{"href":"https:\/\/secureus.se\/es\/wp-json\/wp\/v2\/media?parent=147400"}],"wp:term":[{"taxonomy":"product_brand","embeddable":true,"href":"https:\/\/secureus.se\/es\/wp-json\/wp\/v2\/product_brand?post=147400"},{"taxonomy":"product_cat","embeddable":true,"href":"https:\/\/secureus.se\/es\/wp-json\/wp\/v2\/product_cat?post=147400"},{"taxonomy":"product_tag","embeddable":true,"href":"https:\/\/secureus.se\/es\/wp-json\/wp\/v2\/product_tag?post=147400"}],"curies":[{"name":"wp","href":"https:\/\/api.w.org\/{rel}","templated":true}]}}