{"id":147415,"date":"2023-09-26T13:10:10","date_gmt":"2023-09-26T11:10:10","guid":{"rendered":"https:\/\/secureus.se\/elslutbleck-step-90-omvand-24v-kolvkontakt\/"},"modified":"2026-04-08T16:03:57","modified_gmt":"2026-04-08T14:03:57","slug":"elslutbleck-step-90-omvand-24v-kolvkontakt","status":"publish","type":"product","link":"https:\/\/secureus.se\/es\/elslutbleck-step-90-omvand-24v-kolvkontakt\/","title":{"rendered":"Cerradero el\u00e9ctrico STEP 90 Contacto de pist\u00f3n 24V inverso"},"content":{"rendered":"<h1>Cerradero el\u00e9ctrico STEP 90 Contacto de pist\u00f3n 24V inverso<\/h1>\n<p>STEP 90 Preload es un cerradero el\u00e9ctrico compacto con funci\u00f3n inversa, contacto de pist\u00f3n y clase de fuego E\/EI120. Con tecnolog\u00eda HPR, puede soportar una presi\u00f3n de tira de hasta 250 kg y es adecuado para varios tipos de cerraduras.<\/p>\n<p>La cerradura el\u00e9ctrica STEP 90 Preload es una cerradura el\u00e9ctrica suave y potente de la serie Preload de STEP, desarrollada para proporcionar una alta confiabilidad operativa en espacios compactos.<\/p>\n<p>Gracias a su funci\u00f3n inversa, es decir, la cerradura se desbloquea en posici\u00f3n desenergizada, STEP 90 es especialmente adecuado para v\u00edas de escape y otros entornos donde es importante una evacuaci\u00f3n segura.<\/p>\n<p class=\"\" data-start=\"851\" data-end=\"1253\">Gracias a la tecnolog\u00eda patentada HPR\u00ae de STEP, la cerradura el\u00e9ctrica puede abrirse a pesar de una presi\u00f3n de la tira de hasta 250 kg.<\/p>\n<p class=\"\" data-start=\"851\" data-end=\"1253\">A esto se suma una resistencia a la rotura de 1200 kg y una construcci\u00f3n certificada para resistencia al fuego hasta E\/EI120, seg\u00fan SS-EN 14846:2008.<\/p>\n<p class=\"\" data-start=\"851\" data-end=\"1253\">El contacto del pist\u00f3n proporciona una indicaci\u00f3n de estado (puerta abierta\/cerrada) para la integraci\u00f3n con sistemas de alarma o control de acceso, y el diodo de protecci\u00f3n incorporado protege la electr\u00f3nica.<\/p>\n<p class=\"\" data-start=\"1255\" data-end=\"1483\">STEP 90 es reversible para puertas de apertura derecha e izquierda y se adapta a carcasas de cerraduras de las series Connect, Modul y Narrow Profile con cerraduras de pestillo simple o doble.<\/p>\n<p class=\"\" data-start=\"1255\" data-end=\"1483\">El producto tambi\u00e9n es a prueba de manipulaciones y tiene orificios para tornillos adaptados para una f\u00e1cil instalaci\u00f3n.<\/p>\n<p class=\"\" data-start=\"1485\" data-end=\"1511\"><strong>Caracter\u00edsticas y beneficios:<\/strong><\/p>\n<ul data-start=\"1512\" data-end=\"1822\">\n<li class=\"\" data-start=\"1512\" data-end=\"1548\">\n<p class=\"\" data-start=\"1514\" data-end=\"1548\">Funci\u00f3n inversa: desbloqueada sin energ\u00eda<\/p>\n<\/li>\n<li class=\"\" data-start=\"1549\" data-end=\"1596\">\n<p class=\"\" data-start=\"1551\" data-end=\"1596\">Tecnolog\u00eda HPR\u00ae: soporta presiones de moldeo de hasta 250 kg<\/p>\n<\/li>\n<li class=\"\" data-start=\"1597\" data-end=\"1628\">\n<p class=\"\" data-start=\"1599\" data-end=\"1628\">Clasificaci\u00f3n de resistencia al fuego hasta E\/EI120<\/p>\n<\/li>\n<li class=\"\" data-start=\"1629\" data-end=\"1664\">\n<p class=\"\" data-start=\"1631\" data-end=\"1664\">Dise\u00f1o compacto: solo 90 mm de alto<\/p>\n<\/li>\n<li class=\"\" data-start=\"1665\" data-end=\"1693\">\n<p class=\"\" data-start=\"1667\" data-end=\"1693\">Interruptor de \u00e9mbolo para el estado de la puerta<\/p>\n<\/li>\n<li class=\"\" data-start=\"1694\" data-end=\"1719\">\n<p class=\"\" data-start=\"1696\" data-end=\"1719\">Reversible (izquierda\/derecha)<\/p>\n<\/li>\n<li class=\"\" data-start=\"1720\" data-end=\"1746\">\n<p class=\"\" data-start=\"1722\" data-end=\"1746\">Resistencia a la rotura: 1200 kg<\/p>\n<\/li>\n<li class=\"\" data-start=\"1747\" data-end=\"1776\">\n<p class=\"\" data-start=\"1749\" data-end=\"1776\">Diodo de protecci\u00f3n y protector contra sobretensiones<\/p>\n<\/li>\n<li class=\"\" data-start=\"1777\" data-end=\"1822\">\n<p class=\"\" data-start=\"1779\" data-end=\"1822\">Se adapta a carcasas de cerradura Connect, Modul y Narrow Profile<\/p>\n<\/li>\n<\/ul>\n<p class=\"\" data-start=\"1824\" data-end=\"1995\"><strong>\u00c1reas de uso:<\/strong><br data-start=\"1847\" data-end=\"1850\" \/>Perfecto para entornos interiores y rutas de escape en, por ejemplo, escuelas, oficinas y edificios p\u00fablicos donde se prioriza la seguridad y el buen funcionamiento.<\/p>\n<p class=\"\" data-start=\"1997\" data-end=\"2026\"><strong>Especificaciones t\u00e9cnicas:<\/strong><\/p>\n<ul data-start=\"2027\" data-end=\"2400\">\n<li class=\"\" data-start=\"2027\" data-end=\"2065\">\n<p class=\"\" data-start=\"2029\" data-end=\"2065\">Tensi\u00f3n de funcionamiento: 24 V CC (21,6-27,6 V)<\/p>\n<\/li>\n<li class=\"\" data-start=\"2066\" data-end=\"2112\">\n<p class=\"\" data-start=\"2068\" data-end=\"2112\">Consumo de corriente: 110 mA (desbloqueado), m\u00e1x. 300 mA<\/p>\n<\/li>\n<li class=\"\" data-start=\"2113\" data-end=\"2160\">\n<p class=\"\" data-start=\"2115\" data-end=\"2160\">Contacto del pist\u00f3n: Microinterruptor, m\u00e1x. 30 V CC \/ 1 A<\/p>\n<\/li>\n<li class=\"\" data-start=\"2161\" data-end=\"2200\">\n<p class=\"\" data-start=\"2163\" data-end=\"2200\">Bisagra de la puerta: Derecha\/Izquierda (reversible)<\/p>\n<\/li>\n<li class=\"\" data-start=\"2201\" data-end=\"2232\">\n<p class=\"\" data-start=\"2203\" data-end=\"2232\">Dimensiones (An. x Pr. x Al.): 25 x 28 x 90 mm<\/p>\n<\/li>\n<li class=\"\" data-start=\"2233\" data-end=\"2259\">\n<p class=\"\" data-start=\"2235\" data-end=\"2259\">Resistencia a la rotura: 1200 kg<\/p>\n<\/li>\n<li class=\"\" data-start=\"2260\" data-end=\"2279\">\n<p class=\"\" data-start=\"2262\" data-end=\"2279\">Presi\u00f3n de la tira: 250 kg<\/p>\n<\/li>\n<li class=\"\" data-start=\"2280\" data-end=\"2313\">\n<p class=\"\" data-start=\"2282\" data-end=\"2313\">Tipo de cerradura: Cerradura de uno o dos cerrojos<\/p>\n<\/li>\n<li class=\"\" data-start=\"2314\" data-end=\"2331\">\n<p class=\"\" data-start=\"2316\" data-end=\"2331\">Cable: No incluido<\/p>\n<\/li>\n<li class=\"\" data-start=\"2332\" data-end=\"2360\">\n<p class=\"\" data-start=\"2334\" data-end=\"2360\">Color\/Acabado: Acero inoxidable<\/p>\n<\/li>\n<li class=\"\" data-start=\"2361\" data-end=\"2400\">\n<p class=\"\" data-start=\"2363\" data-end=\"2400\">Evaluaciones: SundaHus, Evaluaci\u00f3n de materiales de construcci\u00f3n<\/p>\n<\/li>\n<\/ul>","protected":false},"excerpt":{"rendered":"<p>Aqu\u00ed podr\u00e1s ver qu\u00e9 postes y modelos encajan entre s\u00ed de la gama de placas de cierre el\u00e9ctricas STEP.<\/p>\n<h5><strong><a href=\"https:\/\/steplock.com\/sv\/stolpguide\/#!?lang=sv&amp;blog_id=1&amp;paged=1&amp;number=50\" target=\"_blank\" rel=\"noopener\">Gu\u00eda de publicaciones STEP\u00a0<\/a><\/strong><\/h5>\n<h5><strong><a href=\"https:\/\/steplock.com\/sv\/projekteringsguide\/#!?lang=sv&amp;blog_id=1&amp;paged=1&amp;number=999\" target=\"_blank\" rel=\"noopener\">Gu\u00eda de dise\u00f1o STEP<\/a><\/strong><\/h5>","protected":false},"featured_media":147409,"template":"","meta":{"_acf_changed":false},"product_brand":[],"product_cat":[3355],"product_tag":[4197,4201],"class_list":{"0":"post-147415","1":"product","2":"type-product","3":"status-publish","4":"has-post-thumbnail","6":"product_cat-elslutbleck","7":"product_tag-24v","8":"product_tag-omvand","9":"product_shipping_class-tunga-paket","10":"pa_brands-step","11":"tm-no-options","13":"first","14":"instock","15":"sale","16":"taxable","17":"shipping-taxable","18":"purchasable","19":"product-type-simple"},"acf":[],"_links":{"self":[{"href":"https:\/\/secureus.se\/es\/wp-json\/wp\/v2\/product\/147415","targetHints":{"allow":["GET"]}}],"collection":[{"href":"https:\/\/secureus.se\/es\/wp-json\/wp\/v2\/product"}],"about":[{"href":"https:\/\/secureus.se\/es\/wp-json\/wp\/v2\/types\/product"}],"wp:featuredmedia":[{"embeddable":true,"href":"https:\/\/secureus.se\/es\/wp-json\/wp\/v2\/media\/147409"}],"wp:attachment":[{"href":"https:\/\/secureus.se\/es\/wp-json\/wp\/v2\/media?parent=147415"}],"wp:term":[{"taxonomy":"product_brand","embeddable":true,"href":"https:\/\/secureus.se\/es\/wp-json\/wp\/v2\/product_brand?post=147415"},{"taxonomy":"product_cat","embeddable":true,"href":"https:\/\/secureus.se\/es\/wp-json\/wp\/v2\/product_cat?post=147415"},{"taxonomy":"product_tag","embeddable":true,"href":"https:\/\/secureus.se\/es\/wp-json\/wp\/v2\/product_tag?post=147415"}],"curies":[{"name":"wp","href":"https:\/\/api.w.org\/{rel}","templated":true}]}}