{"id":147420,"date":"2023-09-26T13:08:31","date_gmt":"2023-09-26T11:08:31","guid":{"rendered":"https:\/\/secureus.se\/elslutbleck-step-18-hoger-omvand-24v-9mm-regel-connect\/"},"modified":"2026-03-26T09:46:16","modified_gmt":"2026-03-26T08:46:16","slug":"elslutbleck-step-18-hoger-omvand-24v-9mm-regel-connect","status":"publish","type":"product","link":"https:\/\/secureus.se\/es\/elslutbleck-step-18-hoger-omvand-24v-9mm-regel-connect\/","title":{"rendered":"Cerradura el\u00e9ctrica PASO 18 Derecha Inversa 24V Regla de 9 mm Conectar"},"content":{"rendered":"<h1>Cerradura el\u00e9ctrica PASO 18 Derecha Inversa 24V Regla de 9 mm Conectar<\/h1>\n<p>Secure es un cerradero el\u00e9ctrico de alta seguridad con funci\u00f3n inversa para puertas batientes con pestillo de 9 mm. Clase de fuego E\/EI60, conector de pist\u00f3n y cable libre de hal\u00f3genos de 5 m incluido. Soporta 500 kg de presi\u00f3n de tira.<\/p>\n<p>La cerradura el\u00e9ctrica STEP 18 Secure es una cerradura el\u00e9ctrica avanzada que pertenece a la serie Secure de STEP, desarrollada para entornos de puertas con exigencias muy altas en seguridad y funcionamiento fiable.<\/p>\n<p>Este modelo est\u00e1 adaptado para puertas batientes con cerradura de pestillo de la serie Connect (\u00e9mbolo de 9 mm).<\/p>\n<p class=\"\" data-start=\"820\" data-end=\"1169\">Con la funci\u00f3n inversa, la cerradura el\u00e9ctrica se desbloquea en la posici\u00f3n desenergizada, lo que la hace especialmente adecuada para puertas con requisitos de evacuaci\u00f3n y en entornos donde se requiere paso continuo, por ejemplo, en bancos, agencias gubernamentales, prisiones y propiedades clasificadas como de seguridad.<\/p>\n<p class=\"\" data-start=\"820\" data-end=\"1169\">STEP 18 tiene clasificaci\u00f3n de resistencia al fuego hasta E\/EI60 y est\u00e1 aprobado para puertas de seguridad hasta RC4.<\/p>\n<p class=\"\" data-start=\"1171\" data-end=\"1565\">La cerradura el\u00e9ctrica est\u00e1 equipada con un contacto de pist\u00f3n y un contacto de pestillo, que proporciona una indicaci\u00f3n precisa del estado de la puerta (abierta\/cerrada, bloqueada\/desbloqueada) para la integraci\u00f3n con sistemas de alarma y control de acceso.<\/p>\n<p class=\"\" data-start=\"1171\" data-end=\"1565\">Es a prueba de manipulaciones, tiene un diodo de protecci\u00f3n incorporado y se abre incluso con una presi\u00f3n de banda de hasta 5 kN (aprox. 500 kg). Con una resistencia a la rotura de 15 kN, STEP 18 es una de las opciones m\u00e1s robustas del mercado.<\/p>\n<p class=\"\" data-start=\"1567\" data-end=\"1593\"><strong data-start=\"1567\" data-end=\"1593\">Caracter\u00edsticas y beneficios:<\/strong><\/p>\n<ul data-start=\"1594\" data-end=\"1923\">\n<li class=\"\" data-start=\"1594\" data-end=\"1636\">\n<p class=\"\" data-start=\"1596\" data-end=\"1636\">Funci\u00f3n inversa: desbloqueada en posici\u00f3n desenergizada<\/p>\n<\/li>\n<li class=\"\" data-start=\"1637\" data-end=\"1679\">\n<p class=\"\" data-start=\"1639\" data-end=\"1679\">Adaptado para regla de 9 mm de la serie Connect<\/p>\n<\/li>\n<li class=\"\" data-start=\"1680\" data-end=\"1704\">\n<p class=\"\" data-start=\"1682\" data-end=\"1704\">Para puertas batientes a la derecha<\/p>\n<\/li>\n<li class=\"\" data-start=\"1705\" data-end=\"1751\">\n<p class=\"\" data-start=\"1707\" data-end=\"1751\">Contacto de pist\u00f3n y pestillo para monitorizaci\u00f3n del estado<\/p>\n<\/li>\n<li class=\"\" data-start=\"1752\" data-end=\"1787\">\n<p class=\"\" data-start=\"1754\" data-end=\"1787\">Aprobado para clases de fuego E\/EI60 y RC4<\/p>\n<\/li>\n<li class=\"\" data-start=\"1788\" data-end=\"1821\">\n<p class=\"\" data-start=\"1790\" data-end=\"1821\">Resistencia a la rotura 15 kN (1500 kg)<\/p>\n<\/li>\n<li class=\"\" data-start=\"1822\" data-end=\"1856\">\n<p class=\"\" data-start=\"1824\" data-end=\"1856\">Soporta presi\u00f3n de moldeo de hasta 500 kg.<\/p>\n<\/li>\n<li class=\"\" data-start=\"1857\" data-end=\"1886\">\n<p class=\"\" data-start=\"1859\" data-end=\"1886\">Diodo de protecci\u00f3n y protector contra sobretensiones<\/p>\n<\/li>\n<li class=\"\" data-start=\"1887\" data-end=\"1923\">\n<p class=\"\" data-start=\"1889\" data-end=\"1923\">Se suministra con cable libre de hal\u00f3genos de 5 m.<\/p>\n<\/li>\n<\/ul>\n<p class=\"\" data-start=\"1925\" data-end=\"2113\"><strong data-start=\"1925\" data-end=\"1948\">\u00c1reas de uso:<\/strong><br data-start=\"1948\" data-end=\"1951\" \/>Recomendado para entornos de puertas en edificios clasificados de seguridad, rutas de escape e instalaciones con alto tr\u00e1fico y requisitos de bloqueo el\u00e9ctrico de alto rendimiento.<\/p>\n<p class=\"\" data-start=\"2115\" data-end=\"2144\"><strong data-start=\"2115\" data-end=\"2144\">Especificaciones t\u00e9cnicas:<\/strong><\/p>\n<ul data-start=\"2145\" data-end=\"2489\">\n<li class=\"\" data-start=\"2145\" data-end=\"2183\">\n<p class=\"\" data-start=\"2147\" data-end=\"2183\">Tensi\u00f3n de funcionamiento: 24 V CC (21,6-27,6 V)<\/p>\n<\/li>\n<li class=\"\" data-start=\"2184\" data-end=\"2216\">\n<p class=\"\" data-start=\"2186\" data-end=\"2216\">Consumo de energ\u00eda: 313 mA desbloqueado<\/p>\n<\/li>\n<li class=\"\" data-start=\"2217\" data-end=\"2238\">\n<p class=\"\" data-start=\"2219\" data-end=\"2238\">Bisagra de la puerta: Derecha<\/p>\n<\/li>\n<li class=\"\" data-start=\"2239\" data-end=\"2260\">\n<p class=\"\" data-start=\"2241\" data-end=\"2260\">Longitud del cable: 5 metros<\/p>\n<\/li>\n<li class=\"\" data-start=\"2261\" data-end=\"2287\">\n<p class=\"\" data-start=\"2263\" data-end=\"2287\">Resistencia a la rotura: 1500 kg<\/p>\n<\/li>\n<li class=\"\" data-start=\"2288\" data-end=\"2307\">\n<p class=\"\" data-start=\"2290\" data-end=\"2307\">Presi\u00f3n de lista: 500 kg<\/p>\n<\/li>\n<li class=\"\" data-start=\"2308\" data-end=\"2340\">\n<p class=\"\" data-start=\"2310\" data-end=\"2340\">Dimensiones (An. x Pr. x Al.): 35 x 40 x 230 mm<\/p>\n<\/li>\n<li class=\"\" data-start=\"2341\" data-end=\"2372\">\n<p class=\"\" data-start=\"2343\" data-end=\"2372\">Tipo de cerradura: Cerradura de gancho, Cerradura con pestillo<\/p>\n<\/li>\n<li class=\"\" data-start=\"2373\" data-end=\"2420\">\n<p class=\"\" data-start=\"2375\" data-end=\"2420\">Contacto del pist\u00f3n: Microinterruptor, m\u00e1x. 30 V CC \/ 1 A<\/p>\n<\/li>\n<li class=\"\" data-start=\"2421\" data-end=\"2449\">\n<p class=\"\" data-start=\"2423\" data-end=\"2449\">Color\/Acabado: Acero inoxidable<\/p>\n<\/li>\n<li class=\"\" data-start=\"2450\" data-end=\"2489\">\n<p class=\"\" data-start=\"2452\" data-end=\"2489\">Evaluaciones: SundaHus, Evaluaci\u00f3n de materiales de construcci\u00f3n<\/p>\n<\/li>\n<\/ul>","protected":false},"excerpt":{"rendered":"<p>Aqu\u00ed podr\u00e1s ver qu\u00e9 postes y modelos encajan entre s\u00ed de la gama de placas de cierre el\u00e9ctricas STEP.<\/p>\n<h5><strong><a href=\"https:\/\/steplock.com\/sv\/stolpguide\/#!?lang=sv&amp;blog_id=1&amp;paged=1&amp;number=50\" target=\"_blank\" rel=\"noopener\">Gu\u00eda de publicaciones STEP\u00a0<\/a><\/strong><\/h5>\n<h5><strong><a href=\"https:\/\/steplock.com\/sv\/projekteringsguide\/#!?lang=sv&amp;blog_id=1&amp;paged=1&amp;number=999\" target=\"_blank\" rel=\"noopener\">Gu\u00eda de dise\u00f1o STEP<\/a><\/strong><\/h5>","protected":false},"featured_media":147416,"template":"","meta":{"_acf_changed":false},"product_brand":[],"product_cat":[3355],"product_tag":[4197,4201],"class_list":{"0":"post-147420","1":"product","2":"type-product","3":"status-publish","4":"has-post-thumbnail","6":"product_cat-elslutbleck","7":"product_tag-24v","8":"product_tag-omvand","9":"product_shipping_class-tunga-paket","10":"pa_brands-step","11":"tm-no-options","13":"first","14":"instock","15":"sale","16":"taxable","17":"shipping-taxable","18":"purchasable","19":"product-type-simple"},"acf":[],"_links":{"self":[{"href":"https:\/\/secureus.se\/es\/wp-json\/wp\/v2\/product\/147420","targetHints":{"allow":["GET"]}}],"collection":[{"href":"https:\/\/secureus.se\/es\/wp-json\/wp\/v2\/product"}],"about":[{"href":"https:\/\/secureus.se\/es\/wp-json\/wp\/v2\/types\/product"}],"wp:featuredmedia":[{"embeddable":true,"href":"https:\/\/secureus.se\/es\/wp-json\/wp\/v2\/media\/147416"}],"wp:attachment":[{"href":"https:\/\/secureus.se\/es\/wp-json\/wp\/v2\/media?parent=147420"}],"wp:term":[{"taxonomy":"product_brand","embeddable":true,"href":"https:\/\/secureus.se\/es\/wp-json\/wp\/v2\/product_brand?post=147420"},{"taxonomy":"product_cat","embeddable":true,"href":"https:\/\/secureus.se\/es\/wp-json\/wp\/v2\/product_cat?post=147420"},{"taxonomy":"product_tag","embeddable":true,"href":"https:\/\/secureus.se\/es\/wp-json\/wp\/v2\/product_tag?post=147420"}],"curies":[{"name":"wp","href":"https:\/\/api.w.org\/{rel}","templated":true}]}}