{"id":147422,"date":"2023-09-26T13:10:07","date_gmt":"2023-09-26T11:10:07","guid":{"rendered":"https:\/\/secureus.se\/elslutbleck-step-98-rattvand-24v\/"},"modified":"2026-03-26T09:45:38","modified_gmt":"2026-03-26T08:45:38","slug":"elslutbleck-step-98-rattvand-24v","status":"publish","type":"product","link":"https:\/\/secureus.se\/es\/elslutbleck-step-98-rattvand-24v\/","title":{"rendered":"Cerradero el\u00e9ctrico STEP 98 Orientado a la derecha 24V"},"content":{"rendered":"<h1>Cerradero el\u00e9ctrico STEP 98 Orientado a la derecha 24V<\/h1>\n<p>STEP 98 Preload es una cerradura el\u00e9ctrica compacta, resistente al fuego, con funci\u00f3n de giro a la derecha y tecnolog\u00eda de moldeado incorporada. Adecuado para cerraduras de pomo o llave, puede soportar 40 kg de presi\u00f3n de tira y es reversible para puertas derecha\/izquierda.<\/p>\n<p>La cerradura el\u00e9ctrica precargada STEP 98 es una cerradura el\u00e9ctrica confiable de la serie Preload de STEP, dise\u00f1ada para entornos de puertas donde la funci\u00f3n, la seguridad y la f\u00e1cil instalaci\u00f3n son la prioridad.<\/p>\n<p>Con la funci\u00f3n para diestros (bloqueo en caso de corte de corriente), es ideal para puertas que se cierran con pomo o llave, por ejemplo en edificios de apartamentos, oficinas o salas t\u00e9cnicas.<\/p>\n<p class=\"\" data-start=\"843\" data-end=\"1137\">La cerradura el\u00e9ctrica es resistente al fuego seg\u00fan E\/EI120 y, gracias a la tecnolog\u00eda de presi\u00f3n de banda patentada de STEP, se puede desbloquear incluso si la puerta est\u00e1 expuesta a una presi\u00f3n de banda de hasta 40 kg.<\/p>\n<p class=\"\" data-start=\"843\" data-end=\"1137\">Tambi\u00e9n es a prueba de manipulaciones, tiene un diodo de protecci\u00f3n incorporado y es reversible tanto para puertas de apertura derecha como izquierda.<\/p>\n<p class=\"\" data-start=\"1139\" data-end=\"1431\">STEP 98 es compatible con cerraduras de pestillo simple y doble, as\u00ed como con cerraduras de escape de emergencia donde se requiere bloqueo manual.<\/p>\n<p class=\"\" data-start=\"1139\" data-end=\"1431\">Tambi\u00e9n es posible complementar con el indicador de cerrojo ST4880, que permite el bloqueo autom\u00e1tico del sistema de acceso cuando el cerrojo de gancho o el cerrojo recto se ha bloqueado.<\/p>\n<p class=\"\" data-start=\"1433\" data-end=\"1459\"><strong data-start=\"1433\" data-end=\"1459\">Caracter\u00edsticas y beneficios:<\/strong><\/p>\n<ul data-start=\"1460\" data-end=\"1768\">\n<li class=\"\" data-start=\"1460\" data-end=\"1503\">\n<p class=\"\" data-start=\"1462\" data-end=\"1503\">Funci\u00f3n correcta: bloqueado en posici\u00f3n desenergizada<\/p>\n<\/li>\n<li class=\"\" data-start=\"1504\" data-end=\"1548\">\n<p class=\"\" data-start=\"1506\" data-end=\"1548\">Clase de fuego E\/EI120 seg\u00fan SS-EN 14846:2008<\/p>\n<\/li>\n<li class=\"\" data-start=\"1549\" data-end=\"1582\">\n<p class=\"\" data-start=\"1551\" data-end=\"1582\">Soporta una presi\u00f3n de hasta 40 kg.<\/p>\n<\/li>\n<li class=\"\" data-start=\"1583\" data-end=\"1607\">\n<p class=\"\" data-start=\"1585\" data-end=\"1607\">Resistencia a la rotura 900 kg<\/p>\n<\/li>\n<li class=\"\" data-start=\"1608\" data-end=\"1642\">\n<p class=\"\" data-start=\"1610\" data-end=\"1642\">Diodo antidetonante y de protecci\u00f3n incluido<\/p>\n<\/li>\n<li class=\"\" data-start=\"1643\" data-end=\"1682\">\n<p class=\"\" data-start=\"1645\" data-end=\"1682\">Compatible con barras de gancho y rectas.<\/p>\n<\/li>\n<li class=\"\" data-start=\"1683\" data-end=\"1726\">\n<p class=\"\" data-start=\"1685\" data-end=\"1726\">Reversible: se adapta a puertas derechas e izquierdas.<\/p>\n<\/li>\n<li class=\"\" data-start=\"1727\" data-end=\"1768\">\n<p class=\"\" data-start=\"1729\" data-end=\"1768\">Posibilidad de indicaci\u00f3n de reglas (ST4880)<\/p>\n<\/li>\n<\/ul>\n<p class=\"\" data-start=\"1770\" data-end=\"1966\"><strong data-start=\"1770\" data-end=\"1793\">\u00c1reas de uso:<\/strong><br data-start=\"1793\" data-end=\"1796\" \/>Ideal para puertas interiores, puertas de paso, espacios t\u00e9cnicos o entradas multifamiliares donde se requiere seguridad y fiabilidad operativa en combinaci\u00f3n con clasificaci\u00f3n de fuego y f\u00e1cil instalaci\u00f3n.<\/p>\n<p class=\"\" data-start=\"1968\" data-end=\"1997\"><strong data-start=\"1968\" data-end=\"1997\">Especificaciones t\u00e9cnicas:<\/strong><\/p>\n<ul data-start=\"1998\" data-end=\"2338\">\n<li class=\"\" data-start=\"1998\" data-end=\"2036\">\n<p class=\"\" data-start=\"2000\" data-end=\"2036\">Tensi\u00f3n de funcionamiento: 24 V CC (21,6-27,6 V)<\/p>\n<\/li>\n<li class=\"\" data-start=\"2037\" data-end=\"2081\">\n<p class=\"\" data-start=\"2039\" data-end=\"2081\">Consumo de corriente: 110 mA desbloqueado, m\u00e1ximo 300 mA<\/p>\n<\/li>\n<li class=\"\" data-start=\"2082\" data-end=\"2121\">\n<p class=\"\" data-start=\"2084\" data-end=\"2121\">Bisagra de la puerta: Derecha\/Izquierda (reversible)<\/p>\n<\/li>\n<li class=\"\" data-start=\"2122\" data-end=\"2153\">\n<p class=\"\" data-start=\"2124\" data-end=\"2153\">Dimensiones (An. x Pr. x Al.): 25 x 35 x 90 mm<\/p>\n<\/li>\n<li class=\"\" data-start=\"2154\" data-end=\"2179\">\n<p class=\"\" data-start=\"2156\" data-end=\"2179\">Resistencia a la rotura: 900 kg<\/p>\n<\/li>\n<li class=\"\" data-start=\"2180\" data-end=\"2198\">\n<p class=\"\" data-start=\"2182\" data-end=\"2198\">Presi\u00f3n de la tira: 40 kg<\/p>\n<\/li>\n<li class=\"\" data-start=\"2199\" data-end=\"2217\">\n<p class=\"\" data-start=\"2201\" data-end=\"2217\">Contacto del pist\u00f3n: No<\/p>\n<\/li>\n<li class=\"\" data-start=\"2218\" data-end=\"2235\">\n<p class=\"\" data-start=\"2220\" data-end=\"2235\">Cable: No incluido<\/p>\n<\/li>\n<li class=\"\" data-start=\"2236\" data-end=\"2269\">\n<p class=\"\" data-start=\"2238\" data-end=\"2269\">Tipo de cerradura: Cerradura de uno o dos cerrojos<\/p>\n<\/li>\n<li class=\"\" data-start=\"2270\" data-end=\"2298\">\n<p class=\"\" data-start=\"2272\" data-end=\"2298\">Color\/Acabado: Acero inoxidable<\/p>\n<\/li>\n<li class=\"\" data-start=\"2299\" data-end=\"2338\">\n<p class=\"\" data-start=\"2301\" data-end=\"2338\">Evaluaciones: SundaHus, Evaluaci\u00f3n de materiales de construcci\u00f3n<\/p>\n<\/li>\n<\/ul>","protected":false},"excerpt":{"rendered":"<p>Aqu\u00ed podr\u00e1s ver qu\u00e9 postes y modelos encajan entre s\u00ed de la gama de placas de cierre el\u00e9ctricas STEP.<\/p>\n<h5><strong><a href=\"https:\/\/steplock.com\/sv\/stolpguide\/#!?lang=sv&amp;blog_id=1&amp;paged=1&amp;number=50\" target=\"_blank\" rel=\"noopener\">Gu\u00eda de publicaciones STEP\u00a0<\/a><\/strong><\/h5>\n<h5><strong><a href=\"https:\/\/steplock.com\/sv\/projekteringsguide\/#!?lang=sv&amp;blog_id=1&amp;paged=1&amp;number=999\" target=\"_blank\" rel=\"noopener\">Gu\u00eda de dise\u00f1o STEP<\/a><\/strong><\/h5>","protected":false},"featured_media":147421,"template":"","meta":{"_acf_changed":false},"product_brand":[],"product_cat":[3355],"product_tag":[4197,4200],"class_list":{"0":"post-147422","1":"product","2":"type-product","3":"status-publish","4":"has-post-thumbnail","6":"product_cat-elslutbleck","7":"product_tag-24v","8":"product_tag-rattvand","9":"product_shipping_class-tunga-paket","10":"pa_brands-step","11":"tm-no-options","13":"first","14":"instock","15":"sale","16":"taxable","17":"shipping-taxable","18":"purchasable","19":"product-type-simple"},"acf":[],"_links":{"self":[{"href":"https:\/\/secureus.se\/es\/wp-json\/wp\/v2\/product\/147422","targetHints":{"allow":["GET"]}}],"collection":[{"href":"https:\/\/secureus.se\/es\/wp-json\/wp\/v2\/product"}],"about":[{"href":"https:\/\/secureus.se\/es\/wp-json\/wp\/v2\/types\/product"}],"wp:featuredmedia":[{"embeddable":true,"href":"https:\/\/secureus.se\/es\/wp-json\/wp\/v2\/media\/147421"}],"wp:attachment":[{"href":"https:\/\/secureus.se\/es\/wp-json\/wp\/v2\/media?parent=147422"}],"wp:term":[{"taxonomy":"product_brand","embeddable":true,"href":"https:\/\/secureus.se\/es\/wp-json\/wp\/v2\/product_brand?post=147422"},{"taxonomy":"product_cat","embeddable":true,"href":"https:\/\/secureus.se\/es\/wp-json\/wp\/v2\/product_cat?post=147422"},{"taxonomy":"product_tag","embeddable":true,"href":"https:\/\/secureus.se\/es\/wp-json\/wp\/v2\/product_tag?post=147422"}],"curies":[{"name":"wp","href":"https:\/\/api.w.org\/{rel}","templated":true}]}}