{"id":147432,"date":"2023-09-26T13:08:23","date_gmt":"2023-09-26T11:08:23","guid":{"rendered":"https:\/\/secureus.se\/elslutbleck-step-28e-vanster-omvand-24v-9mm-regel\/"},"modified":"2026-04-08T16:17:43","modified_gmt":"2026-04-08T14:17:43","slug":"elslutbleck-step-28e-vanster-omvand-24v-9mm-regel","status":"publish","type":"product","link":"https:\/\/secureus.se\/es\/elslutbleck-step-28e-vanster-omvand-24v-9mm-regel\/","title":{"rendered":"Cerradura el\u00e9ctrica STEP 28E Izquierda Inversa 24V Regla de 9mm"},"content":{"rendered":"<h1>Cerradura el\u00e9ctrica STEP 28E Izquierda Inversa 24V Regla de 9mm<\/h1>\n<p>STEP 28E Secure es una cerradura el\u00e9ctrica robusta con funci\u00f3n inversa para puertas batientes a la izquierda. Adaptado para viga Connect de 9 mm, clase de resistencia al fuego E\/EI60 y alta resistencia a la rotura. Conector de pist\u00f3n y cable de 5 m incluidos.<\/p>\n<p>La cerradura el\u00e9ctrica STEP 28E Secure pertenece a la serie Secure de STEP y combina alta seguridad con soporte tanto para requisitos de incendio como para soluciones de evacuaci\u00f3n.<\/p>\n<p>Este modelo est\u00e1 desarrollado para puertas batientes a la izquierda y se utiliza junto con las cerraduras de pestillo de la serie Connect con pist\u00f3n de 9 mm.<\/p>\n<p class=\"\" data-start=\"795\" data-end=\"1096\">Gracias a la funci\u00f3n inversa (desbloqueo en caso de corte de corriente), STEP 28E es adecuado para puertas en rutas de escape o donde se debe garantizar la accesibilidad en caso de un corte de corriente.<\/p>\n<p class=\"\" data-start=\"795\" data-end=\"1096\">El producto tiene clasificaci\u00f3n de resistencia al fuego hasta E\/EI60 y cumple con los requisitos de SS-EN 179 cuando se instala junto con cerraduras de escape de emergencia aprobadas.<\/p>\n<p class=\"\" data-start=\"1098\" data-end=\"1421\">La cerradura el\u00e9ctrica est\u00e1 equipada con un contacto de pist\u00f3n y un contacto de pestillo para monitorear el estado de la puerta, lo que permite la integraci\u00f3n con sistemas de alarma y control de acceso.<\/p>\n<p class=\"\" data-start=\"1098\" data-end=\"1421\">Con una resistencia a la rotura de m\u00e1s de 15 kN (aprox. 1500 kg) y la capacidad de abrirse a pesar de una presi\u00f3n de banda de 500 kg, STEP 28E est\u00e1 dise\u00f1ado para entornos de alta seguridad con paso frecuente.<\/p>\n<p class=\"\" data-start=\"1423\" data-end=\"1557\">El producto es a prueba de manipulaciones, tiene un diodo de protecci\u00f3n incorporado, funci\u00f3n de doble torsi\u00f3n-ca\u00edda y se suministra con un cable libre de hal\u00f3genos de 5 metros.<\/p>\n<p class=\"\" data-start=\"1559\" data-end=\"1585\"><strong data-start=\"1559\" data-end=\"1585\">Caracter\u00edsticas y beneficios:<\/strong><\/p>\n<ul data-start=\"1586\" data-end=\"1896\">\n<li class=\"\" data-start=\"1586\" data-end=\"1622\">\n<p class=\"\" data-start=\"1588\" data-end=\"1622\">Funci\u00f3n inversa: desbloqueada sin energ\u00eda<\/p>\n<\/li>\n<li class=\"\" data-start=\"1623\" data-end=\"1656\">\n<p class=\"\" data-start=\"1625\" data-end=\"1656\">Adaptado para perno de conexi\u00f3n de 9 mm<\/p>\n<\/li>\n<li class=\"\" data-start=\"1657\" data-end=\"1683\">\n<p class=\"\" data-start=\"1659\" data-end=\"1683\">Para puertas de hoja izquierda<\/p>\n<\/li>\n<li class=\"\" data-start=\"1684\" data-end=\"1714\">\n<p class=\"\" data-start=\"1686\" data-end=\"1714\">Clasificaci\u00f3n de resistencia al fuego hasta E\/EI60<\/p>\n<\/li>\n<li class=\"\" data-start=\"1715\" data-end=\"1761\">\n<p class=\"\" data-start=\"1717\" data-end=\"1761\">Contacto de pist\u00f3n y pestillo para monitorizaci\u00f3n del estado<\/p>\n<\/li>\n<li class=\"\" data-start=\"1762\" data-end=\"1797\">\n<p class=\"\" data-start=\"1764\" data-end=\"1797\">Resistencia a la rotura: &gt;15 kN (1500 kg)<\/p>\n<\/li>\n<li class=\"\" data-start=\"1798\" data-end=\"1832\">\n<p class=\"\" data-start=\"1800\" data-end=\"1832\">Soporta presi\u00f3n de moldeo de hasta 500 kg.<\/p>\n<\/li>\n<li class=\"\" data-start=\"1833\" data-end=\"1867\">\n<p class=\"\" data-start=\"1835\" data-end=\"1867\">Doble cierre giratorio y antidetonante.<\/p>\n<\/li>\n<li class=\"\" data-start=\"1868\" data-end=\"1896\">\n<p class=\"\" data-start=\"1870\" data-end=\"1896\">Cable libre de hal\u00f3genos de 5 m incluido<\/p>\n<\/li>\n<\/ul>\n<p class=\"\" data-start=\"1898\" data-end=\"2097\"><strong data-start=\"1898\" data-end=\"1921\">\u00c1reas de uso:<\/strong><br data-start=\"1921\" data-end=\"1924\" \/>Adecuado para puertas de seguridad en entornos p\u00fablicos que requieren alta resistencia a la intrusi\u00f3n, funci\u00f3n de evacuaci\u00f3n y resistencia al fuego, por ejemplo, autoridades, escuelas y entornos sanitarios.<\/p>\n<p class=\"\" data-start=\"2099\" data-end=\"2128\"><strong data-start=\"2099\" data-end=\"2128\">Especificaciones t\u00e9cnicas:<\/strong><\/p>\n<ul data-start=\"2129\" data-end=\"2476\">\n<li class=\"\" data-start=\"2129\" data-end=\"2167\">\n<p class=\"\" data-start=\"2131\" data-end=\"2167\">Tensi\u00f3n de funcionamiento: 24 V CC (21,6-27,6 V)<\/p>\n<\/li>\n<li class=\"\" data-start=\"2168\" data-end=\"2200\">\n<p class=\"\" data-start=\"2170\" data-end=\"2200\">Consumo de energ\u00eda: 500 mA desbloqueado<\/p>\n<\/li>\n<li class=\"\" data-start=\"2201\" data-end=\"2224\">\n<p class=\"\" data-start=\"2203\" data-end=\"2224\">Bisagra de la puerta: izquierda<\/p>\n<\/li>\n<li class=\"\" data-start=\"2225\" data-end=\"2246\">\n<p class=\"\" data-start=\"2227\" data-end=\"2246\">Longitud del cable: 5 metros<\/p>\n<\/li>\n<li class=\"\" data-start=\"2247\" data-end=\"2274\">\n<p class=\"\" data-start=\"2249\" data-end=\"2274\">Resistencia a la rotura: &gt;1500 kg<\/p>\n<\/li>\n<li class=\"\" data-start=\"2275\" data-end=\"2294\">\n<p class=\"\" data-start=\"2277\" data-end=\"2294\">Presi\u00f3n de lista: 500 kg<\/p>\n<\/li>\n<li class=\"\" data-start=\"2295\" data-end=\"2327\">\n<p class=\"\" data-start=\"2297\" data-end=\"2327\">Dimensiones (An. x Pr. x Al.): 35 x 40 x 230 mm<\/p>\n<\/li>\n<li class=\"\" data-start=\"2328\" data-end=\"2375\">\n<p class=\"\" data-start=\"2330\" data-end=\"2375\">Contacto del pist\u00f3n: Microinterruptor, m\u00e1x. 30 V CC \/ 1 A<\/p>\n<\/li>\n<li class=\"\" data-start=\"2376\" data-end=\"2407\">\n<p class=\"\" data-start=\"2378\" data-end=\"2407\">Tipo de cerradura: Cerradura de gancho, Cerradura con pestillo<\/p>\n<\/li>\n<li class=\"\" data-start=\"2408\" data-end=\"2436\">\n<p class=\"\" data-start=\"2410\" data-end=\"2436\">Color\/Acabado: Acero inoxidable<\/p>\n<\/li>\n<li class=\"\" data-start=\"2437\" data-end=\"2476\">\n<p class=\"\" data-start=\"2439\" data-end=\"2476\">Evaluaciones: SundaHus, Evaluaci\u00f3n de materiales de construcci\u00f3n<\/p>\n<\/li>\n<\/ul>","protected":false},"excerpt":{"rendered":"<p>Aqu\u00ed podr\u00e1s ver qu\u00e9 postes y modelos encajan entre s\u00ed de la gama de placas de cierre el\u00e9ctricas STEP.<\/p>\n<h5><strong><a href=\"https:\/\/steplock.com\/sv\/stolpguide\/#!?lang=sv&amp;blog_id=1&amp;paged=1&amp;number=50\" target=\"_blank\" rel=\"noopener\">Gu\u00eda de publicaciones STEP\u00a0<\/a><\/strong><\/h5>\n<h5><strong><a href=\"https:\/\/steplock.com\/sv\/projekteringsguide\/#!?lang=sv&amp;blog_id=1&amp;paged=1&amp;number=999\" target=\"_blank\" rel=\"noopener\">Gu\u00eda de dise\u00f1o STEP<\/a><\/strong><\/h5>","protected":false},"featured_media":147428,"template":"","meta":{"_acf_changed":false},"product_brand":[],"product_cat":[3355],"product_tag":[4197,4201],"class_list":{"0":"post-147432","1":"product","2":"type-product","3":"status-publish","4":"has-post-thumbnail","6":"product_cat-elslutbleck","7":"product_tag-24v","8":"product_tag-omvand","9":"product_shipping_class-tunga-paket","10":"pa_brands-step","11":"tm-no-options","13":"first","14":"instock","15":"sale","16":"taxable","17":"shipping-taxable","18":"purchasable","19":"product-type-simple"},"acf":[],"_links":{"self":[{"href":"https:\/\/secureus.se\/es\/wp-json\/wp\/v2\/product\/147432","targetHints":{"allow":["GET"]}}],"collection":[{"href":"https:\/\/secureus.se\/es\/wp-json\/wp\/v2\/product"}],"about":[{"href":"https:\/\/secureus.se\/es\/wp-json\/wp\/v2\/types\/product"}],"wp:featuredmedia":[{"embeddable":true,"href":"https:\/\/secureus.se\/es\/wp-json\/wp\/v2\/media\/147428"}],"wp:attachment":[{"href":"https:\/\/secureus.se\/es\/wp-json\/wp\/v2\/media?parent=147432"}],"wp:term":[{"taxonomy":"product_brand","embeddable":true,"href":"https:\/\/secureus.se\/es\/wp-json\/wp\/v2\/product_brand?post=147432"},{"taxonomy":"product_cat","embeddable":true,"href":"https:\/\/secureus.se\/es\/wp-json\/wp\/v2\/product_cat?post=147432"},{"taxonomy":"product_tag","embeddable":true,"href":"https:\/\/secureus.se\/es\/wp-json\/wp\/v2\/product_tag?post=147432"}],"curies":[{"name":"wp","href":"https:\/\/api.w.org\/{rel}","templated":true}]}}