{"id":147434,"date":"2023-09-26T13:10:04","date_gmt":"2023-09-26T11:10:04","guid":{"rendered":"https:\/\/secureus.se\/elslutbleck-step-90-omvand-24v\/"},"modified":"2026-04-23T12:33:42","modified_gmt":"2026-04-23T10:33:42","slug":"elslutbleck-step-90-omvand-24v","status":"publish","type":"product","link":"https:\/\/secureus.se\/es\/elslutbleck-step-90-omvand-24v\/","title":{"rendered":"Cerradura el\u00e9ctrica STEP 90 Reverse 24V"},"content":{"rendered":"<h1>Cerradura el\u00e9ctrica STEP 90 Reverse 24V<\/h1>\n<p>STEP 90 Preload es una cerradura el\u00e9ctrica compacta con funci\u00f3n inversa y tecnolog\u00eda HPR. Con clasificaci\u00f3n de fuego E\/EI120 y construido para una alta frecuencia de apertura. Se adapta a carcasas de cerradura Connect, Modul y Narrow Profile.<\/p>\n<p>La cerradura el\u00e9ctrica de precarga STEP 90 es una cerradura el\u00e9ctrica compacta y potente con funci\u00f3n inversa, lo que significa que la cerradura se desbloquea en la posici\u00f3n desenergizada, una caracter\u00edstica importante en rutas de escape o entornos donde se debe garantizar un paso seguro incluso en caso de un corte de energ\u00eda.<\/p>\n<p class=\"\" data-start=\"731\" data-end=\"1059\">La cerradura el\u00e9ctrica est\u00e1 homologada para fuego hasta E\/EI120 seg\u00fan SS-EN 14846:2008 y est\u00e1 equipada con la tecnolog\u00eda patentada HPR\u00ae de STEP, que garantiza la apertura incluso con una presi\u00f3n de la tira de hasta 250 kg.<\/p>\n<p class=\"\" data-start=\"731\" data-end=\"1059\">La alta resistencia a la rotura de 1200 kg y el dise\u00f1o compacto hacen de STEP 90 una opci\u00f3n confiable para puertas con una alta frecuencia de apertura.<\/p>\n<p class=\"\" data-start=\"1061\" data-end=\"1386\">Gracias a su flexibilidad, STEP 90 es reversible tanto para puertas de apertura a la derecha como a la izquierda y se adapta a carcasas de cerradura con cerraduras de pestillo simple y doble de las series Connect, Modul y Narrow Profile.<\/p>\n<p class=\"\" data-start=\"1061\" data-end=\"1386\">Tambi\u00e9n es a prueba de manipulaciones, tiene un diodo de protecci\u00f3n incorporado y est\u00e1 dise\u00f1ado para una f\u00e1cil instalaci\u00f3n con orificios para tornillos en el borde posterior para tornillos en \u00e1ngulo.<\/p>\n<p class=\"\" data-start=\"1388\" data-end=\"1414\">Caracter\u00edsticas y beneficios:<\/p>\n<ul data-start=\"1415\" data-end=\"1678\">\n<li class=\"\" data-start=\"1415\" data-end=\"1451\">\n<p class=\"\" data-start=\"1417\" data-end=\"1451\">Funci\u00f3n inversa: desbloqueada sin energ\u00eda<\/p>\n<\/li>\n<li class=\"\" data-start=\"1452\" data-end=\"1474\">\n<p class=\"\" data-start=\"1454\" data-end=\"1474\">Clasificaci\u00f3n de resistencia al fuego E\/EI120<\/p>\n<\/li>\n<li class=\"\" data-start=\"1475\" data-end=\"1509\">\n<p class=\"\" data-start=\"1477\" data-end=\"1509\">Soporta una presi\u00f3n de moldeo de hasta 250 kg.<\/p>\n<\/li>\n<li class=\"\" data-start=\"1510\" data-end=\"1535\">\n<p class=\"\" data-start=\"1512\" data-end=\"1535\">Resistencia a la rotura 1200 kg<\/p>\n<\/li>\n<li class=\"\" data-start=\"1536\" data-end=\"1568\">\n<p class=\"\" data-start=\"1538\" data-end=\"1568\">Dimensiones compactas: s\u00f3lo 90 mm de alto<\/p>\n<\/li>\n<li class=\"\" data-start=\"1569\" data-end=\"1603\">\n<p class=\"\" data-start=\"1571\" data-end=\"1603\">Reversible para puertas derechas\/izquierdas<\/p>\n<\/li>\n<li class=\"\" data-start=\"1604\" data-end=\"1642\">\n<p class=\"\" data-start=\"1606\" data-end=\"1642\">Se adapta a Connect, Module y Perfil estrecho<\/p>\n<\/li>\n<li class=\"\" data-start=\"1643\" data-end=\"1678\">\n<p class=\"\" data-start=\"1645\" data-end=\"1678\">Diodo de protecci\u00f3n y protector contra sobretensiones incluidos.<\/p>\n<\/li>\n<\/ul>\n<p class=\"\" data-start=\"1680\" data-end=\"1866\"><strong data-start=\"1680\" data-end=\"1703\">\u00c1reas de uso:<\/strong><br data-start=\"1703\" data-end=\"1706\" \/>Adecuado para v\u00edas de escape, puertas de oficinas, \u00e1reas t\u00e9cnicas y locales p\u00fablicos donde se combinan un funcionamiento confiable y alta seguridad con la necesidad de un formato compacto.<\/p>\n<p class=\"\" data-start=\"1868\" data-end=\"1897\"><strong data-start=\"1868\" data-end=\"1897\">Especificaciones t\u00e9cnicas:<\/strong><\/p>\n<ul data-start=\"1898\" data-end=\"2240\">\n<li class=\"\" data-start=\"1898\" data-end=\"1936\">\n<p class=\"\" data-start=\"1900\" data-end=\"1936\">Tensi\u00f3n de funcionamiento: 24 V CC (21,6-27,6 V)<\/p>\n<\/li>\n<li class=\"\" data-start=\"1937\" data-end=\"1981\">\n<p class=\"\" data-start=\"1939\" data-end=\"1981\">Consumo de corriente: 110 mA desbloqueado, m\u00e1ximo 300 mA<\/p>\n<\/li>\n<li class=\"\" data-start=\"1982\" data-end=\"2021\">\n<p class=\"\" data-start=\"1984\" data-end=\"2021\">Bisagra de la puerta: Derecha\/Izquierda (reversible)<\/p>\n<\/li>\n<li class=\"\" data-start=\"2022\" data-end=\"2053\">\n<p class=\"\" data-start=\"2024\" data-end=\"2053\">Dimensiones (An. x Pr. x Al.): 25 x 28 x 90 mm<\/p>\n<\/li>\n<li class=\"\" data-start=\"2054\" data-end=\"2080\">\n<p class=\"\" data-start=\"2056\" data-end=\"2080\">Resistencia a la rotura: 1200 kg<\/p>\n<\/li>\n<li class=\"\" data-start=\"2081\" data-end=\"2100\">\n<p class=\"\" data-start=\"2083\" data-end=\"2100\">Presi\u00f3n de la tira: 250 kg<\/p>\n<\/li>\n<li class=\"\" data-start=\"2101\" data-end=\"2119\">\n<p class=\"\" data-start=\"2103\" data-end=\"2119\">Contacto del pist\u00f3n: No<\/p>\n<\/li>\n<li class=\"\" data-start=\"2120\" data-end=\"2137\">\n<p class=\"\" data-start=\"2122\" data-end=\"2137\">Cable: No incluido<\/p>\n<\/li>\n<li class=\"\" data-start=\"2138\" data-end=\"2171\">\n<p class=\"\" data-start=\"2140\" data-end=\"2171\">Tipo de cerradura: Cerradura de uno o dos cerrojos<\/p>\n<\/li>\n<li class=\"\" data-start=\"2172\" data-end=\"2200\">\n<p class=\"\" data-start=\"2174\" data-end=\"2200\">Color\/Acabado: Acero inoxidable<\/p>\n<\/li>\n<li class=\"\" data-start=\"2201\" data-end=\"2240\">\n<p class=\"\" data-start=\"2203\" data-end=\"2240\">Evaluaciones: SundaHus, Evaluaci\u00f3n de materiales de construcci\u00f3n<\/p>\n<\/li>\n<\/ul>","protected":false},"excerpt":{"rendered":"<p>Aqu\u00ed podr\u00e1s ver qu\u00e9 postes y modelos encajan entre s\u00ed de la gama de placas de cierre el\u00e9ctricas STEP.<\/p>\n<h5><strong><a href=\"https:\/\/steplock.com\/sv\/stolpguide\/#!?lang=sv&amp;blog_id=1&amp;paged=1&amp;number=50\" target=\"_blank\" rel=\"noopener\">Gu\u00eda de publicaciones STEP\u00a0<\/a><\/strong><\/h5>\n<h5><strong><a href=\"https:\/\/steplock.com\/sv\/projekteringsguide\/#!?lang=sv&amp;blog_id=1&amp;paged=1&amp;number=999\" target=\"_blank\" rel=\"noopener\">Gu\u00eda de dise\u00f1o STEP<\/a><\/strong><\/h5>","protected":false},"featured_media":147429,"template":"","meta":{"_acf_changed":false},"product_brand":[],"product_cat":[3355],"product_tag":[4197,4201],"class_list":{"0":"post-147434","1":"product","2":"type-product","3":"status-publish","4":"has-post-thumbnail","6":"product_cat-elslutbleck","7":"product_tag-24v","8":"product_tag-omvand","9":"product_shipping_class-tunga-paket","10":"pa_brands-step","11":"tm-no-options","13":"first","14":"instock","15":"sale","16":"taxable","17":"shipping-taxable","18":"purchasable","19":"product-type-simple"},"acf":[],"_links":{"self":[{"href":"https:\/\/secureus.se\/es\/wp-json\/wp\/v2\/product\/147434","targetHints":{"allow":["GET"]}}],"collection":[{"href":"https:\/\/secureus.se\/es\/wp-json\/wp\/v2\/product"}],"about":[{"href":"https:\/\/secureus.se\/es\/wp-json\/wp\/v2\/types\/product"}],"wp:featuredmedia":[{"embeddable":true,"href":"https:\/\/secureus.se\/es\/wp-json\/wp\/v2\/media\/147429"}],"wp:attachment":[{"href":"https:\/\/secureus.se\/es\/wp-json\/wp\/v2\/media?parent=147434"}],"wp:term":[{"taxonomy":"product_brand","embeddable":true,"href":"https:\/\/secureus.se\/es\/wp-json\/wp\/v2\/product_brand?post=147434"},{"taxonomy":"product_cat","embeddable":true,"href":"https:\/\/secureus.se\/es\/wp-json\/wp\/v2\/product_cat?post=147434"},{"taxonomy":"product_tag","embeddable":true,"href":"https:\/\/secureus.se\/es\/wp-json\/wp\/v2\/product_tag?post=147434"}],"curies":[{"name":"wp","href":"https:\/\/api.w.org\/{rel}","templated":true}]}}