{"id":147440,"date":"2023-09-26T13:09:58","date_gmt":"2023-09-26T11:09:58","guid":{"rendered":"https:\/\/secureus.se\/elslutbleck-step-60-omvand-24v-kolvkontakt-10m-kabel\/"},"modified":"2026-03-26T09:44:14","modified_gmt":"2026-03-26T08:44:14","slug":"elslutbleck-step-60-omvand-24v-kolvkontakt-10m-kabel","status":"publish","type":"product","link":"https:\/\/secureus.se\/es\/elslutbleck-step-60-omvand-24v-kolvkontakt-10m-kabel\/","title":{"rendered":"Cerradero el\u00e9ctrico STEP 60 Inverso 24V Contacto de pist\u00f3n Cable 10m"},"content":{"rendered":"<h1>Cerradero el\u00e9ctrico STEP 60 Inverso 24V Contacto de pist\u00f3n Cable 10m<\/h1>\n<p>STEP 60 Silent es un cerradero el\u00e9ctrico silencioso y potente con funci\u00f3n inversa y cable de 10 m. Con contacto de pist\u00f3n, clase de fuego E\/EI120 y alta resistencia a la rotura, es perfecto para puertas que se utilizan frecuentemente y requieren un bajo nivel de ruido.<\/p>\n<p>La cerradura el\u00e9ctrica STEP 60 Silent es una cerradura el\u00e9ctrica avanzada de la serie Silent de STEP, especialmente desarrollada para entornos donde el funcionamiento silencioso y suave es un requisito.<\/p>\n<p>Gracias a su construcci\u00f3n robusta y a la tecnolog\u00eda Silent patentada de STEP, ofrece un funcionamiento pr\u00e1cticamente silencioso, lo que lo hace ideal para escuelas, oficinas, hospitales o propiedades multifamiliares.<\/p>\n<p class=\"\" data-start=\"901\" data-end=\"1236\">Con funci\u00f3n inversa, es decir, la puerta se desbloquea en posici\u00f3n desenergizada, STEP 60 cumple requisitos importantes en rutas de escape y sistemas de control de acceso.<\/p>\n<p class=\"\" data-start=\"901\" data-end=\"1236\">El producto tiene clasificaci\u00f3n de resistencia al fuego hasta E\/EI120 y est\u00e1 probado seg\u00fan SS-EN 14846:2008. Puede soportar una presi\u00f3n de tira de hasta 100 kg y tiene una impresionante resistencia a la rotura de 16 kN (aproximadamente 1600 kg).<\/p>\n<p class=\"\" data-start=\"1238\" data-end=\"1552\">Est\u00e1 equipado con un \u00e9mbolo incorporado y un contacto de pestillo, que proporciona una indicaci\u00f3n de estado para las posiciones abierto\/cerrado y bloqueado\/desbloqueado, perfecto para la integraci\u00f3n con alarmas o control de acceso.<\/p>\n<p class=\"\" data-start=\"1238\" data-end=\"1552\">Es a prueba de manipulaciones, tiene un diodo de protecci\u00f3n incorporado y viene con un cable de conexi\u00f3n libre de hal\u00f3genos de 10 metros para una instalaci\u00f3n flexible.<\/p>\n<p class=\"\" data-start=\"1554\" data-end=\"1580\"><strong data-start=\"1554\" data-end=\"1580\">Caracter\u00edsticas y beneficios:<\/strong><\/p>\n<ul data-start=\"1581\" data-end=\"1911\">\n<li class=\"\" data-start=\"1581\" data-end=\"1617\">\n<p class=\"\" data-start=\"1583\" data-end=\"1617\">Funci\u00f3n inversa (desbloqueada sin energ\u00eda)<\/p>\n<\/li>\n<li class=\"\" data-start=\"1618\" data-end=\"1656\">\n<p class=\"\" data-start=\"1620\" data-end=\"1656\">Tecnolog\u00eda silenciosa para un funcionamiento suave y silencioso<\/p>\n<\/li>\n<li class=\"\" data-start=\"1657\" data-end=\"1677\">\n<p class=\"\" data-start=\"1659\" data-end=\"1677\">Clase de fuego E\/EI120<\/p>\n<\/li>\n<li class=\"\" data-start=\"1678\" data-end=\"1708\">\n<p class=\"\" data-start=\"1680\" data-end=\"1708\">Contacto de pist\u00f3n y contacto de pestillo<\/p>\n<\/li>\n<li class=\"\" data-start=\"1709\" data-end=\"1732\">\n<p class=\"\" data-start=\"1711\" data-end=\"1732\">Resistencia a la rotura 16 kN<\/p>\n<\/li>\n<li class=\"\" data-start=\"1733\" data-end=\"1767\">\n<p class=\"\" data-start=\"1735\" data-end=\"1767\">Soporta presi\u00f3n de moldeo de hasta 100 kg.<\/p>\n<\/li>\n<li class=\"\" data-start=\"1768\" data-end=\"1805\">\n<p class=\"\" data-start=\"1770\" data-end=\"1805\">Diodo de protecci\u00f3n incorporado y protecci\u00f3n contra golpes.<\/p>\n<\/li>\n<li class=\"\" data-start=\"1806\" data-end=\"1839\">\n<p class=\"\" data-start=\"1808\" data-end=\"1839\">Cable libre de hal\u00f3genos de 10 metros incluido<\/p>\n<\/li>\n<li class=\"\" data-start=\"1840\" data-end=\"1872\">\n<p class=\"\" data-start=\"1842\" data-end=\"1872\">Se adapta a cerraduras de una y dos hojas.<\/p>\n<\/li>\n<li class=\"\" data-start=\"1873\" data-end=\"1911\">\n<p class=\"\" data-start=\"1875\" data-end=\"1911\">Reversible para puertas derechas e izquierdas<\/p>\n<\/li>\n<\/ul>\n<p class=\"\" data-start=\"1913\" data-end=\"2072\"><strong data-start=\"1913\" data-end=\"1936\">\u00c1reas de uso:<\/strong><br data-start=\"1936\" data-end=\"1939\" \/>Adecuado para entornos con altas exigencias en cuanto a niveles bajos de ruido y seguridad, por ejemplo, oficinas, escuelas, centros de salud y entradas a edificios de apartamentos.<\/p>\n<p class=\"\" data-start=\"2074\" data-end=\"2103\"><strong data-start=\"2074\" data-end=\"2103\">Especificaciones t\u00e9cnicas:<\/strong><\/p>\n<ul data-start=\"2104\" data-end=\"2478\">\n<li class=\"\" data-start=\"2104\" data-end=\"2142\">\n<p class=\"\" data-start=\"2106\" data-end=\"2142\">Tensi\u00f3n de funcionamiento: 24 V CC (21,6-27,6 V)<\/p>\n<\/li>\n<li class=\"\" data-start=\"2143\" data-end=\"2187\">\n<p class=\"\" data-start=\"2145\" data-end=\"2187\">Consumo de corriente: 121 mA desbloqueado, m\u00e1ximo 250 mA<\/p>\n<\/li>\n<li class=\"\" data-start=\"2188\" data-end=\"2227\">\n<p class=\"\" data-start=\"2190\" data-end=\"2227\">Bisagra de la puerta: Derecha\/Izquierda (reversible)<\/p>\n<\/li>\n<li class=\"\" data-start=\"2228\" data-end=\"2250\">\n<p class=\"\" data-start=\"2230\" data-end=\"2250\">Longitud del cable: 10 metros<\/p>\n<\/li>\n<li class=\"\" data-start=\"2251\" data-end=\"2277\">\n<p class=\"\" data-start=\"2253\" data-end=\"2277\">Resistencia a la rotura: 1600 kg<\/p>\n<\/li>\n<li class=\"\" data-start=\"2278\" data-end=\"2297\">\n<p class=\"\" data-start=\"2280\" data-end=\"2297\">Presi\u00f3n de la tira: 100 kg<\/p>\n<\/li>\n<li class=\"\" data-start=\"2298\" data-end=\"2332\">\n<p class=\"\" data-start=\"2300\" data-end=\"2332\">Dimensiones (An. x Pr. x Al.): 28 x 34 x 149,5 mm<\/p>\n<\/li>\n<li class=\"\" data-start=\"2333\" data-end=\"2366\">\n<p class=\"\" data-start=\"2335\" data-end=\"2366\">Tipo de cerradura: Cerradura de uno o dos cerrojos<\/p>\n<\/li>\n<li class=\"\" data-start=\"2367\" data-end=\"2409\">\n<p class=\"\" data-start=\"2369\" data-end=\"2409\">Contacto del pist\u00f3n: Microinterruptor, 30 V CC \/ 1 A<\/p>\n<\/li>\n<li class=\"\" data-start=\"2410\" data-end=\"2438\">\n<p class=\"\" data-start=\"2412\" data-end=\"2438\">Color\/Acabado: Acero inoxidable<\/p>\n<\/li>\n<li class=\"\" data-start=\"2439\" data-end=\"2478\">\n<p class=\"\" data-start=\"2441\" data-end=\"2478\">Evaluaciones: SundaHus, Evaluaci\u00f3n de materiales de construcci\u00f3n<\/p>\n<\/li>\n<\/ul>","protected":false},"excerpt":{"rendered":"<p>Aqu\u00ed podr\u00e1s ver qu\u00e9 postes y modelos encajan entre s\u00ed de la gama de placas de cierre el\u00e9ctricas STEP.<\/p>\n<h5><strong><a href=\"https:\/\/steplock.com\/sv\/stolpguide\/#!?lang=sv&amp;blog_id=1&amp;paged=1&amp;number=50\" target=\"_blank\" rel=\"noopener\">Gu\u00eda de publicaciones STEP\u00a0<\/a><\/strong><\/h5>\n<h5><strong><a href=\"https:\/\/steplock.com\/sv\/projekteringsguide\/#!?lang=sv&amp;blog_id=1&amp;paged=1&amp;number=999\" target=\"_blank\" rel=\"noopener\">Gu\u00eda de dise\u00f1o STEP<\/a><\/strong><\/h5>","protected":false},"featured_media":147439,"template":"","meta":{"_acf_changed":false},"product_brand":[],"product_cat":[3355],"product_tag":[4197,4201],"class_list":{"0":"post-147440","1":"product","2":"type-product","3":"status-publish","4":"has-post-thumbnail","6":"product_cat-elslutbleck","7":"product_tag-24v","8":"product_tag-omvand","9":"product_shipping_class-tunga-paket","10":"pa_brands-step","11":"tm-no-options","13":"first","14":"instock","15":"sale","16":"taxable","17":"shipping-taxable","18":"purchasable","19":"product-type-simple"},"acf":[],"_links":{"self":[{"href":"https:\/\/secureus.se\/es\/wp-json\/wp\/v2\/product\/147440","targetHints":{"allow":["GET"]}}],"collection":[{"href":"https:\/\/secureus.se\/es\/wp-json\/wp\/v2\/product"}],"about":[{"href":"https:\/\/secureus.se\/es\/wp-json\/wp\/v2\/types\/product"}],"wp:featuredmedia":[{"embeddable":true,"href":"https:\/\/secureus.se\/es\/wp-json\/wp\/v2\/media\/147439"}],"wp:attachment":[{"href":"https:\/\/secureus.se\/es\/wp-json\/wp\/v2\/media?parent=147440"}],"wp:term":[{"taxonomy":"product_brand","embeddable":true,"href":"https:\/\/secureus.se\/es\/wp-json\/wp\/v2\/product_brand?post=147440"},{"taxonomy":"product_cat","embeddable":true,"href":"https:\/\/secureus.se\/es\/wp-json\/wp\/v2\/product_cat?post=147440"},{"taxonomy":"product_tag","embeddable":true,"href":"https:\/\/secureus.se\/es\/wp-json\/wp\/v2\/product_tag?post=147440"}],"curies":[{"name":"wp","href":"https:\/\/api.w.org\/{rel}","templated":true}]}}