{"id":147443,"date":"2023-09-26T13:08:18","date_gmt":"2023-09-26T11:08:18","guid":{"rendered":"https:\/\/secureus.se\/elslutbleck-step-92-omstallbar-12v-kolvkontakt\/"},"modified":"2026-03-26T09:46:14","modified_gmt":"2026-03-26T08:46:14","slug":"elslutbleck-step-92-omstallbar-12v-kolvkontakt","status":"publish","type":"product","link":"https:\/\/secureus.se\/es\/elslutbleck-step-92-omstallbar-12v-kolvkontakt\/","title":{"rendered":"Cerradero el\u00e9ctrico STEP 92 Contacto de pist\u00f3n ajustable 12V"},"content":{"rendered":"<h1>Cerradero el\u00e9ctrico STEP 92 Contacto de pist\u00f3n ajustable 12V<\/h1>\n<p class=\"\" data-start=\"465\" data-end=\"921\">STEP 92 es una cerradura el\u00e9ctrica avanzada de la serie Preload de STEP, especialmente dise\u00f1ada para puertas con cerraduras de doble pestillo.<\/p>\n<p class=\"\" data-start=\"465\" data-end=\"921\">Gracias a sus dos pivotes separados adaptados para pestillos de pulsador y de cilindro, ofrece un control flexible y bloqueo el\u00e9ctrico, perfecto para puertas con sistemas de puertas autom\u00e1ticos, requisitos contra incendios y tiradores.<\/p>\n<p class=\"\" data-start=\"923\" data-end=\"1272\">Lo exclusivo de STEP 92 es su giro ajustable individualmente, donde cada parte se puede configurar para funci\u00f3n de avance o retroceso.<\/p>\n<p class=\"\" data-start=\"923\" data-end=\"1272\">Permite, por ejemplo, que la puerta pueda estar abierta durante el d\u00eda en horario de oficina y al mismo tiempo estar homologada para incendios hasta la clase E\/EI120, algo que la hace ideal, por ejemplo, escuelas, hospitales, oficinas y entornos p\u00fablicos.<\/p>\n<p class=\"\" data-start=\"1274\" data-end=\"1614\">Con un contacto de pist\u00f3n incorporado en ambas hojas, se puede monitorear el estado de la puerta (abierta\/cerrada), lo que hace que STEP 92 sea compatible con sistemas de control de acceso y alarmas contra incendios.<\/p>\n<p class=\"\" data-start=\"1274\" data-end=\"1614\">Tiene una resistencia a la rotura de 1.200 kg, tecnolog\u00eda de presi\u00f3n de tira HPR\u00ae que soporta presiones de hasta 250 kg y ofrece un rendimiento a largo plazo con 1,5 millones de ciclos probados en f\u00e1brica.<\/p>\n<p class=\"\" data-start=\"1616\" data-end=\"1743\">STEP 92 es reversible, a prueba de manipulaciones, tiene un diodo de protecci\u00f3n incorporado y se adapta a las carcasas de cerradura de las series Connect, Modul y Narrow Profile.<\/p>\n<p class=\"\" data-start=\"1750\" data-end=\"1776\"><strong data-start=\"1750\" data-end=\"1776\">Caracter\u00edsticas y beneficios:<\/strong><\/p>\n<ul data-start=\"1777\" data-end=\"2121\">\n<li class=\"\" data-start=\"1777\" data-end=\"1828\">\n<p class=\"\" data-start=\"1779\" data-end=\"1828\">Dos pestillos giratorios separados, adaptados para cerraduras de doble pestillo<\/p>\n<\/li>\n<li class=\"\" data-start=\"1829\" data-end=\"1868\">\n<p class=\"\" data-start=\"1831\" data-end=\"1868\">Funci\u00f3n reversible (adelante\/atr\u00e1s)<\/p>\n<\/li>\n<li class=\"\" data-start=\"1869\" data-end=\"1900\">\n<p class=\"\" data-start=\"1871\" data-end=\"1900\">Clasificaci\u00f3n de resistencia al fuego hasta E\/EI120<\/p>\n<\/li>\n<li class=\"\" data-start=\"1901\" data-end=\"1932\">\n<p class=\"\" data-start=\"1903\" data-end=\"1932\">Contacto del pist\u00f3n en ambos casos de rotaci\u00f3n<\/p>\n<\/li>\n<li class=\"\" data-start=\"1933\" data-end=\"1967\">\n<p class=\"\" data-start=\"1935\" data-end=\"1967\">Soporta una presi\u00f3n de moldeo de hasta 250 kg.<\/p>\n<\/li>\n<li class=\"\" data-start=\"1968\" data-end=\"1995\">\n<p class=\"\" data-start=\"1970\" data-end=\"1995\">Resistencia a la rotura: 1.200 kg<\/p>\n<\/li>\n<li class=\"\" data-start=\"1996\" data-end=\"2010\">\n<p class=\"\" data-start=\"1998\" data-end=\"2010\">Funcionamiento a 12 V CC<\/p>\n<\/li>\n<li class=\"\" data-start=\"2011\" data-end=\"2036\">\n<p class=\"\" data-start=\"2013\" data-end=\"2036\">Diodo protector, a prueba de golpes<\/p>\n<\/li>\n<li class=\"\" data-start=\"2037\" data-end=\"2070\">\n<p class=\"\" data-start=\"2039\" data-end=\"2070\">Se adapta a puertas derechas e izquierdas.<\/p>\n<\/li>\n<li class=\"\" data-start=\"2071\" data-end=\"2121\">\n<p class=\"\" data-start=\"2073\" data-end=\"2121\">Cerraduras de doble pestillo de la serie Connect, Module, Narrow Profile<\/p>\n<\/li>\n<\/ul>\n<p class=\"\" data-start=\"2128\" data-end=\"2345\"><strong data-start=\"2128\" data-end=\"2151\">\u00c1reas de uso:<\/strong><br data-start=\"2151\" data-end=\"2154\" \/>Ideal para puertas con sistemas de puertas autom\u00e1ticos en entornos donde la clasificaci\u00f3n contra incendios y la funci\u00f3n de evacuaci\u00f3n se combinan con requisitos de flexibilidad, por ejemplo: oficinas, escuelas, centros de salud y edificios p\u00fablicos.<\/p>\n<p class=\"\" data-start=\"2352\" data-end=\"2381\"><strong data-start=\"2352\" data-end=\"2381\">Especificaciones t\u00e9cnicas:<\/strong><\/p>\n<ul data-start=\"2382\" data-end=\"2749\">\n<li class=\"\" data-start=\"2382\" data-end=\"2420\">\n<p class=\"\" data-start=\"2384\" data-end=\"2420\">Voltaje de funcionamiento: 12 V CC (10,8-13,8 V)<\/p>\n<\/li>\n<li class=\"\" data-start=\"2421\" data-end=\"2465\">\n<p class=\"\" data-start=\"2423\" data-end=\"2465\">Consumo de corriente: 220 mA desbloqueado, m\u00e1ximo 600 mA<\/p>\n<\/li>\n<li class=\"\" data-start=\"2466\" data-end=\"2493\">\n<p class=\"\" data-start=\"2468\" data-end=\"2493\">Resistencia a la rotura: 1.200 kg<\/p>\n<\/li>\n<li class=\"\" data-start=\"2494\" data-end=\"2513\">\n<p class=\"\" data-start=\"2496\" data-end=\"2513\">Presi\u00f3n de la tira: 250 kg<\/p>\n<\/li>\n<li class=\"\" data-start=\"2514\" data-end=\"2553\">\n<p class=\"\" data-start=\"2516\" data-end=\"2553\">Bisagra de la puerta: Derecha\/Izquierda (reversible)<\/p>\n<\/li>\n<li class=\"\" data-start=\"2554\" data-end=\"2606\">\n<p class=\"\" data-start=\"2556\" data-end=\"2606\">Contacto de pist\u00f3n: S\u00ed (microinterruptor, m\u00e1x. 30 V CC \/ 1 A)<\/p>\n<\/li>\n<li class=\"\" data-start=\"2607\" data-end=\"2629\">\n<p class=\"\" data-start=\"2609\" data-end=\"2629\">Tipo de cerradura: Cerradura de doble pestillo<\/p>\n<\/li>\n<li class=\"\" data-start=\"2630\" data-end=\"2662\">\n<p class=\"\" data-start=\"2632\" data-end=\"2662\">Dimensiones (An. x Pr. x Al.): 25 x 28 x 133 mm<\/p>\n<\/li>\n<li class=\"\" data-start=\"2663\" data-end=\"2691\">\n<p class=\"\" data-start=\"2665\" data-end=\"2691\">Color\/Acabado: Acero inoxidable<\/p>\n<\/li>\n<li class=\"\" data-start=\"2692\" data-end=\"2709\">\n<p class=\"\" data-start=\"2694\" data-end=\"2709\">Cable: No incluido<\/p>\n<\/li>\n<li class=\"\" data-start=\"2710\" data-end=\"2749\">\n<p class=\"\" data-start=\"2712\" data-end=\"2749\">Evaluaciones: SundaHus, Evaluaci\u00f3n de materiales de construcci\u00f3n<\/p>\n<\/li>\n<\/ul>","protected":false},"excerpt":{"rendered":"<p>Aqu\u00ed podr\u00e1s ver qu\u00e9 postes y modelos encajan entre s\u00ed de la gama de placas de cierre el\u00e9ctricas STEP.<\/p>\n<h5><strong><a href=\"https:\/\/steplock.com\/sv\/stolpguide\/#!?lang=sv&amp;blog_id=1&amp;paged=1&amp;number=50\" target=\"_blank\" rel=\"noopener\">Gu\u00eda de publicaciones STEP\u00a0<\/a><\/strong><\/h5>\n<h5><strong><a href=\"https:\/\/steplock.com\/sv\/projekteringsguide\/#!?lang=sv&amp;blog_id=1&amp;paged=1&amp;number=999\" target=\"_blank\" rel=\"noopener\">Gu\u00eda de dise\u00f1o STEP<\/a><\/strong><\/h5>","protected":false},"featured_media":147438,"template":"","meta":{"_acf_changed":false},"product_brand":[],"product_cat":[3355],"product_tag":[4198,4202],"class_list":{"0":"post-147443","1":"product","2":"type-product","3":"status-publish","4":"has-post-thumbnail","6":"product_cat-elslutbleck","7":"product_tag-12v","8":"product_tag-omstallbar-rattvand-omvand","9":"product_shipping_class-tunga-paket","10":"pa_brands-step","11":"tm-no-options","13":"first","14":"instock","15":"sale","16":"taxable","17":"shipping-taxable","18":"purchasable","19":"product-type-simple"},"acf":[],"_links":{"self":[{"href":"https:\/\/secureus.se\/es\/wp-json\/wp\/v2\/product\/147443","targetHints":{"allow":["GET"]}}],"collection":[{"href":"https:\/\/secureus.se\/es\/wp-json\/wp\/v2\/product"}],"about":[{"href":"https:\/\/secureus.se\/es\/wp-json\/wp\/v2\/types\/product"}],"wp:featuredmedia":[{"embeddable":true,"href":"https:\/\/secureus.se\/es\/wp-json\/wp\/v2\/media\/147438"}],"wp:attachment":[{"href":"https:\/\/secureus.se\/es\/wp-json\/wp\/v2\/media?parent=147443"}],"wp:term":[{"taxonomy":"product_brand","embeddable":true,"href":"https:\/\/secureus.se\/es\/wp-json\/wp\/v2\/product_brand?post=147443"},{"taxonomy":"product_cat","embeddable":true,"href":"https:\/\/secureus.se\/es\/wp-json\/wp\/v2\/product_cat?post=147443"},{"taxonomy":"product_tag","embeddable":true,"href":"https:\/\/secureus.se\/es\/wp-json\/wp\/v2\/product_tag?post=147443"}],"curies":[{"name":"wp","href":"https:\/\/api.w.org\/{rel}","templated":true}]}}