{"id":147447,"date":"2023-09-26T13:08:17","date_gmt":"2023-09-26T11:08:17","guid":{"rendered":"https:\/\/secureus.se\/elslutbleck-step-40-omvand-12v\/"},"modified":"2026-04-08T16:08:25","modified_gmt":"2026-04-08T14:08:25","slug":"elslutbleck-step-40-omvand-12v","status":"publish","type":"product","link":"https:\/\/secureus.se\/es\/elslutbleck-step-40-omvand-12v\/","title":{"rendered":"Cerradura el\u00e9ctrica STEP 40 Reverse 12V"},"content":{"rendered":"<h1>Cerradura el\u00e9ctrica STEP 40 Reverse 12V<\/h1>\n<p class=\"\" data-start=\"403\" data-end=\"872\">STEP 40 Preload de la serie Preload de STEP es una cerradura el\u00e9ctrica compacta y confiable, perfecta para el cierre diurno en entornos de puertas con una alta frecuencia de apertura.<\/p>\n<p class=\"\" data-start=\"403\" data-end=\"872\">Esta versi\u00f3n tiene una funci\u00f3n inversa, lo que significa que la cerradura el\u00e9ctrica se desbloquea en la posici\u00f3n desenergizada, una caracter\u00edstica que la hace especialmente adecuada para rutas de escape y puertas accesibles.<\/p>\n<p class=\"\" data-start=\"874\" data-end=\"1218\">La tecnolog\u00eda HPR\u00ae integrada (High Preload Release) garantiza un desbloqueo seguro incluso con presiones de banda de hasta 250 kg, lo que permite un funcionamiento confiable incluso con puertas bajo presi\u00f3n.<\/p>\n<p class=\"\" data-start=\"874\" data-end=\"1218\">El cerradero el\u00e9ctrico tambi\u00e9n tiene una resistencia a la rotura de 1.200 kg (12 kN) y est\u00e1 probado hasta 1.500.000 ciclos, lo que garantiza una larga vida \u00fatil.<\/p>\n<p class=\"\" data-start=\"1220\" data-end=\"1430\">Cerradero el\u00e9ctrico STEP 40 STEP 40 es reversible para puertas de apertura derecha e izquierda, a prueba de manipulaci\u00f3n y tiene un diodo de protecci\u00f3n incorporado para una mayor durabilidad.<\/p>\n<p class=\"\" data-start=\"1220\" data-end=\"1430\">El dise\u00f1o flexible hace que la instalaci\u00f3n sea f\u00e1cil, incluso en secciones de puertas existentes.<\/p>\n<p class=\"\" data-start=\"1437\" data-end=\"1463\"><strong data-start=\"1437\" data-end=\"1463\">Caracter\u00edsticas y beneficios:<\/strong><\/p>\n<ul data-start=\"1464\" data-end=\"1756\">\n<li class=\"\" data-start=\"1464\" data-end=\"1507\">\n<p class=\"\" data-start=\"1466\" data-end=\"1507\">Funci\u00f3n inversa: se desbloquea en caso de corte de energ\u00eda<\/p>\n<\/li>\n<li class=\"\" data-start=\"1508\" data-end=\"1527\">\n<p class=\"\" data-start=\"1510\" data-end=\"1527\">Voltaje de funcionamiento de 12 V<\/p>\n<\/li>\n<li class=\"\" data-start=\"1528\" data-end=\"1570\">\n<p class=\"\" data-start=\"1530\" data-end=\"1570\">Formato compacto: ideal para el cierre diurno.<\/p>\n<\/li>\n<li class=\"\" data-start=\"1571\" data-end=\"1616\">\n<p class=\"\" data-start=\"1573\" data-end=\"1616\">Tecnolog\u00eda HPR\u00ae: se abre a pesar de una presi\u00f3n de fleje de 250 kg<\/p>\n<\/li>\n<li class=\"\" data-start=\"1617\" data-end=\"1644\">\n<p class=\"\" data-start=\"1619\" data-end=\"1644\">Resistencia a la rotura: 1.200 kg<\/p>\n<\/li>\n<li class=\"\" data-start=\"1645\" data-end=\"1681\">\n<p class=\"\" data-start=\"1647\" data-end=\"1681\">A prueba de golpes con diodo de protecci\u00f3n incorporado<\/p>\n<\/li>\n<li class=\"\" data-start=\"1682\" data-end=\"1718\">\n<p class=\"\" data-start=\"1684\" data-end=\"1718\">Reversible \u2013 puertas derecha e izquierda<\/p>\n<\/li>\n<li class=\"\" data-start=\"1719\" data-end=\"1756\">\n<p class=\"\" data-start=\"1721\" data-end=\"1756\">Se adapta tanto a cerraduras de una como de dos hojas.<\/p>\n<\/li>\n<\/ul>\n<p class=\"\" data-start=\"1763\" data-end=\"1938\"><strong data-start=\"1763\" data-end=\"1786\">\u00c1reas de uso:<\/strong><br data-start=\"1786\" data-end=\"1789\" \/>Perfecto para puertas en entornos de oficinas, centros sanitarios, entradas y rutas de escape donde existen requisitos de alta accesibilidad, seguridad y paso suave.<\/p>\n<p class=\"\" data-start=\"1945\" data-end=\"1974\"><strong data-start=\"1945\" data-end=\"1974\">Especificaciones t\u00e9cnicas:<\/strong><\/p>\n<ul data-start=\"1975\" data-end=\"2320\">\n<li class=\"\" data-start=\"1975\" data-end=\"2013\">\n<p class=\"\" data-start=\"1977\" data-end=\"2013\">Voltaje de funcionamiento: 12 V CC (10,8-13,8 V)<\/p>\n<\/li>\n<li class=\"\" data-start=\"2014\" data-end=\"2058\">\n<p class=\"\" data-start=\"2016\" data-end=\"2058\">Consumo de corriente: 220 mA desbloqueado, m\u00e1ximo 600 mA<\/p>\n<\/li>\n<li class=\"\" data-start=\"2059\" data-end=\"2098\">\n<p class=\"\" data-start=\"2061\" data-end=\"2098\">Bisagra de la puerta: Derecha\/Izquierda (reversible)<\/p>\n<\/li>\n<li class=\"\" data-start=\"2099\" data-end=\"2126\">\n<p class=\"\" data-start=\"2101\" data-end=\"2126\">Resistencia a la rotura: 1.200 kg<\/p>\n<\/li>\n<li class=\"\" data-start=\"2127\" data-end=\"2146\">\n<p class=\"\" data-start=\"2129\" data-end=\"2146\">Presi\u00f3n de la tira: 250 kg<\/p>\n<\/li>\n<li class=\"\" data-start=\"2147\" data-end=\"2182\">\n<p class=\"\" data-start=\"2149\" data-end=\"2182\">Tipo de cerradura: Cerradura de pestillo simple, Cerradura de pestillo doble<\/p>\n<\/li>\n<li class=\"\" data-start=\"2183\" data-end=\"2214\">\n<p class=\"\" data-start=\"2185\" data-end=\"2214\">Dimensiones (An. x Pr. x Al.): 25 x 28 x 90 mm<\/p>\n<\/li>\n<li class=\"\" data-start=\"2215\" data-end=\"2233\">\n<p class=\"\" data-start=\"2217\" data-end=\"2233\">Contacto del pist\u00f3n: No<\/p>\n<\/li>\n<li class=\"\" data-start=\"2234\" data-end=\"2251\">\n<p class=\"\" data-start=\"2236\" data-end=\"2251\">Cable: No incluido<\/p>\n<\/li>\n<li class=\"\" data-start=\"2252\" data-end=\"2280\">\n<p class=\"\" data-start=\"2254\" data-end=\"2280\">Color\/Acabado: Acero inoxidable<\/p>\n<\/li>\n<li class=\"\" data-start=\"2281\" data-end=\"2320\">\n<p class=\"\" data-start=\"2283\" data-end=\"2320\">Evaluaciones: SundaHus, Evaluaci\u00f3n de materiales de construcci\u00f3n<\/p>\n<\/li>\n<\/ul>","protected":false},"excerpt":{"rendered":"<p>Aqu\u00ed podr\u00e1s ver qu\u00e9 postes y modelos encajan entre s\u00ed de la gama de placas de cierre el\u00e9ctricas STEP.<\/p>\n<h5><strong><a href=\"https:\/\/steplock.com\/sv\/stolpguide\/#!?lang=sv&amp;blog_id=1&amp;paged=1&amp;number=50\" target=\"_blank\" rel=\"noopener\">Gu\u00eda de publicaciones STEP\u00a0<\/a><\/strong><\/h5>\n<h5><strong><a href=\"https:\/\/steplock.com\/sv\/projekteringsguide\/#!?lang=sv&amp;blog_id=1&amp;paged=1&amp;number=999\" target=\"_blank\" rel=\"noopener\">Gu\u00eda de dise\u00f1o STEP<\/a><\/strong><\/h5>","protected":false},"featured_media":147444,"template":"","meta":{"_acf_changed":false},"product_brand":[],"product_cat":[3355],"product_tag":[4198,4201],"class_list":{"0":"post-147447","1":"product","2":"type-product","3":"status-publish","4":"has-post-thumbnail","6":"product_cat-elslutbleck","7":"product_tag-12v","8":"product_tag-omvand","9":"product_shipping_class-tunga-paket","10":"pa_brands-step","11":"tm-no-options","13":"first","14":"instock","15":"sale","16":"taxable","17":"shipping-taxable","18":"purchasable","19":"product-type-simple"},"acf":[],"_links":{"self":[{"href":"https:\/\/secureus.se\/es\/wp-json\/wp\/v2\/product\/147447","targetHints":{"allow":["GET"]}}],"collection":[{"href":"https:\/\/secureus.se\/es\/wp-json\/wp\/v2\/product"}],"about":[{"href":"https:\/\/secureus.se\/es\/wp-json\/wp\/v2\/types\/product"}],"wp:featuredmedia":[{"embeddable":true,"href":"https:\/\/secureus.se\/es\/wp-json\/wp\/v2\/media\/147444"}],"wp:attachment":[{"href":"https:\/\/secureus.se\/es\/wp-json\/wp\/v2\/media?parent=147447"}],"wp:term":[{"taxonomy":"product_brand","embeddable":true,"href":"https:\/\/secureus.se\/es\/wp-json\/wp\/v2\/product_brand?post=147447"},{"taxonomy":"product_cat","embeddable":true,"href":"https:\/\/secureus.se\/es\/wp-json\/wp\/v2\/product_cat?post=147447"},{"taxonomy":"product_tag","embeddable":true,"href":"https:\/\/secureus.se\/es\/wp-json\/wp\/v2\/product_tag?post=147447"}],"curies":[{"name":"wp","href":"https:\/\/api.w.org\/{rel}","templated":true}]}}