{"id":147456,"date":"2023-09-26T13:08:35","date_gmt":"2023-09-26T11:08:35","guid":{"rendered":"https:\/\/secureus.se\/elslutbleck-step-18-vanster-omvand-24v-9mm-regel-connect\/"},"modified":"2026-03-26T09:44:47","modified_gmt":"2026-03-26T08:44:47","slug":"elslutbleck-step-18-vanster-omvand-24v-9mm-regel-connect","status":"publish","type":"product","link":"https:\/\/secureus.se\/es\/elslutbleck-step-18-vanster-omvand-24v-9mm-regel-connect\/","title":{"rendered":"Cerradura el\u00e9ctrica PASO 18 Izquierda Inversa 24V 9mm Regla Conectar"},"content":{"rendered":"<h1>Cerradura el\u00e9ctrica PASO 18 Izquierda Inversa 24V 9mm Regla Conectar<\/h1>\n<p>STEP 18 Secure es una cerradura el\u00e9ctrica de alta seguridad con funci\u00f3n inversa para puertas batientes a la izquierda. Adaptado para cerraduras de perno de 9 mm de la serie Connect. Clase de fuego E\/EI60 y cable libre de hal\u00f3genos de 5 m incluido.<\/p>\n<p>La cerradura el\u00e9ctrica STEP 18 Secure es una cerradura el\u00e9ctrica avanzada de la serie Secure de STEP, dise\u00f1ada para entornos de puertas donde se requiere alta seguridad y paso r\u00e1pido.<\/p>\n<p>Este modelo est\u00e1 especialmente adaptado para puertas batientes izquierdas con cerraduras de pestillo con pist\u00f3n de 9 mm de la serie Connect.<\/p>\n<p class=\"\" data-start=\"795\" data-end=\"1072\">Con la funci\u00f3n inversa, la puerta se desbloquea en caso de un corte de energ\u00eda: una caracter\u00edstica necesaria en rutas de escape y puertas con altos requisitos de seguridad.<\/p>\n<p class=\"\" data-start=\"795\" data-end=\"1072\">El producto tiene clasificaci\u00f3n de resistencia al fuego hasta E\/EI60 seg\u00fan SS-EN 14846:2008 y est\u00e1 aprobado para su uso en puertas de seguridad hasta clasificaci\u00f3n RC4.<\/p>\n<p class=\"\" data-start=\"1074\" data-end=\"1410\">La cerradura el\u00e9ctrica est\u00e1 equipada con un contacto de pist\u00f3n y un contacto de enclavamiento, lo que permite integrar la monitorizaci\u00f3n del estado en sistemas de control de acceso y sistemas de alarma.<\/p>\n<p class=\"\" data-start=\"1074\" data-end=\"1410\">Con una resistencia a la rotura de 15 kN (aprox. 1500 kg) y una capacidad de apertura a pesar de una presi\u00f3n de la banda de hasta 500 kg, STEP 18 ofrece un funcionamiento fiable incluso en los entornos de puertas m\u00e1s exigentes.<\/p>\n<p class=\"\" data-start=\"1412\" data-end=\"1521\">Es a prueba de manipulaciones, tiene un diodo de protecci\u00f3n incorporado y viene con un cable de conexi\u00f3n libre de hal\u00f3genos de 5 metros.<\/p>\n<p class=\"\" data-start=\"1523\" data-end=\"1549\"><strong data-start=\"1523\" data-end=\"1549\">Caracter\u00edsticas y beneficios:<\/strong><\/p>\n<ul data-start=\"1550\" data-end=\"1869\">\n<li class=\"\" data-start=\"1550\" data-end=\"1593\">\n<p class=\"\" data-start=\"1552\" data-end=\"1593\">Funci\u00f3n inversa: se desbloquea en caso de corte de energ\u00eda<\/p>\n<\/li>\n<li class=\"\" data-start=\"1594\" data-end=\"1652\">\n<p class=\"\" data-start=\"1596\" data-end=\"1652\">Para puertas batientes a la izquierda con pestillo de 9 mm (serie Connect)<\/p>\n<\/li>\n<li class=\"\" data-start=\"1653\" data-end=\"1705\">\n<p class=\"\" data-start=\"1655\" data-end=\"1705\">Contacto de pist\u00f3n y contacto de enclavamiento para monitorizaci\u00f3n del estado<\/p>\n<\/li>\n<li class=\"\" data-start=\"1706\" data-end=\"1736\">\n<p class=\"\" data-start=\"1708\" data-end=\"1736\">Clasificaci\u00f3n de resistencia al fuego hasta E\/EI60<\/p>\n<\/li>\n<li class=\"\" data-start=\"1737\" data-end=\"1771\">\n<p class=\"\" data-start=\"1739\" data-end=\"1771\">Resistencia a la rotura: 15 kN (1500 kg)<\/p>\n<\/li>\n<li class=\"\" data-start=\"1772\" data-end=\"1806\">\n<p class=\"\" data-start=\"1774\" data-end=\"1806\">Soporta presi\u00f3n de moldeo de hasta 500 kg.<\/p>\n<\/li>\n<li class=\"\" data-start=\"1807\" data-end=\"1836\">\n<p class=\"\" data-start=\"1809\" data-end=\"1836\">Diodo de protecci\u00f3n y protector contra sobretensiones<\/p>\n<\/li>\n<li class=\"\" data-start=\"1837\" data-end=\"1869\">\n<p class=\"\" data-start=\"1839\" data-end=\"1869\">Cable libre de hal\u00f3genos de 5 metros incluido<\/p>\n<\/li>\n<\/ul>\n<p class=\"\" data-start=\"1871\" data-end=\"2056\"><strong data-start=\"1871\" data-end=\"1894\">\u00c1reas de uso:<\/strong><br data-start=\"1894\" data-end=\"1897\" \/>Perfecto para entornos clasificados de seguridad, como bancos, agencias gubernamentales, prisiones y rutas de escape donde se requiere alta resistencia a la intrusi\u00f3n y desbloqueo r\u00e1pido y seguro.<\/p>\n<p class=\"\" data-start=\"2058\" data-end=\"2087\"><strong data-start=\"2058\" data-end=\"2087\">Especificaciones t\u00e9cnicas:<\/strong><\/p>\n<ul data-start=\"2088\" data-end=\"2434\">\n<li class=\"\" data-start=\"2088\" data-end=\"2126\">\n<p class=\"\" data-start=\"2090\" data-end=\"2126\">Tensi\u00f3n de funcionamiento: 24 V CC (21,6-27,6 V)<\/p>\n<\/li>\n<li class=\"\" data-start=\"2127\" data-end=\"2159\">\n<p class=\"\" data-start=\"2129\" data-end=\"2159\">Consumo de energ\u00eda: 313 mA desbloqueado<\/p>\n<\/li>\n<li class=\"\" data-start=\"2160\" data-end=\"2183\">\n<p class=\"\" data-start=\"2162\" data-end=\"2183\">Bisagra de la puerta: izquierda<\/p>\n<\/li>\n<li class=\"\" data-start=\"2184\" data-end=\"2205\">\n<p class=\"\" data-start=\"2186\" data-end=\"2205\">Longitud del cable: 5 metros<\/p>\n<\/li>\n<li class=\"\" data-start=\"2206\" data-end=\"2232\">\n<p class=\"\" data-start=\"2208\" data-end=\"2232\">Resistencia a la rotura: 1500 kg<\/p>\n<\/li>\n<li class=\"\" data-start=\"2233\" data-end=\"2252\">\n<p class=\"\" data-start=\"2235\" data-end=\"2252\">Presi\u00f3n de lista: 500 kg<\/p>\n<\/li>\n<li class=\"\" data-start=\"2253\" data-end=\"2285\">\n<p class=\"\" data-start=\"2255\" data-end=\"2285\">Dimensiones (An. x Pr. x Al.): 35 x 40 x 230 mm<\/p>\n<\/li>\n<li class=\"\" data-start=\"2286\" data-end=\"2317\">\n<p class=\"\" data-start=\"2288\" data-end=\"2317\">Tipo de cerradura: Cerradura de gancho, Cerradura con pestillo<\/p>\n<\/li>\n<li class=\"\" data-start=\"2318\" data-end=\"2365\">\n<p class=\"\" data-start=\"2320\" data-end=\"2365\">Contacto del pist\u00f3n: Microinterruptor, m\u00e1x. 30 V CC \/ 1 A<\/p>\n<\/li>\n<li class=\"\" data-start=\"2366\" data-end=\"2394\">\n<p class=\"\" data-start=\"2368\" data-end=\"2394\">Color\/Acabado: Acero inoxidable<\/p>\n<\/li>\n<li class=\"\" data-start=\"2395\" data-end=\"2434\">\n<p class=\"\" data-start=\"2397\" data-end=\"2434\">Evaluaciones: SundaHus, Evaluaci\u00f3n de materiales de construcci\u00f3n<\/p>\n<\/li>\n<\/ul>","protected":false},"excerpt":{"rendered":"<p>Aqu\u00ed podr\u00e1s ver qu\u00e9 postes y modelos encajan entre s\u00ed de la gama de placas de cierre el\u00e9ctricas STEP.<\/p>\n<h5><strong><a href=\"https:\/\/steplock.com\/sv\/stolpguide\/#!?lang=sv&amp;blog_id=1&amp;paged=1&amp;number=50\" target=\"_blank\" rel=\"noopener\">Gu\u00eda de publicaciones STEP\u00a0<\/a><\/strong><\/h5>\n<h5><strong><a href=\"https:\/\/steplock.com\/sv\/projekteringsguide\/#!?lang=sv&amp;blog_id=1&amp;paged=1&amp;number=999\" target=\"_blank\" rel=\"noopener\">Gu\u00eda de dise\u00f1o STEP<\/a><\/strong><\/h5>","protected":false},"featured_media":147448,"template":"","meta":{"_acf_changed":false},"product_brand":[],"product_cat":[3355],"product_tag":[4197,4201],"class_list":{"0":"post-147456","1":"product","2":"type-product","3":"status-publish","4":"has-post-thumbnail","6":"product_cat-elslutbleck","7":"product_tag-24v","8":"product_tag-omvand","9":"product_shipping_class-tunga-paket","10":"pa_brands-step","11":"tm-no-options","13":"first","14":"instock","15":"sale","16":"taxable","17":"shipping-taxable","18":"purchasable","19":"product-type-simple"},"acf":[],"_links":{"self":[{"href":"https:\/\/secureus.se\/es\/wp-json\/wp\/v2\/product\/147456","targetHints":{"allow":["GET"]}}],"collection":[{"href":"https:\/\/secureus.se\/es\/wp-json\/wp\/v2\/product"}],"about":[{"href":"https:\/\/secureus.se\/es\/wp-json\/wp\/v2\/types\/product"}],"wp:featuredmedia":[{"embeddable":true,"href":"https:\/\/secureus.se\/es\/wp-json\/wp\/v2\/media\/147448"}],"wp:attachment":[{"href":"https:\/\/secureus.se\/es\/wp-json\/wp\/v2\/media?parent=147456"}],"wp:term":[{"taxonomy":"product_brand","embeddable":true,"href":"https:\/\/secureus.se\/es\/wp-json\/wp\/v2\/product_brand?post=147456"},{"taxonomy":"product_cat","embeddable":true,"href":"https:\/\/secureus.se\/es\/wp-json\/wp\/v2\/product_cat?post=147456"},{"taxonomy":"product_tag","embeddable":true,"href":"https:\/\/secureus.se\/es\/wp-json\/wp\/v2\/product_tag?post=147456"}],"curies":[{"name":"wp","href":"https:\/\/api.w.org\/{rel}","templated":true}]}}