{"id":147458,"date":"2023-09-26T13:08:33","date_gmt":"2023-09-26T11:08:33","guid":{"rendered":"https:\/\/secureus.se\/elslutbleck-step-48-rattvand-24v-kolvkontakt\/"},"modified":"2026-04-08T16:05:34","modified_gmt":"2026-04-08T14:05:34","slug":"elslutbleck-step-48-rattvand-24v-kolvkontakt","status":"publish","type":"product","link":"https:\/\/secureus.se\/es\/elslutbleck-step-48-rattvand-24v-kolvkontakt\/","title":{"rendered":"Cerradero el\u00e9ctrico PASO 48 Contacto de pist\u00f3n 24 V orientado a la derecha"},"content":{"rendered":"<h1>Cerradero el\u00e9ctrico PASO 48 Contacto de pist\u00f3n 24 V orientado a la derecha<\/h1>\n<p>STEP 48 Preload es una cerradura el\u00e9ctrica compacta con funci\u00f3n de avance y contacto de pist\u00f3n. Con tecnolog\u00eda de presi\u00f3n de tira, funcionamiento a 24 V y soporte para indicaci\u00f3n de bloqueo, es perfecto para instalaciones seguras y silenciosas con cerraduras de perilla o llave.<\/p>\n<p>Cerradero el\u00e9ctrico STEP 48 Preload es un cerradero el\u00e9ctrico que combina alta seguridad con un dise\u00f1o compacto, excelente para puertas que se cierran con pomo o llave.<\/p>\n<p>Est\u00e1 equipado con la tecnolog\u00eda de presi\u00f3n de tira patentada de STEP, que permite que la puerta se abra incluso cuando est\u00e1 expuesta a una presi\u00f3n de tira de hasta 40 kg, proporcionando un funcionamiento seguro y confiable en el uso diario.<\/p>\n<p class=\"\" data-start=\"921\" data-end=\"1244\">Con la funci\u00f3n para mano derecha, bloqueada en una posici\u00f3n sin energ\u00eda, y una tensi\u00f3n de funcionamiento de 24 V, STEP 48 cumple los requisitos de seguridad en, por ejemplo, entradas de apartamentos, puertas interiores, puertas de paso o espacios t\u00e9cnicos.<\/p>\n<p class=\"\" data-start=\"921\" data-end=\"1244\">Es reversible para adaptarse tanto a puertas con bisagras a la derecha como a la izquierda y se puede utilizar para desbloquear tanto pestillos de gancho como pestillos rectos.<\/p>\n<p class=\"\" data-start=\"1246\" data-end=\"1623\">La cerradura el\u00e9ctrica est\u00e1 equipada con un contacto de pist\u00f3n que proporciona una indicaci\u00f3n del estado de la puerta (abierta\/cerrada), lo que facilita la conexi\u00f3n a un sistema de control de acceso o una alarma.<\/p>\n<p class=\"\" data-start=\"1246\" data-end=\"1623\">Adem\u00e1s, es a prueba de manipulaciones, tiene un diodo de protecci\u00f3n incorporado y es compatible con el indicador de bloqueo opcional ST4880, que permite bloquear autom\u00e1ticamente la automatizaci\u00f3n de puertas o cerraduras con c\u00f3digo cuando est\u00e1n bloqueadas mec\u00e1nicamente.<\/p>\n<p class=\"\" data-start=\"1625\" data-end=\"1651\"><strong data-start=\"1625\" data-end=\"1651\">Caracter\u00edsticas y beneficios:<\/strong><\/p>\n<ul data-start=\"1652\" data-end=\"1965\">\n<li class=\"\" data-start=\"1652\" data-end=\"1695\">\n<p class=\"\" data-start=\"1654\" data-end=\"1695\">Funci\u00f3n correcta: bloqueado en posici\u00f3n desenergizada<\/p>\n<\/li>\n<li class=\"\" data-start=\"1696\" data-end=\"1731\">\n<p class=\"\" data-start=\"1698\" data-end=\"1731\">Contacto de pist\u00f3n para monitorizaci\u00f3n del estado<\/p>\n<\/li>\n<li class=\"\" data-start=\"1732\" data-end=\"1765\">\n<p class=\"\" data-start=\"1734\" data-end=\"1765\">Soporta una presi\u00f3n de hasta 40 kg.<\/p>\n<\/li>\n<li class=\"\" data-start=\"1766\" data-end=\"1790\">\n<p class=\"\" data-start=\"1768\" data-end=\"1790\">Resistencia a la rotura 900 kg<\/p>\n<\/li>\n<li class=\"\" data-start=\"1791\" data-end=\"1826\">\n<p class=\"\" data-start=\"1793\" data-end=\"1826\">Dise\u00f1o compacto: solo 90 mm de alto<\/p>\n<\/li>\n<li class=\"\" data-start=\"1827\" data-end=\"1856\">\n<p class=\"\" data-start=\"1829\" data-end=\"1856\">Diodo de protecci\u00f3n y protector contra sobretensiones<\/p>\n<\/li>\n<li class=\"\" data-start=\"1857\" data-end=\"1896\">\n<p class=\"\" data-start=\"1859\" data-end=\"1896\">Reversible: se adapta a puertas derechas\/izquierdas<\/p>\n<\/li>\n<li class=\"\" data-start=\"1897\" data-end=\"1925\">\n<p class=\"\" data-start=\"1899\" data-end=\"1925\">Para gancho y regla recta<\/p>\n<\/li>\n<li class=\"\" data-start=\"1926\" data-end=\"1965\">\n<p class=\"\" data-start=\"1928\" data-end=\"1965\">Compatible con la indicaci\u00f3n de regla ST4880<\/p>\n<\/li>\n<\/ul>\n<p class=\"\" data-start=\"1967\" data-end=\"2145\"><strong data-start=\"1967\" data-end=\"1990\">\u00c1reas de uso:<\/strong><br data-start=\"1990\" data-end=\"1993\" \/>Adecuado para puertas con cerradura de pomo o llave en viviendas, espacios t\u00e9cnicos, puertas interiores y otros espacios donde se requiere fiabilidad operativa e instalaci\u00f3n compacta.<\/p>\n<p class=\"\" data-start=\"2147\" data-end=\"2176\"><strong data-start=\"2147\" data-end=\"2176\">Especificaciones t\u00e9cnicas:<\/strong><\/p>\n<ul data-start=\"2177\" data-end=\"2546\">\n<li class=\"\" data-start=\"2177\" data-end=\"2215\">\n<p class=\"\" data-start=\"2179\" data-end=\"2215\">Tensi\u00f3n de funcionamiento: 24 V CC (21,6-27,6 V)<\/p>\n<\/li>\n<li class=\"\" data-start=\"2216\" data-end=\"2260\">\n<p class=\"\" data-start=\"2218\" data-end=\"2260\">Consumo de corriente: 110 mA desbloqueado, m\u00e1ximo 300 mA<\/p>\n<\/li>\n<li class=\"\" data-start=\"2261\" data-end=\"2308\">\n<p class=\"\" data-start=\"2263\" data-end=\"2308\">Contacto del pist\u00f3n: Microinterruptor, m\u00e1x. 30 V CC \/ 1 A<\/p>\n<\/li>\n<li class=\"\" data-start=\"2309\" data-end=\"2348\">\n<p class=\"\" data-start=\"2311\" data-end=\"2348\">Bisagra de la puerta: Derecha\/Izquierda (reversible)<\/p>\n<\/li>\n<li class=\"\" data-start=\"2349\" data-end=\"2380\">\n<p class=\"\" data-start=\"2351\" data-end=\"2380\">Dimensiones (An. x Pr. x Al.): 25 x 35 x 90 mm<\/p>\n<\/li>\n<li class=\"\" data-start=\"2381\" data-end=\"2406\">\n<p class=\"\" data-start=\"2383\" data-end=\"2406\">Resistencia a la rotura: 900 kg<\/p>\n<\/li>\n<li class=\"\" data-start=\"2407\" data-end=\"2425\">\n<p class=\"\" data-start=\"2409\" data-end=\"2425\">Presi\u00f3n de la tira: 40 kg<\/p>\n<\/li>\n<li class=\"\" data-start=\"2426\" data-end=\"2443\">\n<p class=\"\" data-start=\"2428\" data-end=\"2443\">Cable: No incluido<\/p>\n<\/li>\n<li class=\"\" data-start=\"2444\" data-end=\"2477\">\n<p class=\"\" data-start=\"2446\" data-end=\"2477\">Tipo de cerradura: Cerradura de uno o dos cerrojos<\/p>\n<\/li>\n<li class=\"\" data-start=\"2478\" data-end=\"2506\">\n<p class=\"\" data-start=\"2480\" data-end=\"2506\">Color\/Acabado: Acero inoxidable<\/p>\n<\/li>\n<li class=\"\" data-start=\"2507\" data-end=\"2546\">\n<p class=\"\" data-start=\"2509\" data-end=\"2546\">Evaluaciones: SundaHus, Evaluaci\u00f3n de materiales de construcci\u00f3n<\/p>\n<\/li>\n<\/ul>","protected":false},"excerpt":{"rendered":"<p>Aqu\u00ed podr\u00e1s ver qu\u00e9 postes y modelos encajan entre s\u00ed de la gama de placas de cierre el\u00e9ctricas STEP.<\/p>\n<h5><strong><a href=\"https:\/\/steplock.com\/sv\/stolpguide\/#!?lang=sv&amp;blog_id=1&amp;paged=1&amp;number=50\" target=\"_blank\" rel=\"noopener\">Gu\u00eda de publicaciones STEP\u00a0<\/a><\/strong><\/h5>\n<h5><strong><a href=\"https:\/\/steplock.com\/sv\/projekteringsguide\/#!?lang=sv&amp;blog_id=1&amp;paged=1&amp;number=999\" target=\"_blank\" rel=\"noopener\">Gu\u00eda de dise\u00f1o STEP<\/a><\/strong><\/h5>","protected":false},"featured_media":147457,"template":"","meta":{"_acf_changed":false},"product_brand":[],"product_cat":[3355],"product_tag":[4197,4200],"class_list":{"0":"post-147458","1":"product","2":"type-product","3":"status-publish","4":"has-post-thumbnail","6":"product_cat-elslutbleck","7":"product_tag-24v","8":"product_tag-rattvand","9":"product_shipping_class-tunga-paket","10":"pa_brands-step","11":"tm-no-options","13":"first","14":"outofstock","15":"sale","16":"taxable","17":"shipping-taxable","18":"purchasable","19":"product-type-simple"},"acf":[],"_links":{"self":[{"href":"https:\/\/secureus.se\/es\/wp-json\/wp\/v2\/product\/147458","targetHints":{"allow":["GET"]}}],"collection":[{"href":"https:\/\/secureus.se\/es\/wp-json\/wp\/v2\/product"}],"about":[{"href":"https:\/\/secureus.se\/es\/wp-json\/wp\/v2\/types\/product"}],"wp:featuredmedia":[{"embeddable":true,"href":"https:\/\/secureus.se\/es\/wp-json\/wp\/v2\/media\/147457"}],"wp:attachment":[{"href":"https:\/\/secureus.se\/es\/wp-json\/wp\/v2\/media?parent=147458"}],"wp:term":[{"taxonomy":"product_brand","embeddable":true,"href":"https:\/\/secureus.se\/es\/wp-json\/wp\/v2\/product_brand?post=147458"},{"taxonomy":"product_cat","embeddable":true,"href":"https:\/\/secureus.se\/es\/wp-json\/wp\/v2\/product_cat?post=147458"},{"taxonomy":"product_tag","embeddable":true,"href":"https:\/\/secureus.se\/es\/wp-json\/wp\/v2\/product_tag?post=147458"}],"curies":[{"name":"wp","href":"https:\/\/api.w.org\/{rel}","templated":true}]}}