{"id":147460,"date":"2023-09-26T13:08:30","date_gmt":"2023-09-26T11:08:30","guid":{"rendered":"https:\/\/secureus.se\/elslutbleck-step-98-rattvand-24v-kolvkontakt\/"},"modified":"2026-04-23T12:34:49","modified_gmt":"2026-04-23T10:34:49","slug":"elslutbleck-step-98-rattvand-24v-kolvkontakt","status":"publish","type":"product","link":"https:\/\/secureus.se\/es\/elslutbleck-step-98-rattvand-24v-kolvkontakt\/","title":{"rendered":"Cerradero el\u00e9ctrico STEP 98 Contacto de pist\u00f3n 24 V orientado a la derecha"},"content":{"rendered":"<h1>Cerradero el\u00e9ctrico STEP 98 Contacto de pist\u00f3n 24 V orientado a la derecha<\/h1>\n<p>STEP 98 Preload es una cerradura el\u00e9ctrica compacta y resistente al fuego con funci\u00f3n para diestros y contacto de pist\u00f3n. Con tecnolog\u00eda de impresi\u00f3n de tiras, funcionamiento a 24 V y opci\u00f3n de indicaci\u00f3n de bloqueo, es perfecto para puertas con cerradura con pomo o llave.<\/p>\n<p>Cerradero el\u00e9ctrico STEP 98 Preload es un cerradero el\u00e9ctrico de la serie Preload de STEP que combina una alta confiabilidad operativa y un dise\u00f1o compacto para su uso en entornos de puertas con cerraduras de pomo o llave.<\/p>\n<p>Con funci\u00f3n para diestros, es decir, que la cerradura se bloquea en posici\u00f3n desenergizada, cumple con altos requisitos de seguridad para oficinas, espacios t\u00e9cnicos y entradas de apartamentos.<\/p>\n<p class=\"\" data-start=\"885\" data-end=\"1244\">Gracias a la tecnolog\u00eda de presi\u00f3n de tira patentada de STEP, la puerta se puede abrir incluso con una presi\u00f3n de tira de hasta 40 kg y la cerradura el\u00e9ctrica tiene clasificaci\u00f3n de resistencia al fuego hasta E\/EI120 seg\u00fan SS-EN 14846:2008.<\/p>\n<p class=\"\" data-start=\"885\" data-end=\"1244\">El interruptor de pist\u00f3n integrado proporciona indicaci\u00f3n del estado de la puerta (abierta\/cerrada), lo que hace que STEP 98 sea perfecto para la conexi\u00f3n a sistemas de control de acceso o sistemas de alarma.<\/p>\n<p class=\"\" data-start=\"1246\" data-end=\"1637\">Con una resistencia a la rotura de 9 kN (900 kg) y soporte tanto para vigas de gancho como rectas, STEP 98 ofrece una soluci\u00f3n robusta para el uso diario. El cerradero el\u00e9ctrico es reversible para puertas de mano derecha e izquierda, a prueba de manipulaci\u00f3n y tiene un diodo de protecci\u00f3n incorporado.<\/p>\n<p class=\"\" data-start=\"1246\" data-end=\"1637\">Tambi\u00e9n es posible complementar con el indicador de bloqueo ST4880, para el bloqueo autom\u00e1tico de la automatizaci\u00f3n de puertas o cerraduras de c\u00f3digo durante el bloqueo mec\u00e1nico.<\/p>\n<p class=\"\" data-start=\"1639\" data-end=\"1665\"><strong data-start=\"1639\" data-end=\"1665\">Caracter\u00edsticas y beneficios:<\/strong><\/p>\n<ul data-start=\"1666\" data-end=\"1975\">\n<li class=\"\" data-start=\"1666\" data-end=\"1703\">\n<p class=\"\" data-start=\"1668\" data-end=\"1703\">Funci\u00f3n correcta: bloqueado sin energ\u00eda<\/p>\n<\/li>\n<li class=\"\" data-start=\"1704\" data-end=\"1751\">\n<p class=\"\" data-start=\"1706\" data-end=\"1751\">Contacto de pist\u00f3n para monitorizar el estado de la puerta<\/p>\n<\/li>\n<li class=\"\" data-start=\"1752\" data-end=\"1772\">\n<p class=\"\" data-start=\"1754\" data-end=\"1772\">Clase de fuego E\/EI120<\/p>\n<\/li>\n<li class=\"\" data-start=\"1773\" data-end=\"1806\">\n<p class=\"\" data-start=\"1775\" data-end=\"1806\">Soporta una presi\u00f3n de hasta 40 kg.<\/p>\n<\/li>\n<li class=\"\" data-start=\"1807\" data-end=\"1839\">\n<p class=\"\" data-start=\"1809\" data-end=\"1839\">Resistencia a la rotura: 9 kN (900 kg)<\/p>\n<\/li>\n<li class=\"\" data-start=\"1840\" data-end=\"1871\">\n<p class=\"\" data-start=\"1842\" data-end=\"1871\">Se adapta a vigas de gancho y rectas.<\/p>\n<\/li>\n<li class=\"\" data-start=\"1872\" data-end=\"1910\">\n<p class=\"\" data-start=\"1874\" data-end=\"1910\">Compatible con el indicador de regla ST4880<\/p>\n<\/li>\n<li class=\"\" data-start=\"1911\" data-end=\"1939\">\n<p class=\"\" data-start=\"1913\" data-end=\"1939\">Diodo de protecci\u00f3n y a prueba de golpes.<\/p>\n<\/li>\n<li class=\"\" data-start=\"1940\" data-end=\"1975\">\n<p class=\"\" data-start=\"1942\" data-end=\"1975\">Reversible \u2013 para puertas derechas\/izquierdas<\/p>\n<\/li>\n<\/ul>\n<p class=\"\" data-start=\"1977\" data-end=\"2155\"><strong data-start=\"1977\" data-end=\"2000\">\u00c1reas de uso:<\/strong><br data-start=\"2000\" data-end=\"2003\" \/>Ideal para puertas que se cierran con pomo o llave, por ejemplo Oficinas, salas t\u00e9cnicas, almacenes y puertas interiores donde se combinan alta fiabilidad y exigencias contra incendios.<\/p>\n<p class=\"\" data-start=\"2157\" data-end=\"2186\"><strong data-start=\"2157\" data-end=\"2186\">Especificaciones t\u00e9cnicas:<\/strong><\/p>\n<ul data-start=\"2187\" data-end=\"2556\">\n<li class=\"\" data-start=\"2187\" data-end=\"2225\">\n<p class=\"\" data-start=\"2189\" data-end=\"2225\">Tensi\u00f3n de funcionamiento: 24 V CC (21,6-27,6 V)<\/p>\n<\/li>\n<li class=\"\" data-start=\"2226\" data-end=\"2270\">\n<p class=\"\" data-start=\"2228\" data-end=\"2270\">Consumo de corriente: 110 mA desbloqueado, m\u00e1ximo 300 mA<\/p>\n<\/li>\n<li class=\"\" data-start=\"2271\" data-end=\"2318\">\n<p class=\"\" data-start=\"2273\" data-end=\"2318\">Contacto del pist\u00f3n: Microinterruptor, m\u00e1x. 30 V CC \/ 1 A<\/p>\n<\/li>\n<li class=\"\" data-start=\"2319\" data-end=\"2358\">\n<p class=\"\" data-start=\"2321\" data-end=\"2358\">Bisagra de la puerta: Derecha\/Izquierda (reversible)<\/p>\n<\/li>\n<li class=\"\" data-start=\"2359\" data-end=\"2390\">\n<p class=\"\" data-start=\"2361\" data-end=\"2390\">Dimensiones (An. x Pr. x Al.): 25 x 35 x 90 mm<\/p>\n<\/li>\n<li class=\"\" data-start=\"2391\" data-end=\"2416\">\n<p class=\"\" data-start=\"2393\" data-end=\"2416\">Resistencia a la rotura: 900 kg<\/p>\n<\/li>\n<li class=\"\" data-start=\"2417\" data-end=\"2435\">\n<p class=\"\" data-start=\"2419\" data-end=\"2435\">Presi\u00f3n de la tira: 40 kg<\/p>\n<\/li>\n<li class=\"\" data-start=\"2436\" data-end=\"2453\">\n<p class=\"\" data-start=\"2438\" data-end=\"2453\">Cable: No incluido<\/p>\n<\/li>\n<li class=\"\" data-start=\"2454\" data-end=\"2487\">\n<p class=\"\" data-start=\"2456\" data-end=\"2487\">Tipo de cerradura: Cerradura de uno o dos cerrojos<\/p>\n<\/li>\n<li class=\"\" data-start=\"2488\" data-end=\"2516\">\n<p class=\"\" data-start=\"2490\" data-end=\"2516\">Color\/Acabado: Acero inoxidable<\/p>\n<\/li>\n<li class=\"\" data-start=\"2517\" data-end=\"2556\">\n<p class=\"\" data-start=\"2519\" data-end=\"2556\">Evaluaciones: SundaHus, Evaluaci\u00f3n de materiales de construcci\u00f3n<\/p>\n<\/li>\n<\/ul>","protected":false},"excerpt":{"rendered":"<p>Aqu\u00ed podr\u00e1s ver qu\u00e9 postes y modelos encajan entre s\u00ed de la gama de placas de cierre el\u00e9ctricas STEP.<\/p>\n<h5><strong><a href=\"https:\/\/steplock.com\/sv\/stolpguide\/#!?lang=sv&amp;blog_id=1&amp;paged=1&amp;number=50\" target=\"_blank\" rel=\"noopener\">Gu\u00eda de publicaciones STEP\u00a0<\/a><\/strong><\/h5>\n<h5><strong><a href=\"https:\/\/steplock.com\/sv\/projekteringsguide\/#!?lang=sv&amp;blog_id=1&amp;paged=1&amp;number=999\" target=\"_blank\" rel=\"noopener\">Gu\u00eda de dise\u00f1o STEP<\/a><\/strong><\/h5>","protected":false},"featured_media":147459,"template":"","meta":{"_acf_changed":false},"product_brand":[],"product_cat":[3355],"product_tag":[4197,4200],"class_list":{"0":"post-147460","1":"product","2":"type-product","3":"status-publish","4":"has-post-thumbnail","6":"product_cat-elslutbleck","7":"product_tag-24v","8":"product_tag-rattvand","9":"product_shipping_class-tunga-paket","10":"pa_brands-step","11":"tm-no-options","13":"first","14":"instock","15":"sale","16":"taxable","17":"shipping-taxable","18":"purchasable","19":"product-type-simple"},"acf":[],"_links":{"self":[{"href":"https:\/\/secureus.se\/es\/wp-json\/wp\/v2\/product\/147460","targetHints":{"allow":["GET"]}}],"collection":[{"href":"https:\/\/secureus.se\/es\/wp-json\/wp\/v2\/product"}],"about":[{"href":"https:\/\/secureus.se\/es\/wp-json\/wp\/v2\/types\/product"}],"wp:featuredmedia":[{"embeddable":true,"href":"https:\/\/secureus.se\/es\/wp-json\/wp\/v2\/media\/147459"}],"wp:attachment":[{"href":"https:\/\/secureus.se\/es\/wp-json\/wp\/v2\/media?parent=147460"}],"wp:term":[{"taxonomy":"product_brand","embeddable":true,"href":"https:\/\/secureus.se\/es\/wp-json\/wp\/v2\/product_brand?post=147460"},{"taxonomy":"product_cat","embeddable":true,"href":"https:\/\/secureus.se\/es\/wp-json\/wp\/v2\/product_cat?post=147460"},{"taxonomy":"product_tag","embeddable":true,"href":"https:\/\/secureus.se\/es\/wp-json\/wp\/v2\/product_tag?post=147460"}],"curies":[{"name":"wp","href":"https:\/\/api.w.org\/{rel}","templated":true}]}}