{"id":147462,"date":"2023-09-26T13:08:25","date_gmt":"2023-09-26T11:08:25","guid":{"rendered":"https:\/\/secureus.se\/elslutbleck-step-30-rattvand-24v\/"},"modified":"2026-04-08T16:06:37","modified_gmt":"2026-04-08T14:06:37","slug":"elslutbleck-step-30-rattvand-24v","status":"publish","type":"product","link":"https:\/\/secureus.se\/es\/elslutbleck-step-30-rattvand-24v\/","title":{"rendered":"Cerradero el\u00e9ctrico PASO 30 Orientado a la derecha 24V"},"content":{"rendered":"<h1>Cerradero el\u00e9ctrico PASO 30 Orientado a la derecha 24V<\/h1>\n<p>STEP 30 Preload es una cerradura el\u00e9ctrica compacta con funci\u00f3n orientada hacia adelante, especialmente adaptada para reemplazar cerraduras el\u00e9ctricas m\u00e1s simples en entornos de puertas m\u00e1s antiguos. Con tecnolog\u00eda de presi\u00f3n de tira, funcionamiento a 24V y resistencia a la rotura de 500 kg.<\/p>\n<p>La cerradura el\u00e9ctrica STEP 30 Preload es una cerradura el\u00e9ctrica minimalista de la serie Preload de STEP, dise\u00f1ada para sustituir cerraduras el\u00e9ctricas m\u00e1s sencillas en entornos de puertas existentes sin necesidad de una intervenci\u00f3n importante.<\/p>\n<p>El dise\u00f1o compacto hace que sea f\u00e1cil de instalar en secciones de puertas m\u00e1s antiguas o huecos estrechos, mientras que la tecnolog\u00eda de presi\u00f3n de tira patentada de STEP garantiza que la puerta se abra incluso cuando se aplica presi\u00f3n a la hoja de la puerta.<\/p>\n<p class=\"\" data-start=\"869\" data-end=\"1170\">Con funci\u00f3n reversible, es decir que la cerradura se bloquea en caso de corte de corriente, STEP 30 es adecuado para espacios donde el cierre seguro es una prioridad.<\/p>\n<p class=\"\" data-start=\"869\" data-end=\"1170\">Puede soportar una presi\u00f3n de tira de hasta 40 kg y tiene una resistencia a la rotura de 5 kN (500 kg), lo que lo convierte en una opci\u00f3n confiable para zonas de seguridad internas m\u00e1s simples.<\/p>\n<p class=\"\" data-start=\"1172\" data-end=\"1415\">La cerradura el\u00e9ctrica es reversible para puertas de apertura derecha e izquierda y tiene un diodo de protecci\u00f3n incorporado y protecci\u00f3n contra golpes.<\/p>\n<p class=\"\" data-start=\"1172\" data-end=\"1415\">Se entrega sin contacto de pist\u00f3n, lo que convierte al STEP 30 en una alternativa conveniente y rentable cuando no se requiere indicaci\u00f3n.<\/p>\n<p class=\"\" data-start=\"1417\" data-end=\"1443\"><strong data-start=\"1417\" data-end=\"1443\">Caracter\u00edsticas y beneficios:<\/strong><\/p>\n<ul data-start=\"1444\" data-end=\"1761\">\n<li class=\"\" data-start=\"1444\" data-end=\"1497\">\n<p class=\"\" data-start=\"1446\" data-end=\"1497\">Dise\u00f1o compacto: se adapta a secciones de puertas y huecos m\u00e1s antiguos<\/p>\n<\/li>\n<li class=\"\" data-start=\"1498\" data-end=\"1542\">\n<p class=\"\" data-start=\"1500\" data-end=\"1542\">Funci\u00f3n inversa: bloqueada en caso de corte de energ\u00eda<\/p>\n<\/li>\n<li class=\"\" data-start=\"1543\" data-end=\"1562\">\n<p class=\"\" data-start=\"1545\" data-end=\"1562\">Voltaje de funcionamiento de 24 V<\/p>\n<\/li>\n<li class=\"\" data-start=\"1563\" data-end=\"1608\">\n<p class=\"\" data-start=\"1565\" data-end=\"1608\">Tecnolog\u00eda de presi\u00f3n de tira: se abre a pesar de una presi\u00f3n de 40 kg<\/p>\n<\/li>\n<li class=\"\" data-start=\"1609\" data-end=\"1640\">\n<p class=\"\" data-start=\"1611\" data-end=\"1640\">Resistencia a la rotura 5 kN (500 kg)<\/p>\n<\/li>\n<li class=\"\" data-start=\"1641\" data-end=\"1680\">\n<p class=\"\" data-start=\"1643\" data-end=\"1680\">Diodo de protecci\u00f3n integrado y a prueba de golpes<\/p>\n<\/li>\n<li class=\"\" data-start=\"1681\" data-end=\"1723\">\n<p class=\"\" data-start=\"1683\" data-end=\"1723\">Reversible: puertas batientes a la derecha y a la izquierda<\/p>\n<\/li>\n<li class=\"\" data-start=\"1724\" data-end=\"1761\">\n<p class=\"\" data-start=\"1726\" data-end=\"1761\">Adecuado para cerraduras de una y dos hojas.<\/p>\n<\/li>\n<\/ul>\n<p class=\"\" data-start=\"1763\" data-end=\"1934\"><strong data-start=\"1763\" data-end=\"1786\">\u00c1reas de uso:<\/strong><br data-start=\"1786\" data-end=\"1789\" \/>Perfecto para oficinas, trasteros y edificios antiguos donde se necesita una simple actualizaci\u00f3n de una cerradura el\u00e9ctrica existente sin comprometer la confiabilidad operativa.<\/p>\n<p class=\"\" data-start=\"1936\" data-end=\"1965\"><strong data-start=\"1936\" data-end=\"1965\">Especificaciones t\u00e9cnicas:<\/strong><\/p>\n<ul data-start=\"1966\" data-end=\"2308\">\n<li class=\"\" data-start=\"1966\" data-end=\"2004\">\n<p class=\"\" data-start=\"1968\" data-end=\"2004\">Tensi\u00f3n de funcionamiento: 24 V CC (21,6-27,6 V)<\/p>\n<\/li>\n<li class=\"\" data-start=\"2005\" data-end=\"2049\">\n<p class=\"\" data-start=\"2007\" data-end=\"2049\">Consumo de corriente: 110 mA desbloqueado, m\u00e1ximo 300 mA<\/p>\n<\/li>\n<li class=\"\" data-start=\"2050\" data-end=\"2089\">\n<p class=\"\" data-start=\"2052\" data-end=\"2089\">Bisagra de la puerta: Derecha\/Izquierda (reversible)<\/p>\n<\/li>\n<li class=\"\" data-start=\"2090\" data-end=\"2123\">\n<p class=\"\" data-start=\"2092\" data-end=\"2123\">Dimensiones (An. x Pr. x Al.): 20,5 x 28 x 99 mm<\/p>\n<\/li>\n<li class=\"\" data-start=\"2124\" data-end=\"2149\">\n<p class=\"\" data-start=\"2126\" data-end=\"2149\">Resistencia a la rotura: 500 kg<\/p>\n<\/li>\n<li class=\"\" data-start=\"2150\" data-end=\"2168\">\n<p class=\"\" data-start=\"2152\" data-end=\"2168\">Presi\u00f3n de la tira: 40 kg<\/p>\n<\/li>\n<li class=\"\" data-start=\"2169\" data-end=\"2187\">\n<p class=\"\" data-start=\"2171\" data-end=\"2187\">Contacto del pist\u00f3n: No<\/p>\n<\/li>\n<li class=\"\" data-start=\"2188\" data-end=\"2205\">\n<p class=\"\" data-start=\"2190\" data-end=\"2205\">Cable: No incluido<\/p>\n<\/li>\n<li class=\"\" data-start=\"2206\" data-end=\"2239\">\n<p class=\"\" data-start=\"2208\" data-end=\"2239\">Tipo de cerradura: Cerradura de uno o dos cerrojos<\/p>\n<\/li>\n<li class=\"\" data-start=\"2240\" data-end=\"2268\">\n<p class=\"\" data-start=\"2242\" data-end=\"2268\">Color\/Acabado: Acero inoxidable<\/p>\n<\/li>\n<li class=\"\" data-start=\"2269\" data-end=\"2308\">\n<p class=\"\" data-start=\"2271\" data-end=\"2308\">Evaluaciones: SundaHus, Evaluaci\u00f3n de materiales de construcci\u00f3n<\/p>\n<\/li>\n<\/ul>","protected":false},"excerpt":{"rendered":"<p>Aqu\u00ed podr\u00e1s ver qu\u00e9 postes y modelos encajan entre s\u00ed de la gama de placas de cierre el\u00e9ctricas STEP.<\/p>\n<h5><strong><a href=\"https:\/\/steplock.com\/sv\/stolpguide\/#!?lang=sv&amp;blog_id=1&amp;paged=1&amp;number=50\" target=\"_blank\" rel=\"noopener\">Gu\u00eda de publicaciones STEP\u00a0<\/a><\/strong><\/h5>\n<h5><strong><a href=\"https:\/\/steplock.com\/sv\/projekteringsguide\/#!?lang=sv&amp;blog_id=1&amp;paged=1&amp;number=999\" target=\"_blank\" rel=\"noopener\">Gu\u00eda de dise\u00f1o STEP<\/a><\/strong><\/h5>","protected":false},"featured_media":147461,"template":"","meta":{"_acf_changed":false},"product_brand":[],"product_cat":[3355],"product_tag":[4197,4200],"class_list":{"0":"post-147462","1":"product","2":"type-product","3":"status-publish","4":"has-post-thumbnail","6":"product_cat-elslutbleck","7":"product_tag-24v","8":"product_tag-rattvand","9":"product_shipping_class-tunga-paket","10":"pa_brands-step","11":"tm-no-options","13":"first","14":"instock","15":"sale","16":"taxable","17":"shipping-taxable","18":"purchasable","19":"product-type-simple"},"acf":[],"_links":{"self":[{"href":"https:\/\/secureus.se\/es\/wp-json\/wp\/v2\/product\/147462","targetHints":{"allow":["GET"]}}],"collection":[{"href":"https:\/\/secureus.se\/es\/wp-json\/wp\/v2\/product"}],"about":[{"href":"https:\/\/secureus.se\/es\/wp-json\/wp\/v2\/types\/product"}],"wp:featuredmedia":[{"embeddable":true,"href":"https:\/\/secureus.se\/es\/wp-json\/wp\/v2\/media\/147461"}],"wp:attachment":[{"href":"https:\/\/secureus.se\/es\/wp-json\/wp\/v2\/media?parent=147462"}],"wp:term":[{"taxonomy":"product_brand","embeddable":true,"href":"https:\/\/secureus.se\/es\/wp-json\/wp\/v2\/product_brand?post=147462"},{"taxonomy":"product_cat","embeddable":true,"href":"https:\/\/secureus.se\/es\/wp-json\/wp\/v2\/product_cat?post=147462"},{"taxonomy":"product_tag","embeddable":true,"href":"https:\/\/secureus.se\/es\/wp-json\/wp\/v2\/product_tag?post=147462"}],"curies":[{"name":"wp","href":"https:\/\/api.w.org\/{rel}","templated":true}]}}