{"id":147466,"date":"2023-09-26T13:08:24","date_gmt":"2023-09-26T11:08:24","guid":{"rendered":"https:\/\/secureus.se\/elslutbleck-step-40-omstallbar-12v\/"},"modified":"2026-03-26T09:46:32","modified_gmt":"2026-03-26T08:46:32","slug":"elslutbleck-step-40-omstallbar-12v","status":"publish","type":"product","link":"https:\/\/secureus.se\/es\/elslutbleck-step-40-omstallbar-12v\/","title":{"rendered":"Cerradero el\u00e9ctrico STEP 40 Regulable 12V"},"content":{"rendered":"<h1>Cerradero el\u00e9ctrico STEP 40 Regulable 12V<\/h1>\n<p>STEP 40 Preload es un cerradero el\u00e9ctrico compacto y regulable con funcionamiento a 12V, tecnolog\u00eda HPR y alta resistencia a la rotura. Funci\u00f3n flexible que se puede configurar para avanzar o retroceder. Perfecto para puertas con altas exigencias en fiabilidad operativa.<\/p>\n<p>La cerradura el\u00e9ctrica precargada STEP 40 es una cerradura el\u00e9ctrica vers\u00e1til y confiable de la serie Preload de STEP, dise\u00f1ada para funcionar en entornos de puertas exigentes donde la alta frecuencia de apertura y la funci\u00f3n segura son importantes.<\/p>\n<p>Esta versi\u00f3n se puede conmutar entre funci\u00f3n de avance y retroceso, lo que significa que puede elegir f\u00e1cilmente si la cerradura debe bloquearse o desbloquearse en caso de un corte de energ\u00eda, sin tener que cambiar el producto.<\/p>\n<p data-start=\"910\" data-end=\"1301\">STEP 40 est\u00e1 equipado con tecnolog\u00eda patentada HPR\u00ae que permite el desbloqueo incluso cuando la puerta est\u00e1 sometida a una presi\u00f3n de banda de hasta 250 kg. Con una resistencia a la rotura de 1.200 kg, la cerradura el\u00e9ctrica est\u00e1 dise\u00f1ada para ofrecer un funcionamiento duradero y seguro incluso con un uso intensivo.<\/p>\n<p data-start=\"910\" data-end=\"1301\">El producto est\u00e1 probado en f\u00e1brica durante 1.500.000 ciclos, lo que lo hace ideal para puertas con alto rendimiento.<\/p>\n<p data-start=\"1303\" data-end=\"1529\">El formato compacto y el dise\u00f1o reversible facilitan la instalaci\u00f3n tanto en puertas con bisagras hacia la derecha como hacia la izquierda.<\/p>\n<p data-start=\"1303\" data-end=\"1529\">La placa de cierre el\u00e9ctrica tambi\u00e9n es a prueba de manipulaciones, tiene un diodo de protecci\u00f3n incorporado y se adapta tanto a cerraduras de pestillo simple como de pestillo doble.<\/p>\n<p class=\"\" data-start=\"1531\" data-end=\"1557\"><strong data-start=\"1531\" data-end=\"1557\">Caracter\u00edsticas y beneficios:<\/strong><\/p>\n<ul data-start=\"1558\" data-end=\"1875\">\n<li class=\"\" data-start=\"1558\" data-end=\"1608\">\n<p class=\"\" data-start=\"1560\" data-end=\"1608\">Funci\u00f3n reversible: elija hacia adelante o hacia atr\u00e1s<\/p>\n<\/li>\n<li class=\"\" data-start=\"1609\" data-end=\"1654\">\n<p class=\"\" data-start=\"1611\" data-end=\"1654\">Compacto y reversible para puertas derecha\/izquierda<\/p>\n<\/li>\n<li class=\"\" data-start=\"1655\" data-end=\"1674\">\n<p class=\"\" data-start=\"1657\" data-end=\"1674\">Voltaje de funcionamiento de 12 V<\/p>\n<\/li>\n<li class=\"\" data-start=\"1675\" data-end=\"1709\">\n<p class=\"\" data-start=\"1677\" data-end=\"1709\">Soporta una presi\u00f3n de moldeo de hasta 250 kg.<\/p>\n<\/li>\n<li class=\"\" data-start=\"1710\" data-end=\"1736\">\n<p class=\"\" data-start=\"1712\" data-end=\"1736\">Resistencia a la rotura 1.200 kg<\/p>\n<\/li>\n<li class=\"\" data-start=\"1737\" data-end=\"1782\">\n<p class=\"\" data-start=\"1739\" data-end=\"1782\">Tecnolog\u00eda HPR\u00ae: funcionamiento fiable incluso bajo presi\u00f3n<\/p>\n<\/li>\n<li class=\"\" data-start=\"1783\" data-end=\"1812\">\n<p class=\"\" data-start=\"1785\" data-end=\"1812\">Probado durante 1.500.000 ciclos<\/p>\n<\/li>\n<li class=\"\" data-start=\"1813\" data-end=\"1842\">\n<p class=\"\" data-start=\"1815\" data-end=\"1842\">Diodo de protecci\u00f3n y protector contra sobretensiones<\/p>\n<\/li>\n<li class=\"\" data-start=\"1843\" data-end=\"1875\">\n<p class=\"\" data-start=\"1845\" data-end=\"1875\">Se adapta a cerraduras de una y dos hojas.<\/p>\n<\/li>\n<\/ul>\n<p class=\"\" data-start=\"1877\" data-end=\"2078\"><strong data-start=\"1877\" data-end=\"1900\">\u00c1reas de uso:<\/strong><br data-start=\"1900\" data-end=\"1903\" \/>Perfecto para oficinas, entornos p\u00fablicos y edificios de apartamentos donde se requiere una cerradura el\u00e9ctrica compacta, flexible y confiable. Soluci\u00f3n sencilla tanto para nueva instalaci\u00f3n como para renovaciones.<\/p>\n<p class=\"\" data-start=\"2080\" data-end=\"2109\"><strong data-start=\"2080\" data-end=\"2109\">Especificaciones t\u00e9cnicas:<\/strong><\/p>\n<ul data-start=\"2110\" data-end=\"2453\">\n<li class=\"\" data-start=\"2110\" data-end=\"2148\">\n<p class=\"\" data-start=\"2112\" data-end=\"2148\">Voltaje de funcionamiento: 12 V CC (10,8-13,8 V)<\/p>\n<\/li>\n<li class=\"\" data-start=\"2149\" data-end=\"2193\">\n<p class=\"\" data-start=\"2151\" data-end=\"2193\">Consumo de corriente: 220 mA desbloqueado, m\u00e1ximo 600 mA<\/p>\n<\/li>\n<li class=\"\" data-start=\"2194\" data-end=\"2233\">\n<p class=\"\" data-start=\"2196\" data-end=\"2233\">Bisagra de la puerta: Derecha\/Izquierda (reversible)<\/p>\n<\/li>\n<li class=\"\" data-start=\"2234\" data-end=\"2265\">\n<p class=\"\" data-start=\"2236\" data-end=\"2265\">Dimensiones (An. x Pr. x Al.): 25 x 28 x 90 mm<\/p>\n<\/li>\n<li class=\"\" data-start=\"2266\" data-end=\"2293\">\n<p class=\"\" data-start=\"2268\" data-end=\"2293\">Resistencia a la rotura: 1.200 kg<\/p>\n<\/li>\n<li class=\"\" data-start=\"2294\" data-end=\"2313\">\n<p class=\"\" data-start=\"2296\" data-end=\"2313\">Presi\u00f3n de la tira: 250 kg<\/p>\n<\/li>\n<li class=\"\" data-start=\"2314\" data-end=\"2331\">\n<p class=\"\" data-start=\"2316\" data-end=\"2331\">Cable: No incluido<\/p>\n<\/li>\n<li class=\"\" data-start=\"2332\" data-end=\"2350\">\n<p class=\"\" data-start=\"2334\" data-end=\"2350\">Contacto del pist\u00f3n: No<\/p>\n<\/li>\n<li class=\"\" data-start=\"2351\" data-end=\"2384\">\n<p class=\"\" data-start=\"2353\" data-end=\"2384\">Tipo de cerradura: Cerradura de uno o dos cerrojos<\/p>\n<\/li>\n<li class=\"\" data-start=\"2385\" data-end=\"2413\">\n<p class=\"\" data-start=\"2387\" data-end=\"2413\">Color\/Acabado: Acero inoxidable<\/p>\n<\/li>\n<li class=\"\" data-start=\"2414\" data-end=\"2453\">\n<p class=\"\" data-start=\"2416\" data-end=\"2453\">Evaluaciones: SundaHus, Evaluaci\u00f3n de materiales de construcci\u00f3n<\/p>\n<\/li>\n<\/ul>","protected":false},"excerpt":{"rendered":"<p>Aqu\u00ed podr\u00e1s ver qu\u00e9 postes y modelos encajan entre s\u00ed de la gama de placas de cierre el\u00e9ctricas STEP.<\/p>\n<h5><strong><a href=\"https:\/\/steplock.com\/sv\/stolpguide\/#!?lang=sv&amp;blog_id=1&amp;paged=1&amp;number=50\" target=\"_blank\" rel=\"noopener\">Gu\u00eda de publicaciones STEP\u00a0<\/a><\/strong><\/h5>\n<h5><strong><a href=\"https:\/\/steplock.com\/sv\/projekteringsguide\/#!?lang=sv&amp;blog_id=1&amp;paged=1&amp;number=999\" target=\"_blank\" rel=\"noopener\">Gu\u00eda de dise\u00f1o STEP<\/a><\/strong><\/h5>","protected":false},"featured_media":147463,"template":"","meta":{"_acf_changed":false},"product_brand":[],"product_cat":[3355],"product_tag":[4198,4202],"class_list":{"0":"post-147466","1":"product","2":"type-product","3":"status-publish","4":"has-post-thumbnail","6":"product_cat-elslutbleck","7":"product_tag-12v","8":"product_tag-omstallbar-rattvand-omvand","9":"product_shipping_class-tunga-paket","10":"pa_brands-step","11":"tm-no-options","13":"first","14":"instock","15":"sale","16":"taxable","17":"shipping-taxable","18":"purchasable","19":"product-type-simple"},"acf":[],"_links":{"self":[{"href":"https:\/\/secureus.se\/es\/wp-json\/wp\/v2\/product\/147466","targetHints":{"allow":["GET"]}}],"collection":[{"href":"https:\/\/secureus.se\/es\/wp-json\/wp\/v2\/product"}],"about":[{"href":"https:\/\/secureus.se\/es\/wp-json\/wp\/v2\/types\/product"}],"wp:featuredmedia":[{"embeddable":true,"href":"https:\/\/secureus.se\/es\/wp-json\/wp\/v2\/media\/147463"}],"wp:attachment":[{"href":"https:\/\/secureus.se\/es\/wp-json\/wp\/v2\/media?parent=147466"}],"wp:term":[{"taxonomy":"product_brand","embeddable":true,"href":"https:\/\/secureus.se\/es\/wp-json\/wp\/v2\/product_brand?post=147466"},{"taxonomy":"product_cat","embeddable":true,"href":"https:\/\/secureus.se\/es\/wp-json\/wp\/v2\/product_cat?post=147466"},{"taxonomy":"product_tag","embeddable":true,"href":"https:\/\/secureus.se\/es\/wp-json\/wp\/v2\/product_tag?post=147466"}],"curies":[{"name":"wp","href":"https:\/\/api.w.org\/{rel}","templated":true}]}}