{"id":147471,"date":"2023-09-26T13:08:21","date_gmt":"2023-09-26T11:08:21","guid":{"rendered":"https:\/\/secureus.se\/elslutbleck-step-18-vanster-rattvand-24v-7mm-regel-connect\/"},"modified":"2026-04-08T16:18:00","modified_gmt":"2026-04-08T14:18:00","slug":"elslutbleck-step-18-vanster-rattvand-24v-7mm-regel-connect","status":"publish","type":"product","link":"https:\/\/secureus.se\/es\/elslutbleck-step-18-vanster-rattvand-24v-7mm-regel-connect\/","title":{"rendered":"Cerradura el\u00e9ctrica PASO 18 Izquierda Derecha 24 V Regla de 7 mm Conectar"},"content":{"rendered":"<h1>Cerradura el\u00e9ctrica PASO 18 Izquierda Derecha 24 V Regla de 7 mm Conectar<\/h1>\n<p>STEP 18 Secure es una cerradura el\u00e9ctrica de alta seguridad para puertas batientes a la izquierda con pestillo Connect de 7 mm. Funci\u00f3n orientada hacia la derecha, clase de fuego E\/EI60, contacto de pist\u00f3n y cable de 5 m. Soporta una resistencia a la rotura de 1500 kg.<\/p>\n<p>La cerradura el\u00e9ctrica STEP 18 Secure de la serie Secure de STEP ofrece la m\u00e1xima seguridad del mercado en entornos de puertas con entrada y salida intensiva.<\/p>\n<p>Esta variante est\u00e1 adaptada para puertas batientes a la izquierda con un pist\u00f3n de 7 mm de la serie Connect y ofrece una excelente protecci\u00f3n contra intrusiones combinada con un funcionamiento r\u00e1pido y confiable.<\/p>\n<p class=\"\" data-start=\"852\" data-end=\"1134\">Con la funci\u00f3n para mano derecha (bloqueada en la posici\u00f3n desenergizada), la cerradura el\u00e9ctrica es ideal para puertas con clasificaci\u00f3n de seguridad donde el paso solo se permite durante el funcionamiento energizado.<\/p>\n<p class=\"\" data-start=\"852\" data-end=\"1134\">El producto est\u00e1 homologado para incendios hasta E\/EI60 seg\u00fan SS-EN 14846 y aprobado para bloquear puertas en la clase de seguridad RC4.<\/p>\n<p class=\"\" data-start=\"1136\" data-end=\"1504\">STEP 18 est\u00e1 equipado con un interruptor de \u00e9mbolo y un interruptor de pestillo, que proporciona una indicaci\u00f3n de estado clara (abierto\/cerrado, bloqueado\/desbloqueado) y permite una integraci\u00f3n perfecta con sistemas de control de acceso y soluciones de alarma.<\/p>\n<p class=\"\" data-start=\"1136\" data-end=\"1504\">Puede soportar una presi\u00f3n de fleje de hasta 5 kN (500 kg) y tiene una resistencia a la rotura de 15 kN (1500 kg), lo que lo hace ideal para entornos donde se requiere tanto robustez como rendimiento.<\/p>\n<p class=\"\" data-start=\"1506\" data-end=\"1640\">Viene completo con 5 metros de cable libre de hal\u00f3genos, diodo de protecci\u00f3n incorporado y es a prueba de manipulaciones para resistir la manipulaci\u00f3n externa.<\/p>\n<p class=\"\" data-start=\"1642\" data-end=\"1668\"><strong data-start=\"1642\" data-end=\"1668\">Caracter\u00edsticas y beneficios:<\/strong><\/p>\n<ul data-start=\"1669\" data-end=\"1952\">\n<li class=\"\" data-start=\"1669\" data-end=\"1702\">\n<p class=\"\" data-start=\"1671\" data-end=\"1702\">Para pernos de 7 mm de la serie Connect<\/p>\n<\/li>\n<li class=\"\" data-start=\"1703\" data-end=\"1747\">\n<p class=\"\" data-start=\"1705\" data-end=\"1747\">Funci\u00f3n inversa: bloqueada en caso de corte de energ\u00eda<\/p>\n<\/li>\n<li class=\"\" data-start=\"1748\" data-end=\"1767\">\n<p class=\"\" data-start=\"1750\" data-end=\"1767\">Puerta con bisagras a la izquierda<\/p>\n<\/li>\n<li class=\"\" data-start=\"1768\" data-end=\"1807\">\n<p class=\"\" data-start=\"1770\" data-end=\"1807\">Clase de fuego E\/EI60: probada durante 60 minutos<\/p>\n<\/li>\n<li class=\"\" data-start=\"1808\" data-end=\"1838\">\n<p class=\"\" data-start=\"1810\" data-end=\"1838\">Contacto de pist\u00f3n y contacto de pestillo<\/p>\n<\/li>\n<li class=\"\" data-start=\"1839\" data-end=\"1889\">\n<p class=\"\" data-start=\"1841\" data-end=\"1889\">Soporta 500 kg de presi\u00f3n de tira, 1500 kg de resistencia a la rotura.<\/p>\n<\/li>\n<li class=\"\" data-start=\"1890\" data-end=\"1919\">\n<p class=\"\" data-start=\"1892\" data-end=\"1919\">Diodo de protecci\u00f3n y protector contra sobretensiones<\/p>\n<\/li>\n<li class=\"\" data-start=\"1920\" data-end=\"1952\">\n<p class=\"\" data-start=\"1922\" data-end=\"1952\">Cable libre de hal\u00f3genos de 5 metros incluido<\/p>\n<\/li>\n<\/ul>\n<p class=\"\" data-start=\"1954\" data-end=\"2110\"><strong data-start=\"1954\" data-end=\"1977\">\u00c1reas de uso:<\/strong><br data-start=\"1977\" data-end=\"1980\" \/>Adecuado para puertas de seguridad en agencias gubernamentales, prisiones, bancos y otros entornos de puertas donde la alta seguridad y el estr\u00e9s diario son la norma.<\/p>\n<p class=\"\" data-start=\"2112\" data-end=\"2141\"><strong data-start=\"2112\" data-end=\"2141\">Especificaciones t\u00e9cnicas:<\/strong><\/p>\n<ul data-start=\"2142\" data-end=\"2488\">\n<li class=\"\" data-start=\"2142\" data-end=\"2180\">\n<p class=\"\" data-start=\"2144\" data-end=\"2180\">Tensi\u00f3n de funcionamiento: 24 V CC (21,6-27,6 V)<\/p>\n<\/li>\n<li class=\"\" data-start=\"2181\" data-end=\"2213\">\n<p class=\"\" data-start=\"2183\" data-end=\"2213\">Consumo de energ\u00eda: 313 mA desbloqueado<\/p>\n<\/li>\n<li class=\"\" data-start=\"2214\" data-end=\"2237\">\n<p class=\"\" data-start=\"2216\" data-end=\"2237\">Bisagra de la puerta: izquierda<\/p>\n<\/li>\n<li class=\"\" data-start=\"2238\" data-end=\"2259\">\n<p class=\"\" data-start=\"2240\" data-end=\"2259\">Longitud del cable: 5 metros<\/p>\n<\/li>\n<li class=\"\" data-start=\"2260\" data-end=\"2286\">\n<p class=\"\" data-start=\"2262\" data-end=\"2286\">Resistencia a la rotura: 1500 kg<\/p>\n<\/li>\n<li class=\"\" data-start=\"2287\" data-end=\"2306\">\n<p class=\"\" data-start=\"2289\" data-end=\"2306\">Presi\u00f3n de lista: 500 kg<\/p>\n<\/li>\n<li class=\"\" data-start=\"2307\" data-end=\"2339\">\n<p class=\"\" data-start=\"2309\" data-end=\"2339\">Dimensiones (An. x Pr. x Al.): 35 x 40 x 230 mm<\/p>\n<\/li>\n<li class=\"\" data-start=\"2340\" data-end=\"2371\">\n<p class=\"\" data-start=\"2342\" data-end=\"2371\">Tipo de cerradura: Cerradura de gancho, Cerradura con pestillo<\/p>\n<\/li>\n<li class=\"\" data-start=\"2372\" data-end=\"2419\">\n<p class=\"\" data-start=\"2374\" data-end=\"2419\">Contacto del pist\u00f3n: Microinterruptor, m\u00e1x. 30 V CC \/ 1 A<\/p>\n<\/li>\n<li class=\"\" data-start=\"2420\" data-end=\"2448\">\n<p class=\"\" data-start=\"2422\" data-end=\"2448\">Color\/Acabado: Acero inoxidable<\/p>\n<\/li>\n<li class=\"\" data-start=\"2449\" data-end=\"2488\">\n<p class=\"\" data-start=\"2451\" data-end=\"2488\">Evaluaciones: SundaHus, Evaluaci\u00f3n de materiales de construcci\u00f3n<\/p>\n<\/li>\n<\/ul>","protected":false},"excerpt":{"rendered":"<p>Aqu\u00ed podr\u00e1s ver qu\u00e9 postes y modelos encajan entre s\u00ed de la gama de placas de cierre el\u00e9ctricas STEP.<\/p>\n<h5><strong><a href=\"https:\/\/steplock.com\/sv\/stolpguide\/#!?lang=sv&amp;blog_id=1&amp;paged=1&amp;number=50\" target=\"_blank\" rel=\"noopener\">Gu\u00eda de publicaciones STEP\u00a0<\/a><\/strong><\/h5>\n<h5><strong><a href=\"https:\/\/steplock.com\/sv\/projekteringsguide\/#!?lang=sv&amp;blog_id=1&amp;paged=1&amp;number=999\" target=\"_blank\" rel=\"noopener\">Gu\u00eda de dise\u00f1o STEP<\/a><\/strong><\/h5>","protected":false},"featured_media":147467,"template":"","meta":{"_acf_changed":false},"product_brand":[],"product_cat":[3355],"product_tag":[4197,4200],"class_list":{"0":"post-147471","1":"product","2":"type-product","3":"status-publish","4":"has-post-thumbnail","6":"product_cat-elslutbleck","7":"product_tag-24v","8":"product_tag-rattvand","9":"product_shipping_class-tunga-paket","10":"pa_brands-step","11":"tm-no-options","13":"first","14":"onbackorder","15":"sale","16":"taxable","17":"shipping-taxable","18":"purchasable","19":"product-type-simple"},"acf":[],"_links":{"self":[{"href":"https:\/\/secureus.se\/es\/wp-json\/wp\/v2\/product\/147471","targetHints":{"allow":["GET"]}}],"collection":[{"href":"https:\/\/secureus.se\/es\/wp-json\/wp\/v2\/product"}],"about":[{"href":"https:\/\/secureus.se\/es\/wp-json\/wp\/v2\/types\/product"}],"wp:featuredmedia":[{"embeddable":true,"href":"https:\/\/secureus.se\/es\/wp-json\/wp\/v2\/media\/147467"}],"wp:attachment":[{"href":"https:\/\/secureus.se\/es\/wp-json\/wp\/v2\/media?parent=147471"}],"wp:term":[{"taxonomy":"product_brand","embeddable":true,"href":"https:\/\/secureus.se\/es\/wp-json\/wp\/v2\/product_brand?post=147471"},{"taxonomy":"product_cat","embeddable":true,"href":"https:\/\/secureus.se\/es\/wp-json\/wp\/v2\/product_cat?post=147471"},{"taxonomy":"product_tag","embeddable":true,"href":"https:\/\/secureus.se\/es\/wp-json\/wp\/v2\/product_tag?post=147471"}],"curies":[{"name":"wp","href":"https:\/\/api.w.org\/{rel}","templated":true}]}}