{"id":147473,"date":"2023-09-26T13:08:15","date_gmt":"2023-09-26T11:08:15","guid":{"rendered":"https:\/\/secureus.se\/elslutbleck-step-98-omstallbar-12v-kolvkontakt\/"},"modified":"2026-04-08T16:10:57","modified_gmt":"2026-04-08T14:10:57","slug":"elslutbleck-step-98-omstallbar-12v-kolvkontakt","status":"publish","type":"product","link":"https:\/\/secureus.se\/es\/elslutbleck-step-98-omstallbar-12v-kolvkontakt\/","title":{"rendered":"Cerradero el\u00e9ctrico STEP 98 Contacto de pist\u00f3n ajustable 12V"},"content":{"rendered":"<h1>Cerradero el\u00e9ctrico STEP 98 Contacto de pist\u00f3n ajustable 12V<\/h1>\n<p>La cerradura el\u00e9ctrica STEP 98Preload es una cerradura el\u00e9ctrica de alta calidad de la serie Preload de STEP, dise\u00f1ada para ofrecer flexibilidad, seguridad y confiabilidad operativa en entornos de puertas donde se utiliza una perilla o llave para bloquear.<\/p>\n<p>La funci\u00f3n conmutable permite cambiar f\u00e1cilmente entre la funci\u00f3n de avance (bloqueada en caso de un corte de energ\u00eda) y la funci\u00f3n de retroceso (desbloqueada en caso de un corte de energ\u00eda), lo que es perfecto para cambiar las necesidades de seguridad o los entornos operativos.<\/p>\n<p class=\"\" data-start=\"986\" data-end=\"1275\">Con un contacto de pist\u00f3n incorporado, la cerradura el\u00e9ctrica puede indicar el estado de la puerta (abierta\/cerrada), lo que permite la conexi\u00f3n a un sistema de control de acceso o un sistema de alarma.<\/p>\n<p class=\"\" data-start=\"986\" data-end=\"1275\">STEP 98 tambi\u00e9n tiene clasificaci\u00f3n contra incendios seg\u00fan E\/EI 120, lo que lo hace adecuado para entornos de puertas donde se deben cumplir requisitos tanto de seguridad como de evacuaci\u00f3n.<\/p>\n<p class=\"\" data-start=\"1277\" data-end=\"1577\">La cerradura el\u00e9ctrica est\u00e1 equipada con la tecnolog\u00eda de presi\u00f3n de tira patentada de STEP, que garantiza que la puerta se pueda abrir a pesar de una presi\u00f3n de tira de hasta 40 kg.<\/p>\n<p class=\"\" data-start=\"1277\" data-end=\"1577\">El dise\u00f1o compacto, la construcci\u00f3n reversible y el soporte para cerraduras de una o dos hojas hacen de STEP 98 una opci\u00f3n flexible y duradera.<\/p>\n<p class=\"\" data-start=\"1584\" data-end=\"1610\"><strong data-start=\"1584\" data-end=\"1610\">Caracter\u00edsticas y beneficios:<\/strong><\/p>\n<ul data-start=\"1611\" data-end=\"1947\">\n<li class=\"\" data-start=\"1611\" data-end=\"1656\">\n<p class=\"\" data-start=\"1613\" data-end=\"1656\">Funci\u00f3n reversible: hacia adelante o hacia atr\u00e1s<\/p>\n<\/li>\n<li class=\"\" data-start=\"1657\" data-end=\"1676\">\n<p class=\"\" data-start=\"1659\" data-end=\"1676\">Voltaje de funcionamiento de 12 V<\/p>\n<\/li>\n<li class=\"\" data-start=\"1677\" data-end=\"1712\">\n<p class=\"\" data-start=\"1679\" data-end=\"1712\">Contacto de pist\u00f3n para monitorizaci\u00f3n del estado<\/p>\n<\/li>\n<li class=\"\" data-start=\"1713\" data-end=\"1751\">\n<p class=\"\" data-start=\"1715\" data-end=\"1751\">Clase de fuego E\/EI 120 (probado 120 min)<\/p>\n<\/li>\n<li class=\"\" data-start=\"1752\" data-end=\"1777\">\n<p class=\"\" data-start=\"1754\" data-end=\"1777\">Resistencia a la rotura: 900 kg<\/p>\n<\/li>\n<li class=\"\" data-start=\"1778\" data-end=\"1811\">\n<p class=\"\" data-start=\"1780\" data-end=\"1811\">Soporta una presi\u00f3n de hasta 40 kg.<\/p>\n<\/li>\n<li class=\"\" data-start=\"1812\" data-end=\"1841\">\n<p class=\"\" data-start=\"1814\" data-end=\"1841\">Diodo de protecci\u00f3n y protector contra sobretensiones<\/p>\n<\/li>\n<li class=\"\" data-start=\"1842\" data-end=\"1879\">\n<p class=\"\" data-start=\"1844\" data-end=\"1879\">Dise\u00f1o compacto: f\u00e1cil instalaci\u00f3n<\/p>\n<\/li>\n<li class=\"\" data-start=\"1880\" data-end=\"1912\">\n<p class=\"\" data-start=\"1882\" data-end=\"1912\">Se adapta a cerraduras de una y dos hojas.<\/p>\n<\/li>\n<li class=\"\" data-start=\"1913\" data-end=\"1947\">\n<p class=\"\" data-start=\"1915\" data-end=\"1947\">Reversible para puertas derechas\/izquierdas<\/p>\n<\/li>\n<\/ul>\n<p><strong data-start=\"1954\" data-end=\"1977\">\u00c1reas de uso:<\/strong><br data-start=\"1977\" data-end=\"1980\" \/>Adecuado para oficinas, escuelas, asociaciones de condominios y entornos p\u00fablicos donde las puertas deben ser seguras pero tambi\u00e9n flexibles para diferentes tipos de paso y requisitos de incendio.<\/p>\n<p class=\"\" data-start=\"2147\" data-end=\"2176\"><strong data-start=\"2147\" data-end=\"2176\">Especificaciones t\u00e9cnicas:<\/strong><\/p>\n<ul data-start=\"2177\" data-end=\"2548\">\n<li class=\"\" data-start=\"2177\" data-end=\"2215\">\n<p class=\"\" data-start=\"2179\" data-end=\"2215\">Voltaje de funcionamiento: 12 V CC (10,8-13,8 V)<\/p>\n<\/li>\n<li class=\"\" data-start=\"2216\" data-end=\"2260\">\n<p class=\"\" data-start=\"2218\" data-end=\"2260\">Consumo de corriente: 220 mA desbloqueado, m\u00e1ximo 600 mA<\/p>\n<\/li>\n<li class=\"\" data-start=\"2261\" data-end=\"2300\">\n<p class=\"\" data-start=\"2263\" data-end=\"2300\">Bisagra de la puerta: Derecha\/Izquierda (reversible)<\/p>\n<\/li>\n<li class=\"\" data-start=\"2301\" data-end=\"2326\">\n<p class=\"\" data-start=\"2303\" data-end=\"2326\">Resistencia a la rotura: 900 kg<\/p>\n<\/li>\n<li class=\"\" data-start=\"2327\" data-end=\"2345\">\n<p class=\"\" data-start=\"2329\" data-end=\"2345\">Presi\u00f3n de la tira: 40 kg<\/p>\n<\/li>\n<li class=\"\" data-start=\"2346\" data-end=\"2381\">\n<p class=\"\" data-start=\"2348\" data-end=\"2381\">Tipo de cerradura: Cerradura de pestillo simple, Cerradura de pestillo doble<\/p>\n<\/li>\n<li class=\"\" data-start=\"2382\" data-end=\"2429\">\n<p class=\"\" data-start=\"2384\" data-end=\"2429\">Contacto del pist\u00f3n: Microinterruptor, m\u00e1x. 30 V CC \/ 1 A<\/p>\n<\/li>\n<li class=\"\" data-start=\"2430\" data-end=\"2461\">\n<p class=\"\" data-start=\"2432\" data-end=\"2461\">Dimensiones (An. x Pr. x Al.): 25 x 35 x 90 mm<\/p>\n<\/li>\n<li class=\"\" data-start=\"2462\" data-end=\"2490\">\n<p class=\"\" data-start=\"2464\" data-end=\"2490\">Color\/Acabado: Acero inoxidable<\/p>\n<\/li>\n<li class=\"\" data-start=\"2491\" data-end=\"2508\">\n<p class=\"\" data-start=\"2493\" data-end=\"2508\">Cable: No incluido<\/p>\n<\/li>\n<li class=\"\" data-start=\"2509\" data-end=\"2548\">\n<p class=\"\" data-start=\"2511\" data-end=\"2548\">Evaluaciones: SundaHus, Evaluaci\u00f3n de materiales de construcci\u00f3n<\/p>\n<\/li>\n<\/ul>","protected":false},"excerpt":{"rendered":"<p>Aqu\u00ed podr\u00e1s ver qu\u00e9 postes y modelos encajan entre s\u00ed de la gama de placas de cierre el\u00e9ctricas STEP.<\/p>\n<h5><strong><a href=\"https:\/\/steplock.com\/sv\/stolpguide\/#!?lang=sv&amp;blog_id=1&amp;paged=1&amp;number=50\" target=\"_blank\" rel=\"noopener\">Gu\u00eda de publicaciones STEP\u00a0<\/a><\/strong><\/h5>\n<h5><strong><a href=\"https:\/\/steplock.com\/sv\/projekteringsguide\/#!?lang=sv&amp;blog_id=1&amp;paged=1&amp;number=999\" target=\"_blank\" rel=\"noopener\">Gu\u00eda de dise\u00f1o STEP<\/a><\/strong><\/h5>","protected":false},"featured_media":147472,"template":"","meta":{"_acf_changed":false},"product_brand":[],"product_cat":[3355],"product_tag":[4198,4202],"class_list":{"0":"post-147473","1":"product","2":"type-product","3":"status-publish","4":"has-post-thumbnail","6":"product_cat-elslutbleck","7":"product_tag-12v","8":"product_tag-omstallbar-rattvand-omvand","9":"product_shipping_class-tunga-paket","10":"pa_brands-step","11":"tm-no-options","13":"first","14":"onbackorder","15":"sale","16":"taxable","17":"shipping-taxable","18":"purchasable","19":"product-type-simple"},"acf":[],"_links":{"self":[{"href":"https:\/\/secureus.se\/es\/wp-json\/wp\/v2\/product\/147473","targetHints":{"allow":["GET"]}}],"collection":[{"href":"https:\/\/secureus.se\/es\/wp-json\/wp\/v2\/product"}],"about":[{"href":"https:\/\/secureus.se\/es\/wp-json\/wp\/v2\/types\/product"}],"wp:featuredmedia":[{"embeddable":true,"href":"https:\/\/secureus.se\/es\/wp-json\/wp\/v2\/media\/147472"}],"wp:attachment":[{"href":"https:\/\/secureus.se\/es\/wp-json\/wp\/v2\/media?parent=147473"}],"wp:term":[{"taxonomy":"product_brand","embeddable":true,"href":"https:\/\/secureus.se\/es\/wp-json\/wp\/v2\/product_brand?post=147473"},{"taxonomy":"product_cat","embeddable":true,"href":"https:\/\/secureus.se\/es\/wp-json\/wp\/v2\/product_cat?post=147473"},{"taxonomy":"product_tag","embeddable":true,"href":"https:\/\/secureus.se\/es\/wp-json\/wp\/v2\/product_tag?post=147473"}],"curies":[{"name":"wp","href":"https:\/\/api.w.org\/{rel}","templated":true}]}}