{"id":147476,"date":"2023-09-26T13:08:14","date_gmt":"2023-09-26T11:08:14","guid":{"rendered":"https:\/\/secureus.se\/elslutbleck-step-18-hoger-rattvand-24v-7mm-regel-connect\/"},"modified":"2026-04-08T16:11:14","modified_gmt":"2026-04-08T14:11:14","slug":"elslutbleck-step-18-hoger-rattvand-24v-7mm-regel-connect","status":"publish","type":"product","link":"https:\/\/secureus.se\/es\/elslutbleck-step-18-hoger-rattvand-24v-7mm-regel-connect\/","title":{"rendered":"Placa de cierre el\u00e9ctrica PASO 18 Derecha Recta 24 V Regla de 7 mm Conectar"},"content":{"rendered":"<h1 data-start=\"402\" data-end=\"830\">Placa de cierre el\u00e9ctrica PASO 18 Derecha Recta 24 V Regla de 7 mm Conectar<\/h1>\n<p class=\"\" data-start=\"402\" data-end=\"830\">STEP 18 Secure de la serie Secure de STEP es una cerradura el\u00e9ctrica desarrollada para entornos de puertas con requisitos de seguridad extremadamente altos.<\/p>\n<p class=\"\" data-start=\"402\" data-end=\"830\">Es especialmente adecuado para puertas batientes con pist\u00f3n de 7 mm de la serie Connect y se utiliza en entornos donde la puerta debe poder abrirse con frecuencia pero manteniendo la resistencia a la intrusi\u00f3n.<\/p>\n<p class=\"\" data-start=\"832\" data-end=\"1116\">Con la funci\u00f3n para diestros, es decir, que la hoja se bloquea sin corriente, se garantiza una protecci\u00f3n fiable incluso en caso de corte de corriente.<\/p>\n<p class=\"\" data-start=\"832\" data-end=\"1116\">El producto tiene clasificaci\u00f3n de resistencia al fuego hasta E\/EI60 y est\u00e1 probado seg\u00fan SS-EN 14846, lo que lo hace aprobado para su instalaci\u00f3n en puertas de seguridad hasta RC4.<\/p>\n<p class=\"\" data-start=\"1118\" data-end=\"1437\">STEP 18 est\u00e1 equipado con un interruptor de \u00e9mbolo y un interruptor de pestillo integrados, que permite un monitoreo preciso del estado de la puerta (abierta\/cerrada, bloqueada\/desbloqueada) y proporciona compatibilidad total con sistemas de control de acceso y alarmas.<\/p>\n<p class=\"\" data-start=\"1118\" data-end=\"1437\">La placa de cierre el\u00e9ctrica tiene una resistencia a la rotura de 15 kN (1500 kg) y se puede abrir a pesar de una presi\u00f3n de banda de hasta 500 kg.<\/p>\n<p class=\"\" data-start=\"1439\" data-end=\"1595\">El cable de conexi\u00f3n libre de hal\u00f3genos de 5 metros incluido, el diodo de protecci\u00f3n incorporado y la protecci\u00f3n contra golpes hacen del STEP 18 una opci\u00f3n robusta, segura y preparada para el futuro.<\/p>\n<p class=\"\" data-start=\"1602\" data-end=\"1628\"><strong data-start=\"1602\" data-end=\"1628\">Caracter\u00edsticas y beneficios:<\/strong><\/p>\n<ul data-start=\"1629\" data-end=\"1968\">\n<li class=\"\" data-start=\"1629\" data-end=\"1670\">\n<p class=\"\" data-start=\"1631\" data-end=\"1670\">Adaptado para pist\u00f3n de 7 mm de la serie Connect<\/p>\n<\/li>\n<li class=\"\" data-start=\"1671\" data-end=\"1714\">\n<p class=\"\" data-start=\"1673\" data-end=\"1714\">Funci\u00f3n correcta: bloqueado en posici\u00f3n desenergizada<\/p>\n<\/li>\n<li class=\"\" data-start=\"1715\" data-end=\"1732\">\n<p class=\"\" data-start=\"1717\" data-end=\"1732\">Puerta derecha<\/p>\n<\/li>\n<li class=\"\" data-start=\"1733\" data-end=\"1772\">\n<p class=\"\" data-start=\"1735\" data-end=\"1772\">Resistente al fuego hasta E\/EI60 (60 min)<\/p>\n<\/li>\n<li class=\"\" data-start=\"1773\" data-end=\"1831\">\n<p class=\"\" data-start=\"1775\" data-end=\"1831\">Contacto de pist\u00f3n y contacto de enclavamiento: para sistemas de control de acceso y alarmas<\/p>\n<\/li>\n<li class=\"\" data-start=\"1832\" data-end=\"1869\">\n<p class=\"\" data-start=\"1834\" data-end=\"1869\">Resistencia a la rotura: 15 kN (aprox. 1500 kg)<\/p>\n<\/li>\n<li class=\"\" data-start=\"1870\" data-end=\"1906\">\n<p class=\"\" data-start=\"1872\" data-end=\"1906\">Soporta presi\u00f3n de tira: 5 kN (aprox. 500 kg)<\/p>\n<\/li>\n<li class=\"\" data-start=\"1907\" data-end=\"1935\">\n<p class=\"\" data-start=\"1909\" data-end=\"1935\">Diodo de protecci\u00f3n y a prueba de golpes.<\/p>\n<\/li>\n<li class=\"\" data-start=\"1936\" data-end=\"1968\">\n<p class=\"\" data-start=\"1938\" data-end=\"1968\">Cable libre de hal\u00f3genos de 5 metros incluido<\/p>\n<\/li>\n<\/ul>\n<p class=\"\" data-start=\"1938\" data-end=\"1968\"><strong data-start=\"1975\" data-end=\"1998\">\u00c1reas de uso:<\/strong><br data-start=\"1998\" data-end=\"2001\" \/>Perfecto para entornos de alta seguridad, como bancos, prisiones, agencias gubernamentales y edificios p\u00fablicos con requisitos tanto de altas tasas de paso como de protecci\u00f3n contra intrusiones.<\/p>\n<p class=\"\" data-start=\"2158\" data-end=\"2187\"><strong data-start=\"2158\" data-end=\"2187\">Especificaciones t\u00e9cnicas:<\/strong><\/p>\n<ul data-start=\"2188\" data-end=\"2527\">\n<li class=\"\" data-start=\"2188\" data-end=\"2226\">\n<p class=\"\" data-start=\"2190\" data-end=\"2226\">Tensi\u00f3n de funcionamiento: 24 V CC (21,6-27,6 V)<\/p>\n<\/li>\n<li class=\"\" data-start=\"2227\" data-end=\"2259\">\n<p class=\"\" data-start=\"2229\" data-end=\"2259\">Consumo de energ\u00eda: 313 mA desbloqueado<\/p>\n<\/li>\n<li class=\"\" data-start=\"2260\" data-end=\"2281\">\n<p class=\"\" data-start=\"2262\" data-end=\"2281\">Bisagra de la puerta: Derecha<\/p>\n<\/li>\n<li class=\"\" data-start=\"2282\" data-end=\"2303\">\n<p class=\"\" data-start=\"2284\" data-end=\"2303\">Longitud del cable: 5 metros<\/p>\n<\/li>\n<li class=\"\" data-start=\"2304\" data-end=\"2330\">\n<p class=\"\" data-start=\"2306\" data-end=\"2330\">Resistencia a la rotura: 1500 kg<\/p>\n<\/li>\n<li class=\"\" data-start=\"2331\" data-end=\"2350\">\n<p class=\"\" data-start=\"2333\" data-end=\"2350\">Presi\u00f3n de lista: 500 kg<\/p>\n<\/li>\n<li class=\"\" data-start=\"2351\" data-end=\"2382\">\n<p class=\"\" data-start=\"2353\" data-end=\"2382\">Tipo de cerradura: Cerradura de gancho, Cerradura con pestillo<\/p>\n<\/li>\n<li class=\"\" data-start=\"2383\" data-end=\"2430\">\n<p class=\"\" data-start=\"2385\" data-end=\"2430\">Contacto del pist\u00f3n: Microinterruptor, m\u00e1x. 30 V CC \/ 1 A<\/p>\n<\/li>\n<li class=\"\" data-start=\"2431\" data-end=\"2463\">\n<p class=\"\" data-start=\"2433\" data-end=\"2463\">Dimensiones (An. x Pr. x Al.): 35 x 40 x 230 mm<\/p>\n<\/li>\n<li class=\"\" data-start=\"2464\" data-end=\"2487\">\n<p class=\"\" data-start=\"2466\" data-end=\"2487\">Tratamiento superficial: acero inoxidable<\/p>\n<\/li>\n<li class=\"\" data-start=\"2488\" data-end=\"2527\">\n<p class=\"\" data-start=\"2490\" data-end=\"2527\">Evaluaciones: SundaHus, Evaluaci\u00f3n de materiales de construcci\u00f3n<\/p>\n<\/li>\n<\/ul>","protected":false},"excerpt":{"rendered":"<p>Aqu\u00ed podr\u00e1s ver qu\u00e9 postes y modelos encajan entre s\u00ed de la gama de placas de cierre el\u00e9ctricas STEP.<\/p>\n<h5><strong><a href=\"https:\/\/steplock.com\/sv\/stolpguide\/#!?lang=sv&amp;blog_id=1&amp;paged=1&amp;number=50\" target=\"_blank\" rel=\"noopener\">Gu\u00eda de publicaciones STEP\u00a0<\/a><\/strong><\/h5>\n<h5><strong><a href=\"https:\/\/steplock.com\/sv\/projekteringsguide\/#!?lang=sv&amp;blog_id=1&amp;paged=1&amp;number=999\" target=\"_blank\" rel=\"noopener\">Gu\u00eda de dise\u00f1o STEP<\/a><\/strong><\/h5>","protected":false},"featured_media":147474,"template":"","meta":{"_acf_changed":false},"product_brand":[],"product_cat":[3355],"product_tag":[4197,4200],"class_list":{"0":"post-147476","1":"product","2":"type-product","3":"status-publish","4":"has-post-thumbnail","6":"product_cat-elslutbleck","7":"product_tag-24v","8":"product_tag-rattvand","9":"product_shipping_class-tunga-paket","10":"pa_brands-step","11":"tm-no-options","13":"first","14":"onbackorder","15":"sale","16":"taxable","17":"shipping-taxable","18":"purchasable","19":"product-type-simple"},"acf":[],"_links":{"self":[{"href":"https:\/\/secureus.se\/es\/wp-json\/wp\/v2\/product\/147476","targetHints":{"allow":["GET"]}}],"collection":[{"href":"https:\/\/secureus.se\/es\/wp-json\/wp\/v2\/product"}],"about":[{"href":"https:\/\/secureus.se\/es\/wp-json\/wp\/v2\/types\/product"}],"wp:featuredmedia":[{"embeddable":true,"href":"https:\/\/secureus.se\/es\/wp-json\/wp\/v2\/media\/147474"}],"wp:attachment":[{"href":"https:\/\/secureus.se\/es\/wp-json\/wp\/v2\/media?parent=147476"}],"wp:term":[{"taxonomy":"product_brand","embeddable":true,"href":"https:\/\/secureus.se\/es\/wp-json\/wp\/v2\/product_brand?post=147476"},{"taxonomy":"product_cat","embeddable":true,"href":"https:\/\/secureus.se\/es\/wp-json\/wp\/v2\/product_cat?post=147476"},{"taxonomy":"product_tag","embeddable":true,"href":"https:\/\/secureus.se\/es\/wp-json\/wp\/v2\/product_tag?post=147476"}],"curies":[{"name":"wp","href":"https:\/\/api.w.org\/{rel}","templated":true}]}}