{"id":147575,"date":"2025-02-04T10:34:59","date_gmt":"2025-02-04T09:34:59","guid":{"rendered":"https:\/\/secureus.se\/styrenhet-st300c\/"},"modified":"2026-04-08T15:28:48","modified_gmt":"2026-04-08T13:28:48","slug":"styrenhet-st300c","status":"publish","type":"product","link":"https:\/\/secureus.se\/es\/styrenhet-st300c\/","title":{"rendered":"Unidad de control ST300C"},"content":{"rendered":"<p>STEP ST300C es una unidad de control que gestiona una cerradura motorizada para su conexi\u00f3n a sistemas de control de acceso, alarmas y otras funciones esenciales. ST300C se incluye como est\u00e1ndar al comprar cerraduras de motor de la serie STEP 300 en embalaje KPL. Tambi\u00e9n se puede comprar por separado.<\/p>\n<div><b>Caracter\u00edsticas:<\/b><\/div>\n<div>\n<ul>\n<li>Gestiona realojamientos.<\/li>\n<li>Comunicaci\u00f3n encriptada AES-128 para bloqueo, desbloqueo e indicaciones de estado.<\/li>\n<li>El cable de conexi\u00f3n entre la carcasa de la cerradura y la unidad de control se conecta a trav\u00e9s de un bloque de terminales en el borde trasero de la carcasa de la cerradura.<\/li>\n<li>La fuente de alimentaci\u00f3n +\/- y la comunicaci\u00f3n A y B est\u00e1n conectadas a trav\u00e9s de un bloque de terminales en la unidad de control.<\/li>\n<li>La conexi\u00f3n a la cerradura del motor se realiza mediante RS-485.<\/li>\n<\/ul>\n<\/div>\n<div><\/div>","protected":false},"excerpt":{"rendered":"<p>STEP ST300C es una unidad de control que gestiona una cerradura motorizada para su conexi\u00f3n a sistemas de control de acceso, alarmas y otras funciones esenciales. ST300C se incluye de serie con la compra de las cerraduras de motor de la serie STEP 300 en<\/p>","protected":false},"featured_media":147572,"template":"","meta":{"_acf_changed":false},"product_brand":[],"product_cat":[2834],"product_tag":[],"class_list":{"0":"post-147575","1":"product","2":"type-product","3":"status-publish","4":"has-post-thumbnail","6":"product_cat-ellas-motorlastillbehor","7":"product_shipping_class-tunga-paket","8":"pa_brands-step","9":"tm-no-options","11":"first","12":"instock","13":"sale","14":"taxable","15":"shipping-taxable","16":"purchasable","17":"product-type-simple"},"acf":[],"_links":{"self":[{"href":"https:\/\/secureus.se\/es\/wp-json\/wp\/v2\/product\/147575","targetHints":{"allow":["GET"]}}],"collection":[{"href":"https:\/\/secureus.se\/es\/wp-json\/wp\/v2\/product"}],"about":[{"href":"https:\/\/secureus.se\/es\/wp-json\/wp\/v2\/types\/product"}],"wp:featuredmedia":[{"embeddable":true,"href":"https:\/\/secureus.se\/es\/wp-json\/wp\/v2\/media\/147572"}],"wp:attachment":[{"href":"https:\/\/secureus.se\/es\/wp-json\/wp\/v2\/media?parent=147575"}],"wp:term":[{"taxonomy":"product_brand","embeddable":true,"href":"https:\/\/secureus.se\/es\/wp-json\/wp\/v2\/product_brand?post=147575"},{"taxonomy":"product_cat","embeddable":true,"href":"https:\/\/secureus.se\/es\/wp-json\/wp\/v2\/product_cat?post=147575"},{"taxonomy":"product_tag","embeddable":true,"href":"https:\/\/secureus.se\/es\/wp-json\/wp\/v2\/product_tag?post=147575"}],"curies":[{"name":"wp","href":"https:\/\/api.w.org\/{rel}","templated":true}]}}