{"id":147751,"date":"2025-02-11T13:27:30","date_gmt":"2025-02-11T12:27:30","guid":{"rendered":"https:\/\/secureus.se\/kodlas-v44duo\/"},"modified":"2026-04-17T11:07:11","modified_gmt":"2026-04-17T09:07:11","slug":"kodlas-v44duo","status":"publish","type":"product","link":"https:\/\/secureus.se\/es\/kodlas-v44duo\/","title":{"rendered":"C\u00d3DIGO DE BLOQUEO V44DUO"},"content":{"rendered":"<h1 data-start=\"227\" data-end=\"777\">CODE LOCK V44DUO es una cerradura de c\u00f3digo vers\u00e1til y f\u00e1cilmente programable que ofrece el control de dos puertas a trav\u00e9s de un mismo teclado.<\/h1>\n<p data-start=\"227\" data-end=\"777\">Cada c\u00f3digo se puede programar para abrir uno o ambos rel\u00e9s.<\/p>\n<p data-start=\"227\" data-end=\"777\">Para mayor seguridad, tiene una funci\u00f3n de bloqueo, lo que significa que la puerta 2 no se puede abrir hasta que la puerta 1 est\u00e9 cerrada.<\/p>\n<p data-start=\"227\" data-end=\"777\">Tambi\u00e9n hay opciones para control de puerta y salida de alarma con tiempo de advertencia ajustable, as\u00ed como una funci\u00f3n de timbre integrada.<\/p>\n<p data-start=\"227\" data-end=\"777\">Los c\u00f3digos se pueden controlar por tiempo a trav\u00e9s de dos entradas externas y el sistema se puede configurar para funcionar durante el d\u00eda.<\/p>\n<p data-start=\"779\" data-end=\"1208\">Con un \u00edndice de protecci\u00f3n IP54 y una construcci\u00f3n de metal fundido con botones de acero inoxidable, el V44DUO es adecuado para uso tanto en interiores como en exteriores, con una temperatura de funcionamiento de -35 \u00b0C a +55 \u00b0C.<\/p>\n<p data-start=\"779\" data-end=\"1208\">Para instalaci\u00f3n en exteriores en lugares expuestos, se recomienda el uso de protecci\u00f3n contra la lluvia como SH1 o SH2.<\/p>\n<p data-start=\"779\" data-end=\"1208\">Esta cerradura con c\u00f3digo es especialmente \u00fatil para soluciones de seguridad en las que se deben controlar varias puertas y se requiere la gesti\u00f3n de c\u00f3digos para un uso f\u00e1cil y seguro.<\/p>\n<p data-start=\"1210\" data-end=\"1239\"><strong data-start=\"1210\" data-end=\"1239\">Especificaciones t\u00e9cnicas:<\/strong><\/p>\n<ul data-start=\"1240\" data-end=\"1739\">\n<li data-start=\"1256\" data-end=\"1282\"><strong data-start=\"1258\" data-end=\"1277\">Clase de recinto:<\/strong> IP54<\/li>\n<li data-start=\"1283\" data-end=\"1352\"><strong data-start=\"1285\" data-end=\"1306\">Material del recinto:<\/strong> Metal fundido, botones de acero inoxidable, cerradura de seguridad.<\/li>\n<li data-start=\"1353\" data-end=\"1372\"><strong data-start=\"1355\" data-end=\"1364\">Peso:<\/strong> 0,75 kilogramos<\/li>\n<li data-start=\"1373\" data-end=\"1426\"><strong data-start=\"1375\" data-end=\"1385\">Ambiente:<\/strong> Uso en interiores o exteriores (dise\u00f1o IP54)<\/li>\n<li data-start=\"1427\" data-end=\"1466\"><strong data-start=\"1429\" data-end=\"1450\">Temperatura de trabajo:<\/strong> -35 a +55\u00b0C<\/li>\n<li data-start=\"1467\" data-end=\"1529\"><strong data-start=\"1469\" data-end=\"1486\">Capacidad del c\u00f3digo:<\/strong> 20 c\u00f3digos de cuatro d\u00edgitos, 10 c\u00f3digos de seis d\u00edgitos<\/li>\n<li data-start=\"1530\" data-end=\"1547\"><strong data-start=\"1532\" data-end=\"1543\">Puertas:<\/strong> Dos<\/li>\n<li data-start=\"1548\" data-end=\"1595\"><strong data-start=\"1550\" data-end=\"1566\">Horario de apertura:<\/strong> 1-99 segundos, programable<\/li>\n<li data-start=\"1596\" data-end=\"1646\"><strong data-start=\"1598\" data-end=\"1611\">Salidas:<\/strong> Dos contactos de rel\u00e9, m\u00e1x. 2 A, 28 VCC<\/li>\n<li data-start=\"1647\" data-end=\"1688\"><strong data-start=\"1649\" data-end=\"1670\">Consumo de energ\u00eda:<\/strong> 75 mA en modo de espera<\/li>\n<li data-start=\"1689\" data-end=\"1739\"><strong data-start=\"1691\" data-end=\"1709\">Voltaje de funcionamiento:<\/strong> 10 a 35 VCC, 8 a 24 VCA<\/li>\n<\/ul>\n<p data-start=\"1741\" data-end=\"1835\">","protected":false},"excerpt":{"rendered":"<p data-start=\"25\" data-end=\"225\">CODE LOCK V44DUO es una cerradura de c\u00f3digo programable con dos rel\u00e9s para controlar dos puertas desde el mismo teclado.<\/p>\n<p data-start=\"25\" data-end=\"225\">La funci\u00f3n de bloqueo incorporada y el control de puerta lo hacen flexible y seguro.<\/p>\n<p data-start=\"227\" data-end=\"777\">","protected":false},"featured_media":147750,"template":"","meta":{"_acf_changed":false},"product_brand":[],"product_cat":[1481],"product_tag":[],"class_list":{"0":"post-147751","1":"product","2":"type-product","3":"status-publish","4":"has-post-thumbnail","6":"product_cat-kodlas-kodlas","7":"pa_brands-6vanderbilt","8":"tm-no-options","10":"first","11":"instock","12":"sale","13":"taxable","14":"shipping-taxable","15":"purchasable","16":"product-type-simple"},"acf":[],"_links":{"self":[{"href":"https:\/\/secureus.se\/es\/wp-json\/wp\/v2\/product\/147751","targetHints":{"allow":["GET"]}}],"collection":[{"href":"https:\/\/secureus.se\/es\/wp-json\/wp\/v2\/product"}],"about":[{"href":"https:\/\/secureus.se\/es\/wp-json\/wp\/v2\/types\/product"}],"wp:featuredmedia":[{"embeddable":true,"href":"https:\/\/secureus.se\/es\/wp-json\/wp\/v2\/media\/147750"}],"wp:attachment":[{"href":"https:\/\/secureus.se\/es\/wp-json\/wp\/v2\/media?parent=147751"}],"wp:term":[{"taxonomy":"product_brand","embeddable":true,"href":"https:\/\/secureus.se\/es\/wp-json\/wp\/v2\/product_brand?post=147751"},{"taxonomy":"product_cat","embeddable":true,"href":"https:\/\/secureus.se\/es\/wp-json\/wp\/v2\/product_cat?post=147751"},{"taxonomy":"product_tag","embeddable":true,"href":"https:\/\/secureus.se\/es\/wp-json\/wp\/v2\/product_tag?post=147751"}],"curies":[{"name":"wp","href":"https:\/\/api.w.org\/{rel}","templated":true}]}}