{"id":147753,"date":"2025-02-11T13:27:34","date_gmt":"2025-02-11T12:27:34","guid":{"rendered":"https:\/\/secureus.se\/kodlas-22cl-svart\/"},"modified":"2026-04-08T16:28:23","modified_gmt":"2026-04-08T14:28:23","slug":"kodlas-22cl-svart","status":"publish","type":"product","link":"https:\/\/secureus.se\/es\/kodlas-22cl-svart\/","title":{"rendered":"C\u00d3DIGO DE BLOQUEO 22CL NEGRO"},"content":{"rendered":"<h1 data-start=\"0\" data-end=\"62\">CERRADURA DE C\u00d3DIGO 22CL NEGRA \u2013 CERRADURA DE C\u00d3DIGO FLEXIBLE Y SEGURA PARA PUERTAS<\/h1>\n<p data-start=\"64\" data-end=\"469\">Con su construcci\u00f3n duradera y clasificaci\u00f3n IP54, la cerradura con c\u00f3digo se puede utilizar tanto en interiores como en exteriores, lo que la convierte en una soluci\u00f3n flexible para diferentes entornos.<\/p>\n<p data-start=\"471\" data-end=\"782\">La cerradura con c\u00f3digo est\u00e1 equipada con botones que tienen una sensaci\u00f3n de presi\u00f3n clara y una luz de fondo azul, lo que hace que sea f\u00e1cil de usar incluso en entornos oscuros.<\/p>\n<p data-start=\"471\" data-end=\"782\">Cuando se conecta a una cerradura el\u00e9ctrica con contacto de pist\u00f3n, la puerta se bloquea autom\u00e1ticamente cuando se cierra, gracias a la funci\u00f3n de aver\u00eda incorporada en la salida del rel\u00e9 de la puerta.<\/p>\n<h3 data-start=\"784\" data-end=\"800\">Caracter\u00edsticas<\/h3>\n<ul data-start=\"802\" data-end=\"1636\">\n<li data-start=\"802\" data-end=\"923\"><strong data-start=\"804\" data-end=\"826\">\u00c1rea de aplicaci\u00f3n:<\/strong> Adecuado para locales con requisitos de seguridad limitados, como trasteros, entradas y zonas comunes.<\/li>\n<li data-start=\"924\" data-end=\"1021\"><strong data-start=\"926\" data-end=\"954\">Uso en interiores y exteriores:<\/strong> Construcci\u00f3n con clasificaci\u00f3n IP54 para resistencia al polvo y salpicaduras de agua.<\/li>\n<li data-start=\"1022\" data-end=\"1131\"><strong data-start=\"1024\" data-end=\"1047\">Bloqueo autom\u00e1tico:<\/strong> Si se conecta una cerradura el\u00e9ctrica con contacto de pist\u00f3n, la puerta se bloquear\u00e1 inmediatamente al cerrarse.<\/li>\n<li data-start=\"1132\" data-end=\"1224\"><strong data-start=\"1134\" data-end=\"1154\">Botones iluminados:<\/strong> Los n\u00fameros tienen un tono azul para una visibilidad clara incluso en entornos oscuros.<\/li>\n<li data-start=\"1225\" data-end=\"1304\"><strong data-start=\"1227\" data-end=\"1251\">Programaci\u00f3n f\u00e1cil:<\/strong> Los ajustes se pueden realizar directamente a trav\u00e9s del teclado.<\/li>\n<li data-start=\"1305\" data-end=\"1389\"><strong data-start=\"1307\" data-end=\"1330\">Gesti\u00f3n segura de c\u00f3digo:<\/strong> Posibilidad de elegir entre c\u00f3digo de acceso de 4 o 6 d\u00edgitos.<\/li>\n<li data-start=\"1390\" data-end=\"1511\"><strong data-start=\"1392\" data-end=\"1415\">Memoria de c\u00f3digo independiente:<\/strong> Mantiene los c\u00f3digos programados incluso durante cortes de energ\u00eda, permitiendo el suministro de energ\u00eda mediante temporizador.<\/li>\n<li data-start=\"1512\" data-end=\"1636\"><strong data-start=\"1514\" data-end=\"1535\">Funci\u00f3n de rel\u00e9 AUX:<\/strong> Puede controlar una puerta adicional con su propio c\u00f3digo o c\u00f3digo compartido, o funcionar como una salida de alarma de p\u00e1nico.<\/li>\n<\/ul>\n<h3 data-start=\"1638\" data-end=\"1654\">Caracter\u00edsticas<\/h3>\n<p data-start=\"1656\" data-end=\"2046\">La cerradura con c\u00f3digo tiene un rel\u00e9 AUX que se puede utilizar para controlar una segunda puerta con su propio c\u00f3digo o un c\u00f3digo com\u00fan para ambas puertas. La funci\u00f3n se puede configurar f\u00e1cilmente al programar c\u00f3digos y adaptarla seg\u00fan sea necesario.<\/p>\n<p data-start=\"1656\" data-end=\"2046\">El rel\u00e9 AUX tambi\u00e9n se puede configurar para alternar entre las posiciones bloqueada y desbloqueada con un c\u00f3digo espec\u00edfico, lo que permite que la puerta permanezca en la posici\u00f3n abierta hasta que se ingrese nuevamente el c\u00f3digo.<\/p>\n<p data-start=\"2048\" data-end=\"2350\">Si se necesita seguridad adicional, la salida AUX se puede utilizar como salida de alarma de p\u00e1nico. Esto significa que si se eleva el primer d\u00edgito del c\u00f3digo, el rel\u00e9 AUX se activa al mismo tiempo que se activa el rel\u00e9 normal de la puerta.<\/p>\n<p data-start=\"2048\" data-end=\"2350\">Esta funci\u00f3n permite conectar la cerradura con c\u00f3digo a un transmisor de alarma para mayor seguridad.<\/p>\n<h3 data-start=\"2352\" data-end=\"2382\">Especificaciones t\u00e9cnicas<\/h3>\n<ul data-start=\"2384\" data-end=\"2562\">\n<li data-start=\"2384\" data-end=\"2423\"><strong data-start=\"2386\" data-end=\"2407\">Tensi\u00f3n de alimentaci\u00f3n:<\/strong> 12-24 V CA\/CC<\/li>\n<li data-start=\"2424\" data-end=\"2459\"><strong data-start=\"2426\" data-end=\"2451\">Consumo m\u00e1ximo de energ\u00eda:<\/strong> 85 mA<\/li>\n<li data-start=\"2460\" data-end=\"2519\"><strong data-start=\"2462\" data-end=\"2506\">Salida, tensi\u00f3n o cierre de rel\u00e9 libre:<\/strong> M\u00e1x. 24 V\/1 A<\/li>\n<li data-start=\"2520\" data-end=\"2539\"><strong data-start=\"2522\" data-end=\"2531\">Pintar:<\/strong> Negro<\/li>\n<li data-start=\"2540\" data-end=\"2562\"><strong data-start=\"2542\" data-end=\"2555\">Clase de IP:<\/strong> IP54<\/li>\n<\/ul>\n<h3 data-start=\"2564\" data-end=\"2588\">\u00c1reas de uso<\/h3>\n<p data-start=\"2590\" data-end=\"2816\">La cerradura con c\u00f3digo 22CL es ideal para instalaciones donde se necesita un control de acceso simple y seguro. Es adecuado para edificios de apartamentos, locales comerciales, almacenes y otros entornos donde se desea un control de acceso confiable y fluido.<\/p>\n<p data-start=\"2818\" data-end=\"2950\" data-is-last-node=\"\">Con su dise\u00f1o robusto, funciones inteligentes y facilidad de uso, la cerradura con c\u00f3digo 22CL es una excelente soluci\u00f3n para uso tanto en interiores como en exteriores.<\/p>","protected":false},"excerpt":{"rendered":"<p>22CL es una cerradura de combinaci\u00f3n compacta y vers\u00e1til de f\u00e1cil instalaci\u00f3n y gran facilidad de uso.<\/p>\n<p>Est\u00e1 dise\u00f1ado para controlar el acceso a locales que no requieren el m\u00e1ximo nivel de seguridad, como vestuarios, trasteros internos y entradas a edificios de apartamentos.<\/p>","protected":false},"featured_media":147752,"template":"","meta":{"_acf_changed":false},"product_brand":[],"product_cat":[1481],"product_tag":[],"class_list":{"0":"post-147753","1":"product","2":"type-product","3":"status-publish","4":"has-post-thumbnail","6":"product_cat-kodlas-kodlas","7":"product_shipping_class-tunga-paket","8":"pa_brands-abloy","9":"pa_farg-svart","10":"tm-no-options","12":"first","13":"instock","14":"sale","15":"taxable","16":"shipping-taxable","17":"purchasable","18":"product-type-simple"},"acf":[],"_links":{"self":[{"href":"https:\/\/secureus.se\/es\/wp-json\/wp\/v2\/product\/147753","targetHints":{"allow":["GET"]}}],"collection":[{"href":"https:\/\/secureus.se\/es\/wp-json\/wp\/v2\/product"}],"about":[{"href":"https:\/\/secureus.se\/es\/wp-json\/wp\/v2\/types\/product"}],"wp:featuredmedia":[{"embeddable":true,"href":"https:\/\/secureus.se\/es\/wp-json\/wp\/v2\/media\/147752"}],"wp:attachment":[{"href":"https:\/\/secureus.se\/es\/wp-json\/wp\/v2\/media?parent=147753"}],"wp:term":[{"taxonomy":"product_brand","embeddable":true,"href":"https:\/\/secureus.se\/es\/wp-json\/wp\/v2\/product_brand?post=147753"},{"taxonomy":"product_cat","embeddable":true,"href":"https:\/\/secureus.se\/es\/wp-json\/wp\/v2\/product_cat?post=147753"},{"taxonomy":"product_tag","embeddable":true,"href":"https:\/\/secureus.se\/es\/wp-json\/wp\/v2\/product_tag?post=147753"}],"curies":[{"name":"wp","href":"https:\/\/api.w.org\/{rel}","templated":true}]}}