{"id":147757,"date":"2025-02-11T13:27:27","date_gmt":"2025-02-11T12:27:27","guid":{"rendered":"https:\/\/secureus.se\/kodlas-v42\/"},"modified":"2026-04-23T10:19:48","modified_gmt":"2026-04-23T08:19:48","slug":"kodlas-v42","status":"publish","type":"product","link":"https:\/\/secureus.se\/es\/kodlas-v42\/","title":{"rendered":"C\u00d3DIGO DE BLOQUEO V42"},"content":{"rendered":"<h1 data-start=\"529\" data-end=\"935\">La cerradura con c\u00f3digo V42 es una de las cerraduras con c\u00f3digo m\u00e1s vendidas del mundo y una soluci\u00f3n confiable para el control de acceso seguro.<\/h1>\n<p data-start=\"529\" data-end=\"935\">Con un dise\u00f1o elegante y moderno, es adecuado tanto para uso interior como exterior, y su construcci\u00f3n robusta significa que puede soportar condiciones clim\u00e1ticas dif\u00edciles con protecci\u00f3n IP54.<\/p>\n<p data-start=\"529\" data-end=\"935\">La cerradura con c\u00f3digo tiene un teclado retroiluminado que hace que sea f\u00e1cil de usar incluso en condiciones de oscuridad.<\/p>\n<p data-start=\"937\" data-end=\"1227\">La cerradura ofrece dos c\u00f3digos de 4 d\u00edgitos, lo que permite que diferentes usuarios, como artesanos, administradores de fincas o carteros, puedan utilizar la cerradura con sus propios c\u00f3digos.<\/p>\n<p data-start=\"937\" data-end=\"1227\">El retraso de medio segundo hace que sea casi imposible adivinar el c\u00f3digo correcto, lo que aumenta la seguridad.<\/p>\n<p data-start=\"1229\" data-end=\"1582\">La cerradura de combinaci\u00f3n V42 est\u00e1 dise\u00f1ada para una f\u00e1cil instalaci\u00f3n y uso.<\/p>\n<p data-start=\"1229\" data-end=\"1582\">Est\u00e1 alimentado por 12 a 24 VCA\/CC y tiene un bajo consumo de energ\u00eda de solo 8 mA en reposo.<\/p>\n<p data-start=\"1229\" data-end=\"1582\">Adem\u00e1s dispone de funci\u00f3n de apertura remota con retardo y dos entradas independientes para control temporal de c\u00f3digos.<\/p>\n<p data-start=\"1229\" data-end=\"1582\">El rel\u00e9 de conmutaci\u00f3n con salida m\u00e1xima de 1 A, 28 V CC lo hace flexible para diferentes tipos de instalaciones.<\/p>\n<p data-start=\"1584\" data-end=\"1614\"><strong data-start=\"1584\" data-end=\"1612\">Caracter\u00edsticas y beneficios:<\/strong><\/p>\n<ul data-start=\"1615\" data-end=\"1834\">\n<li data-start=\"1615\" data-end=\"1663\">Dos c\u00f3digos de 4 d\u00edgitos para un uso flexible<\/li>\n<li data-start=\"1664\" data-end=\"1697\">Retraso para mayor seguridad<\/li>\n<li data-start=\"1698\" data-end=\"1748\">Teclado retroiluminado para facilitar su uso<\/li>\n<li data-start=\"1749\" data-end=\"1798\">Construcci\u00f3n robusta y resistente a la intemperie (IP54)<\/li>\n<li data-start=\"1799\" data-end=\"1834\">F\u00e1cil instalaci\u00f3n y uso<\/li>\n<\/ul>\n<p data-start=\"1841\" data-end=\"1872\"><strong data-start=\"1841\" data-end=\"1870\">Especificaciones t\u00e9cnicas:<\/strong><\/p>\n<ul data-start=\"1873\" data-end=\"2378\">\n<li data-start=\"1873\" data-end=\"1909\">Voltaje de funcionamiento: 12 a 24 VCA\/CC<\/li>\n<li data-start=\"1910\" data-end=\"1943\">Consumo de energ\u00eda: 8 mA en reposo<\/li>\n<li data-start=\"1944\" data-end=\"2026\">Entradas: Apertura remota con retardo, dos entradas para control temporal de c\u00f3digos<\/li>\n<li data-start=\"2027\" data-end=\"2071\">Salidas: Rel\u00e9 de conmutaci\u00f3n (m\u00e1x. 1 A, 28 V CC)<\/li>\n<li data-start=\"2072\" data-end=\"2102\">Tiempo de apertura: 1\u201330 segundos<\/li>\n<li data-start=\"2103\" data-end=\"2141\">Capacidad del c\u00f3digo: Dos c\u00f3digos de 4 d\u00edgitos<\/li>\n<li data-start=\"2142\" data-end=\"2177\">Entorno: Uso interior y exterior.<\/li>\n<li data-start=\"2178\" data-end=\"2202\">Clase de protecci\u00f3n: IP54<\/li>\n<li data-start=\"2203\" data-end=\"2265\">Carcasa: Metal fundido a presi\u00f3n, botones de acero inoxidable y cerradura de seguridad.<\/li>\n<li data-start=\"2266\" data-end=\"2279\">Color: Gris<\/li>\n<li data-start=\"2280\" data-end=\"2325\">Dimensiones (An x Al x Pr): 80 x 140 x 40 mm<\/li>\n<li data-start=\"2326\" data-end=\"2343\">Peso: 0,72 kg<\/li>\n<li data-start=\"2344\" data-end=\"2378\">Temperatura de trabajo: -35 a +55\u00b0C<\/li>\n<\/ul>","protected":false},"excerpt":{"rendered":"<p>La cerradura con c\u00f3digo V42 es una cerradura con c\u00f3digo compacta y robusta con un dise\u00f1o moderno, perfecta para uso en exteriores.<\/p>\n<p>Con dos c\u00f3digos de 4 d\u00edgitos, puede ser utilizado por diferentes personas, como artesanos o carteros.<\/p>\n<p>El teclado retroiluminado y el retardo de medio segundo incorporado lo hacen seguro y f\u00e1cil de usar.<\/p>\n<p>Tiene clasificaci\u00f3n IP54 y puede soportar entornos hostiles, lo que lo hace ideal para instalaciones tanto en interiores como en exteriores.<\/p>","protected":false},"featured_media":147756,"template":"","meta":{"_acf_changed":false},"product_brand":[],"product_cat":[1481],"product_tag":[],"class_list":{"0":"post-147757","1":"product","2":"type-product","3":"status-publish","4":"has-post-thumbnail","6":"product_cat-kodlas-kodlas","7":"pa_brands-6vanderbilt","8":"pa_farg-gra","9":"tm-no-options","11":"first","12":"instock","13":"sale","14":"taxable","15":"shipping-taxable","16":"purchasable","17":"product-type-simple"},"acf":[],"_links":{"self":[{"href":"https:\/\/secureus.se\/es\/wp-json\/wp\/v2\/product\/147757","targetHints":{"allow":["GET"]}}],"collection":[{"href":"https:\/\/secureus.se\/es\/wp-json\/wp\/v2\/product"}],"about":[{"href":"https:\/\/secureus.se\/es\/wp-json\/wp\/v2\/types\/product"}],"wp:featuredmedia":[{"embeddable":true,"href":"https:\/\/secureus.se\/es\/wp-json\/wp\/v2\/media\/147756"}],"wp:attachment":[{"href":"https:\/\/secureus.se\/es\/wp-json\/wp\/v2\/media?parent=147757"}],"wp:term":[{"taxonomy":"product_brand","embeddable":true,"href":"https:\/\/secureus.se\/es\/wp-json\/wp\/v2\/product_brand?post=147757"},{"taxonomy":"product_cat","embeddable":true,"href":"https:\/\/secureus.se\/es\/wp-json\/wp\/v2\/product_cat?post=147757"},{"taxonomy":"product_tag","embeddable":true,"href":"https:\/\/secureus.se\/es\/wp-json\/wp\/v2\/product_tag?post=147757"}],"curies":[{"name":"wp","href":"https:\/\/api.w.org\/{rel}","templated":true}]}}