{"id":147765,"date":"2025-02-11T13:27:26","date_gmt":"2025-02-11T12:27:26","guid":{"rendered":"https:\/\/secureus.se\/skyddshuv-sh2\/"},"modified":"2026-04-08T16:34:08","modified_gmt":"2026-04-08T14:34:08","slug":"skyddshuv-sh2","status":"publish","type":"product","link":"https:\/\/secureus.se\/es\/skyddshuv-sh2\/","title":{"rendered":"CAPUCHA PROTECTORA SH2"},"content":{"rendered":"<h1 data-start=\"467\" data-end=\"939\">La funda protectora SH2 es el accesorio perfecto para proteger las cerraduras de c\u00f3digo, teclados y lectores de tarjetas Bewator y Vanderbilt como PP500 y RB500 en entornos expuestos.<\/h1>\n<p data-start=\"467\" data-end=\"939\">Fabricada en pl\u00e1stico acr\u00edlico de 5 mm, esta robusta cubierta protectora est\u00e1 dise\u00f1ada para soportar las condiciones clim\u00e1ticas y proteger los componentes electr\u00f3nicos de la lluvia y la suciedad.<\/p>\n<p data-start=\"467\" data-end=\"939\">Los recortes para el cableado facilitan la instalaci\u00f3n o complementaci\u00f3n de sistemas existentes sin tener que realizar cambios grandes.<\/p>\n<p data-start=\"941\" data-end=\"1293\">La cubierta protectora se coloca entre la pared y la parte posterior del teclado, lo que hace que la instalaci\u00f3n sea r\u00e1pida y sencilla.<\/p>\n<p data-start=\"941\" data-end=\"1293\">SH2 proporciona una protecci\u00f3n fiable contra las influencias clim\u00e1ticas, lo que resulta especialmente \u00fatil en entornos exteriores donde los dispositivos est\u00e1n expuestos a los elementos.<\/p>\n<p data-start=\"941\" data-end=\"1293\">Funciona muy bien en entornos comerciales e industriales donde la seguridad y la durabilidad son cruciales.<\/p>\n<p data-start=\"1295\" data-end=\"1325\"><strong data-start=\"1295\" data-end=\"1323\">Caracter\u00edsticas y beneficios:<\/strong><\/p>\n<ul data-start=\"1326\" data-end=\"1557\">\n<li data-start=\"1326\" data-end=\"1365\">Protege contra el clima y la suciedad.<\/li>\n<li data-start=\"1366\" data-end=\"1434\">Compatible con cerraduras de c\u00f3digo, teclados y lectores de tarjetas Bewator y Vanderbilt.<\/li>\n<li data-start=\"1435\" data-end=\"1516\">F\u00e1cil de complementar instalaciones existentes con recortes para cableado.<\/li>\n<li data-start=\"1517\" data-end=\"1557\">Construcci\u00f3n robusta para una larga vida \u00fatil.<\/li>\n<\/ul>\n<p data-start=\"1564\" data-end=\"1595\"><strong data-start=\"1564\" data-end=\"1593\">Especificaciones t\u00e9cnicas:<\/strong><\/p>\n<ul data-start=\"1596\" data-end=\"1703\">\n<li data-start=\"1596\" data-end=\"1625\">Material: pl\u00e1stico acr\u00edlico de 5 mm<\/li>\n<li data-start=\"1626\" data-end=\"1665\">Dimensiones (An x Al x Pr): 104 x 168 x 90 mm<\/li>\n<li data-start=\"1666\" data-end=\"1703\">Peso: Construcci\u00f3n ligera y duradera.<\/li>\n<\/ul>","protected":false},"excerpt":{"rendered":"<p data-start=\"71\" data-end=\"460\">La funda protectora SH2 es una funda antilluvia para cerraduras de c\u00f3digo, teclados y lectores de tarjetas Bewator como el PP500.<\/p>\n<p data-start=\"71\" data-end=\"460\">Est\u00e1 dise\u00f1ado para proteger dispositivos en entornos expuestos y tiene recortes para cableado, lo que facilita la instalaci\u00f3n incluso cuando se complementa con sistemas existentes.<\/p>\n<p data-start=\"71\" data-end=\"460\">Hecho de pl\u00e1stico acr\u00edlico duradero de 5 mm, proporciona protecci\u00f3n confiable contra el clima y la suciedad.<\/p>","protected":false},"featured_media":147764,"template":"","meta":{"_acf_changed":false},"product_brand":[],"product_cat":[1481],"product_tag":[],"class_list":{"0":"post-147765","1":"product","2":"type-product","3":"status-publish","4":"has-post-thumbnail","6":"product_cat-kodlas-kodlas","7":"product_shipping_class-tunga-paket","8":"pa_brands-6vanderbilt","9":"tm-no-options","11":"first","12":"instock","13":"sale","14":"taxable","15":"shipping-taxable","16":"purchasable","17":"product-type-simple"},"acf":[],"_links":{"self":[{"href":"https:\/\/secureus.se\/es\/wp-json\/wp\/v2\/product\/147765","targetHints":{"allow":["GET"]}}],"collection":[{"href":"https:\/\/secureus.se\/es\/wp-json\/wp\/v2\/product"}],"about":[{"href":"https:\/\/secureus.se\/es\/wp-json\/wp\/v2\/types\/product"}],"wp:featuredmedia":[{"embeddable":true,"href":"https:\/\/secureus.se\/es\/wp-json\/wp\/v2\/media\/147764"}],"wp:attachment":[{"href":"https:\/\/secureus.se\/es\/wp-json\/wp\/v2\/media?parent=147765"}],"wp:term":[{"taxonomy":"product_brand","embeddable":true,"href":"https:\/\/secureus.se\/es\/wp-json\/wp\/v2\/product_brand?post=147765"},{"taxonomy":"product_cat","embeddable":true,"href":"https:\/\/secureus.se\/es\/wp-json\/wp\/v2\/product_cat?post=147765"},{"taxonomy":"product_tag","embeddable":true,"href":"https:\/\/secureus.se\/es\/wp-json\/wp\/v2\/product_tag?post=147765"}],"curies":[{"name":"wp","href":"https:\/\/api.w.org\/{rel}","templated":true}]}}