{"id":147785,"date":"2025-02-11T15:45:43","date_gmt":"2025-02-11T14:45:43","guid":{"rendered":"https:\/\/secureus.se\/porthallare-271-fz-dorrbedd-1100-1300mm-assa-abloy\/"},"modified":"2026-04-13T22:16:55","modified_gmt":"2026-04-13T20:16:55","slug":"porthallare-271-fz-dorrbedd-1100-1300mm-assa-abloy","status":"publish","type":"product","link":"https:\/\/secureus.se\/es\/porthallare-271-fz-dorrbedd-1100-1300mm-assa-abloy\/","title":{"rendered":"Retenedor de puerta 271 \u2013 Ancho de puerta 1100-1300 mm \u2013 Assa Abloy"},"content":{"rendered":"<div>El soporte de puerta ASSA ABLOY 271 es un soporte de puerta para posicionar una puerta o port\u00f3n en una posici\u00f3n completamente abierta, aproximadamente 90 grados. Tornillo incluido.<\/div>\n<div><b><br \/>\nCaracter\u00edsticas:<\/b><\/div>\n<div>\n<ul>\n<li>Para ancho de puerta 1100-1300 mm. (270 pueden manejar 800-1100 mm)<\/li>\n<li>Se adapta a puertas de mano derecha e izquierda (se determina durante la instalaci\u00f3n).<\/li>\n<li>Peso m\u00e1ximo de la puerta: 125 kg<\/li>\n<li>En la posici\u00f3n completamente abierta (aproximadamente 90 grados), el pestillo cae autom\u00e1ticamente a la posici\u00f3n de bloqueo, manteniendo la puerta en su lugar.<\/li>\n<li>Cuando se empuja la puerta m\u00e1s hacia la posici\u00f3n abierta, se libera el pestillo, lo que permite cerrar la puerta.<\/li>\n<li>El resorte de tope tambi\u00e9n act\u00faa como amortiguador y protege as\u00ed la puerta y las bisagras.<\/li>\n<\/ul>\n<\/div>","protected":false},"excerpt":{"rendered":"<p>Retenedor de puerta ASSA ABLOY 271<\/p>","protected":false},"featured_media":147786,"template":"","meta":{"_acf_changed":false},"product_brand":[],"product_cat":[4607],"product_tag":[],"class_list":{"0":"post-147785","1":"product","2":"type-product","3":"status-publish","4":"has-post-thumbnail","6":"product_cat-porthallare","7":"product_shipping_class-tunga-paket","8":"pa_brands-abloy","9":"tm-no-options","11":"first","12":"instock","13":"sale","14":"taxable","15":"shipping-taxable","16":"purchasable","17":"product-type-simple"},"acf":[],"_links":{"self":[{"href":"https:\/\/secureus.se\/es\/wp-json\/wp\/v2\/product\/147785","targetHints":{"allow":["GET"]}}],"collection":[{"href":"https:\/\/secureus.se\/es\/wp-json\/wp\/v2\/product"}],"about":[{"href":"https:\/\/secureus.se\/es\/wp-json\/wp\/v2\/types\/product"}],"wp:featuredmedia":[{"embeddable":true,"href":"https:\/\/secureus.se\/es\/wp-json\/wp\/v2\/media\/147786"}],"wp:attachment":[{"href":"https:\/\/secureus.se\/es\/wp-json\/wp\/v2\/media?parent=147785"}],"wp:term":[{"taxonomy":"product_brand","embeddable":true,"href":"https:\/\/secureus.se\/es\/wp-json\/wp\/v2\/product_brand?post=147785"},{"taxonomy":"product_cat","embeddable":true,"href":"https:\/\/secureus.se\/es\/wp-json\/wp\/v2\/product_cat?post=147785"},{"taxonomy":"product_tag","embeddable":true,"href":"https:\/\/secureus.se\/es\/wp-json\/wp\/v2\/product_tag?post=147785"}],"curies":[{"name":"wp","href":"https:\/\/api.w.org\/{rel}","templated":true}]}}