{"id":147790,"date":"2025-02-11T15:45:44","date_gmt":"2025-02-11T14:45:44","guid":{"rendered":"https:\/\/secureus.se\/porthallare-270-dorrbedd-800-1100mm-assa-abloy\/"},"modified":"2026-04-08T15:28:11","modified_gmt":"2026-04-08T13:28:11","slug":"porthallare-270-dorrbedd-800-1100mm-assa-abloy","status":"publish","type":"product","link":"https:\/\/secureus.se\/es\/porthallare-270-dorrbedd-800-1100mm-assa-abloy\/","title":{"rendered":"Soporte de puerta 270 \u2013 Cama de puerta 800-1100 mm \u2013 Assa Abloy"},"content":{"rendered":"<div>ASSA ABLOY 270 es un soporte de puerta para posicionar una puerta o port\u00f3n en una posici\u00f3n completamente abierta, aproximadamente 90 grados. Tornillo incluido.<\/div>\n<div><b><br \/>\nCaracter\u00edsticas: <\/b><\/div>\n<div>\n<ul>\n<li>Para anchos de puerta de 800-1100 mm. (271 pueden manejar 1100-1300 mm)<\/li>\n<li>Se adapta a puertas de mano derecha e izquierda (se determina durante la instalaci\u00f3n).<\/li>\n<li>Peso m\u00e1ximo de la puerta: 125 kg<\/li>\n<li>En la posici\u00f3n completamente abierta (aproximadamente 90 grados), el pestillo cae autom\u00e1ticamente a la posici\u00f3n de bloqueo, manteniendo la puerta en su lugar.<\/li>\n<li>Cuando se empuja la puerta m\u00e1s hacia la posici\u00f3n abierta, se libera el pestillo, lo que permite cerrar la puerta.<\/li>\n<li>El resorte de tope tambi\u00e9n act\u00faa como amortiguador y protege as\u00ed la puerta y las bisagras.<\/li>\n<\/ul>\n<\/div>\n<div><\/div>","protected":false},"excerpt":{"rendered":"<p>Retenedor de puerta ASSA ABLOY 270<\/p>","protected":false},"featured_media":147786,"template":"","meta":{"_acf_changed":false},"product_brand":[],"product_cat":[4607],"product_tag":[],"class_list":{"0":"post-147790","1":"product","2":"type-product","3":"status-publish","4":"has-post-thumbnail","6":"product_cat-porthallare","7":"pa_brands-abloy","8":"tm-no-options","10":"first","11":"instock","12":"sale","13":"taxable","14":"shipping-taxable","15":"purchasable","16":"product-type-simple"},"acf":[],"_links":{"self":[{"href":"https:\/\/secureus.se\/es\/wp-json\/wp\/v2\/product\/147790","targetHints":{"allow":["GET"]}}],"collection":[{"href":"https:\/\/secureus.se\/es\/wp-json\/wp\/v2\/product"}],"about":[{"href":"https:\/\/secureus.se\/es\/wp-json\/wp\/v2\/types\/product"}],"wp:featuredmedia":[{"embeddable":true,"href":"https:\/\/secureus.se\/es\/wp-json\/wp\/v2\/media\/147786"}],"wp:attachment":[{"href":"https:\/\/secureus.se\/es\/wp-json\/wp\/v2\/media?parent=147790"}],"wp:term":[{"taxonomy":"product_brand","embeddable":true,"href":"https:\/\/secureus.se\/es\/wp-json\/wp\/v2\/product_brand?post=147790"},{"taxonomy":"product_cat","embeddable":true,"href":"https:\/\/secureus.se\/es\/wp-json\/wp\/v2\/product_cat?post=147790"},{"taxonomy":"product_tag","embeddable":true,"href":"https:\/\/secureus.se\/es\/wp-json\/wp\/v2\/product_tag?post=147790"}],"curies":[{"name":"wp","href":"https:\/\/api.w.org\/{rel}","templated":true}]}}