{"id":147836,"date":"2025-02-12T16:15:38","date_gmt":"2025-02-12T15:15:38","guid":{"rendered":"https:\/\/secureus.se\/ajax-hub-bp-4g-batteridriven-vit\/"},"modified":"2026-03-11T14:47:52","modified_gmt":"2026-03-11T13:47:52","slug":"ajax-hub-bp-4g-batteridriven-vit","status":"publish","type":"product","link":"https:\/\/secureus.se\/es\/ajax-hub-bp-4g-batteridriven-vit\/","title":{"rendered":"Ajax Hub BP 4G con bater\u00eda \u2013 Blanco"},"content":{"rendered":"<h3 data-start=\"0\" data-end=\"63\"><strong data-start=\"0\" data-end=\"63\">Hub BP \u2013 Centro de seguridad alimentado por bater\u00eda para lugares sin electricidad<\/strong><\/h3>\n<p data-start=\"65\" data-end=\"404\">Hub BP es un innovador dispositivo central de Ajax, dise\u00f1ado para garantizar la seguridad incluso donde la red el\u00e9ctrica no es confiable o no est\u00e1 completamente disponible. Perfecto para casas vac\u00edas, sitios de construcci\u00f3n, oficinas u otras ubicaciones remotas, Hub BP ofrece una soluci\u00f3n de seguridad robusta y flexible con bater\u00eda de larga duraci\u00f3n y comunicaci\u00f3n confiable a trav\u00e9s de 4G\/LTE.<\/p>\n<h3 data-start=\"411\" data-end=\"433\">Caracter\u00edsticas principales<\/h3>\n<ul data-start=\"435\" data-end=\"2066\">\n<li data-start=\"435\" data-end=\"665\">\n<p data-start=\"437\" data-end=\"665\"><strong data-start=\"437\" data-end=\"461\">Funcionamiento a bater\u00eda:<\/strong><br data-start=\"461\" data-end=\"464\" \/>Funciona completamente con bater\u00edas internas o externas. Por ejemplo, elija una bater\u00eda de plomo-\u00e1cido de 12 V 7,2 Ah para hasta 2 meses de funcionamiento o una opci\u00f3n de 7,2 V 95 Ah que puede proporcionar hasta 17 meses de funcionamiento.<\/p>\n<\/li>\n<li data-start=\"667\" data-end=\"839\">\n<p data-start=\"669\" data-end=\"839\"><strong data-start=\"669\" data-end=\"700\">4G\/LTE con doble SIM:<\/strong><br data-start=\"700\" data-end=\"703\" \/>Dos ranuras micro-SIM garantizan una conexi\u00f3n estable y segura, garantizando que siempre est\u00e9 conectado, independientemente de la situaci\u00f3n de la red.<\/p>\n<\/li>\n<li data-start=\"841\" data-end=\"1022\">\n<p data-start=\"843\" data-end=\"1022\"><strong data-start=\"843\" data-end=\"861\">Antena externa:<\/strong><br data-start=\"861\" data-end=\"864\" \/>Mejora el alcance de la se\u00f1al con la posibilidad de conectar antenas externas. Las antenas incorporadas sirven como respaldo si la antena externa est\u00e1 da\u00f1ada.<\/p>\n<\/li>\n<li data-start=\"1024\" data-end=\"1183\">\n<p data-start=\"1026\" data-end=\"1183\"><strong data-start=\"1026\" data-end=\"1056\">Compatibilidad completa:<\/strong><br data-start=\"1056\" data-end=\"1059\" \/>Hub BP es totalmente compatible con todos los productos Ajax, lo que facilita su integraci\u00f3n en su sistema de seguridad existente.<\/p>\n<\/li>\n<li data-start=\"1185\" data-end=\"1331\">\n<p data-start=\"1187\" data-end=\"1331\"><strong data-start=\"1187\" data-end=\"1213\">Gran alcance inal\u00e1mbrico:<\/strong><br data-start=\"1213\" data-end=\"1216\" \/>Con un alcance de hasta 2000 metros en terreno abierto, puedes cubrir grandes \u00e1reas y m\u00faltiples edificios sin ning\u00fan problema.<\/p>\n<\/li>\n<li data-start=\"1333\" data-end=\"1487\">\n<p data-start=\"1335\" data-end=\"1487\"><strong data-start=\"1335\" data-end=\"1366\">Gesti\u00f3n integrada de c\u00e1maras:<\/strong><br data-start=\"1366\" data-end=\"1369\" \/>La compatibilidad con c\u00e1maras IR Ajax permite que el dispositivo tome im\u00e1genes en r\u00e1faga ante eventos de alarma, lo que resulta perfecto para verificar eventos.<\/p>\n<\/li>\n<li data-start=\"1489\" data-end=\"1712\">\n<p data-start=\"1491\" data-end=\"1712\"><strong data-start=\"1491\" data-end=\"1515\">F\u00e1cil configuraci\u00f3n:<\/strong><br data-start=\"1515\" data-end=\"1518\" \/>Administre y configure el sistema a trav\u00e9s de las aplicaciones gratuitas Ajax PRO (para instaladores) y Ajax Security System (para usuarios). Tambi\u00e9n hay una versi\u00f3n PRO Desktop para Windows y macOS.<\/p>\n<\/li>\n<li data-start=\"1714\" data-end=\"1887\">\n<p data-start=\"1716\" data-end=\"1887\"><strong data-start=\"1716\" data-end=\"1746\">Actualizaciones autom\u00e1ticas:<\/strong><br data-start=\"1746\" data-end=\"1749\" \/>Las actualizaciones de firmware se producen autom\u00e1ticamente cuando se desarma el sistema, lo que garantiza que siempre tenga la versi\u00f3n m\u00e1s reciente y segura.<\/p>\n<\/li>\n<li data-start=\"1889\" data-end=\"2066\">\n<p data-start=\"1891\" data-end=\"2066\"><strong data-start=\"1891\" data-end=\"1914\">Escenarios flexibles:<\/strong><br data-start=\"1914\" data-end=\"1917\" \/>Cree hasta 32 escenarios para, por ejemplo, controlar la iluminaci\u00f3n, cerrar el suministro de agua o abrir puertas de garaje con solo presionar un bot\u00f3n.<\/p>\n<\/li>\n<\/ul>\n<hr data-start=\"2303\" data-end=\"2306\" \/>\n<p data-start=\"2328\" data-end=\"2769\">Hub BP es la soluci\u00f3n definitiva para mantener sus propiedades seguras, incluso cuando el acceso a la electricidad es limitado. Con un funcionamiento robusto a bater\u00eda, comunicaci\u00f3n 4G\/LTE confiable, gran alcance y f\u00e1cil integraci\u00f3n con toda la gama Ajax, obtiene un centro de seguridad que es flexible y f\u00e1cil de usar. Ya sea que est\u00e9 protegiendo una casa vac\u00eda o un sistema de instalaciones complejo, Hub BP ofrece tranquilidad y protecci\u00f3n continua, d\u00eda tras d\u00eda.<\/p>\n<p data-start=\"2771\" data-end=\"2865\" data-is-last-node=\"\">\u00a1Elija Hub BP para una soluci\u00f3n de seguridad completa y confiable que lo mantendr\u00e1 siempre conectado!<\/p>","protected":false},"excerpt":{"rendered":"<p data-start=\"0\" data-end=\"63\"><strong data-start=\"0\" data-end=\"63\">Hub BP \u2013 Centro de seguridad alimentado por bater\u00eda para lugares sin electricidad<\/strong><\/p>\n<p data-start=\"65\" data-end=\"404\">Hub BP es un innovador dispositivo central de Ajax, dise\u00f1ado para garantizar la seguridad incluso donde la red el\u00e9ctrica no es confiable o no est\u00e1 completamente disponible. Perfecto para casas vac\u00edas, sitios de construcci\u00f3n, oficinas u otras ubicaciones remotas, Hub BP ofrece una soluci\u00f3n de seguridad robusta y flexible con bater\u00eda de larga duraci\u00f3n y comunicaci\u00f3n confiable a trav\u00e9s de 4G\/LTE.<\/p>","protected":false},"featured_media":151918,"template":"","meta":{"_acf_changed":false},"product_brand":[],"product_cat":[3154],"product_tag":[4863],"class_list":{"0":"post-147836","1":"product","2":"type-product","3":"status-publish","4":"has-post-thumbnail","6":"product_cat-centralenheter","7":"product_tag-pf","8":"product_shipping_class-tunga-paket","9":"pa_brands-ajax-systems","10":"pa_farg-svart","11":"pa_farg-vit","12":"tm-no-options","14":"first","15":"instock","16":"sale","17":"taxable","18":"shipping-taxable","19":"purchasable","20":"product-type-simple"},"acf":[],"_links":{"self":[{"href":"https:\/\/secureus.se\/es\/wp-json\/wp\/v2\/product\/147836","targetHints":{"allow":["GET"]}}],"collection":[{"href":"https:\/\/secureus.se\/es\/wp-json\/wp\/v2\/product"}],"about":[{"href":"https:\/\/secureus.se\/es\/wp-json\/wp\/v2\/types\/product"}],"wp:featuredmedia":[{"embeddable":true,"href":"https:\/\/secureus.se\/es\/wp-json\/wp\/v2\/media\/151918"}],"wp:attachment":[{"href":"https:\/\/secureus.se\/es\/wp-json\/wp\/v2\/media?parent=147836"}],"wp:term":[{"taxonomy":"product_brand","embeddable":true,"href":"https:\/\/secureus.se\/es\/wp-json\/wp\/v2\/product_brand?post=147836"},{"taxonomy":"product_cat","embeddable":true,"href":"https:\/\/secureus.se\/es\/wp-json\/wp\/v2\/product_cat?post=147836"},{"taxonomy":"product_tag","embeddable":true,"href":"https:\/\/secureus.se\/es\/wp-json\/wp\/v2\/product_tag?post=147836"}],"curies":[{"name":"wp","href":"https:\/\/api.w.org\/{rel}","templated":true}]}}