{"id":147843,"date":"2025-02-12T16:32:47","date_gmt":"2025-02-12T15:32:47","guid":{"rendered":"https:\/\/secureus.se\/ajax-externalantenna-antenn-till-hub-bp\/"},"modified":"2026-03-09T17:37:19","modified_gmt":"2026-03-09T16:37:19","slug":"ajax-externalantenna-antenn-till-hub-bp","status":"publish","type":"product","link":"https:\/\/secureus.se\/es\/ajax-externalantenna-antenn-till-hub-bp\/","title":{"rendered":"Antena externa Ajax: antena para Hub BP"},"content":{"rendered":"<p data-start=\"0\" data-end=\"65\"><strong data-start=\"0\" data-end=\"65\">Antena externa Ajax: mayor intensidad de se\u00f1al para su concentrador BP<\/strong><\/p>\n<p data-start=\"67\" data-end=\"341\">Proporcione a su Hub BP una comunicaci\u00f3n \u00f3ptima con la Ajax ExternalAntenna. Esta antena externa est\u00e1 especialmente dise\u00f1ada para amplificar la se\u00f1al en entornos donde las se\u00f1ales inal\u00e1mbricas son d\u00e9biles o completamente inexistentes, como en contenedores, cajas fuertes, salas de concreto u otras ubicaciones desafiantes.<\/p>\n<hr data-start=\"343\" data-end=\"346\" \/>\n<h3 data-start=\"348\" data-end=\"370\">Caracter\u00edsticas principales<\/h3>\n<ul data-start=\"372\" data-end=\"1125\">\n<li data-start=\"372\" data-end=\"616\">\n<p data-start=\"374\" data-end=\"616\"><strong data-start=\"374\" data-end=\"396\">Se\u00f1al mejorada:<\/strong><br data-start=\"396\" data-end=\"399\" \/>Aumenta la intensidad de la se\u00f1al de tu Hub BP, lo que resulta en una conexi\u00f3n m\u00e1s confiable y estable.<br data-start=\"494\" data-end=\"497\" \/>Admite canales de comunicaci\u00f3n para Jeweller (productos inal\u00e1mbricos), Wings (productos inal\u00e1mbricos con c\u00e1mara) y LTE (4G).<\/p>\n<\/li>\n<li data-start=\"618\" data-end=\"742\">\n<p data-start=\"620\" data-end=\"742\"><strong data-start=\"620\" data-end=\"640\">Longitud del cable largo:<\/strong><br data-start=\"640\" data-end=\"643\" \/>Con un cable de 3 metros de largo, tienes la flexibilidad de colocar la antena donde la se\u00f1al es m\u00e1s d\u00e9bil.<\/p>\n<\/li>\n<li data-start=\"744\" data-end=\"975\">\n<p data-start=\"746\" data-end=\"975\"><strong data-start=\"746\" data-end=\"768\">Caracter\u00edstica de seguridad:<\/strong><br data-start=\"768\" data-end=\"771\" \/>Si el cable de la antena se corta o se da\u00f1a, se env\u00eda una advertencia directa tanto a la central de alarmas como a trav\u00e9s de la aplicaci\u00f3n. Al mismo tiempo, Hub BP cambia autom\u00e1ticamente a sus antenas internas para garantizar el funcionamiento continuo.<\/p>\n<\/li>\n<li data-start=\"977\" data-end=\"1125\">\n<p data-start=\"979\" data-end=\"1125\"><strong data-start=\"979\" data-end=\"1002\">F\u00e1cil instalaci\u00f3n:<\/strong><br data-start=\"1002\" data-end=\"1005\" \/>Monte la antena de forma r\u00e1pida y sencilla con la cinta adhesiva de doble cara incluida, sin complicaciones con herramientas complicadas.<\/p>\n<\/li>\n<\/ul>\n<hr data-start=\"1127\" data-end=\"1130\" \/>\n<h3 data-start=\"1132\" data-end=\"1151\">Presupuesto<\/h3>\n<ul data-start=\"1153\" data-end=\"1338\">\n<li data-start=\"1153\" data-end=\"1196\">\n<p data-start=\"1155\" data-end=\"1196\"><strong data-start=\"1155\" data-end=\"1174\">Compatibilidad:<\/strong><br data-start=\"1174\" data-end=\"1177\" \/>S\u00f3lo para Hub BP<\/p>\n<\/li>\n<li data-start=\"1198\" data-end=\"1227\">\n<p data-start=\"1200\" data-end=\"1227\"><strong data-start=\"1200\" data-end=\"1215\">Longitud del cable:<\/strong><br data-start=\"1215\" data-end=\"1218\" \/>3 metros<\/p>\n<\/li>\n<li data-start=\"1229\" data-end=\"1254\">\n<p data-start=\"1231\" data-end=\"1254\"><strong data-start=\"1231\" data-end=\"1246\">Tipo de contacto:<\/strong><br data-start=\"1246\" data-end=\"1249\" \/>SMA<\/p>\n<\/li>\n<li data-start=\"1256\" data-end=\"1338\">\n<p data-start=\"1258\" data-end=\"1338\"><strong data-start=\"1258\" data-end=\"1279\">Rango de temperatura:<\/strong><br data-start=\"1279\" data-end=\"1282\" \/>-10\u00b0C a +85\u00b0C, con humedad hasta 95%<\/p>\n<\/li>\n<\/ul>\n<hr data-start=\"1340\" data-end=\"1343\" \/>\n<p data-start=\"1365\" data-end=\"1746\">Ajax ExternalAntenna es su soluci\u00f3n para superar las barreras f\u00edsicas que afectan la comunicaci\u00f3n por radio. Al colocar la antena donde m\u00e1s se necesita, se mejora la se\u00f1al tanto de los productos inal\u00e1mbricos como de las conexiones 4G. Con f\u00e1cil instalaci\u00f3n, caracter\u00edsticas de seguridad y un dise\u00f1o robusto, esta antena garantiza un funcionamiento confiable de su Hub BP incluso en los entornos m\u00e1s desafiantes.<\/p>\n<p data-start=\"1748\" data-end=\"1868\" data-is-last-node=\"\">Elija Ajax ExternalAntenna para garantizar que su Hub BP siempre mantenga una conexi\u00f3n fuerte y estable, \u00a1independientemente del entorno!<\/p>","protected":false},"excerpt":{"rendered":"<p data-start=\"0\" data-end=\"65\"><strong data-start=\"0\" data-end=\"65\">Antena externa Ajax: mayor intensidad de se\u00f1al para su concentrador BP<\/strong><\/p>\n<p data-start=\"67\" data-end=\"341\">Proporcione a su Hub BP una comunicaci\u00f3n \u00f3ptima con la Ajax ExternalAntenna. Esta antena externa est\u00e1 especialmente dise\u00f1ada para amplificar la se\u00f1al en entornos donde las se\u00f1ales inal\u00e1mbricas son d\u00e9biles o completamente inexistentes, como en contenedores, cajas fuertes, salas de concreto u otras ubicaciones desafiantes.<\/p>","protected":false},"featured_media":156679,"template":"","meta":{"_acf_changed":false},"product_brand":[],"product_cat":[3168],"product_tag":[4863],"class_list":{"0":"post-147843","1":"product","2":"type-product","3":"status-publish","4":"has-post-thumbnail","6":"product_cat-range-extender-repeater","7":"product_tag-pf","8":"product_shipping_class-postnord-varubrev","9":"pa_brands-ajax-systems","10":"pa_farg-svart","11":"tm-no-options","13":"first","14":"instock","15":"taxable","16":"shipping-taxable","17":"purchasable","18":"product-type-simple"},"acf":[],"_links":{"self":[{"href":"https:\/\/secureus.se\/es\/wp-json\/wp\/v2\/product\/147843","targetHints":{"allow":["GET"]}}],"collection":[{"href":"https:\/\/secureus.se\/es\/wp-json\/wp\/v2\/product"}],"about":[{"href":"https:\/\/secureus.se\/es\/wp-json\/wp\/v2\/types\/product"}],"wp:featuredmedia":[{"embeddable":true,"href":"https:\/\/secureus.se\/es\/wp-json\/wp\/v2\/media\/156679"}],"wp:attachment":[{"href":"https:\/\/secureus.se\/es\/wp-json\/wp\/v2\/media?parent=147843"}],"wp:term":[{"taxonomy":"product_brand","embeddable":true,"href":"https:\/\/secureus.se\/es\/wp-json\/wp\/v2\/product_brand?post=147843"},{"taxonomy":"product_cat","embeddable":true,"href":"https:\/\/secureus.se\/es\/wp-json\/wp\/v2\/product_cat?post=147843"},{"taxonomy":"product_tag","embeddable":true,"href":"https:\/\/secureus.se\/es\/wp-json\/wp\/v2\/product_tag?post=147843"}],"curies":[{"name":"wp","href":"https:\/\/api.w.org\/{rel}","templated":true}]}}