{"id":147868,"date":"2025-02-14T11:54:10","date_gmt":"2025-02-14T10:54:10","guid":{"rendered":"https:\/\/secureus.se\/kolsyreslackare-co2-2kg\/"},"modified":"2026-04-22T20:22:55","modified_gmt":"2026-04-22T18:22:55","slug":"kolsyreslackare-co2-2kg","status":"publish","type":"product","link":"https:\/\/secureus.se\/es\/kolsyreslackare-co2-2kg\/","title":{"rendered":"Extintor de di\u00f3xido de carbono Co2 2 kg \u2013 Extinci\u00f3n eficaz de incendios de clase B"},"content":{"rendered":"<h3><strong>Extintor de di\u00f3xido de carbono Co2 2 kg \u2013 Extinci\u00f3n eficaz de incendios de clase B<\/strong><\/h3>\n<p>Este <strong>extintor de di\u00f3xido de carbono Co2 2 kg<\/strong> es una soluci\u00f3n fiable y eficaz para la protecci\u00f3n contra incendios, especialmente para l\u00edquidos inflamables (clase B). El extintor est\u00e1 construido seg\u00fan la norma UNI EN 3-7:2008 y cumple los requisitos de la Directiva de equipos a presi\u00f3n PED 2014\/68\/UE. Adem\u00e1s, est\u00e1 certificado voluntariamente con control de calidad por Bureau Veritas Italia, garantizando la m\u00e1xima seguridad y prestaciones.<\/p>\n<p>El extintor de di\u00f3xido de carbono contiene 99,99% de di\u00f3xido de carbono y no deja residuos, lo que lo hace especialmente adecuado para equipos electr\u00f3nicos sensibles y sistemas el\u00e9ctricos de hasta 1000 V. Su robusta construcci\u00f3n en acero de alta resistencia con recubrimiento de poli\u00e9ster epoxi en RAL 3000 proporciona larga durabilidad y protecci\u00f3n contra la corrosi\u00f3n.<\/p>\n<p><strong>Caracter\u00edsticas y beneficios:<\/strong><\/p>\n<ul>\n<li><strong>Extinci\u00f3n eficaz de l\u00edquidos inflamables<\/strong> (clase B)<\/li>\n<li><strong>El\u00e9ctricamente seguro<\/strong> \u2013 se puede utilizar en equipos de hasta 1000 V<\/li>\n<li><strong>Construcci\u00f3n sostenible<\/strong> En acero aleado con revestimiento de poli\u00e9ster epoxi<\/li>\n<li><strong>F\u00e1cil de usar<\/strong> Con v\u00e1lvula y mango de dise\u00f1o ergon\u00f3mico<\/li>\n<li><strong>Calidad certificada<\/strong> seg\u00fan UNI EN 3-7:2008 y PED 2014\/68\/UE<\/li>\n<\/ul>\n<p><strong>Especificaciones t\u00e9cnicas:<\/strong><\/p>\n<ul>\n<li><strong>Medios de extinci\u00f3n:<\/strong> 99.99 % Co2<\/li>\n<li><strong>Clase de fuego:<\/strong> 34B<\/li>\n<li><strong>Temperatura de funcionamiento:<\/strong> -30\u00b0C a +60\u00b0C<\/li>\n<li><strong>Relleno nominal:<\/strong> 2 kilos<\/li>\n<li><strong>Peso total:<\/strong> ~5,1 kg<\/li>\n<li><strong>Altura:<\/strong> 575 mm<\/li>\n<li><strong>Tiempo de vaciado:<\/strong> 7,5 segundos<\/li>\n<li><strong>Par m\u00e1ximo:<\/strong> 128 Nm<\/li>\n<li><strong>Presi\u00f3n de prueba del tanque:<\/strong> 250 bares<\/li>\n<li><strong>Capacidad del tanque:<\/strong> 3 litros<\/li>\n<li><strong>Presi\u00f3n de la v\u00e1lvula de seguridad:<\/strong> 195 +\/- 15\/-23 bares<\/li>\n<li><strong>Material:<\/strong> Acero aleado<\/li>\n<li><strong>Tratamiento de superficie:<\/strong> Poli\u00e9ster epoxi RAL 3000, arenado y recubierto de polvo.<\/li>\n<\/ul>\n<p>&nbsp;<\/p>","protected":false},"excerpt":{"rendered":"<ul>\n<li>Extintor de di\u00f3xido de carbono Co2 5 kg, certificado seg\u00fan UNI EN 3-7:2008 y PED 2014\/68\/UE. Seguro para equipos el\u00e9ctricos de hasta 1000 V. Extinci\u00f3n eficaz de incendios de clase B, con una temperatura de funcionamiento de -20\u00b0C a +60\u00b0C.<\/li>\n<\/ul>","protected":false},"featured_media":147867,"template":"","meta":{"_acf_changed":false},"product_brand":[],"product_cat":[1533],"product_tag":[],"class_list":{"0":"post-147868","1":"product","2":"type-product","3":"status-publish","4":"has-post-thumbnail","6":"product_cat-brandslackare","7":"tm-no-options","9":"first","10":"outofstock","11":"sale","12":"taxable","13":"shipping-taxable","14":"purchasable","15":"product-type-simple"},"acf":[],"_links":{"self":[{"href":"https:\/\/secureus.se\/es\/wp-json\/wp\/v2\/product\/147868","targetHints":{"allow":["GET"]}}],"collection":[{"href":"https:\/\/secureus.se\/es\/wp-json\/wp\/v2\/product"}],"about":[{"href":"https:\/\/secureus.se\/es\/wp-json\/wp\/v2\/types\/product"}],"wp:featuredmedia":[{"embeddable":true,"href":"https:\/\/secureus.se\/es\/wp-json\/wp\/v2\/media\/147867"}],"wp:attachment":[{"href":"https:\/\/secureus.se\/es\/wp-json\/wp\/v2\/media?parent=147868"}],"wp:term":[{"taxonomy":"product_brand","embeddable":true,"href":"https:\/\/secureus.se\/es\/wp-json\/wp\/v2\/product_brand?post=147868"},{"taxonomy":"product_cat","embeddable":true,"href":"https:\/\/secureus.se\/es\/wp-json\/wp\/v2\/product_cat?post=147868"},{"taxonomy":"product_tag","embeddable":true,"href":"https:\/\/secureus.se\/es\/wp-json\/wp\/v2\/product_tag?post=147868"}],"curies":[{"name":"wp","href":"https:\/\/api.w.org\/{rel}","templated":true}]}}